{"id":1250,"date":"2024-05-26T14:05:02","date_gmt":"2024-05-26T13:05:02","guid":{"rendered":"https:\/\/www.wanscom.com\/?page_id=1250"},"modified":"2024-07-03T02:26:38","modified_gmt":"2024-07-03T01:26:38","slug":"solucion","status":"publish","type":"page","link":"https:\/\/www.wanscom.com\/es\/solucion\/","title":{"rendered":"Soluci\u00f3n"},"content":{"rendered":"<div data-elementor-type=\"wp-page\" data-elementor-id=\"1250\" class=\"elementor elementor-1250\" data-elementor-post-type=\"page\">\n\t\t\t\t\t\t<section class=\"elementor-section elementor-top-section elementor-element elementor-element-26302397 elementor-section-full_width elementor-section-height-default elementor-section-height-default\" data-id=\"26302397\" data-element_type=\"section\">\n\t\t\t\t\t\t<div class=\"elementor-container elementor-column-gap-no\">\n\t\t\t\t\t<div class=\"elementor-column elementor-col-100 elementor-top-column elementor-element elementor-element-22a6e291\" data-id=\"22a6e291\" data-element_type=\"column\">\n\t\t\t<div class=\"elementor-widget-wrap elementor-element-populated\">\n\t\t\t\t\t\t<div class=\"elementor-element elementor-element-3ca699b5 elementor-widget elementor-widget-elementskit-heading\" data-id=\"3ca699b5\" data-element_type=\"widget\" data-widget_type=\"elementskit-heading.default\">\n\t\t\t\t<div class=\"elementor-widget-container\">\n\t\t\t\t\t<div class=\"ekit-wid-con\" ><div class=\"ekit-heading elementskit-section-title-wraper center   ekit_heading_tablet-   ekit_heading_mobile-\"><h2 class=\"ekit-heading--title elementskit-section-title\">Aplicaci\u00f3n de refuerzo de se\u00f1al m\u00f3vil<\/h2><div class=\"ekit_heading_separetor_wraper ekit_heading_elementskit-border-divider ekit-dotted\"><div class=\"elementskit-border-divider ekit-dotted\"><\/div><\/div>\t\t\t\t<div class='ekit-heading__description'>\n\t\t\t\t\t<p>Los amplificadores de se\u00f1al m\u00f3vil son dispositivos esenciales dise\u00f1ados para mejorar la intensidad y calidad de las se\u00f1ales m\u00f3viles en zonas donde la recepci\u00f3n es d\u00e9bil o poco fiable. Aqu\u00ed tienes un resumen de las distintas aplicaciones de los amplificadores de se\u00f1al m\u00f3vil:<\/p>\n\t\t\t\t<\/div>\n\t\t\t<\/div><\/div>\t\t\t\t<\/div>\n\t\t\t\t<\/div>\n\t\t\t\t<section class=\"elementor-section elementor-inner-section elementor-element elementor-element-164d30e8 elementor-section-boxed elementor-section-height-default elementor-section-height-default elementor-invisible\" data-id=\"164d30e8\" data-element_type=\"section\" data-settings=\"{&quot;animation&quot;:&quot;fadeInDown&quot;}\">\n\t\t\t\t\t\t<div class=\"elementor-container elementor-column-gap-default\">\n\t\t\t\t\t<div class=\"elementor-column elementor-col-33 elementor-inner-column elementor-element elementor-element-8d89f2e\" data-id=\"8d89f2e\" data-element_type=\"column\">\n\t\t\t<div class=\"elementor-widget-wrap elementor-element-populated\">\n\t\t\t\t\t\t<div class=\"elementor-element elementor-element-483462e1 ekit-equal-height-disable elementor-invisible elementor-widget elementor-widget-elementskit-image-box\" data-id=\"483462e1\" data-element_type=\"widget\" data-settings=\"{&quot;_animation&quot;:&quot;fadeInLeft&quot;,&quot;motion_fx_motion_fx_mouse&quot;:&quot;yes&quot;}\" data-widget_type=\"elementskit-image-box.default\">\n\t\t\t\t<div class=\"elementor-widget-container\">\n\t\t\t\t\t<div class=\"ekit-wid-con\" >\n            <div class=\"elementskit-info-image-box ekit-image-box text-left style-sideline\" >\n\n                <a href=\"https:\/\/www.wanscom.com\/es\/uso-residencial\/\">\n                <div class=\"elementskit-box-header image-box-img-left\">\n\n                    <img fetchpriority=\"high\" decoding=\"async\" width=\"1280\" height=\"873\" src=\"https:\/\/i0.wp.com\/www.wanscom.com\/wp-content\/uploads\/2024\/06\/house-garage-driveway-1867187.jpg?fit=1280%2C873&amp;ssl=1\" class=\"attachment-full size-full wp-image-7113\" alt=\"amplificador de se\u00f1al m\u00f3vil para el hogar\" srcset=\"https:\/\/i0.wp.com\/www.wanscom.com\/wp-content\/uploads\/2024\/06\/house-garage-driveway-1867187.jpg?w=1280&amp;ssl=1 1280w, https:\/\/i0.wp.com\/www.wanscom.com\/wp-content\/uploads\/2024\/06\/house-garage-driveway-1867187.jpg?resize=430%2C293&amp;ssl=1 430w, https:\/\/i0.wp.com\/www.wanscom.com\/wp-content\/uploads\/2024\/06\/house-garage-driveway-1867187.jpg?resize=700%2C477&amp;ssl=1 700w, https:\/\/i0.wp.com\/www.wanscom.com\/wp-content\/uploads\/2024\/06\/house-garage-driveway-1867187.jpg?resize=300%2C205&amp;ssl=1 300w, https:\/\/i0.wp.com\/www.wanscom.com\/wp-content\/uploads\/2024\/06\/house-garage-driveway-1867187.jpg?resize=1024%2C698&amp;ssl=1 1024w\" sizes=\"(max-width: 800px) 100vw, 800px\" title=\"\">\n                <\/div>\n                <\/a>\n                <div class=\"elementskit-box-body ekit-image-box-body\">\n                    <div class=\"elementskit-box-content ekit-image-box-body-inner\">\n                                                <h3 class=\"elementskit-info-box-title\">\n\n                        Uso residencial\n                        \n                    <\/h3>\n                                                            <div class=\"elementskit-box-style-content\">\n                         garantiza que todos los rincones de su casa tengan una conectividad potente y fiable, mejorando la calidad de las llamadas y la velocidad de Internet.                    <\/div>\n                                    <\/div>\n\n                                <div class=\"elementskit-box-footer\">\n                    <div class=\"box-footer\">\n                        <div class=\"btn-wraper\">\n                                                            <a href=\"https:\/\/www.wanscom.com\/es\/uso-residencial\/\" class=\"elementskit-btn whitespace--normal\">\n                                    \n                                    \n                                    Seguir leyendo                                <\/a>\n                                                        <\/div>\n                    <\/div>\n                <\/div>\n                            <\/div>\n            <\/div>\n    <\/div>\t\t\t\t<\/div>\n\t\t\t\t<\/div>\n\t\t\t\t\t<\/div>\n\t\t<\/div>\n\t\t\t\t<div class=\"elementor-column elementor-col-33 elementor-inner-column elementor-element elementor-element-e952bc1\" data-id=\"e952bc1\" data-element_type=\"column\">\n\t\t\t<div class=\"elementor-widget-wrap elementor-element-populated\">\n\t\t\t\t\t\t<div class=\"elementor-element elementor-element-640ad972 ekit-equal-height-disable elementor-widget elementor-widget-elementskit-image-box\" data-id=\"640ad972\" data-element_type=\"widget\" data-settings=\"{&quot;motion_fx_motion_fx_mouse&quot;:&quot;yes&quot;}\" data-widget_type=\"elementskit-image-box.default\">\n\t\t\t\t<div class=\"elementor-widget-container\">\n\t\t\t\t\t<div class=\"ekit-wid-con\" >\n            <div class=\"elementskit-info-image-box ekit-image-box text-left style-sideline\" >\n\n                <a href=\"https:\/\/www.wanscom.com\/es\/uso-comercial\/\">\n                <div class=\"elementskit-box-header image-box-img-left\">\n\n                    <img decoding=\"async\" width=\"1280\" height=\"841\" src=\"https:\/\/i0.wp.com\/www.wanscom.com\/wp-content\/uploads\/2024\/06\/house-skyscraper-building-2892798.jpg?fit=1280%2C841&amp;ssl=1\" class=\"attachment-full size-full wp-image-7114\" alt=\"amplificador de se\u00f1al para edificio de oficinas\" srcset=\"https:\/\/i0.wp.com\/www.wanscom.com\/wp-content\/uploads\/2024\/06\/house-skyscraper-building-2892798.jpg?w=1280&amp;ssl=1 1280w, https:\/\/i0.wp.com\/www.wanscom.com\/wp-content\/uploads\/2024\/06\/house-skyscraper-building-2892798.jpg?resize=430%2C283&amp;ssl=1 430w, https:\/\/i0.wp.com\/www.wanscom.com\/wp-content\/uploads\/2024\/06\/house-skyscraper-building-2892798.jpg?resize=700%2C460&amp;ssl=1 700w, https:\/\/i0.wp.com\/www.wanscom.com\/wp-content\/uploads\/2024\/06\/house-skyscraper-building-2892798.jpg?resize=300%2C197&amp;ssl=1 300w, https:\/\/i0.wp.com\/www.wanscom.com\/wp-content\/uploads\/2024\/06\/house-skyscraper-building-2892798.jpg?resize=1024%2C673&amp;ssl=1 1024w\" sizes=\"(max-width: 800px) 100vw, 800px\" title=\"\">\n                <\/div>\n                <\/a>\n                <div class=\"elementskit-box-body ekit-image-box-body\">\n                    <div class=\"elementskit-box-content ekit-image-box-body-inner\">\n                                                <h3 class=\"elementskit-info-box-title\">\n\n                        Uso comercial\n                        \n                    <\/h3>\n                                                            <div class=\"elementskit-box-style-content\">\n                        Los amplificadores de se\u00f1al garantizan a los empleados una conectividad m\u00f3vil constante, mejorando la productividad y la comunicaci\u00f3n.                    <\/div>\n                                    <\/div>\n\n                                <div class=\"elementskit-box-footer\">\n                    <div class=\"box-footer\">\n                        <div class=\"btn-wraper\">\n                                                            <a href=\"https:\/\/www.wanscom.com\/es\/uso-comercial\/\" class=\"elementskit-btn whitespace--normal\">\n                                    \n                                    \n                                    Seguir leyendo                                <\/a>\n                                                        <\/div>\n                    <\/div>\n                <\/div>\n                            <\/div>\n            <\/div>\n    <\/div>\t\t\t\t<\/div>\n\t\t\t\t<\/div>\n\t\t\t\t\t<\/div>\n\t\t<\/div>\n\t\t\t\t<div class=\"elementor-column elementor-col-33 elementor-inner-column elementor-element elementor-element-50a07492\" data-id=\"50a07492\" data-element_type=\"column\">\n\t\t\t<div class=\"elementor-widget-wrap elementor-element-populated\">\n\t\t\t\t\t\t<div class=\"elementor-element elementor-element-37cbe7ed ekit-equal-height-disable elementor-widget elementor-widget-elementskit-image-box\" data-id=\"37cbe7ed\" data-element_type=\"widget\" data-settings=\"{&quot;motion_fx_motion_fx_mouse&quot;:&quot;yes&quot;}\" data-widget_type=\"elementskit-image-box.default\">\n\t\t\t\t<div class=\"elementor-widget-container\">\n\t\t\t\t\t<div class=\"ekit-wid-con\" >\n            <div class=\"elementskit-info-image-box ekit-image-box text-left style-sideline\" >\n\n                <a href=\"https:\/\/www.wanscom.com\/es\/vehiculos\/\">\n                <div class=\"elementskit-box-header image-box-img-left\">\n\n                    <img decoding=\"async\" width=\"1280\" height=\"853\" src=\"https:\/\/i0.wp.com\/www.wanscom.com\/wp-content\/uploads\/2024\/07\/pexels-photo-533562-533562.jpg?fit=1280%2C853&amp;ssl=1\" class=\"attachment-full size-full wp-image-27754\" alt=\"pexels-photo-533562-533562.jpg\" srcset=\"https:\/\/i0.wp.com\/www.wanscom.com\/wp-content\/uploads\/2024\/07\/pexels-photo-533562-533562.jpg?w=1280&amp;ssl=1 1280w, https:\/\/i0.wp.com\/www.wanscom.com\/wp-content\/uploads\/2024\/07\/pexels-photo-533562-533562.jpg?resize=400%2C267&amp;ssl=1 400w, https:\/\/i0.wp.com\/www.wanscom.com\/wp-content\/uploads\/2024\/07\/pexels-photo-533562-533562.jpg?resize=1200%2C800&amp;ssl=1 1200w, https:\/\/i0.wp.com\/www.wanscom.com\/wp-content\/uploads\/2024\/07\/pexels-photo-533562-533562.jpg?resize=768%2C512&amp;ssl=1 768w, https:\/\/i0.wp.com\/www.wanscom.com\/wp-content\/uploads\/2024\/07\/pexels-photo-533562-533562.jpg?resize=18%2C12&amp;ssl=1 18w, https:\/\/i0.wp.com\/www.wanscom.com\/wp-content\/uploads\/2024\/07\/pexels-photo-533562-533562.jpg?resize=430%2C287&amp;ssl=1 430w, https:\/\/i0.wp.com\/www.wanscom.com\/wp-content\/uploads\/2024\/07\/pexels-photo-533562-533562.jpg?resize=700%2C466&amp;ssl=1 700w, https:\/\/i0.wp.com\/www.wanscom.com\/wp-content\/uploads\/2024\/07\/pexels-photo-533562-533562.jpg?resize=600%2C400&amp;ssl=1 600w\" sizes=\"(max-width: 800px) 100vw, 800px\" title=\"\">\n                <\/div>\n                <\/a>\n                <div class=\"elementskit-box-body ekit-image-box-body\">\n                    <div class=\"elementskit-box-content ekit-image-box-body-inner\">\n                                                <h3 class=\"elementskit-info-box-title\">\n\n                        Veh\u00edculos\n                        \n                    <\/h3>\n                                                            <div class=\"elementskit-box-style-content\">\n                        Los amplificadores de se\u00f1al m\u00f3vil dise\u00f1ados para veh\u00edculos ayudan a mantener una buena conectividad durante los desplazamientos,                    <\/div>\n                                    <\/div>\n\n                                <div class=\"elementskit-box-footer\">\n                    <div class=\"box-footer\">\n                        <div class=\"btn-wraper\">\n                                                            <a href=\"https:\/\/www.wanscom.com\/es\/vehiculos\/\" class=\"elementskit-btn whitespace--normal\">\n                                    \n                                    \n                                    Seguir leyendo                                <\/a>\n                                                        <\/div>\n                    <\/div>\n                <\/div>\n                            <\/div>\n            <\/div>\n    <\/div>\t\t\t\t<\/div>\n\t\t\t\t<\/div>\n\t\t\t\t\t<\/div>\n\t\t<\/div>\n\t\t\t\t\t<\/div>\n\t\t<\/section>\n\t\t\t\t<section class=\"elementor-section elementor-inner-section elementor-element elementor-element-a75f8f8 elementor-section-boxed elementor-section-height-default elementor-section-height-default\" data-id=\"a75f8f8\" data-element_type=\"section\">\n\t\t\t\t\t\t<div class=\"elementor-container elementor-column-gap-default\">\n\t\t\t\t\t<div class=\"elementor-column elementor-col-33 elementor-inner-column elementor-element elementor-element-35ad584\" data-id=\"35ad584\" data-element_type=\"column\">\n\t\t\t<div class=\"elementor-widget-wrap elementor-element-populated\">\n\t\t\t\t\t\t<div class=\"elementor-element elementor-element-c319caa ekit-equal-height-disable elementor-invisible elementor-widget elementor-widget-elementskit-image-box\" data-id=\"c319caa\" data-element_type=\"widget\" data-settings=\"{&quot;motion_fx_motion_fx_mouse&quot;:&quot;yes&quot;,&quot;_animation&quot;:&quot;fadeInLeft&quot;}\" data-widget_type=\"elementskit-image-box.default\">\n\t\t\t\t<div class=\"elementor-widget-container\">\n\t\t\t\t\t<div class=\"ekit-wid-con\" >\n            <div class=\"elementskit-info-image-box ekit-image-box text-left style-sideline\" >\n\n                <a href=\"https:\/\/www.wanscom.com\/es\/uso-industrial\/\">\n                <div class=\"elementskit-box-header image-box-img-left\">\n\n                    <img loading=\"lazy\" decoding=\"async\" width=\"1280\" height=\"853\" src=\"https:\/\/i0.wp.com\/www.wanscom.com\/wp-content\/uploads\/2024\/07\/pexels-photo-1145434-1145434.jpg?fit=1280%2C853&amp;ssl=1\" class=\"attachment-full size-full wp-image-27753\" alt=\"pexels-photo-1145434-1145434.jpg\" srcset=\"https:\/\/i0.wp.com\/www.wanscom.com\/wp-content\/uploads\/2024\/07\/pexels-photo-1145434-1145434.jpg?w=1280&amp;ssl=1 1280w, https:\/\/i0.wp.com\/www.wanscom.com\/wp-content\/uploads\/2024\/07\/pexels-photo-1145434-1145434.jpg?resize=400%2C267&amp;ssl=1 400w, https:\/\/i0.wp.com\/www.wanscom.com\/wp-content\/uploads\/2024\/07\/pexels-photo-1145434-1145434.jpg?resize=1200%2C800&amp;ssl=1 1200w, https:\/\/i0.wp.com\/www.wanscom.com\/wp-content\/uploads\/2024\/07\/pexels-photo-1145434-1145434.jpg?resize=768%2C512&amp;ssl=1 768w, https:\/\/i0.wp.com\/www.wanscom.com\/wp-content\/uploads\/2024\/07\/pexels-photo-1145434-1145434.jpg?resize=18%2C12&amp;ssl=1 18w, https:\/\/i0.wp.com\/www.wanscom.com\/wp-content\/uploads\/2024\/07\/pexels-photo-1145434-1145434.jpg?resize=430%2C287&amp;ssl=1 430w, https:\/\/i0.wp.com\/www.wanscom.com\/wp-content\/uploads\/2024\/07\/pexels-photo-1145434-1145434.jpg?resize=700%2C466&amp;ssl=1 700w, https:\/\/i0.wp.com\/www.wanscom.com\/wp-content\/uploads\/2024\/07\/pexels-photo-1145434-1145434.jpg?resize=600%2C400&amp;ssl=1 600w\" sizes=\"(max-width: 800px) 100vw, 800px\" title=\"\">\n                <\/div>\n                <\/a>\n                <div class=\"elementskit-box-body ekit-image-box-body\">\n                    <div class=\"elementskit-box-content ekit-image-box-body-inner\">\n                                                <h3 class=\"elementskit-info-box-title\">\n\n                        Uso industrial\n                        \n                    <\/h3>\n                                                            <div class=\"elementskit-box-style-content\">\n                        Los amplificadores de se\u00f1al pueden mejorar significativamente la conectividad, que es crucial para las operaciones, la gesti\u00f3n de inventarios y la comunicaci\u00f3n.                    <\/div>\n                                    <\/div>\n\n                                <div class=\"elementskit-box-footer\">\n                    <div class=\"box-footer\">\n                        <div class=\"btn-wraper\">\n                                                            <a href=\"https:\/\/www.wanscom.com\/es\/uso-industrial\/\" class=\"elementskit-btn whitespace--normal\">\n                                    \n                                    \n                                    Seguir leyendo                                <\/a>\n                                                        <\/div>\n                    <\/div>\n                <\/div>\n                            <\/div>\n            <\/div>\n    <\/div>\t\t\t\t<\/div>\n\t\t\t\t<\/div>\n\t\t\t\t\t<\/div>\n\t\t<\/div>\n\t\t\t\t<div class=\"elementor-column elementor-col-33 elementor-inner-column elementor-element elementor-element-5df0655\" data-id=\"5df0655\" data-element_type=\"column\">\n\t\t\t<div class=\"elementor-widget-wrap elementor-element-populated\">\n\t\t\t\t\t\t<div class=\"elementor-element elementor-element-399d914 ekit-equal-height-disable elementor-widget elementor-widget-elementskit-image-box\" data-id=\"399d914\" data-element_type=\"widget\" data-settings=\"{&quot;motion_fx_motion_fx_mouse&quot;:&quot;yes&quot;}\" data-widget_type=\"elementskit-image-box.default\">\n\t\t\t\t<div class=\"elementor-widget-container\">\n\t\t\t\t\t<div class=\"ekit-wid-con\" >\n            <div class=\"elementskit-info-image-box ekit-image-box text-left style-sideline\" >\n\n                <a href=\"https:\/\/www.wanscom.com\/es\/espacios-publicos-y-comunitarios\/\">\n                <div class=\"elementskit-box-header image-box-img-left\">\n\n                    <img loading=\"lazy\" decoding=\"async\" width=\"1280\" height=\"853\" src=\"https:\/\/i0.wp.com\/www.wanscom.com\/wp-content\/uploads\/2024\/06\/grocery-shopping-supermarket-1232944.jpg?fit=1280%2C853&amp;ssl=1\" class=\"attachment-full size-full wp-image-7124\" alt=\"comestibles, compras, supermercado-1232944.jpg\" srcset=\"https:\/\/i0.wp.com\/www.wanscom.com\/wp-content\/uploads\/2024\/06\/grocery-shopping-supermarket-1232944.jpg?w=1280&amp;ssl=1 1280w, https:\/\/i0.wp.com\/www.wanscom.com\/wp-content\/uploads\/2024\/06\/grocery-shopping-supermarket-1232944.jpg?resize=430%2C287&amp;ssl=1 430w, https:\/\/i0.wp.com\/www.wanscom.com\/wp-content\/uploads\/2024\/06\/grocery-shopping-supermarket-1232944.jpg?resize=700%2C466&amp;ssl=1 700w, https:\/\/i0.wp.com\/www.wanscom.com\/wp-content\/uploads\/2024\/06\/grocery-shopping-supermarket-1232944.jpg?resize=300%2C200&amp;ssl=1 300w, https:\/\/i0.wp.com\/www.wanscom.com\/wp-content\/uploads\/2024\/06\/grocery-shopping-supermarket-1232944.jpg?resize=1024%2C682&amp;ssl=1 1024w, https:\/\/i0.wp.com\/www.wanscom.com\/wp-content\/uploads\/2024\/06\/grocery-shopping-supermarket-1232944.jpg?resize=600%2C400&amp;ssl=1 600w, https:\/\/i0.wp.com\/www.wanscom.com\/wp-content\/uploads\/2024\/06\/grocery-shopping-supermarket-1232944.jpg?resize=1200%2C800&amp;ssl=1 1200w\" sizes=\"(max-width: 800px) 100vw, 800px\" title=\"\">\n                <\/div>\n                <\/a>\n                <div class=\"elementskit-box-body ekit-image-box-body\">\n                    <div class=\"elementskit-box-content ekit-image-box-body-inner\">\n                                                <h3 class=\"elementskit-info-box-title\">\n\n                        Espacios p\u00fablicos y comunitarios\n                        \n                    <\/h3>\n                                                            <div class=\"elementskit-box-style-content\">\n                        Los amplificadores de se\u00f1al garantizan una conectividad perfecta en estos entornos cr\u00edticos.                    <\/div>\n                                    <\/div>\n\n                                <div class=\"elementskit-box-footer\">\n                    <div class=\"box-footer\">\n                        <div class=\"btn-wraper\">\n                                                            <a href=\"https:\/\/www.wanscom.com\/es\/espacios-publicos-y-comunitarios\/\" class=\"elementskit-btn whitespace--normal\">\n                                    \n                                    \n                                    Seguir leyendo                                <\/a>\n                                                        <\/div>\n                    <\/div>\n                <\/div>\n                            <\/div>\n            <\/div>\n    <\/div>\t\t\t\t<\/div>\n\t\t\t\t<\/div>\n\t\t\t\t\t<\/div>\n\t\t<\/div>\n\t\t\t\t<div class=\"elementor-column elementor-col-33 elementor-inner-column elementor-element elementor-element-fc8fc13\" data-id=\"fc8fc13\" data-element_type=\"column\">\n\t\t\t<div class=\"elementor-widget-wrap elementor-element-populated\">\n\t\t\t\t\t\t<div class=\"elementor-element elementor-element-f4c70e6 ekit-equal-height-disable elementor-widget elementor-widget-elementskit-image-box\" data-id=\"f4c70e6\" data-element_type=\"widget\" data-settings=\"{&quot;motion_fx_motion_fx_mouse&quot;:&quot;yes&quot;}\" data-widget_type=\"elementskit-image-box.default\">\n\t\t\t\t<div class=\"elementor-widget-container\">\n\t\t\t\t\t<div class=\"ekit-wid-con\" >\n            <div class=\"elementskit-info-image-box ekit-image-box text-left style-sideline\" >\n\n                <a href=\"https:\/\/www.wanscom.com\/es\/rural-areas\/\">\n                <div class=\"elementskit-box-header image-box-img-left\">\n\n                    <img loading=\"lazy\" decoding=\"async\" width=\"1280\" height=\"853\" src=\"https:\/\/i0.wp.com\/www.wanscom.com\/wp-content\/uploads\/2024\/06\/rice-field-paddy-field-agriculture-7890204.jpg?fit=1280%2C853&amp;ssl=1\" class=\"attachment-full size-full wp-image-7125\" alt=\"repetidor de se\u00f1al para granja zona rural\" srcset=\"https:\/\/i0.wp.com\/www.wanscom.com\/wp-content\/uploads\/2024\/06\/rice-field-paddy-field-agriculture-7890204.jpg?w=1280&amp;ssl=1 1280w, https:\/\/i0.wp.com\/www.wanscom.com\/wp-content\/uploads\/2024\/06\/rice-field-paddy-field-agriculture-7890204.jpg?resize=430%2C287&amp;ssl=1 430w, https:\/\/i0.wp.com\/www.wanscom.com\/wp-content\/uploads\/2024\/06\/rice-field-paddy-field-agriculture-7890204.jpg?resize=700%2C466&amp;ssl=1 700w, https:\/\/i0.wp.com\/www.wanscom.com\/wp-content\/uploads\/2024\/06\/rice-field-paddy-field-agriculture-7890204.jpg?resize=300%2C200&amp;ssl=1 300w, https:\/\/i0.wp.com\/www.wanscom.com\/wp-content\/uploads\/2024\/06\/rice-field-paddy-field-agriculture-7890204.jpg?resize=1024%2C682&amp;ssl=1 1024w, https:\/\/i0.wp.com\/www.wanscom.com\/wp-content\/uploads\/2024\/06\/rice-field-paddy-field-agriculture-7890204.jpg?resize=600%2C400&amp;ssl=1 600w, https:\/\/i0.wp.com\/www.wanscom.com\/wp-content\/uploads\/2024\/06\/rice-field-paddy-field-agriculture-7890204.jpg?resize=1200%2C800&amp;ssl=1 1200w\" sizes=\"(max-width: 800px) 100vw, 800px\" title=\"\">\n                <\/div>\n                <\/a>\n                <div class=\"elementskit-box-body ekit-image-box-body\">\n                    <div class=\"elementskit-box-content ekit-image-box-body-inner\">\n                                                <h3 class=\"elementskit-info-box-title\">\n\n                        Zonas rurales\n                        \n                    <\/h3>\n                                                            <div class=\"elementskit-box-style-content\">\n                        En zonas rurales o remotas, la distancia a las torres de telefon\u00eda m\u00f3vil puede debilitar la se\u00f1al. Los amplificadores de se\u00f1al ayudan a salvar esta distancia, proporcionando una conectividad estable y mejorada.                    <\/div>\n                                    <\/div>\n\n                                <div class=\"elementskit-box-footer\">\n                    <div class=\"box-footer\">\n                        <div class=\"btn-wraper\">\n                                                            <a href=\"https:\/\/www.wanscom.com\/es\/rural-areas\/\" class=\"elementskit-btn whitespace--normal\">\n                                    \n                                    \n                                    Seguir leyendo                                <\/a>\n                                                        <\/div>\n                    <\/div>\n                <\/div>\n                            <\/div>\n            <\/div>\n    <\/div>\t\t\t\t<\/div>\n\t\t\t\t<\/div>\n\t\t\t\t\t<\/div>\n\t\t<\/div>\n\t\t\t\t\t<\/div>\n\t\t<\/section>\n\t\t\t\t\t<\/div>\n\t\t<\/div>\n\t\t\t\t\t<\/div>\n\t\t<\/section>\n\t\t\t\t<\/div>","protected":false},"excerpt":{"rendered":"<p>Mobile Signal Booster Application Mobile signal boosters are essential devices designed to improve the strength and quality of mobile signals in areas where reception is weak or unreliable. Here\u2019s an overview of various applications for mobile signal boosters: Residential Use mobile signal booster ensures that every corner of your home has strong, reliable connectivity, improving [&hellip;]<\/p>","protected":false},"author":1,"featured_media":0,"parent":0,"menu_order":0,"comment_status":"closed","ping_status":"closed","template":"","meta":{"_acf_changed":false,"_eb_attr":"","_monsterinsights_skip_tracking":false,"_monsterinsights_sitenote_active":false,"_monsterinsights_sitenote_note":"","_monsterinsights_sitenote_category":0,"jetpack_post_was_ever_published":false,"footnotes":""},"class_list":["post-1250","page","type-page","status-publish","hentry"],"acf":[],"jetpack_sharing_enabled":true,"_links":{"self":[{"href":"https:\/\/www.wanscom.com\/es\/wp-json\/wp\/v2\/pages\/1250","targetHints":{"allow":["GET"]}}],"collection":[{"href":"https:\/\/www.wanscom.com\/es\/wp-json\/wp\/v2\/pages"}],"about":[{"href":"https:\/\/www.wanscom.com\/es\/wp-json\/wp\/v2\/types\/page"}],"author":[{"embeddable":true,"href":"https:\/\/www.wanscom.com\/es\/wp-json\/wp\/v2\/users\/1"}],"replies":[{"embeddable":true,"href":"https:\/\/www.wanscom.com\/es\/wp-json\/wp\/v2\/comments?post=1250"}],"version-history":[{"count":35,"href":"https:\/\/www.wanscom.com\/es\/wp-json\/wp\/v2\/pages\/1250\/revisions"}],"predecessor-version":[{"id":27780,"href":"https:\/\/www.wanscom.com\/es\/wp-json\/wp\/v2\/pages\/1250\/revisions\/27780"}],"wp:attachment":[{"href":"https:\/\/www.wanscom.com\/es\/wp-json\/wp\/v2\/media?parent=1250"}],"curies":[{"name":"wp","href":"https:\/\/api.w.org\/{rel}","templated":true}]}}