{"id":27714,"date":"2024-07-01T09:01:47","date_gmt":"2024-07-01T08:01:47","guid":{"rendered":"https:\/\/www.wanscom.com\/?page_id=27714"},"modified":"2024-07-03T02:20:38","modified_gmt":"2024-07-03T01:20:38","slug":"espacios-publicos-y-comunitarios","status":"publish","type":"page","link":"https:\/\/www.wanscom.com\/es\/espacios-publicos-y-comunitarios\/","title":{"rendered":"Espacios p\u00fablicos y comunitarios"},"content":{"rendered":"<div data-elementor-type=\"wp-page\" data-elementor-id=\"27714\" class=\"elementor elementor-27714\" data-elementor-post-type=\"page\">\n\t\t\t\t\t\t<section class=\"elementor-section elementor-top-section elementor-element elementor-element-11ccaa4f elementor-section-boxed elementor-section-height-default elementor-section-height-default\" data-id=\"11ccaa4f\" data-element_type=\"section\" id=\"xs_faq_5\">\n\t\t\t\t\t\t<div class=\"elementor-container elementor-column-gap-default\">\n\t\t\t\t\t<div class=\"elementor-column elementor-col-100 elementor-top-column elementor-element elementor-element-101cabcd\" data-id=\"101cabcd\" data-element_type=\"column\">\n\t\t\t<div class=\"elementor-widget-wrap elementor-element-populated\">\n\t\t\t\t\t\t<div class=\"elementor-element elementor-element-12bd92b3 elementor-widget elementor-widget-elementskit-heading\" data-id=\"12bd92b3\" data-element_type=\"widget\" data-widget_type=\"elementskit-heading.default\">\n\t\t\t\t<div class=\"elementor-widget-container\">\n\t\t\t\t\t<div class=\"ekit-wid-con\" ><div class=\"ekit-heading elementskit-section-title-wraper center   ekit_heading_tablet-   ekit_heading_mobile-\"><h2 class=\"ekit-heading--title elementskit-section-title\">Espacios p\u00fablicos y comunitarios Aplicaci\u00f3n del amplificador de se\u00f1al m\u00f3vil<\/h2><div class=\"ekit_heading_separetor_wraper ekit_heading_elementskit-border-divider ekit-dotted\"><div class=\"elementskit-border-divider ekit-dotted\"><\/div><\/div>\t\t\t\t<div class='ekit-heading__description'>\n\t\t\t\t\t<p>Los amplificadores de se\u00f1al m\u00f3vil pueden aplicarse eficazmente en diversos espacios p\u00fablicos y comunitarios para mejorar la conectividad y la experiencia del usuario. Estas son algunas de las aplicaciones m\u00e1s comunes:<\/p>\n\t\t\t\t<\/div>\n\t\t\t<\/div><\/div>\t\t\t\t<\/div>\n\t\t\t\t<\/div>\n\t\t\t\t<section class=\"elementor-section elementor-inner-section elementor-element elementor-element-20596f03 elementor-section-boxed elementor-section-height-default elementor-section-height-default\" data-id=\"20596f03\" data-element_type=\"section\">\n\t\t\t\t\t\t<div class=\"elementor-container elementor-column-gap-default\">\n\t\t\t\t\t<div class=\"elementor-column elementor-col-50 elementor-inner-column elementor-element elementor-element-33f1a992\" data-id=\"33f1a992\" data-element_type=\"column\">\n\t\t\t<div class=\"elementor-widget-wrap elementor-element-populated\">\n\t\t\t\t\t\t<div class=\"elementor-element elementor-element-6442d8ee elementor-widget elementor-widget-elementskit-faq\" data-id=\"6442d8ee\" data-element_type=\"widget\" data-widget_type=\"elementskit-faq.default\">\n\t\t\t\t<div class=\"elementor-widget-container\">\n\t\t\t\t\t<div class=\"ekit-wid-con\" >\n                <div class=\"elementskit-single-faq elementor-repeater-item-ccb3fc9\">\n            <div class=\"elementskit-faq-header\">\n                <h2 class=\"elementskit-faq-title\">Parques y \u00e1reas recreativas:<\/h2>\n            <\/div>\n            <div class=\"elementskit-faq-body\">\n                Utilizaci\u00f3n: Los amplificadores garantizan que los visitantes puedan mantener la comunicaci\u00f3n, acceder a servicios en l\u00ednea y utilizar el GPS para la navegaci\u00f3n.\nUtilidad: Mejoran la seguridad al permitir una comunicaci\u00f3n fiable en caso de emergencia.            <\/div>\n        <\/div>\n                <div class=\"elementskit-single-faq elementor-repeater-item-1219655\">\n            <div class=\"elementskit-faq-header\">\n                <h2 class=\"elementskit-faq-title\">Centros comerciales:<\/h2>\n            <\/div>\n            <div class=\"elementskit-faq-body\">\n                Utilizaci\u00f3n: Los amplificadores mejoran la intensidad de la se\u00f1al en todo el centro comercial, garantizando a los clientes una experiencia de compra y pago en l\u00ednea sin interrupciones.\nBeneficio: Aumenta la satisfacci\u00f3n de los clientes e incrementa potencialmente las ventas de los comercios.            <\/div>\n        <\/div>\n                <div class=\"elementskit-single-faq elementor-repeater-item-4306a6b\">\n            <div class=\"elementskit-faq-header\">\n                <h2 class=\"elementskit-faq-title\">Centros comunitarios:<\/h2>\n            <\/div>\n            <div class=\"elementskit-faq-body\">\n                Utilizaci\u00f3n: Los amplificadores proporcionan una mejor intensidad de se\u00f1al para programas, reuniones y eventos comunitarios, garantizando que los participantes puedan permanecer conectados.\nVentaja: Aumenta la eficacia de las actividades y la comunicaci\u00f3n de la comunidad.            <\/div>\n        <\/div>\n                \n    <\/div>\t\t\t\t<\/div>\n\t\t\t\t<\/div>\n\t\t\t\t\t<\/div>\n\t\t<\/div>\n\t\t\t\t<div class=\"elementor-column elementor-col-50 elementor-inner-column elementor-element elementor-element-44920b0b\" data-id=\"44920b0b\" data-element_type=\"column\">\n\t\t\t<div class=\"elementor-widget-wrap elementor-element-populated\">\n\t\t\t\t\t\t<div class=\"elementor-element elementor-element-36c4358f elementor-widget elementor-widget-elementskit-faq\" data-id=\"36c4358f\" data-element_type=\"widget\" data-widget_type=\"elementskit-faq.default\">\n\t\t\t\t<div class=\"elementor-widget-container\">\n\t\t\t\t\t<div class=\"ekit-wid-con\" >\n                <div class=\"elementskit-single-faq elementor-repeater-item-e12c595\">\n            <div class=\"elementskit-faq-header\">\n                <h2 class=\"elementskit-faq-title\">Centros de transporte:<\/h2>\n            <\/div>\n            <div class=\"elementskit-faq-body\">\n                Aeropuertos y estaciones de tren:\n\nUso: Los amplificadores proporcionan una conectividad fiable a los pasajeros que necesitan acceder a informaci\u00f3n de viaje, realizar llamadas o utilizar Internet.\nUtilidad: Mejoran la experiencia general del viaje y la eficiencia operativa.\nTerminales de autobuses:\n\nUtilizaci\u00f3n: Garantiza que los pasajeros puedan permanecer conectados mientras esperan los autobuses, acceden a los horarios y organizan el viaje.\nVentaja: Mejora la comodidad y la comunicaci\u00f3n de los pasajeros.            <\/div>\n        <\/div>\n                <div class=\"elementskit-single-faq elementor-repeater-item-5f94b9e\">\n            <div class=\"elementskit-faq-header\">\n                <h2 class=\"elementskit-faq-title\">Lugares de celebraci\u00f3n:<\/h2>\n            <\/div>\n            <div class=\"elementskit-faq-body\">\n                Estadios y Arenas:\n\nUso: Apoya a grandes multitudes proporcionando se\u00f1ales fuertes y estables para que los asistentes compartan experiencias, utilicen las aplicaciones del evento y realicen llamadas.\nUtilidad: Mejora la experiencia y el compromiso de los asistentes.\nCentros de convenciones:\n\nUtilizaci\u00f3n: Garantiza una conectividad fiable para expositores y asistentes, facilitando las transacciones comerciales y la creaci\u00f3n de redes.\nBeneficio: Mejora la eficacia de eventos y conferencias.            <\/div>\n        <\/div>\n                <div class=\"elementskit-single-faq elementor-repeater-item-ad5f942\">\n            <div class=\"elementskit-faq-header\">\n                <h2 class=\"elementskit-faq-title\">Centros de salud y bienestar:<\/h2>\n            <\/div>\n            <div class=\"elementskit-faq-body\">\n                Hospitales y cl\u00ednicas:\n\nUso: Los amplificadores garantizan que los pacientes, el personal y los visitantes tengan una comunicaci\u00f3n fiable para llamadas, telemedicina y acceso a informaci\u00f3n sanitaria.\nUtilidad: Mejora la atenci\u00f3n al paciente y la eficiencia operativa.\nGimnasios y centros deportivos:\n\nUso: Proporciona una conectividad fiable a los socios que utilizan aplicaciones de fitness, transmiten m\u00fasica o realizan llamadas.\nVentaja: Mejora la experiencia y el compromiso de los socios.            <\/div>\n        <\/div>\n                \n    <\/div>\t\t\t\t<\/div>\n\t\t\t\t<\/div>\n\t\t\t\t\t<\/div>\n\t\t<\/div>\n\t\t\t\t\t<\/div>\n\t\t<\/section>\n\t\t\t\t\t<\/div>\n\t\t<\/div>\n\t\t\t\t\t<\/div>\n\t\t<\/section>\n\t\t\t\t<\/div>","protected":false},"excerpt":{"rendered":"<p>Public and Community Spaces Application of Mobile Signal Booster Mobile signal boosters can be effectively applied in various public and community spaces to improve connectivity and enhance user experience. Here are some common applications: Parks and Recreational Areas: Usage: Boosters ensure that visitors can maintain communication, access online services, and use GPS for navigation. Benefit: [&hellip;]<\/p>","protected":false},"author":1,"featured_media":0,"parent":0,"menu_order":0,"comment_status":"closed","ping_status":"closed","template":"","meta":{"_acf_changed":false,"_eb_attr":"","_monsterinsights_skip_tracking":false,"_monsterinsights_sitenote_active":false,"_monsterinsights_sitenote_note":"","_monsterinsights_sitenote_category":0,"jetpack_post_was_ever_published":false,"footnotes":""},"class_list":["post-27714","page","type-page","status-publish","hentry"],"acf":[],"jetpack_sharing_enabled":true,"_links":{"self":[{"href":"https:\/\/www.wanscom.com\/es\/wp-json\/wp\/v2\/pages\/27714","targetHints":{"allow":["GET"]}}],"collection":[{"href":"https:\/\/www.wanscom.com\/es\/wp-json\/wp\/v2\/pages"}],"about":[{"href":"https:\/\/www.wanscom.com\/es\/wp-json\/wp\/v2\/types\/page"}],"author":[{"embeddable":true,"href":"https:\/\/www.wanscom.com\/es\/wp-json\/wp\/v2\/users\/1"}],"replies":[{"embeddable":true,"href":"https:\/\/www.wanscom.com\/es\/wp-json\/wp\/v2\/comments?post=27714"}],"version-history":[{"count":4,"href":"https:\/\/www.wanscom.com\/es\/wp-json\/wp\/v2\/pages\/27714\/revisions"}],"predecessor-version":[{"id":27722,"href":"https:\/\/www.wanscom.com\/es\/wp-json\/wp\/v2\/pages\/27714\/revisions\/27722"}],"wp:attachment":[{"href":"https:\/\/www.wanscom.com\/es\/wp-json\/wp\/v2\/media?parent=27714"}],"curies":[{"name":"wp","href":"https:\/\/api.w.org\/{rel}","templated":true}]}}