{"id":27732,"date":"2024-07-02T03:09:11","date_gmt":"2024-07-02T02:09:11","guid":{"rendered":"https:\/\/www.wanscom.com\/?page_id=27732"},"modified":"2024-07-02T03:45:44","modified_gmt":"2024-07-02T02:45:44","slug":"servicio","status":"publish","type":"page","link":"https:\/\/www.wanscom.com\/es\/servicio\/","title":{"rendered":"Servicio"},"content":{"rendered":"<div data-elementor-type=\"wp-page\" data-elementor-id=\"27732\" class=\"elementor elementor-27732\" data-elementor-post-type=\"page\">\n\t\t\t\t\t\t<section class=\"elementor-section elementor-top-section elementor-element elementor-element-4b17a1d1 elementor-section-boxed elementor-section-height-default elementor-section-height-default\" data-id=\"4b17a1d1\" data-element_type=\"section\" data-settings=\"{&quot;background_background&quot;:&quot;classic&quot;}\">\n\t\t\t\t\t\t<div class=\"elementor-container elementor-column-gap-no\">\n\t\t\t\t\t<div class=\"elementor-column elementor-col-100 elementor-top-column elementor-element elementor-element-4ad06530\" data-id=\"4ad06530\" data-element_type=\"column\">\n\t\t\t<div class=\"elementor-widget-wrap elementor-element-populated\">\n\t\t\t\t\t\t<section class=\"elementor-section elementor-inner-section elementor-element elementor-element-6133e837 elementor-section-full_width elementor-section-height-default elementor-section-height-default\" data-id=\"6133e837\" data-element_type=\"section\">\n\t\t\t\t\t\t<div class=\"elementor-container elementor-column-gap-no\">\n\t\t\t\t\t<div class=\"elementor-column elementor-col-50 elementor-inner-column elementor-element elementor-element-75ef6f52\" data-id=\"75ef6f52\" data-element_type=\"column\">\n\t\t\t<div class=\"elementor-widget-wrap elementor-element-populated\">\n\t\t\t\t\t\t<div class=\"elementor-element elementor-element-5fc3f002 eael-infobox-content-align--left eael-infobox-icon-bg-shape-none eael-infobox-icon-hover-bg-shape-none elementor-invisible elementor-widget elementor-widget-eael-info-box\" data-id=\"5fc3f002\" data-element_type=\"widget\" data-settings=\"{&quot;_animation&quot;:&quot;fadeInLeft&quot;}\" data-widget_type=\"eael-info-box.default\">\n\t\t\t\t<div class=\"elementor-widget-container\">\n\t\t\t\t\t        <div class=\"eael-infobox icon-on-top\">\n\t            <div class=\"infobox-icon eael-icon-only\">\n\n            \n                            <div class=\"infobox-icon-wrap\">\n                                    <\/div>\n            \n            \n        <\/div>\n            <div class=\"infobox-content eael-icon-only\">\n                    <div class=\"infobox-title-section\">\n                <h2 class=\"title\">Soluciones para mejorar la se\u00f1al m\u00f3vil<\/h2>            <\/div>\n            <div><ul><li><strong>Amplificadores de se\u00f1al:<\/strong><ul><li>Proporcione amplificadores de se\u00f1al de alto rendimiento para mejorar la intensidad de la se\u00f1al m\u00f3vil en hogares, oficinas y espacios p\u00fablicos.<\/li><li>Instale y configure repetidores para garantizar un rendimiento y una cobertura \u00f3ptimos.<\/li><\/ul><\/li><li><strong>Soluciones a medida:<\/strong><ul><li>Dise\u00f1e soluciones de refuerzo de se\u00f1al a medida para entornos \u00fanicos y requisitos espec\u00edficos de los clientes.<\/li><li>Realizaci\u00f3n de estudios del emplazamiento para determinar la mejor ubicaci\u00f3n y configuraci\u00f3n de los amplificadores de se\u00f1al.<\/li><\/ul><\/li><\/ul><\/div>        <\/div>\n            <\/div>\n\n\t\t\t\t\t\t<\/div>\n\t\t\t\t<\/div>\n\t\t\t\t\t<\/div>\n\t\t<\/div>\n\t\t\t\t<div class=\"elementor-column elementor-col-50 elementor-inner-column elementor-element elementor-element-24c44801\" data-id=\"24c44801\" data-element_type=\"column\">\n\t\t\t<div class=\"elementor-widget-wrap elementor-element-populated\">\n\t\t\t\t\t\t<div class=\"elementor-element elementor-element-6fc4428b eael-infobox-content-align--left eael-infobox-icon-bg-shape-none eael-infobox-icon-hover-bg-shape-none elementor-invisible elementor-widget elementor-widget-eael-info-box\" data-id=\"6fc4428b\" data-element_type=\"widget\" data-settings=\"{&quot;_animation&quot;:&quot;fadeInRight&quot;}\" data-widget_type=\"eael-info-box.default\">\n\t\t\t\t<div class=\"elementor-widget-container\">\n\t\t\t\t\t        <div class=\"eael-infobox icon-on-top\">\n\t            <div class=\"infobox-icon eael-icon-only\">\n\n            \n                            <div class=\"infobox-icon-wrap\">\n                                    <\/div>\n            \n            \n        <\/div>\n            <div class=\"infobox-content eael-icon-only\">\n                    <div class=\"infobox-title-section\">\n                <h2 class=\"title\">Dise\u00f1o e implantaci\u00f3n de redes<\/h2>            <\/div>\n            <div><ul><li><strong>DAS (sistemas de antenas distribuidas) en edificios:<\/strong><ul><li>Dise\u00f1ar e implantar DAS en edificios para garantizar una cobertura m\u00f3vil completa en grandes edificios y complejos.<\/li><li>Utiliza tecnolog\u00eda avanzada para distribuir se\u00f1ales m\u00f3viles potentes por todo el recinto.<\/li><\/ul><\/li><li><strong>Despliegue de c\u00e9lulas peque\u00f1as:<\/strong><ul><li>Despliegue tecnolog\u00eda de c\u00e9lulas peque\u00f1as para mejorar la capacidad y cobertura de la red en zonas de alta densidad.<\/li><li>Garantizar una integraci\u00f3n perfecta con la infraestructura de red existente.<\/li><\/ul><\/li><\/ul><\/div>        <\/div>\n            <\/div>\n\n\t\t\t\t\t\t<\/div>\n\t\t\t\t<\/div>\n\t\t\t\t\t<\/div>\n\t\t<\/div>\n\t\t\t\t\t<\/div>\n\t\t<\/section>\n\t\t\t\t<section class=\"elementor-section elementor-inner-section elementor-element elementor-element-5b669294 elementor-section-full_width elementor-section-height-default elementor-section-height-default\" data-id=\"5b669294\" data-element_type=\"section\">\n\t\t\t\t\t\t<div class=\"elementor-container elementor-column-gap-no\">\n\t\t\t\t\t<div class=\"elementor-column elementor-col-50 elementor-inner-column elementor-element elementor-element-3581127a\" data-id=\"3581127a\" data-element_type=\"column\">\n\t\t\t<div class=\"elementor-widget-wrap elementor-element-populated\">\n\t\t\t\t\t\t<div class=\"elementor-element elementor-element-603d0bfb eael-infobox-content-align--left eael-infobox-icon-bg-shape-none eael-infobox-icon-hover-bg-shape-none elementor-invisible elementor-widget elementor-widget-eael-info-box\" data-id=\"603d0bfb\" data-element_type=\"widget\" data-settings=\"{&quot;_animation&quot;:&quot;fadeInLeft&quot;}\" data-widget_type=\"eael-info-box.default\">\n\t\t\t\t<div class=\"elementor-widget-container\">\n\t\t\t\t\t        <div class=\"eael-infobox icon-on-top\">\n\t            <div class=\"infobox-icon eael-icon-only\">\n\n            \n                            <div class=\"infobox-icon-wrap\">\n                                    <\/div>\n            \n            \n        <\/div>\n            <div class=\"infobox-content eael-icon-only\">\n                    <div class=\"infobox-title-section\">\n                <h2 class=\"title\">Soluciones de cobertura para exteriores<\/h2>            <\/div>\n            <div><ul><li><strong>Emplazamientos de macroc\u00e9lulas:<\/strong><ul><li>Proporcionar e instalar emplazamientos de macroc\u00e9lulas para mejorar la cobertura m\u00f3vil exterior en zonas extensas.<\/li><li>Utilizar sistemas de antena y tecnolog\u00eda avanzados para garantizar una cobertura s\u00f3lida y fiable.<\/li><\/ul><\/li><li><strong>Repetidores y extensores:<\/strong><ul><li>Instale repetidores y extensores para amplificar y extender las se\u00f1ales m\u00f3viles en zonas rurales y remotas.<\/li><li>Garantice una conectividad m\u00f3vil s\u00f3lida y constante en entornos dif\u00edciles.<\/li><\/ul><\/li><\/ul><\/div>        <\/div>\n            <\/div>\n\n\t\t\t\t\t\t<\/div>\n\t\t\t\t<\/div>\n\t\t\t\t\t<\/div>\n\t\t<\/div>\n\t\t\t\t<div class=\"elementor-column elementor-col-50 elementor-inner-column elementor-element elementor-element-9fae584\" data-id=\"9fae584\" data-element_type=\"column\">\n\t\t\t<div class=\"elementor-widget-wrap elementor-element-populated\">\n\t\t\t\t\t\t<div class=\"elementor-element elementor-element-4c4a83e9 eael-infobox-content-align--left eael-infobox-icon-bg-shape-none eael-infobox-icon-hover-bg-shape-none elementor-invisible elementor-widget elementor-widget-eael-info-box\" data-id=\"4c4a83e9\" data-element_type=\"widget\" data-settings=\"{&quot;_animation&quot;:&quot;fadeInRight&quot;}\" data-widget_type=\"eael-info-box.default\">\n\t\t\t\t<div class=\"elementor-widget-container\">\n\t\t\t\t\t        <div class=\"eael-infobox icon-on-top\">\n\t            <div class=\"infobox-icon eael-icon-only\">\n\n            \n                            <div class=\"infobox-icon-wrap\">\n                                    <\/div>\n            \n            \n        <\/div>\n            <div class=\"infobox-content eael-icon-only\">\n                    <div class=\"infobox-title-section\">\n                <h2 class=\"title\">Consultor\u00eda y estudios sobre el terreno<\/h2>            <\/div>\n            <div><ul><li><strong>Consulta de expertos:<\/strong><ul><li>Ofrezca servicios de consulta de expertos para identificar problemas de se\u00f1al m\u00f3vil y recomendar soluciones eficaces.<\/li><li>Proporcionar informes detallados y recomendaciones basadas en estudios exhaustivos del lugar.<\/li><\/ul><\/li><li><strong>Pruebas y an\u00e1lisis de se\u00f1ales:<\/strong><ul><li>Realice pruebas y an\u00e1lisis exhaustivos de las se\u00f1ales para identificar los puntos d\u00e9biles y las \u00e1reas susceptibles de mejora.<\/li><li>Utilice equipos de \u00faltima generaci\u00f3n para medir y analizar la intensidad y la calidad de la se\u00f1al.<\/li><\/ul><\/li><\/ul><\/div>        <\/div>\n            <\/div>\n\n\t\t\t\t\t\t<\/div>\n\t\t\t\t<\/div>\n\t\t\t\t\t<\/div>\n\t\t<\/div>\n\t\t\t\t\t<\/div>\n\t\t<\/section>\n\t\t\t\t<section class=\"elementor-section elementor-inner-section elementor-element elementor-element-282bcbd7 elementor-section-full_width elementor-section-height-default elementor-section-height-default\" data-id=\"282bcbd7\" data-element_type=\"section\">\n\t\t\t\t\t\t<div class=\"elementor-container elementor-column-gap-no\">\n\t\t\t\t\t<div class=\"elementor-column elementor-col-50 elementor-inner-column elementor-element elementor-element-a21deb6\" data-id=\"a21deb6\" data-element_type=\"column\">\n\t\t\t<div class=\"elementor-widget-wrap elementor-element-populated\">\n\t\t\t\t\t\t<div class=\"elementor-element elementor-element-1f6baf98 eael-infobox-content-align--left eael-infobox-icon-bg-shape-none eael-infobox-icon-hover-bg-shape-none elementor-invisible elementor-widget elementor-widget-eael-info-box\" data-id=\"1f6baf98\" data-element_type=\"widget\" data-settings=\"{&quot;_animation&quot;:&quot;fadeInLeft&quot;}\" data-widget_type=\"eael-info-box.default\">\n\t\t\t\t<div class=\"elementor-widget-container\">\n\t\t\t\t\t        <div class=\"eael-infobox icon-on-top\">\n\t            <div class=\"infobox-icon eael-icon-only\">\n\n            \n                            <div class=\"infobox-icon-wrap\">\n                                    <\/div>\n            \n            \n        <\/div>\n            <div class=\"infobox-content eael-icon-only\">\n                    <div class=\"infobox-title-section\">\n                <h2 class=\"title\">Mantenimiento y asistencia<\/h2>            <\/div>\n            <div><ul><li><strong>Mantenimiento peri\u00f3dico:<\/strong><ul><li>Prestar servicios de mantenimiento peri\u00f3dicos para garantizar que los amplificadores de se\u00f1al y los equipos de red funcionen al m\u00e1ximo rendimiento.<\/li><li>Ofrezca planes de mantenimiento preventivo para minimizar el tiempo de inactividad y los problemas de conectividad.<\/li><\/ul><\/li><li><strong>Asistencia t\u00e9cnica 24 horas al d\u00eda, 7 d\u00edas a la semana:<\/strong><ul><li>Ofrecer asistencia t\u00e9cnica las 24 horas del d\u00eda para resolver cualquier problema o duda.<\/li><li>Proporcionar asistencia remota e in situ para resolver r\u00e1pidamente los problemas de conectividad.<\/li><\/ul><\/li><\/ul><\/div>        <\/div>\n            <\/div>\n\n\t\t\t\t\t\t<\/div>\n\t\t\t\t<\/div>\n\t\t\t\t\t<\/div>\n\t\t<\/div>\n\t\t\t\t<div class=\"elementor-column elementor-col-50 elementor-inner-column elementor-element elementor-element-51ed8179\" data-id=\"51ed8179\" data-element_type=\"column\">\n\t\t\t<div class=\"elementor-widget-wrap\">\n\t\t\t\t\t\t\t<\/div>\n\t\t<\/div>\n\t\t\t\t\t<\/div>\n\t\t<\/section>\n\t\t\t\t\t<\/div>\n\t\t<\/div>\n\t\t\t\t\t<\/div>\n\t\t<\/section>\n\t\t\t\t<\/div>","protected":false},"excerpt":{"rendered":"<p>Mobile Signal Boosting Solutions Signal Boosters: Provide high-performance signal boosters to enhance mobile signal strength in homes, offices, and public spaces. Install and configure boosters to ensure optimal performance and coverage. Custom Solutions: Design tailored signal boosting solutions for unique environments and specific client requirements. Conduct site surveys to determine the best placement and configuration [&hellip;]<\/p>","protected":false},"author":1,"featured_media":0,"parent":0,"menu_order":0,"comment_status":"closed","ping_status":"closed","template":"","meta":{"_acf_changed":false,"_eb_attr":"","_monsterinsights_skip_tracking":false,"_monsterinsights_sitenote_active":false,"_monsterinsights_sitenote_note":"","_monsterinsights_sitenote_category":0,"jetpack_post_was_ever_published":false,"footnotes":""},"class_list":["post-27732","page","type-page","status-publish","hentry"],"acf":[],"jetpack_sharing_enabled":true,"_links":{"self":[{"href":"https:\/\/www.wanscom.com\/es\/wp-json\/wp\/v2\/pages\/27732","targetHints":{"allow":["GET"]}}],"collection":[{"href":"https:\/\/www.wanscom.com\/es\/wp-json\/wp\/v2\/pages"}],"about":[{"href":"https:\/\/www.wanscom.com\/es\/wp-json\/wp\/v2\/types\/page"}],"author":[{"embeddable":true,"href":"https:\/\/www.wanscom.com\/es\/wp-json\/wp\/v2\/users\/1"}],"replies":[{"embeddable":true,"href":"https:\/\/www.wanscom.com\/es\/wp-json\/wp\/v2\/comments?post=27732"}],"version-history":[{"count":4,"href":"https:\/\/www.wanscom.com\/es\/wp-json\/wp\/v2\/pages\/27732\/revisions"}],"predecessor-version":[{"id":27743,"href":"https:\/\/www.wanscom.com\/es\/wp-json\/wp\/v2\/pages\/27732\/revisions\/27743"}],"wp:attachment":[{"href":"https:\/\/www.wanscom.com\/es\/wp-json\/wp\/v2\/media?parent=27732"}],"curies":[{"name":"wp","href":"https:\/\/api.w.org\/{rel}","templated":true}]}}