{"id":29470,"date":"2025-07-22T09:12:07","date_gmt":"2025-07-22T08:12:07","guid":{"rendered":"https:\/\/www.wanscom.com\/?page_id=29470"},"modified":"2025-07-22T10:51:21","modified_gmt":"2025-07-22T09:51:21","slug":"como-instalar-un-amplificador-de-senal-movil-guia-completa-paso-a-paso","status":"publish","type":"page","link":"https:\/\/www.wanscom.com\/es\/soporte\/como-instalar-un-amplificador-de-senal-movil-guia-completa-paso-a-paso\/","title":{"rendered":"C\u00f3mo instalar un amplificador de se\u00f1al m\u00f3vil - Gu\u00eda completa paso a paso"},"content":{"rendered":"<div data-elementor-type=\"wp-page\" data-elementor-id=\"29470\" class=\"elementor elementor-29470\" data-elementor-post-type=\"page\">\n\t\t\t\t<div class=\"elementor-element elementor-element-3b26cc75 e-con-full e-flex e-con e-parent\" data-id=\"3b26cc75\" data-element_type=\"container\" data-settings=\"{&quot;background_background&quot;:&quot;classic&quot;}\">\n\t\t\t\t<div class=\"elementor-element elementor-element-2974d8ed elementor-widget elementor-widget-heading\" data-id=\"2974d8ed\" data-element_type=\"widget\" data-widget_type=\"heading.default\">\n\t\t\t\t<div class=\"elementor-widget-container\">\n\t\t\t\t\t<h1 class=\"elementor-heading-title elementor-size-default\">C\u00f3mo instalar un amplificador de se\u00f1al m\u00f3vil <\/h1>\t\t\t\t<\/div>\n\t\t\t\t<\/div>\n\t\t\t\t<div class=\"elementor-element elementor-element-673f88ed elementor-widget elementor-widget-eael-breadcrumbs\" data-id=\"673f88ed\" data-element_type=\"widget\" data-widget_type=\"eael-breadcrumbs.default\">\n\t\t\t\t<div class=\"elementor-widget-container\">\n\t\t\t\t\t\t\t<div class=\"eael-breadcrumbs\">\n\t\t\t\t\t\t<div class=\"eael-breadcrumbs__prefix\">\n\t\t\t\t<a href=\"https:\/\/www.wanscom.com\/es\" class=\"eael-breadcrumbs__prefix-link\"><svg aria-hidden=\"true\" class=\"e-font-icon-svg e-fas-home\" viewbox=\"0 0 576 512\" xmlns=\"http:\/\/www.w3.org\/2000\/svg\"><path d=\"M280.37 148.26L96 300.11V464a16 16 0 0 0 16 16l112.06-.29a16 16 0 0 0 15.92-16V368a16 16 0 0 1 16-16h64a16 16 0 0 1 16 16v95.64a16 16 0 0 0 16 16.05L464 480a16 16 0 0 0 16-16V300L295.67 148.26a12.19 12.19 0 0 0-15.3 0zM571.6 251.47L488 182.56V44.05a12 12 0 0 0-12-12h-56a12 12 0 0 0-12 12v72.61L318.47 43a48 48 0 0 0-61 0L4.34 251.47a12 12 0 0 0-1.6 16.9l25.5 31A12 12 0 0 0 45.15 301l235.22-193.74a12.19 12.19 0 0 1 15.3 0L530.9 301a12 12 0 0 0 16.9-1.6l25.5-31a12 12 0 0 0-1.7-16.93z\"><\/path><\/svg><\/a>\t\t\t<\/a>\n\t\t\t<\/div>\n\t\t\t<div class=\"eael-breadcrumbs__content\"><a href=\"https:\/\/www.wanscom.com\/es\">Inicio<\/a> <span class=\"eael-breadcrumb-separator\">\/<\/span> <span class = \"eael-current\">P\u00e1gina<\/span><\/div>\t\t<\/div>\n\t\t\t\t\t\t<\/div>\n\t\t\t\t<\/div>\n\t\t\t\t<\/div>\n\t\t<div class=\"elementor-element elementor-element-bb70e26 e-flex e-con-boxed e-con e-parent\" data-id=\"bb70e26\" data-element_type=\"container\">\n\t\t\t\t\t<div class=\"e-con-inner\">\n\t\t<div class=\"elementor-element elementor-element-bed5bd1 e-con-full e-flex e-con e-child\" data-id=\"bed5bd1\" data-element_type=\"container\">\n\t\t\t\t<div class=\"elementor-element elementor-element-0760a50 elementor-widget elementor-widget-heading\" data-id=\"0760a50\" data-element_type=\"widget\" data-widget_type=\"heading.default\">\n\t\t\t\t<div class=\"elementor-widget-container\">\n\t\t\t\t\t<h1 class=\"elementor-heading-title elementor-size-default\">C\u00f3mo instalar un amplificador de se\u00f1al m\u00f3vil - Gu\u00eda completa paso a paso<\/h1>\t\t\t\t<\/div>\n\t\t\t\t<\/div>\n\t\t\t\t<div class=\"elementor-element elementor-element-cf6e110 elementor-widget elementor-widget-text-editor\" data-id=\"cf6e110\" data-element_type=\"widget\" data-widget_type=\"text-editor.default\">\n\t\t\t\t<div class=\"elementor-widget-container\">\n\t\t\t\t\t\t\t\t\t<p>Aprende a instalar un amplificador de se\u00f1al m\u00f3vil para mejorar la cobertura en interiores. Gu\u00eda de instalaci\u00f3n paso a paso para repetidores de se\u00f1al 4G LTE, 5G y GSM. Compatible con las principales operadoras.<\/p>\t\t\t\t\t\t\t\t<\/div>\n\t\t\t\t<\/div>\n\t\t\t\t<\/div>\n\t\t\t\t\t<\/div>\n\t\t\t\t<\/div>\n\t\t<div class=\"elementor-element elementor-element-5b7ff72 e-flex e-con-boxed e-con e-parent\" data-id=\"5b7ff72\" data-element_type=\"container\">\n\t\t\t\t\t<div class=\"e-con-inner\">\n\t\t<div class=\"elementor-element elementor-element-0ececcd e-con-full e-flex e-con e-child\" data-id=\"0ececcd\" data-element_type=\"container\">\n\t\t<div class=\"elementor-element elementor-element-cc7182d e-con-full e-flex e-con e-child\" data-id=\"cc7182d\" data-element_type=\"container\">\n\t\t\t\t<div class=\"elementor-element elementor-element-f9a8b25 elementor-widget elementor-widget-heading\" data-id=\"f9a8b25\" data-element_type=\"widget\" data-widget_type=\"heading.default\">\n\t\t\t\t<div class=\"elementor-widget-container\">\n\t\t\t\t\t<h2 class=\"elementor-heading-title elementor-size-default\">\ud83d\udce6 Qu\u00e9 hay en la caja<\/h2>\t\t\t\t<\/div>\n\t\t\t\t<\/div>\n\t\t\t\t<div class=\"elementor-element elementor-element-a9d7437 elementor-widget elementor-widget-text-editor\" data-id=\"a9d7437\" data-element_type=\"widget\" data-widget_type=\"text-editor.default\">\n\t\t\t\t<div class=\"elementor-widget-container\">\n\t\t\t\t\t\t\t\t\t<p data-start=\"708\" data-end=\"769\">Antes de la instalaci\u00f3n, aseg\u00farese de que su kit de amplificador de se\u00f1al incluye:<\/p><ul data-start=\"771\" data-end=\"1028\"><li data-start=\"771\" data-end=\"822\"><p data-start=\"773\" data-end=\"822\">\ud83d\udce1 <strong data-start=\"776\" data-end=\"795\">Antena exterior<\/strong> (Yagi direccional o LPDA)<\/p><\/li><li data-start=\"823\" data-end=\"867\"><p data-start=\"825\" data-end=\"867\">\ud83d\udcf6 <strong data-start=\"828\" data-end=\"846\">Antena interior<\/strong> (tipo panel o c\u00fapula)<\/p><\/li><li data-start=\"868\" data-end=\"908\"><p data-start=\"870\" data-end=\"908\">\ud83d\udd0c <strong data-start=\"873\" data-end=\"896\">Unidad de amplificaci\u00f3n de se\u00f1al<\/strong> (Amplificador)<\/p><\/li><li data-start=\"909\" data-end=\"950\"><p data-start=\"911\" data-end=\"950\">\ud83d\udccf <strong data-start=\"914\" data-end=\"932\">Cables coaxiales<\/strong> (Normalmente 10m-20m)<\/p><\/li><li data-start=\"951\" data-end=\"999\"><p data-start=\"953\" data-end=\"999\">\ud83d\udd29 <strong data-start=\"956\" data-end=\"980\">Accesorios de montaje<\/strong> (Soportes, tornillos)<\/p><\/li><li data-start=\"1000\" data-end=\"1028\"><p data-start=\"1002\" data-end=\"1028\">\u26a1 <strong data-start=\"1004\" data-end=\"1028\">Adaptador de alimentaci\u00f3n<\/strong><\/p><\/li><\/ul>\t\t\t\t\t\t\t\t<\/div>\n\t\t\t\t<\/div>\n\t\t\t\t<div class=\"elementor-element elementor-element-96de42d elementor-widget elementor-widget-text-editor\" data-id=\"96de42d\" data-element_type=\"widget\" data-widget_type=\"text-editor.default\">\n\t\t\t\t<div class=\"elementor-widget-container\">\n\t\t\t\t\t\t\t\t\t<h3 data-start=\"1035\" data-end=\"1091\">\ud83d\udccd <strong data-start=\"1042\" data-end=\"1091\">Paso 1: Identificar la se\u00f1al exterior m\u00e1s intensa<\/strong><\/h3><p data-start=\"1093\" data-end=\"1162\">Utilice su tel\u00e9fono m\u00f3vil para comprobar la intensidad de la se\u00f1al en el exterior de su edificio.<\/p><p data-start=\"1164\" data-end=\"1176\"><strong data-start=\"1164\" data-end=\"1176\">M\u00e9todos:<\/strong><\/p><ul data-start=\"1177\" data-end=\"1297\"><li data-start=\"1177\" data-end=\"1209\"><p data-start=\"1179\" data-end=\"1209\">Utiliza las barras de se\u00f1alizaci\u00f3n integradas<\/p><\/li><li data-start=\"1210\" data-end=\"1297\"><p data-start=\"1212\" data-end=\"1297\">O utilizar herramientas como <code data-start=\"1230\" data-end=\"1249\">Red Informaci\u00f3n de c\u00e9lula<\/code>, <code data-start=\"1251\" data-end=\"1266\">Descubrimiento LTE<\/code>o del iPhone <em data-start=\"1280\" data-end=\"1297\">Modo de prueba de campo<\/em><\/p><\/li><\/ul><p data-start=\"1299\" data-end=\"1335\">\ud83d\udccc Se\u00f1al ideal: \u2265 -70dBm (3-4 bares)<\/p><hr data-start=\"1337\" data-end=\"1340\" \/><h3 data-start=\"1342\" data-end=\"1387\">\ud83c\udfd7\ufe0f <strong data-start=\"1350\" data-end=\"1387\">Paso 2: Montar la antena exterior<\/strong><\/h3><ul data-start=\"1389\" data-end=\"1623\"><li data-start=\"1389\" data-end=\"1461\"><p data-start=\"1391\" data-end=\"1461\">Instale la antena exterior en el punto m\u00e1s alto (por ejemplo, tejado, pared)<\/p><\/li><li data-start=\"1462\" data-end=\"1499\"><p data-start=\"1464\" data-end=\"1499\">Apunta hacia la torre de telefon\u00eda m\u00f3vil m\u00e1s cercana<\/p><\/li><li data-start=\"1500\" data-end=\"1563\"><p data-start=\"1502\" data-end=\"1563\">Utiliza una antena direccional (tipo Yagi) para zonas rurales o d\u00e9biles<\/p><\/li><li data-start=\"1564\" data-end=\"1623\"><p data-start=\"1566\" data-end=\"1623\"><strong data-start=\"1566\" data-end=\"1623\">Mant\u00e9ngase a una distancia m\u00ednima de 10 m de la antena interior.<\/strong><\/p><\/li><\/ul><p data-start=\"1625\" data-end=\"1691\">\u2705 Monte la antena firmemente, lejos de superficies met\u00e1licas y obst\u00e1culos.<\/p><hr data-start=\"1693\" data-end=\"1696\" \/><h3 data-start=\"1698\" data-end=\"1751\">\ud83d\udd17 <strong data-start=\"1705\" data-end=\"1751\">Paso 3: Conectar la antena exterior al amplificador<\/strong><\/h3><ul data-start=\"1753\" data-end=\"1923\"><li data-start=\"1753\" data-end=\"1857\"><p data-start=\"1755\" data-end=\"1857\">Utilice el cable coaxial suministrado para conectar la antena exterior al <strong data-start=\"1824\" data-end=\"1837\">\"Exterior\"<\/strong> puerto del amplificador<\/p><\/li><li data-start=\"1858\" data-end=\"1923\"><p data-start=\"1860\" data-end=\"1923\">Aseg\u00farese de que la conexi\u00f3n sea segura y recta (evite dobleces o curvas cerradas)<\/p><\/li><\/ul><hr data-start=\"1925\" data-end=\"1928\" \/><h3 data-start=\"1930\" data-end=\"1975\">\ud83c\udfe0 <strong data-start=\"1937\" data-end=\"1975\">Paso 4: Instalar la antena interior<\/strong><\/h3><ul data-start=\"1977\" data-end=\"2181\"><li data-start=\"1977\" data-end=\"2061\"><p data-start=\"1979\" data-end=\"2061\">Coloca la antena interior donde m\u00e1s cobertura se necesite (lo ideal es una ubicaci\u00f3n central)<\/p><\/li><li data-start=\"2062\" data-end=\"2119\"><p data-start=\"2064\" data-end=\"2119\">Evita colocarlo cerca de objetos met\u00e1licos grandes o routers Wi-Fi<\/p><\/li><li data-start=\"2120\" data-end=\"2181\"><p data-start=\"2122\" data-end=\"2181\">Conecte la antena al <strong data-start=\"2149\" data-end=\"2161\">\"Interior\"<\/strong> puerto del amplificador<\/p><\/li><\/ul><p data-start=\"2183\" data-end=\"2282\">\ud83d\udccc Las antenas de panel son mejores para la cobertura direccional; las antenas de c\u00fapula son buenas para la distribuci\u00f3n de 360\u00b0.<\/p><hr data-start=\"2284\" data-end=\"2287\" \/><h3 data-start=\"2289\" data-end=\"2324\">\u26a1 <strong data-start=\"2295\" data-end=\"2324\">Paso 5: Encendido y prueba<\/strong><\/h3><ul data-start=\"2326\" data-end=\"2510\"><li data-start=\"2326\" data-end=\"2364\"><p data-start=\"2328\" data-end=\"2364\">Enchufa el amplificador a una toma de corriente<\/p><\/li><li data-start=\"2365\" data-end=\"2431\"><p data-start=\"2367\" data-end=\"2431\">Espere a que los indicadores LED se estabilicen (normalmente verde o azul)<\/p><\/li><li data-start=\"2432\" data-end=\"2510\"><p data-start=\"2434\" data-end=\"2510\">Pasea por la zona con tu tel\u00e9fono y comprueba la intensidad de la se\u00f1al y la velocidad de los datos.<\/p><\/li><\/ul><p data-start=\"2512\" data-end=\"2581\">\ud83d\udcca Ajuste la direcci\u00f3n de la antena exterior si es necesario para obtener el mejor rendimiento.<\/p>\t\t\t\t\t\t\t\t<\/div>\n\t\t\t\t<\/div>\n\t\t\t\t<\/div>\n\t\t\t\t<\/div>\n\t\t<div class=\"elementor-element elementor-element-4a7a9e3 e-con-full e-flex e-con e-child\" data-id=\"4a7a9e3\" data-element_type=\"container\">\n\t\t<div class=\"elementor-element elementor-element-ed85a95 e-con-full e-flex e-con e-child\" data-id=\"ed85a95\" data-element_type=\"container\">\n\t\t<div class=\"elementor-element elementor-element-b70e9a1 e-con-full e-flex e-con e-child\" data-id=\"b70e9a1\" data-element_type=\"container\">\n\t\t\t\t<div class=\"elementor-element elementor-element-cdd5f3e elementor-widget elementor-widget-html\" data-id=\"cdd5f3e\" data-element_type=\"widget\" data-widget_type=\"html.default\">\n\t\t\t\t<div class=\"elementor-widget-container\">\n\t\t\t\t\t<section class=\"installation-tips\">\r\n  <h2>Consejos de instalaci\u00f3n<\/h2>\r\n  <table style=\"width:100%; border-collapse: collapse;\">\r\n    <thead>\r\n      <tr>\r\n        <th style=\"text-align:left; border-bottom: 2px solid #ddd; padding: 10px;\">Consejo<\/th>\r\n        <th style=\"text-align:left; border-bottom: 2px solid #ddd; padding: 10px;\">Detalles<\/th>\r\n      <\/tr>\r\n    <\/thead>\r\n    <tbody>\r\n      <tr>\r\n        <td style=\"padding: 10px; border-bottom: 1px solid #eee;\">\ud83d\udce1 Separaci\u00f3n de antenas<\/td>\r\n        <td style=\"padding: 10px; border-bottom: 1px solid #eee;\">Mantenga una distancia m\u00ednima de 10-15 metros entre las antenas exteriores e interiores para evitar la autooscilaci\u00f3n.<\/td>\r\n      <\/tr>\r\n      <tr>\r\n        <td style=\"padding: 10px; border-bottom: 1px solid #eee;\">\ud83d\udd04 Evita los bucles de los cables<\/td>\r\n        <td style=\"padding: 10px; border-bottom: 1px solid #eee;\">No enrolle cables coaxiales. Esto puede provocar p\u00e9rdidas de se\u00f1al o interferencias.<\/td>\r\n      <\/tr>\r\n      <tr>\r\n        <td style=\"padding: 10px; border-bottom: 1px solid #eee;\">\ud83d\udcf6 Prueba de intensidad de la se\u00f1al<\/td>\r\n        <td style=\"padding: 10px; border-bottom: 1px solid #eee;\">Utiliza un tel\u00e9fono m\u00f3vil o un medidor de se\u00f1al para encontrar la zona con la se\u00f1al exterior m\u00e1s fuerte antes de la instalaci\u00f3n.<\/td>\r\n      <\/tr>\r\n      <tr>\r\n        <td style=\"padding: 10px; border-bottom: 1px solid #eee;\">\u26a0\ufe0f Evite los obst\u00e1culos<\/td>\r\n        <td style=\"padding: 10px; border-bottom: 1px solid #eee;\">No coloque antenas interiores detr\u00e1s de paredes met\u00e1licas o cerca de grandes aparatos electr\u00f3nicos.<\/td>\r\n      <\/tr>\r\n    <\/tbody>\r\n  <\/table>\r\n<\/section>\r\n\t\t\t\t<\/div>\n\t\t\t\t<\/div>\n\t\t\t\t<div class=\"elementor-element elementor-element-f00d86d elementor-widget elementor-widget-html\" data-id=\"f00d86d\" data-element_type=\"widget\" data-widget_type=\"html.default\">\n\t\t\t\t<div class=\"elementor-widget-container\">\n\t\t\t\t\t<section class=\"frequency-compatibility\">\r\n  <h2>Compatibilidad con redes mundiales<\/h2>\r\n  <table style=\"width:100%; border-collapse: collapse;\">\r\n    <thead>\r\n      <tr>\r\n        <th style=\"text-align:left; border-bottom: 2px solid #ddd; padding: 10px;\">Regi\u00f3n<\/th>\r\n        <th style=\"text-align:left; border-bottom: 2px solid #ddd; padding: 10px;\">Bandas de frecuencia admitidas<\/th>\r\n      <\/tr>\r\n    <\/thead>\r\n    <tbody>\r\n      <tr>\r\n        <td style=\"padding: 10px; border-bottom: 1px solid #eee;\">Reino Unido<\/td>\r\n        <td style=\"padding: 10px; border-bottom: 1px solid #eee;\">700 MHz, 800 MHz, 1800 MHz, 2100 MHz, 2600 MHz<\/td>\r\n      <\/tr>\r\n      <tr>\r\n        <td style=\"padding: 10px; border-bottom: 1px solid #eee;\">Estados Unidos<\/td>\r\n        <td style=\"padding: 10px; border-bottom: 1px solid #eee;\">700 MHz, 850 MHz, 1700\/2100 MHz, 1900 MHz<\/td>\r\n      <\/tr>\r\n      <tr>\r\n        <td style=\"padding: 10px; border-bottom: 1px solid #eee;\">Australia<\/td>\r\n        <td style=\"padding: 10px; border-bottom: 1px solid #eee;\">700 MHz, 850 MHz, 1800 MHz, 2100 MHz, 2600 MHz<\/td>\r\n      <\/tr>\r\n      <tr>\r\n        <td style=\"padding: 10px; border-bottom: 1px solid #eee;\">Europa (Francia, Espa\u00f1a, Alemania)<\/td>\r\n        <td style=\"padding: 10px; border-bottom: 1px solid #eee;\">800 MHz, 1800 MHz, 2100 MHz, 2600 MHz<\/td>\r\n      <\/tr>\r\n      <tr>\r\n        <td style=\"padding: 10px; border-bottom: 1px solid #eee;\">Oriente Medio<\/td>\r\n        <td style=\"padding: 10px; border-bottom: 1px solid #eee;\">800 MHz, 1800 MHz, 2100 MHz, 2600 MHz<\/td>\r\n      <\/tr>\r\n    <\/tbody>\r\n  <\/table>\r\n<\/section>\r\n\t\t\t\t<\/div>\n\t\t\t\t<\/div>\n\t\t\t\t<\/div>\n\t\t\t\t<\/div>\n\t\t<div class=\"elementor-element elementor-element-37812d2 e-con-full e-flex e-con e-child\" data-id=\"37812d2\" data-element_type=\"container\">\n\t\t<div class=\"elementor-element elementor-element-9b92f38 e-con-full e-flex e-con e-child\" data-id=\"9b92f38\" data-element_type=\"container\">\n\t\t\t\t<div class=\"elementor-element elementor-element-ff5fa1c elementor-widget elementor-widget-heading\" data-id=\"ff5fa1c\" data-element_type=\"widget\" data-widget_type=\"heading.default\">\n\t\t\t\t<div class=\"elementor-widget-container\">\n\t\t\t\t\t<h2 class=\"elementor-heading-title elementor-size-default\">Aplicaciones compatibles<\/h2>\t\t\t\t<\/div>\n\t\t\t\t<\/div>\n\t\t\t\t<div class=\"elementor-element elementor-element-980363d elementor-widget elementor-widget-image\" data-id=\"980363d\" data-element_type=\"widget\" data-widget_type=\"image.default\">\n\t\t\t\t<div class=\"elementor-widget-container\">\n\t\t\t\t\t\t\t\t\t\t\t\t\t\t\t<img fetchpriority=\"high\" decoding=\"async\" width=\"488\" height=\"300\" src=\"https:\/\/i0.wp.com\/www.wanscom.com\/wp-content\/uploads\/2024\/01\/application1-1.jpg?fit=488%2C300&amp;ssl=1\" class=\"attachment-large size-large wp-image-67\" alt=\"\" title=\"\">\t\t\t\t\t\t\t\t\t\t\t\t\t\t\t<\/div>\n\t\t\t\t<\/div>\n\t\t\t\t<div class=\"elementor-element elementor-element-f8aeb61 elementor-widget elementor-widget-heading\" data-id=\"f8aeb61\" data-element_type=\"widget\" data-widget_type=\"heading.default\">\n\t\t\t\t<div class=\"elementor-widget-container\">\n\t\t\t\t\t<h2 class=\"elementor-heading-title elementor-size-default\">Descargas y recursos<\/h2>\t\t\t\t<\/div>\n\t\t\t\t<\/div>\n\t\t\t\t<div class=\"elementor-element elementor-element-3d08c6b elementor-widget elementor-widget-text-editor\" data-id=\"3d08c6b\" data-element_type=\"widget\" data-widget_type=\"text-editor.default\">\n\t\t\t\t<div class=\"elementor-widget-container\">\n\t\t\t\t\t\t\t\t\t<ul><li data-start=\"3975\" data-end=\"4012\"><h4 data-start=\"3977\" data-end=\"4012\"><a class=\"\" href=\"#\" rel=\"noopener\" data-start=\"3977\" data-end=\"4012\">\ud83c\udfa5 Tutorial de instalaci\u00f3n en v\u00eddeo<\/a><\/h4><\/li><li data-start=\"4013\" data-end=\"4045\"><h4 data-start=\"4015\" data-end=\"4045\"><a class=\"\" href=\"#\" rel=\"noopener\" data-start=\"4015\" data-end=\"4045\">\ud83d\udcca Herramienta de comprobaci\u00f3n de frecuencias<\/a><\/h4><\/li><\/ul>\t\t\t\t\t\t\t\t<\/div>\n\t\t\t\t<\/div>\n\t\t\t\t<\/div>\n\t\t\t\t<\/div>\n\t\t\t\t<\/div>\n\t\t\t\t\t<\/div>\n\t\t\t\t<\/div>\n\t\t<div class=\"elementor-element elementor-element-824b099 e-con-full e-flex e-con e-parent\" data-id=\"824b099\" data-element_type=\"container\">\n\t\t\t\t<div class=\"elementor-element elementor-element-61f28bd elementor-widget elementor-widget-html\" data-id=\"61f28bd\" data-element_type=\"widget\" data-widget_type=\"html.default\">\n\t\t\t\t<div class=\"elementor-widget-container\">\n\t\t\t\t\t<div style=\"background: linear-gradient(90deg, #0073e6, #005bb3); color: white; padding: 40px 30px; text-align: center; border-radius: 12px; margin-top: 60px;\">\r\n  <h2 style=\"font-size: 28px; margin-bottom: 15px;\">\u00bfNecesitas un amplificador de se\u00f1al m\u00f3vil?<\/h2>\r\n  <p style=\"font-size: 16px; margin-bottom: 25px; max-width: 600px; margin-left: auto; margin-right: auto;\">\r\n    Explore nuestra completa gama de amplificadores de se\u00f1al m\u00f3vil de alto rendimiento dise\u00f1ados para hogares, oficinas, almacenes y mucho m\u00e1s.\r\n  <\/p>\r\n  <a href=\"https:\/\/www.wanscom.com\/es\/productos\/\" \r\n     style=\"background: #fff; color: #0056b3; font-weight: bold; padding: 12px 28px; border-radius: 6px; text-decoration: none; font-size: 16px;\">\r\n    Ver todos los productos\r\n  <\/a>\r\n<\/div>\r\n\t\t\t\t<\/div>\n\t\t\t\t<\/div>\n\t\t\t\t<\/div>\n\t\t\t\t<\/div>","protected":false},"excerpt":{"rendered":"<p>How to Install a Mobile Signal Booster Home \/ Page How to Install a Mobile Signal Booster \u2013 Complete Step-by-Step Guide Learn how to install a mobile signal booster for better indoor coverage. Step-by-step installation guide for 4G LTE, 5G, and GSM signal repeaters. Compatible with all major carriers. \ud83d\udce6 What\u2019s in the Box Before [&hellip;]<\/p>","protected":false},"author":1,"featured_media":0,"parent":1251,"menu_order":0,"comment_status":"closed","ping_status":"closed","template":"","meta":{"_acf_changed":false,"_eb_attr":"","_monsterinsights_skip_tracking":false,"_monsterinsights_sitenote_active":false,"_monsterinsights_sitenote_note":"","_monsterinsights_sitenote_category":0,"jetpack_post_was_ever_published":false,"footnotes":""},"class_list":["post-29470","page","type-page","status-publish","hentry"],"acf":[],"jetpack_sharing_enabled":true,"_links":{"self":[{"href":"https:\/\/www.wanscom.com\/es\/wp-json\/wp\/v2\/pages\/29470","targetHints":{"allow":["GET"]}}],"collection":[{"href":"https:\/\/www.wanscom.com\/es\/wp-json\/wp\/v2\/pages"}],"about":[{"href":"https:\/\/www.wanscom.com\/es\/wp-json\/wp\/v2\/types\/page"}],"author":[{"embeddable":true,"href":"https:\/\/www.wanscom.com\/es\/wp-json\/wp\/v2\/users\/1"}],"replies":[{"embeddable":true,"href":"https:\/\/www.wanscom.com\/es\/wp-json\/wp\/v2\/comments?post=29470"}],"version-history":[{"count":12,"href":"https:\/\/www.wanscom.com\/es\/wp-json\/wp\/v2\/pages\/29470\/revisions"}],"predecessor-version":[{"id":29538,"href":"https:\/\/www.wanscom.com\/es\/wp-json\/wp\/v2\/pages\/29470\/revisions\/29538"}],"up":[{"embeddable":true,"href":"https:\/\/www.wanscom.com\/es\/wp-json\/wp\/v2\/pages\/1251"}],"wp:attachment":[{"href":"https:\/\/www.wanscom.com\/es\/wp-json\/wp\/v2\/media?parent=29470"}],"curies":[{"name":"wp","href":"https:\/\/api.w.org\/{rel}","templated":true}]}}