{"id":29679,"date":"2025-07-24T08:03:09","date_gmt":"2025-07-24T07:03:09","guid":{"rendered":"https:\/\/www.wanscom.com\/?page_id=29679"},"modified":"2025-07-24T08:38:07","modified_gmt":"2025-07-24T07:38:07","slug":"estudio-de-casos","status":"publish","type":"page","link":"https:\/\/www.wanscom.com\/es\/estudio-de-casos\/","title":{"rendered":"Estudio de casos"},"content":{"rendered":"<div data-elementor-type=\"wp-page\" data-elementor-id=\"29679\" class=\"elementor elementor-29679\" data-elementor-post-type=\"page\">\n\t\t\t\t<div class=\"elementor-element elementor-element-5ff21e5f e-flex e-con-boxed e-con e-parent\" data-id=\"5ff21e5f\" data-element_type=\"container\" data-settings=\"{&quot;background_background&quot;:&quot;classic&quot;}\">\n\t\t\t\t\t<div class=\"e-con-inner\">\n\t\t\t\t<div class=\"elementor-element elementor-element-13f6fcd6 elementor-widget elementor-widget-elementskit-heading\" data-id=\"13f6fcd6\" data-element_type=\"widget\" data-widget_type=\"elementskit-heading.default\">\n\t\t\t\t<div class=\"elementor-widget-container\">\n\t\t\t\t\t<div class=\"ekit-wid-con\" ><div class=\"ekit-heading elementskit-section-title-wraper text_center   ekit_heading_tablet-   ekit_heading_mobile-\"><h2 class=\"ekit-heading--title elementskit-section-title\">Casos reales de clientes y soluciones<\/h2>\t\t\t\t<div class='ekit-heading__description'>\n\t\t\t\t\t<p>Descubra c\u00f3mo nuestros amplificadores de se\u00f1al ayudan a hogares, oficinas, garajes y mucho m\u00e1s.<\/p>\n\t\t\t\t<\/div>\n\t\t\t<\/div><\/div>\t\t\t\t<\/div>\n\t\t\t\t<\/div>\n\t\t\t\t<div class=\"elementor-element elementor-element-3111b9d elementor-widget elementor-widget-eael-breadcrumbs\" data-id=\"3111b9d\" data-element_type=\"widget\" data-widget_type=\"eael-breadcrumbs.default\">\n\t\t\t\t<div class=\"elementor-widget-container\">\n\t\t\t\t\t\t\t<div class=\"eael-breadcrumbs\">\n\t\t\t<div class=\"eael-breadcrumbs__content\"><a href=\"https:\/\/www.wanscom.com\/es\">Inicio<\/a> <span class=\"eael-breadcrumb-separator\">\/<\/span> <span class = \"eael-current\">P\u00e1gina<\/span><\/div>\t\t<\/div>\n\t\t\t\t\t\t<\/div>\n\t\t\t\t<\/div>\n\t\t\t\t\t<\/div>\n\t\t\t\t<\/div>\n\t\t<div class=\"elementor-element elementor-element-aac91e2 view-case-btn e-flex e-con-boxed e-con e-parent\" data-id=\"aac91e2\" data-element_type=\"container\">\n\t\t\t\t\t<div class=\"e-con-inner\">\n\t\t\t\t<div class=\"elementor-element elementor-element-15aa47c elementor-posts--align-center elementor-grid-3 elementor-grid-tablet-2 elementor-grid-mobile-1 elementor-posts--thumbnail-top elementor-widget elementor-widget-posts\" data-id=\"15aa47c\" data-element_type=\"widget\" data-settings=\"{&quot;classic_columns&quot;:&quot;3&quot;,&quot;classic_columns_tablet&quot;:&quot;2&quot;,&quot;classic_columns_mobile&quot;:&quot;1&quot;,&quot;classic_row_gap&quot;:{&quot;unit&quot;:&quot;px&quot;,&quot;size&quot;:35,&quot;sizes&quot;:[]},&quot;classic_row_gap_tablet&quot;:{&quot;unit&quot;:&quot;px&quot;,&quot;size&quot;:&quot;&quot;,&quot;sizes&quot;:[]},&quot;classic_row_gap_mobile&quot;:{&quot;unit&quot;:&quot;px&quot;,&quot;size&quot;:&quot;&quot;,&quot;sizes&quot;:[]}}\" data-widget_type=\"posts.classic\">\n\t\t\t\t<div class=\"elementor-widget-container\">\n\t\t\t\t\t\t\t<div class=\"elementor-posts-container elementor-posts elementor-posts--skin-classic elementor-grid\" role=\"list\">\n\t\t\t\t<article class=\"elementor-post elementor-grid-item post-30007 case type-case status-publish has-post-thumbnail hentry\" role=\"listitem\">\n\t\t\t\t<a class=\"elementor-post__thumbnail__link\" href=\"https:\/\/www.wanscom.com\/es\/caso\/cobertura-de-garajes-subterraneos-en-irlanda\/\" tabindex=\"-1\" >\n\t\t\t<div class=\"elementor-post__thumbnail\"><img fetchpriority=\"high\" decoding=\"async\" width=\"400\" height=\"180\" src=\"https:\/\/i0.wp.com\/www.wanscom.com\/wp-content\/uploads\/2025\/07\/%E5%BE%AE%E4%BF%A1%E5%9B%BE%E7%89%87_20250719111608.jpg?fit=400%2C180&amp;ssl=1\" class=\"attachment-medium size-medium wp-image-29346\" alt=\"instalaci\u00f3n de repetidor de se\u00f1al en s\u00f3tano\" title=\"\"><\/div>\n\t\t<\/a>\n\t\t\t\t<div class=\"elementor-post__text\">\n\t\t\t\t<h2 class=\"elementor-post__title\">\n\t\t\t<a href=\"https:\/\/www.wanscom.com\/es\/caso\/cobertura-de-garajes-subterraneos-en-irlanda\/\" >\n\t\t\t\tCobertura de garajes subterr\u00e1neos - Irlanda\t\t\t<\/a>\n\t\t<\/h2>\n\t\t\t\t<div class=\"elementor-post__meta-data\">\n\t\t\t\t\t<span class=\"elementor-post-date\">\n\t\t\t8 agosto 2025\t\t<\/span>\n\t\t\t\t<\/div>\n\t\t\n\t\t<a class=\"elementor-post__read-more\" href=\"https:\/\/www.wanscom.com\/es\/caso\/cobertura-de-garajes-subterraneos-en-irlanda\/\" aria-label=\"M\u00e1s informaci\u00f3n sobre Underground Garage Coverage \u2013 Ireland\" tabindex=\"-1\" >\n\t\t\tVer caso\t\t<\/a>\n\n\t\t\t\t<\/div>\n\t\t\t\t<\/article>\n\t\t\t\t<article class=\"elementor-post elementor-grid-item post-29996 case type-case status-publish has-post-thumbnail hentry\" role=\"listitem\">\n\t\t\t\t<a class=\"elementor-post__thumbnail__link\" href=\"https:\/\/www.wanscom.com\/es\/caso\/cobertura-senal-hogar-australia\/\" tabindex=\"-1\" >\n\t\t\t<div class=\"elementor-post__thumbnail\"><img decoding=\"async\" width=\"225\" height=\"300\" data-src=\"https:\/\/i0.wp.com\/www.wanscom.com\/wp-content\/uploads\/2025\/07\/%E5%BE%AE%E4%BF%A1%E5%9B%BE%E7%89%87_20250719111634.jpg?fit=225%2C300&amp;ssl=1\" class=\"attachment-medium size-medium wp-image-29347 lazyload\" alt=\"instalaci\u00f3n de amplificador de se\u00f1al para el hogar\" title=\"\" src=\"data:image\/svg+xml;base64,PHN2ZyB3aWR0aD0iMSIgaGVpZ2h0PSIxIiB4bWxucz0iaHR0cDovL3d3dy53My5vcmcvMjAwMC9zdmciPjwvc3ZnPg==\" style=\"--smush-placeholder-width: 225px; --smush-placeholder-aspect-ratio: 225\/300;\"><\/div>\n\t\t<\/a>\n\t\t\t\t<div class=\"elementor-post__text\">\n\t\t\t\t<h2 class=\"elementor-post__title\">\n\t\t\t<a href=\"https:\/\/www.wanscom.com\/es\/caso\/cobertura-senal-hogar-australia\/\" >\n\t\t\t\tCobertura de la se\u00f1al dom\u00e9stica - Australia\t\t\t<\/a>\n\t\t<\/h2>\n\t\t\t\t<div class=\"elementor-post__meta-data\">\n\t\t\t\t\t<span class=\"elementor-post-date\">\n\t\t\t8 agosto 2025\t\t<\/span>\n\t\t\t\t<\/div>\n\t\t\n\t\t<a class=\"elementor-post__read-more\" href=\"https:\/\/www.wanscom.com\/es\/caso\/cobertura-senal-hogar-australia\/\" aria-label=\"M\u00e1s informaci\u00f3n sobre Home Signal Coverage \u2013 Australia\" tabindex=\"-1\" >\n\t\t\tVer caso\t\t<\/a>\n\n\t\t\t\t<\/div>\n\t\t\t\t<\/article>\n\t\t\t\t<article class=\"elementor-post elementor-grid-item post-29659 case type-case status-publish has-post-thumbnail hentry\" role=\"listitem\">\n\t\t\t\t<a class=\"elementor-post__thumbnail__link\" href=\"https:\/\/www.wanscom.com\/es\/caso\/instalacion-del-amplificador-de-senal-de-villa\/\" tabindex=\"-1\" >\n\t\t\t<div class=\"elementor-post__thumbnail\"><img decoding=\"async\" width=\"400\" height=\"300\" data-src=\"https:\/\/i0.wp.com\/www.wanscom.com\/wp-content\/uploads\/2025\/07\/villa-signal-booster-installtion.jpg?fit=400%2C300&amp;ssl=1\" class=\"attachment-medium size-medium wp-image-29663 lazyload\" alt=\"\" data-srcset=\"https:\/\/i0.wp.com\/www.wanscom.com\/wp-content\/uploads\/2025\/07\/villa-signal-booster-installtion.jpg?w=1200&amp;ssl=1 1200w, https:\/\/i0.wp.com\/www.wanscom.com\/wp-content\/uploads\/2025\/07\/villa-signal-booster-installtion.jpg?resize=400%2C300&amp;ssl=1 400w, https:\/\/i0.wp.com\/www.wanscom.com\/wp-content\/uploads\/2025\/07\/villa-signal-booster-installtion.jpg?resize=1067%2C800&amp;ssl=1 1067w, https:\/\/i0.wp.com\/www.wanscom.com\/wp-content\/uploads\/2025\/07\/villa-signal-booster-installtion.jpg?resize=768%2C576&amp;ssl=1 768w\" data-sizes=\"(max-width: 400px) 100vw, 400px\" title=\"\" src=\"data:image\/svg+xml;base64,PHN2ZyB3aWR0aD0iMSIgaGVpZ2h0PSIxIiB4bWxucz0iaHR0cDovL3d3dy53My5vcmcvMjAwMC9zdmciPjwvc3ZnPg==\" style=\"--smush-placeholder-width: 400px; --smush-placeholder-aspect-ratio: 400\/300;\"><\/div>\n\t\t<\/a>\n\t\t\t\t<div class=\"elementor-post__text\">\n\t\t\t\t<h2 class=\"elementor-post__title\">\n\t\t\t<a href=\"https:\/\/www.wanscom.com\/es\/caso\/instalacion-del-amplificador-de-senal-de-villa\/\" >\n\t\t\t\tVilla Instalaci\u00f3n de amplificadores de se\u00f1al\t\t\t<\/a>\n\t\t<\/h2>\n\t\t\t\t<div class=\"elementor-post__meta-data\">\n\t\t\t\t\t<span class=\"elementor-post-date\">\n\t\t\t24 julio 2025\t\t<\/span>\n\t\t\t\t<\/div>\n\t\t\n\t\t<a class=\"elementor-post__read-more\" href=\"https:\/\/www.wanscom.com\/es\/caso\/instalacion-del-amplificador-de-senal-de-villa\/\" aria-label=\"M\u00e1s informaci\u00f3n sobre Villa Signal Booster Installation\" tabindex=\"-1\" >\n\t\t\tVer caso\t\t<\/a>\n\n\t\t\t\t<\/div>\n\t\t\t\t<\/article>\n\t\t\t\t<\/div>\n\t\t\n\t\t\t\t\t\t<\/div>\n\t\t\t\t<\/div>\n\t\t\t\t<div class=\"elementor-element elementor-element-c7e920b elementor-widget elementor-widget-html\" data-id=\"c7e920b\" data-element_type=\"widget\" data-widget_type=\"html.default\">\n\t\t\t\t<div class=\"elementor-widget-container\">\n\t\t\t\t\t<div class=\"case-pagination\">\r\n  <a href=\"#\" class=\"prev-page\">\" Anterior<\/a>\r\n  <a href=\"#\">1<\/a>\r\n  <a href=\"#\" class=\"current-page\">2<\/a>\r\n  <a href=\"#\">3<\/a>\r\n  <a href=\"#\">4<\/a>\r\n  <a href=\"#\" class=\"next-page\">Siguiente \"<\/a>\r\n<\/div>\r\n\r\n\t\t\t\t<\/div>\n\t\t\t\t<\/div>\n\t\t\t\t\t<\/div>\n\t\t\t\t<\/div>\n\t\t\t\t<\/div>","protected":false},"excerpt":{"rendered":"<p>Real Customer Cases &amp; Solutions Explore how our signal boosters help homes, offices, garages, and more. Home \/ Page &laquo; Previous 1 2 3 4<\/p>","protected":false},"author":1,"featured_media":0,"parent":0,"menu_order":0,"comment_status":"closed","ping_status":"closed","template":"","meta":{"_acf_changed":false,"_eb_attr":"","_monsterinsights_skip_tracking":false,"_monsterinsights_sitenote_active":false,"_monsterinsights_sitenote_note":"","_monsterinsights_sitenote_category":0,"jetpack_post_was_ever_published":false,"footnotes":""},"class_list":["post-29679","page","type-page","status-publish","hentry"],"acf":[],"jetpack_sharing_enabled":true,"_links":{"self":[{"href":"https:\/\/www.wanscom.com\/es\/wp-json\/wp\/v2\/pages\/29679","targetHints":{"allow":["GET"]}}],"collection":[{"href":"https:\/\/www.wanscom.com\/es\/wp-json\/wp\/v2\/pages"}],"about":[{"href":"https:\/\/www.wanscom.com\/es\/wp-json\/wp\/v2\/types\/page"}],"author":[{"embeddable":true,"href":"https:\/\/www.wanscom.com\/es\/wp-json\/wp\/v2\/users\/1"}],"replies":[{"embeddable":true,"href":"https:\/\/www.wanscom.com\/es\/wp-json\/wp\/v2\/comments?post=29679"}],"version-history":[{"count":4,"href":"https:\/\/www.wanscom.com\/es\/wp-json\/wp\/v2\/pages\/29679\/revisions"}],"predecessor-version":[{"id":29696,"href":"https:\/\/www.wanscom.com\/es\/wp-json\/wp\/v2\/pages\/29679\/revisions\/29696"}],"wp:attachment":[{"href":"https:\/\/www.wanscom.com\/es\/wp-json\/wp\/v2\/media?parent=29679"}],"curies":[{"name":"wp","href":"https:\/\/api.w.org\/{rel}","templated":true}]}}