{"id":29709,"date":"2025-07-24T09:57:55","date_gmt":"2025-07-24T08:57:55","guid":{"rendered":"https:\/\/www.wanscom.com\/?page_id=29709"},"modified":"2025-07-25T09:39:06","modified_gmt":"2025-07-25T08:39:06","slug":"b","status":"publish","type":"page","link":"https:\/\/www.wanscom.com\/es\/b\/","title":{"rendered":"Por zona de cobertura"},"content":{"rendered":"<div data-elementor-type=\"wp-page\" data-elementor-id=\"29709\" class=\"elementor elementor-29709\" data-elementor-post-type=\"page\">\n\t\t\t\t<div class=\"elementor-element elementor-element-ec4dfe1 e-con-full e-flex e-con e-parent\" data-id=\"ec4dfe1\" data-element_type=\"container\" data-settings=\"{&quot;background_background&quot;:&quot;classic&quot;}\">\n\t\t\t\t<div class=\"elementor-element elementor-element-3e3f98f0 elementor-widget elementor-widget-heading\" data-id=\"3e3f98f0\" data-element_type=\"widget\" data-widget_type=\"heading.default\">\n\t\t\t\t<div class=\"elementor-widget-container\">\n\t\t\t\t\t<h1 class=\"elementor-heading-title elementor-size-default\">Por zona de cobertura<\/h1>\t\t\t\t<\/div>\n\t\t\t\t<\/div>\n\t\t\t\t<div class=\"elementor-element elementor-element-d0bfd63 elementor-widget elementor-widget-eael-breadcrumbs\" data-id=\"d0bfd63\" data-element_type=\"widget\" data-widget_type=\"eael-breadcrumbs.default\">\n\t\t\t\t<div class=\"elementor-widget-container\">\n\t\t\t\t\t\t\t<div class=\"eael-breadcrumbs\">\n\t\t\t\t\t\t<div class=\"eael-breadcrumbs__prefix\">\n\t\t\t\t<a href=\"https:\/\/www.wanscom.com\/es\" class=\"eael-breadcrumbs__prefix-link\"><svg aria-hidden=\"true\" class=\"e-font-icon-svg e-fas-home\" viewbox=\"0 0 576 512\" xmlns=\"http:\/\/www.w3.org\/2000\/svg\"><path d=\"M280.37 148.26L96 300.11V464a16 16 0 0 0 16 16l112.06-.29a16 16 0 0 0 15.92-16V368a16 16 0 0 1 16-16h64a16 16 0 0 1 16 16v95.64a16 16 0 0 0 16 16.05L464 480a16 16 0 0 0 16-16V300L295.67 148.26a12.19 12.19 0 0 0-15.3 0zM571.6 251.47L488 182.56V44.05a12 12 0 0 0-12-12h-56a12 12 0 0 0-12 12v72.61L318.47 43a48 48 0 0 0-61 0L4.34 251.47a12 12 0 0 0-1.6 16.9l25.5 31A12 12 0 0 0 45.15 301l235.22-193.74a12.19 12.19 0 0 1 15.3 0L530.9 301a12 12 0 0 0 16.9-1.6l25.5-31a12 12 0 0 0-1.7-16.93z\"><\/path><\/svg><\/a>\t\t\t<\/a>\n\t\t\t<\/div>\n\t\t\t<div class=\"eael-breadcrumbs__content\"><a href=\"https:\/\/www.wanscom.com\/es\">Inicio<\/a> <span class=\"eael-breadcrumb-separator\">\/<\/span> <span class = \"eael-current\">P\u00e1gina<\/span><\/div>\t\t<\/div>\n\t\t\t\t\t\t<\/div>\n\t\t\t\t<\/div>\n\t\t\t\t<\/div>\n\t\t<div class=\"elementor-element elementor-element-9239640 e-flex e-con-boxed e-con e-parent\" data-id=\"9239640\" data-element_type=\"container\">\n\t\t\t\t\t<div class=\"e-con-inner\">\n\t\t\t\t<div class=\"elementor-element elementor-element-e939772 elementor-widget elementor-widget-elementskit-heading\" data-id=\"e939772\" data-element_type=\"widget\" data-widget_type=\"elementskit-heading.default\">\n\t\t\t\t<div class=\"elementor-widget-container\">\n\t\t\t\t\t<div class=\"ekit-wid-con\" ><div class=\"ekit-heading elementskit-section-title-wraper text_center   ekit_heading_tablet-   ekit_heading_mobile-\"><h2 class=\"ekit-heading--title elementskit-section-title\">Elija su amplificador por zona de cobertura<\/h2><div class=\"ekit_heading_separetor_wraper ekit_heading_elementskit-border-divider ekit-dotted\"><div class=\"elementskit-border-divider ekit-dotted\"><\/div><\/div>\t\t\t\t<div class='ekit-heading__description'>\n\t\t\t\t\t<p>Seleccione el amplificador de se\u00f1al adecuado en funci\u00f3n del tama\u00f1o de su espacio: desde apartamentos peque\u00f1os hasta grandes zonas industriales.<\/p>\n\t\t\t\t<\/div>\n\t\t\t<\/div><\/div>\t\t\t\t<\/div>\n\t\t\t\t<\/div>\n\t\t\t\t\t<\/div>\n\t\t\t\t<\/div>\n\t\t<div class=\"elementor-element elementor-element-e7f8715 e-flex e-con-boxed e-con e-parent\" data-id=\"e7f8715\" data-element_type=\"container\">\n\t\t\t\t\t<div class=\"e-con-inner\">\n\t\t<div class=\"elementor-element elementor-element-1f13fd5 e-con-full e-flex e-con e-child\" data-id=\"1f13fd5\" data-element_type=\"container\">\n\t\t\t\t<div class=\"elementor-element elementor-element-10caefe elementor-widget elementor-widget-heading\" data-id=\"10caefe\" data-element_type=\"widget\" data-widget_type=\"heading.default\">\n\t\t\t\t<div class=\"elementor-widget-container\">\n\t\t\t\t\t<h2 class=\"elementor-heading-title elementor-size-default\">Gama Peque\u00f1a<\/h2>\t\t\t\t<\/div>\n\t\t\t\t<\/div>\n\t\t\t\t<div class=\"elementor-element elementor-element-f14e769 elementor-widget elementor-widget-text-editor\" data-id=\"f14e769\" data-element_type=\"widget\" data-widget_type=\"text-editor.default\">\n\t\t\t\t<div class=\"elementor-widget-container\">\n\t\t\t\t\t\t\t\t\t<p data-start=\"77\" data-end=\"281\"><strong data-start=\"77\" data-end=\"94\">\u00c1rea de cobertura<\/strong>: <em data-start=\"96\" data-end=\"111\">Hasta 300 m2<\/em><br data-start=\"111\" data-end=\"114\" \/><strong data-start=\"114\" data-end=\"129\">Descripci\u00f3n<\/strong>:<br data-start=\"130\" data-end=\"133\" \/>Dise\u00f1ado para casas peque\u00f1as, apartamentos, habitaciones individuales u oficinas dom\u00e9sticas. Ideal para mejorar la se\u00f1al m\u00f3vil en espacios compactos con necesidades de se\u00f1al moderadas.<\/p><p data-start=\"283\" data-end=\"305\"><strong data-start=\"283\" data-end=\"302\">Recomendado para<\/strong>:<\/p><ul data-start=\"306\" data-end=\"395\"><li data-start=\"306\" data-end=\"320\"><p data-start=\"308\" data-end=\"320\">Apartamentos<\/p><\/li><li data-start=\"321\" data-end=\"348\"><p data-start=\"323\" data-end=\"348\">Dormitorios o salas de estudio<\/p><\/li><li data-start=\"349\" data-end=\"371\"><p data-start=\"351\" data-end=\"371\">Peque\u00f1os comercios<\/p><\/li><li data-start=\"372\" data-end=\"395\"><p data-start=\"374\" data-end=\"395\">Puestos de trabajo remotos<\/p><\/li><\/ul>\t\t\t\t\t\t\t\t<\/div>\n\t\t\t\t<\/div>\n\t\t\t\t<div class=\"elementor-element elementor-element-df71d06 elementor-align-center elementor-widget elementor-widget-button\" data-id=\"df71d06\" data-element_type=\"widget\" data-widget_type=\"button.default\">\n\t\t\t\t<div class=\"elementor-widget-container\">\n\t\t\t\t\t\t\t\t\t<div class=\"elementor-button-wrapper\">\n\t\t\t\t\t<a class=\"elementor-button elementor-button-link elementor-size-sm\" href=\"#\">\n\t\t\t\t\t\t<span class=\"elementor-button-content-wrapper\">\n\t\t\t\t\t\t\t\t\t<span class=\"elementor-button-text\">Ver productos<\/span>\n\t\t\t\t\t<\/span>\n\t\t\t\t\t<\/a>\n\t\t\t\t<\/div>\n\t\t\t\t\t\t\t\t<\/div>\n\t\t\t\t<\/div>\n\t\t\t\t<\/div>\n\t\t<div class=\"elementor-element elementor-element-58e4891 e-con-full e-flex e-con e-child\" data-id=\"58e4891\" data-element_type=\"container\">\n\t\t\t\t<div class=\"elementor-element elementor-element-eba52f5 elementor-widget elementor-widget-heading\" data-id=\"eba52f5\" data-element_type=\"widget\" data-widget_type=\"heading.default\">\n\t\t\t\t<div class=\"elementor-widget-container\">\n\t\t\t\t\t<h2 class=\"elementor-heading-title elementor-size-default\">Gama media<\/h2>\t\t\t\t<\/div>\n\t\t\t\t<\/div>\n\t\t\t\t<div class=\"elementor-element elementor-element-6b0c6b3 elementor-widget elementor-widget-text-editor\" data-id=\"6b0c6b3\" data-element_type=\"widget\" data-widget_type=\"text-editor.default\">\n\t\t\t\t<div class=\"elementor-widget-container\">\n\t\t\t\t\t\t\t\t\t<p data-start=\"443\" data-end=\"633\"><strong data-start=\"443\" data-end=\"460\">\u00c1rea de cobertura<\/strong>: <em data-start=\"462\" data-end=\"478\">Hasta 500 m2<\/em><br data-start=\"478\" data-end=\"481\"><strong data-start=\"481\" data-end=\"496\">Descripci\u00f3n<\/strong>:<br data-start=\"497\" data-end=\"500\">Los m\u00e1s adecuados para casas, chal\u00e9s u oficinas de tama\u00f1o medio. Estos amplificadores ofrecen una cobertura m\u00e1s amplia para varias habitaciones o edificios de pisos peque\u00f1os.<\/p>\n<p data-start=\"635\" data-end=\"657\"><strong data-start=\"635\" data-end=\"654\">Recomendado para<\/strong>:<\/p>\n<ul data-start=\"658\" data-end=\"751\">\n<li data-start=\"658\" data-end=\"685\">\n<p data-start=\"660\" data-end=\"685\">Villas o casas d\u00faplex<\/p>\n<\/li>\n<li data-start=\"686\" data-end=\"705\">\n<p data-start=\"688\" data-end=\"705\">Tiendas y caf\u00e9s<\/p>\n<\/li>\n<li data-start=\"706\" data-end=\"730\">\n<p data-start=\"708\" data-end=\"730\">Oficinas medianas<\/p>\n<\/li>\n<li data-start=\"731\" data-end=\"751\">\n<p data-start=\"733\" data-end=\"751\">Peque\u00f1os almacenes<\/p>\n<\/li>\n<\/ul>\t\t\t\t\t\t\t\t<\/div>\n\t\t\t\t<\/div>\n\t\t\t\t<div class=\"elementor-element elementor-element-36e7bd9 elementor-align-center elementor-widget elementor-widget-button\" data-id=\"36e7bd9\" data-element_type=\"widget\" data-widget_type=\"button.default\">\n\t\t\t\t<div class=\"elementor-widget-container\">\n\t\t\t\t\t\t\t\t\t<div class=\"elementor-button-wrapper\">\n\t\t\t\t\t<a class=\"elementor-button elementor-button-link elementor-size-sm\" href=\"#\">\n\t\t\t\t\t\t<span class=\"elementor-button-content-wrapper\">\n\t\t\t\t\t\t\t\t\t<span class=\"elementor-button-text\">Ver productos<\/span>\n\t\t\t\t\t<\/span>\n\t\t\t\t\t<\/a>\n\t\t\t\t<\/div>\n\t\t\t\t\t\t\t\t<\/div>\n\t\t\t\t<\/div>\n\t\t\t\t<\/div>\n\t\t<div class=\"elementor-element elementor-element-c8e148b e-con-full e-flex e-con e-child\" data-id=\"c8e148b\" data-element_type=\"container\">\n\t\t\t\t<div class=\"elementor-element elementor-element-33344cf elementor-widget elementor-widget-heading\" data-id=\"33344cf\" data-element_type=\"widget\" data-widget_type=\"heading.default\">\n\t\t\t\t<div class=\"elementor-widget-container\">\n\t\t\t\t\t<h2 class=\"elementor-heading-title elementor-size-default\">Gama grande<\/h2>\t\t\t\t<\/div>\n\t\t\t\t<\/div>\n\t\t\t\t<div class=\"elementor-element elementor-element-63e3ab3 elementor-widget elementor-widget-text-editor\" data-id=\"63e3ab3\" data-element_type=\"widget\" data-widget_type=\"text-editor.default\">\n\t\t\t\t<div class=\"elementor-widget-container\">\n\t\t\t\t\t\t\t\t\t<p data-start=\"798\" data-end=\"988\"><strong data-start=\"798\" data-end=\"815\">\u00c1rea de cobertura<\/strong>: <em data-start=\"817\" data-end=\"833\">Hasta 2000 m2<\/em><br data-start=\"833\" data-end=\"836\" \/><strong data-start=\"836\" data-end=\"851\">Descripci\u00f3n<\/strong>:<br data-start=\"852\" data-end=\"855\" \/>Perfecta para grandes edificios residenciales, garajes o locales comerciales. Esta categor\u00eda admite varias habitaciones y una mayor capacidad de usuarios.<\/p><p data-start=\"990\" data-end=\"1012\"><strong data-start=\"990\" data-end=\"1009\">Recomendado para<\/strong>:<\/p><ul data-start=\"1013\" data-end=\"1124\"><li data-start=\"1013\" data-end=\"1044\"><p data-start=\"1015\" data-end=\"1044\">Viviendas grandes de 2-3 plantas<\/p><\/li><li data-start=\"1045\" data-end=\"1069\"><p data-start=\"1047\" data-end=\"1069\">Garajes o talleres<\/p><\/li><li data-start=\"1070\" data-end=\"1101\"><p data-start=\"1072\" data-end=\"1101\">Cl\u00ednicas o centros de aprendizaje<\/p><\/li><li data-start=\"1102\" data-end=\"1124\"><p data-start=\"1104\" data-end=\"1124\">Despachos multisala<\/p><\/li><\/ul>\t\t\t\t\t\t\t\t<\/div>\n\t\t\t\t<\/div>\n\t\t\t\t<div class=\"elementor-element elementor-element-248418e elementor-align-center elementor-widget elementor-widget-button\" data-id=\"248418e\" data-element_type=\"widget\" data-widget_type=\"button.default\">\n\t\t\t\t<div class=\"elementor-widget-container\">\n\t\t\t\t\t\t\t\t\t<div class=\"elementor-button-wrapper\">\n\t\t\t\t\t<a class=\"elementor-button elementor-button-link elementor-size-sm\" href=\"#\">\n\t\t\t\t\t\t<span class=\"elementor-button-content-wrapper\">\n\t\t\t\t\t\t\t\t\t<span class=\"elementor-button-text\">Ver productos<\/span>\n\t\t\t\t\t<\/span>\n\t\t\t\t\t<\/a>\n\t\t\t\t<\/div>\n\t\t\t\t\t\t\t\t<\/div>\n\t\t\t\t<\/div>\n\t\t\t\t<\/div>\n\t\t<div class=\"elementor-element elementor-element-9725689 e-con-full e-flex e-con e-child\" data-id=\"9725689\" data-element_type=\"container\">\n\t\t\t\t<div class=\"elementor-element elementor-element-0d9f506 elementor-widget elementor-widget-heading\" data-id=\"0d9f506\" data-element_type=\"widget\" data-widget_type=\"heading.default\">\n\t\t\t\t<div class=\"elementor-widget-container\">\n\t\t\t\t\t<h2 class=\"elementor-heading-title elementor-size-default\">Amplia gama<\/h2>\t\t\t\t<\/div>\n\t\t\t\t<\/div>\n\t\t\t\t<div class=\"elementor-element elementor-element-607617f elementor-widget elementor-widget-text-editor\" data-id=\"607617f\" data-element_type=\"widget\" data-widget_type=\"text-editor.default\">\n\t\t\t\t<div class=\"elementor-widget-container\">\n\t\t\t\t\t\t\t\t\t<p data-start=\"1170\" data-end=\"1367\"><strong data-start=\"1170\" data-end=\"1187\">\u00c1rea de cobertura<\/strong>: <em data-start=\"1189\" data-end=\"1213\">Hasta 5000 m2 o m\u00e1s<\/em><br data-start=\"1213\" data-end=\"1216\" \/><strong data-start=\"1216\" data-end=\"1231\">Descripci\u00f3n<\/strong>:<br data-start=\"1232\" data-end=\"1235\" \/>Dise\u00f1ados para almacenes, granjas, hoteles y complejos industriales. Estos amplificadores proporcionan una se\u00f1al potente para entornos a gran escala.<\/p><p data-start=\"1369\" data-end=\"1391\"><strong data-start=\"1369\" data-end=\"1388\">Recomendado para<\/strong>:<\/p><ul data-start=\"1392\" data-end=\"1502\"><li data-start=\"1392\" data-end=\"1415\"><p data-start=\"1394\" data-end=\"1415\">F\u00e1bricas y granjas<\/p><\/li><li data-start=\"1416\" data-end=\"1436\"><p data-start=\"1418\" data-end=\"1436\">Centros comerciales<\/p><\/li><li data-start=\"1437\" data-end=\"1465\"><p data-start=\"1439\" data-end=\"1465\">Hoteles y grandes oficinas<\/p><\/li><li data-start=\"1466\" data-end=\"1502\"><p data-start=\"1468\" data-end=\"1502\">Edificios comerciales de varias plantas<\/p><\/li><\/ul>\t\t\t\t\t\t\t\t<\/div>\n\t\t\t\t<\/div>\n\t\t\t\t<div class=\"elementor-element elementor-element-621de01 elementor-align-center elementor-widget elementor-widget-button\" data-id=\"621de01\" data-element_type=\"widget\" data-widget_type=\"button.default\">\n\t\t\t\t<div class=\"elementor-widget-container\">\n\t\t\t\t\t\t\t\t\t<div class=\"elementor-button-wrapper\">\n\t\t\t\t\t<a class=\"elementor-button elementor-button-link elementor-size-sm\" href=\"#\">\n\t\t\t\t\t\t<span class=\"elementor-button-content-wrapper\">\n\t\t\t\t\t\t\t\t\t<span class=\"elementor-button-text\">Ver productos<\/span>\n\t\t\t\t\t<\/span>\n\t\t\t\t\t<\/a>\n\t\t\t\t<\/div>\n\t\t\t\t\t\t\t\t<\/div>\n\t\t\t\t<\/div>\n\t\t\t\t<\/div>\n\t\t\t\t\t<\/div>\n\t\t\t\t<\/div>\n\t\t\t\t<\/div>","protected":false},"excerpt":{"rendered":"<p>By Coverage Area Home \/ Page Choose Your Booster by Coverage Area Select the right signal booster based on the size of your space \u2014 from small apartments to large industrial areas. Small Range Coverage Area: Up to 300 sqmDescription:Designed for small homes, apartments, single rooms, or home offices. Ideal for improving mobile signal in [&hellip;]<\/p>","protected":false},"author":1,"featured_media":0,"parent":0,"menu_order":0,"comment_status":"closed","ping_status":"closed","template":"","meta":{"_acf_changed":false,"_eb_attr":"","_monsterinsights_skip_tracking":false,"_monsterinsights_sitenote_active":false,"_monsterinsights_sitenote_note":"","_monsterinsights_sitenote_category":0,"jetpack_post_was_ever_published":false,"footnotes":""},"class_list":["post-29709","page","type-page","status-publish","hentry"],"acf":[],"jetpack_sharing_enabled":true,"_links":{"self":[{"href":"https:\/\/www.wanscom.com\/es\/wp-json\/wp\/v2\/pages\/29709","targetHints":{"allow":["GET"]}}],"collection":[{"href":"https:\/\/www.wanscom.com\/es\/wp-json\/wp\/v2\/pages"}],"about":[{"href":"https:\/\/www.wanscom.com\/es\/wp-json\/wp\/v2\/types\/page"}],"author":[{"embeddable":true,"href":"https:\/\/www.wanscom.com\/es\/wp-json\/wp\/v2\/users\/1"}],"replies":[{"embeddable":true,"href":"https:\/\/www.wanscom.com\/es\/wp-json\/wp\/v2\/comments?post=29709"}],"version-history":[{"count":21,"href":"https:\/\/www.wanscom.com\/es\/wp-json\/wp\/v2\/pages\/29709\/revisions"}],"predecessor-version":[{"id":29744,"href":"https:\/\/www.wanscom.com\/es\/wp-json\/wp\/v2\/pages\/29709\/revisions\/29744"}],"wp:attachment":[{"href":"https:\/\/www.wanscom.com\/es\/wp-json\/wp\/v2\/media?parent=29709"}],"curies":[{"name":"wp","href":"https:\/\/api.w.org\/{rel}","templated":true}]}}