{"id":29761,"date":"2025-07-28T10:06:20","date_gmt":"2025-07-28T09:06:20","guid":{"rendered":"https:\/\/www.wanscom.com\/?page_id=29761"},"modified":"2025-07-29T07:52:05","modified_gmt":"2025-07-29T06:52:05","slug":"amplificador-de-senal-movil-para-uso-domestico","status":"publish","type":"page","link":"https:\/\/www.wanscom.com\/es\/por-aplicacion\/amplificador-de-senal-movil-para-uso-domestico\/","title":{"rendered":"Amplificador de se\u00f1al m\u00f3vil para casa y chalet"},"content":{"rendered":"<div data-elementor-type=\"wp-page\" data-elementor-id=\"29761\" class=\"elementor elementor-29761\" data-elementor-post-type=\"page\">\n\t\t\t\t<div class=\"elementor-element elementor-element-626890b0 e-con-full e-flex e-con e-parent\" data-id=\"626890b0\" data-element_type=\"container\" data-settings=\"{&quot;background_background&quot;:&quot;classic&quot;}\">\n\t\t\t\t<div class=\"elementor-element elementor-element-58ddf642 elementor-widget elementor-widget-heading\" data-id=\"58ddf642\" data-element_type=\"widget\" data-widget_type=\"heading.default\">\n\t\t\t\t<div class=\"elementor-widget-container\">\n\t\t\t\t\t<h1 class=\"elementor-heading-title elementor-size-default\">Amplificador de se\u00f1al m\u00f3vil para casa y chalet<\/h1>\t\t\t\t<\/div>\n\t\t\t\t<\/div>\n\t\t\t\t<div class=\"elementor-element elementor-element-183203d1 elementor-widget elementor-widget-eael-breadcrumbs\" data-id=\"183203d1\" data-element_type=\"widget\" data-widget_type=\"eael-breadcrumbs.default\">\n\t\t\t\t<div class=\"elementor-widget-container\">\n\t\t\t\t\t\t\t<div class=\"eael-breadcrumbs\">\n\t\t\t\t\t\t<div class=\"eael-breadcrumbs__prefix\">\n\t\t\t\t<a href=\"https:\/\/www.wanscom.com\/es\" class=\"eael-breadcrumbs__prefix-link\"><svg aria-hidden=\"true\" class=\"e-font-icon-svg e-fas-home\" viewbox=\"0 0 576 512\" xmlns=\"http:\/\/www.w3.org\/2000\/svg\"><path d=\"M280.37 148.26L96 300.11V464a16 16 0 0 0 16 16l112.06-.29a16 16 0 0 0 15.92-16V368a16 16 0 0 1 16-16h64a16 16 0 0 1 16 16v95.64a16 16 0 0 0 16 16.05L464 480a16 16 0 0 0 16-16V300L295.67 148.26a12.19 12.19 0 0 0-15.3 0zM571.6 251.47L488 182.56V44.05a12 12 0 0 0-12-12h-56a12 12 0 0 0-12 12v72.61L318.47 43a48 48 0 0 0-61 0L4.34 251.47a12 12 0 0 0-1.6 16.9l25.5 31A12 12 0 0 0 45.15 301l235.22-193.74a12.19 12.19 0 0 1 15.3 0L530.9 301a12 12 0 0 0 16.9-1.6l25.5-31a12 12 0 0 0-1.7-16.93z\"><\/path><\/svg><\/a>\t\t\t<\/a>\n\t\t\t<\/div>\n\t\t\t<div class=\"eael-breadcrumbs__content\"><a href=\"https:\/\/www.wanscom.com\/es\">Inicio<\/a> <span class=\"eael-breadcrumb-separator\">\/<\/span> <span class = \"eael-current\">P\u00e1gina<\/span><\/div>\t\t<\/div>\n\t\t\t\t\t\t<\/div>\n\t\t\t\t<\/div>\n\t\t\t\t<\/div>\n\t\t<div class=\"elementor-element elementor-element-2ab4360 e-flex e-con-boxed e-con e-parent\" data-id=\"2ab4360\" data-element_type=\"container\">\n\t\t\t\t\t<div class=\"e-con-inner\">\n\t\t\t\t<div class=\"elementor-element elementor-element-4417444 elementor-widget elementor-widget-elementskit-heading\" data-id=\"4417444\" data-element_type=\"widget\" data-widget_type=\"elementskit-heading.default\">\n\t\t\t\t<div class=\"elementor-widget-container\">\n\t\t\t\t\t<div class=\"ekit-wid-con\" ><div class=\"ekit-heading elementskit-section-title-wraper text_center   ekit_heading_tablet-   ekit_heading_mobile-\"><h2 class=\"ekit-heading--title elementskit-section-title\">Amplificador de se\u00f1al m\u00f3vil para casa y chalet<\/h2><div class=\"ekit_heading_separetor_wraper ekit_heading_elementskit-border-divider ekit-dotted\"><div class=\"elementskit-border-divider ekit-dotted\"><\/div><\/div><h3 class=\"ekit-heading--subtitle elementskit-section-subtitle\">\n\t\t\t\t\t\tDiga adi\u00f3s a la se\u00f1al d\u00e9bil en casa\n\t\t\t\t\t<\/h3>\t\t\t\t<div class='ekit-heading__description'>\n\t\t\t\t\t<p>La debilidad de la se\u00f1al m\u00f3vil en el interior de casas, chal\u00e9s y apartamentos puede deberse al grosor de las paredes, el doble acristalamiento de las ventanas o la distancia a la torre de telefon\u00eda m\u00f3vil m\u00e1s cercana. Nuestros amplificadores de se\u00f1al m\u00f3vil multibanda est\u00e1n dise\u00f1ados para ofrecer una recepci\u00f3n potente y estable en todo el espacio vital.<\/p>\n\t\t\t\t<\/div>\n\t\t\t<\/div><\/div>\t\t\t\t<\/div>\n\t\t\t\t<\/div>\n\t\t\t\t\t<\/div>\n\t\t\t\t<\/div>\n\t\t<div class=\"elementor-element elementor-element-6834662 e-flex e-con-boxed e-con e-parent\" data-id=\"6834662\" data-element_type=\"container\">\n\t\t\t\t\t<div class=\"e-con-inner\">\n\t\t\t\t<div class=\"elementor-element elementor-element-d4dad69 elementor-widget elementor-widget-text-editor\" data-id=\"d4dad69\" data-element_type=\"widget\" data-widget_type=\"text-editor.default\">\n\t\t\t\t<div class=\"elementor-widget-container\">\n\t\t\t\t\t\t\t\t\t<h3 data-start=\"458\" data-end=\"505\"><img decoding=\"async\" class=\"emoji\" role=\"img\" draggable=\"false\" src=\"https:\/\/s.w.org\/images\/core\/emoji\/16.0.1\/svg\/2705.svg\" alt=\"\u2705\" title=\"\"> <strong data-start=\"464\" data-end=\"505\">Por qu\u00e9 necesita un amplificador de se\u00f1al en casa<\/strong><\/h3><ul data-start=\"506\" data-end=\"719\"><li data-start=\"506\" data-end=\"562\"><p data-start=\"508\" data-end=\"562\">Zonas muertas en dormitorios, s\u00f3tanos o habitaciones superiores<\/p><\/li><li data-start=\"563\" data-end=\"599\"><p data-start=\"565\" data-end=\"599\">Datos 4G\/5G lentos o llamadas ca\u00eddas<\/p><\/li><li data-start=\"600\" data-end=\"640\"><p data-start=\"602\" data-end=\"640\">Intensidad de la se\u00f1al exterior insuficiente<\/p><\/li><li data-start=\"641\" data-end=\"719\"><p data-start=\"643\" data-end=\"719\">Materiales gruesos como hormig\u00f3n, ladrillo o cristales tintados que bloquean la se\u00f1al del m\u00f3vil<\/p><\/li><\/ul><h3><strong data-start=\"732\" data-end=\"776\">Amplificadores de se\u00f1al recomendados para uso dom\u00e9stico<\/strong><\/h3><table><thead><tr><th>Modelo<\/th><th>Bandas de frecuencia<\/th><th>Potencia de salida<\/th><th>Cobertura<\/th><th>Caracter\u00edsticas<\/th><\/tr><\/thead><tbody><tr><td><strong>WS-5B23<\/strong><\/td><td>700\/850\/1800\/2100\/2600 MHz<\/td><td>23 dBm<\/td><td>Hasta 500\u33a1<\/td><td>5 bandas, pantalla LCD, AGC inteligente<\/td><\/tr><tr><td><strong>WS-3B25<\/strong><\/td><td>700\/1800\/2600 MHz<\/td><td>25 dBm<\/td><td>Hasta 1000\u33a1<\/td><td>Alto rendimiento, AGC, amplia compatibilidad<\/td><\/tr><tr><td><strong>WS-2B20<\/strong><\/td><td>850\/2100 MHz<\/td><td>20 dBm<\/td><td>Hasta 300\u33a1<\/td><td>Compacta, f\u00e1cil de instalar y rentable<\/td><\/tr><\/tbody><\/table><h3 data-start=\"1240\" data-end=\"1269\"><strong data-start=\"1248\" data-end=\"1269\">Consejos de instalaci\u00f3n<\/strong><\/h3><ul><li data-start=\"1270\" data-end=\"1352\"><p data-start=\"1272\" data-end=\"1352\">Instale la antena exterior en la azotea o balc\u00f3n orientada hacia la torre m\u00e1s cercana<\/p><\/li><li data-start=\"1353\" data-end=\"1425\"><p data-start=\"1355\" data-end=\"1425\">Utilice entre 10 y 15 metros de cable coaxial para conectarse al amplificador interior<\/p><\/li><li data-start=\"1426\" data-end=\"1497\"><p data-start=\"1428\" data-end=\"1497\">Coloque la antena interior en el centro de la casa o en la zona principal de la vivienda<\/p><\/li><li data-start=\"1500\" data-end=\"1566\">Evita colocar el amplificador cerca de routers o grandes aparatos met\u00e1licos<\/li><\/ul><p data-start=\"1500\" data-end=\"1566\">\u00a0<\/p><p data-start=\"1500\" data-end=\"1566\"><strong>M\u00e1s informaci\u00f3n<\/strong><\/p><h2 data-start=\"1607\" data-end=\"1629\"><strong data-start=\"1613\" data-end=\"1629\">Perfecto para:<\/strong><\/h2><ul data-start=\"1630\" data-end=\"1785\"><li data-start=\"1630\" data-end=\"1664\"><p data-start=\"1632\" data-end=\"1664\">Viviendas unifamiliares y chal\u00e9s<\/p><\/li><li data-start=\"1665\" data-end=\"1701\"><p data-start=\"1667\" data-end=\"1701\">Grandes apartamentos o d\u00faplex<\/p><\/li><li data-start=\"1702\" data-end=\"1739\"><p data-start=\"1704\" data-end=\"1739\">Habitaciones en el s\u00f3tano y patios en la azotea<\/p><\/li><li data-start=\"1740\" data-end=\"1785\"><p data-start=\"1742\" data-end=\"1785\">Viviendas rurales remotas con poca cobertura<\/p><\/li><\/ul>\t\t\t\t\t\t\t\t<\/div>\n\t\t\t\t<\/div>\n\t\t\t\t\t<\/div>\n\t\t\t\t<\/div>\n\t\t<div class=\"elementor-element elementor-element-bcaffbe e-flex e-con-boxed e-con e-parent\" data-id=\"bcaffbe\" data-element_type=\"container\">\n\t\t\t\t\t<div class=\"e-con-inner\">\n\t\t\t\t<div class=\"elementor-element elementor-element-9338569 elementor-widget elementor-widget-text-editor\" data-id=\"9338569\" data-element_type=\"widget\" data-widget_type=\"text-editor.default\">\n\t\t\t\t<div class=\"elementor-widget-container\">\n\t\t\t\t\t\t\t\t\t<h3 data-start=\"1792\" data-end=\"1829\"><strong data-start=\"1799\" data-end=\"1829\">Preguntas frecuentes<\/strong><\/h3><p data-start=\"1831\" data-end=\"1984\"><strong data-start=\"1831\" data-end=\"1878\">P: \u00bfFuncionar\u00e1 con todos los operadores de telefon\u00eda m\u00f3vil?<\/strong><br data-start=\"1878\" data-end=\"1881\" \/><strong data-start=\"1881\" data-end=\"1887\">A:<\/strong> S\u00ed. Nuestros amplificadores son compatibles con las principales bandas LTE 4G y 5G utilizadas en todo el mundo. Comprueba tu banda [aqu\u00ed \u2192].<\/p><p data-start=\"1986\" data-end=\"2199\"><strong data-start=\"1986\" data-end=\"2031\">P: \u00bfPuede un amplificador cubrir varios pisos?<\/strong><br data-start=\"2031\" data-end=\"2034\" \/><strong data-start=\"2034\" data-end=\"2040\">A:<\/strong> S\u00ed. Si la intensidad de la se\u00f1al es suficiente y la antena interior est\u00e1 bien colocada, puede cubrir 2-3 plantas. Para zonas m\u00e1s amplias, recomendamos una antena interior adicional.<\/p><p data-start=\"2201\" data-end=\"2340\"><strong data-start=\"2201\" data-end=\"2245\">P: \u00bfNecesito un t\u00e9cnico para instalarlo?<\/strong><br data-start=\"2245\" data-end=\"2248\" \/><strong data-start=\"2248\" data-end=\"2254\">A:<\/strong> No. Nuestros kits son plug-and-play. Puedes configurarlo f\u00e1cilmente con nuestra gu\u00eda paso a paso.<\/p><p data-start=\"2342\" data-end=\"2443\"><strong data-start=\"2342\" data-end=\"2375\">P: \u00bfEst\u00e1 certificado este producto?<\/strong><br data-start=\"2375\" data-end=\"2378\" \/><strong data-start=\"2378\" data-end=\"2384\">A:<\/strong> S\u00ed. Todos los amplificadores de Wanscom tienen certificaci\u00f3n CE, ROHS y FCC.<\/p>\t\t\t\t\t\t\t\t<\/div>\n\t\t\t\t<\/div>\n\t\t\t\t\t<\/div>\n\t\t\t\t<\/div>\n\t\t<div class=\"elementor-element elementor-element-38864df e-flex e-con-boxed e-con e-parent\" data-id=\"38864df\" data-element_type=\"container\">\n\t\t\t\t\t<div class=\"e-con-inner\">\n\t\t\t\t<div class=\"elementor-element elementor-element-58a6ea6 elementor-widget elementor-widget-heading\" data-id=\"58a6ea6\" data-element_type=\"widget\" data-widget_type=\"heading.default\">\n\t\t\t\t<div class=\"elementor-widget-container\">\n\t\t\t\t\t<h2 class=\"elementor-heading-title elementor-size-default\">Recomendar producto<\/h2>\t\t\t\t<\/div>\n\t\t\t\t<\/div>\n\t\t\t\t\t<\/div>\n\t\t\t\t<\/div>\n\t\t\t\t<\/div>","protected":false},"excerpt":{"rendered":"<p>Mobile Signal Booster for Home &amp; Villa Use Home \/ Page Mobile Signal Booster for Home &amp; Villa Use Say Goodbye to Weak Signal at Home Weak cellular signals inside homes, villas, and apartments can be caused by thick walls, double-glazed windows, or distance from the nearest cell tower. Our multi-band mobile signal boosters are [&hellip;]<\/p>","protected":false},"author":1,"featured_media":0,"parent":29749,"menu_order":0,"comment_status":"closed","ping_status":"closed","template":"","meta":{"_acf_changed":false,"_eb_attr":"","_monsterinsights_skip_tracking":false,"_monsterinsights_sitenote_active":false,"_monsterinsights_sitenote_note":"","_monsterinsights_sitenote_category":0,"jetpack_post_was_ever_published":false,"footnotes":""},"class_list":["post-29761","page","type-page","status-publish","hentry"],"acf":[],"jetpack_sharing_enabled":true,"_links":{"self":[{"href":"https:\/\/www.wanscom.com\/es\/wp-json\/wp\/v2\/pages\/29761","targetHints":{"allow":["GET"]}}],"collection":[{"href":"https:\/\/www.wanscom.com\/es\/wp-json\/wp\/v2\/pages"}],"about":[{"href":"https:\/\/www.wanscom.com\/es\/wp-json\/wp\/v2\/types\/page"}],"author":[{"embeddable":true,"href":"https:\/\/www.wanscom.com\/es\/wp-json\/wp\/v2\/users\/1"}],"replies":[{"embeddable":true,"href":"https:\/\/www.wanscom.com\/es\/wp-json\/wp\/v2\/comments?post=29761"}],"version-history":[{"count":4,"href":"https:\/\/www.wanscom.com\/es\/wp-json\/wp\/v2\/pages\/29761\/revisions"}],"predecessor-version":[{"id":29766,"href":"https:\/\/www.wanscom.com\/es\/wp-json\/wp\/v2\/pages\/29761\/revisions\/29766"}],"up":[{"embeddable":true,"href":"https:\/\/www.wanscom.com\/es\/wp-json\/wp\/v2\/pages\/29749"}],"wp:attachment":[{"href":"https:\/\/www.wanscom.com\/es\/wp-json\/wp\/v2\/media?parent=29761"}],"curies":[{"name":"wp","href":"https:\/\/api.w.org\/{rel}","templated":true}]}}