{"id":29781,"date":"2025-07-30T08:57:40","date_gmt":"2025-07-30T07:57:40","guid":{"rendered":"https:\/\/www.wanscom.com\/?page_id=29781"},"modified":"2025-07-30T09:57:56","modified_gmt":"2025-07-30T08:57:56","slug":"amplificador-de-senal-movil-para-naves-industriales","status":"publish","type":"page","link":"https:\/\/www.wanscom.com\/es\/por-aplicacion\/amplificador-de-senal-movil-para-naves-industriales\/","title":{"rendered":"Amplificador de se\u00f1al m\u00f3vil para uso industrial y en almacenes"},"content":{"rendered":"<div data-elementor-type=\"wp-page\" data-elementor-id=\"29781\" class=\"elementor elementor-29781\" data-elementor-post-type=\"page\">\n\t\t\t\t<div class=\"elementor-element elementor-element-22b8c8be e-con-full e-flex e-con e-parent\" data-id=\"22b8c8be\" data-element_type=\"container\" data-settings=\"{&quot;background_background&quot;:&quot;classic&quot;}\">\n\t\t\t\t<div class=\"elementor-element elementor-element-356eae5f elementor-widget elementor-widget-heading\" data-id=\"356eae5f\" data-element_type=\"widget\" data-widget_type=\"heading.default\">\n\t\t\t\t<div class=\"elementor-widget-container\">\n\t\t\t\t\t<h1 class=\"elementor-heading-title elementor-size-default\">Amplificador de se\u00f1al m\u00f3vil para uso industrial y en almacenes<\/h1>\t\t\t\t<\/div>\n\t\t\t\t<\/div>\n\t\t\t\t<div class=\"elementor-element elementor-element-39d9b6e7 elementor-widget elementor-widget-eael-breadcrumbs\" data-id=\"39d9b6e7\" data-element_type=\"widget\" data-widget_type=\"eael-breadcrumbs.default\">\n\t\t\t\t<div class=\"elementor-widget-container\">\n\t\t\t\t\t\t\t<div class=\"eael-breadcrumbs\">\n\t\t\t\t\t\t<div class=\"eael-breadcrumbs__prefix\">\n\t\t\t\t<a href=\"https:\/\/www.wanscom.com\/es\" class=\"eael-breadcrumbs__prefix-link\"><svg aria-hidden=\"true\" class=\"e-font-icon-svg e-fas-home\" viewbox=\"0 0 576 512\" xmlns=\"http:\/\/www.w3.org\/2000\/svg\"><path d=\"M280.37 148.26L96 300.11V464a16 16 0 0 0 16 16l112.06-.29a16 16 0 0 0 15.92-16V368a16 16 0 0 1 16-16h64a16 16 0 0 1 16 16v95.64a16 16 0 0 0 16 16.05L464 480a16 16 0 0 0 16-16V300L295.67 148.26a12.19 12.19 0 0 0-15.3 0zM571.6 251.47L488 182.56V44.05a12 12 0 0 0-12-12h-56a12 12 0 0 0-12 12v72.61L318.47 43a48 48 0 0 0-61 0L4.34 251.47a12 12 0 0 0-1.6 16.9l25.5 31A12 12 0 0 0 45.15 301l235.22-193.74a12.19 12.19 0 0 1 15.3 0L530.9 301a12 12 0 0 0 16.9-1.6l25.5-31a12 12 0 0 0-1.7-16.93z\"><\/path><\/svg><\/a>\t\t\t<\/a>\n\t\t\t<\/div>\n\t\t\t<div class=\"eael-breadcrumbs__content\"><a href=\"https:\/\/www.wanscom.com\/es\">Inicio<\/a> <span class=\"eael-breadcrumb-separator\">\/<\/span> <span class = \"eael-current\">P\u00e1gina<\/span><\/div>\t\t<\/div>\n\t\t\t\t\t\t<\/div>\n\t\t\t\t<\/div>\n\t\t\t\t<\/div>\n\t\t<div class=\"elementor-element elementor-element-e1970d2 e-flex e-con-boxed e-con e-parent\" data-id=\"e1970d2\" data-element_type=\"container\">\n\t\t\t\t\t<div class=\"e-con-inner\">\n\t\t\t\t<div class=\"elementor-element elementor-element-98f3568 elementor-widget elementor-widget-elementskit-heading\" data-id=\"98f3568\" data-element_type=\"widget\" data-widget_type=\"elementskit-heading.default\">\n\t\t\t\t<div class=\"elementor-widget-container\">\n\t\t\t\t\t<div class=\"ekit-wid-con\" ><div class=\"ekit-heading elementskit-section-title-wraper text_center   ekit_heading_tablet-   ekit_heading_mobile-\"><h2 class=\"ekit-heading--title elementskit-section-title\">Amplificador de se\u00f1al m\u00f3vil para uso industrial y en almacenes<\/h2><div class=\"ekit_heading_separetor_wraper ekit_heading_elementskit-border-divider ekit-dotted\"><div class=\"elementskit-border-divider ekit-dotted\"><\/div><\/div><h3 class=\"ekit-heading--subtitle elementskit-section-subtitle\">\n\t\t\t\t\t\tConectividad fiable en grandes zonas industriales\n\t\t\t\t\t<\/h3>\t\t\t\t<div class='ekit-heading__description'>\n\t\t\t\t\t<p>Las f\u00e1bricas, los almacenes y los edificios industriales suelen tener una se\u00f1al deficiente debido a los grandes espacios abiertos, las estructuras met\u00e1licas y las ubicaciones remotas. Nuestros amplificadores de se\u00f1al m\u00f3vil de calidad industrial est\u00e1n dise\u00f1ados para ofrecer cobertura a gran escala y un rendimiento fiable en entornos dif\u00edciles.<\/p>\n\t\t\t\t<\/div>\n\t\t\t<\/div><\/div>\t\t\t\t<\/div>\n\t\t\t\t<\/div>\n\t\t\t\t\t<\/div>\n\t\t\t\t<\/div>\n\t\t<div class=\"elementor-element elementor-element-bb98f83 e-flex e-con-boxed e-con e-parent\" data-id=\"bb98f83\" data-element_type=\"container\">\n\t\t\t\t\t<div class=\"e-con-inner\">\n\t\t\t\t<div class=\"elementor-element elementor-element-11fa044 elementor-widget elementor-widget-text-editor\" data-id=\"11fa044\" data-element_type=\"widget\" data-widget_type=\"text-editor.default\">\n\t\t\t\t<div class=\"elementor-widget-container\">\n\t\t\t\t\t\t\t\t\t<h3 data-start=\"492\" data-end=\"550\"><strong data-start=\"498\" data-end=\"550\">Por qu\u00e9 necesita un amplificador de se\u00f1al para uso industrial<\/strong><\/h3><ul data-start=\"551\" data-end=\"782\"><li data-start=\"551\" data-end=\"620\"><p data-start=\"553\" data-end=\"620\">Zonas muertas en plantas de producci\u00f3n, almacenes o muelles de carga<\/p><\/li><li data-start=\"621\" data-end=\"678\"><p data-start=\"623\" data-end=\"678\">Llamadas ca\u00eddas o ausencia de servicio en edificios con estructura de acero<\/p><\/li><li data-start=\"679\" data-end=\"734\"><p data-start=\"681\" data-end=\"734\">Velocidades de datos 4G\/5G irregulares que afectan a las operaciones<\/p><\/li><li data-start=\"735\" data-end=\"782\"><p data-start=\"737\" data-end=\"782\">Paredes gruesas de hormig\u00f3n o metal que bloquean la se\u00f1al<\/p><\/li><\/ul><h3>Amplificadores de se\u00f1al recomendados para uso industrial<\/h3><div><table><thead><tr><th>Modelo<\/th><th>Bandas de frecuencia<\/th><th>Potencia de salida<\/th><th>Cobertura<\/th><th>Caracter\u00edsticas<\/th><\/tr><\/thead><tbody><tr><td><strong>WSC-5B30<\/strong><\/td><td>700\/850\/1800\/2100\/2600 MHz<\/td><td>30 dBm<\/td><td>Hasta 2000\u33a1<\/td><td>5 bandas, pantalla LCD, AGC industrial, alarma<\/td><\/tr><tr><td><strong>WSC-3B27<\/strong><\/td><td>700\/1800\/2600 MHz<\/td><td>27 dBm<\/td><td>Hasta 1500\u33a1<\/td><td>Alta ganancia, AGC inteligente, construcci\u00f3n duradera<\/td><\/tr><tr><td><strong>WSC-4B25<\/strong><\/td><td>850\/1800\/2100\/2600 MHz<\/td><td>25 dBm<\/td><td>Hasta 1000\u33a1<\/td><td>Multibanda, modo de ahorro de energ\u00eda, configuraci\u00f3n sencilla<\/td><\/tr><\/tbody><\/table><h3 data-start=\"1511\" data-end=\"1536\"><strong data-start=\"1515\" data-end=\"1536\">Consejos de instalaci\u00f3n<\/strong><\/h3><p>\u00a0<\/p><ul data-start=\"1537\" data-end=\"1852\"><li data-start=\"1537\" data-end=\"1636\"><p data-start=\"1539\" data-end=\"1636\">Monte la antena exterior en la azotea o en la pared lateral del edificio, orientada hacia la torre de telefon\u00eda m\u00f3vil m\u00e1s cercana.<\/p><\/li><li data-start=\"1637\" data-end=\"1695\"><p data-start=\"1639\" data-end=\"1695\">Utiliza cables coaxiales de alta calidad para trayectos largos<\/p><\/li><li data-start=\"1696\" data-end=\"1772\"><p data-start=\"1698\" data-end=\"1772\">Coloque las antenas de interior uniformemente en los espacios de trabajo para obtener la m\u00e1xima difusi\u00f3n de la se\u00f1al<\/p><\/li><li data-start=\"1773\" data-end=\"1852\"><p data-start=\"1775\" data-end=\"1852\">Evita las interferencias de grandes m\u00e1quinas, cuadros el\u00e9ctricos o routers Wi-Fi<\/p><\/li><\/ul><p data-start=\"1775\" data-end=\"1852\"><a href=\"https:\/\/www.wanscom.com\/es\/soporte\/como-instalar-un-amplificador-de-senal-movil-guia-completa-paso-a-paso\/\">M\u00e1s informaci\u00f3n<\/a><\/p><h3 data-start=\"1895\" data-end=\"1915\"><strong data-start=\"1899\" data-end=\"1915\">Perfecto para:<\/strong><\/h3><p data-start=\"1775\" data-end=\"1852\">\u00a0<\/p><ul data-start=\"1916\" data-end=\"2066\"><li data-start=\"1916\" data-end=\"1940\"><p data-start=\"1918\" data-end=\"1940\">Plantas de fabricaci\u00f3n<\/p><\/li><li data-start=\"1941\" data-end=\"1965\"><p data-start=\"1943\" data-end=\"1965\">Almacenes log\u00edsticos<\/p><\/li><li data-start=\"1966\" data-end=\"1990\"><p data-start=\"1968\" data-end=\"1990\">Centros de distribuci\u00f3n<\/p><\/li><li data-start=\"1991\" data-end=\"2033\"><p data-start=\"1993\" data-end=\"2033\">Estructuras subterr\u00e1neas o de techos altos<\/p><\/li><li data-start=\"2034\" data-end=\"2066\"><p data-start=\"2036\" data-end=\"2066\">Instalaciones industriales remotas<\/p><\/li><\/ul><h3 data-start=\"2073\" data-end=\"2107\"><strong data-start=\"2077\" data-end=\"2107\">Preguntas frecuentes<\/strong><\/h3><p data-start=\"2109\" data-end=\"2291\"><strong data-start=\"2109\" data-end=\"2166\">P: \u00bfPuede el reforzador soportar grandes edificios con revestimiento met\u00e1lico?<\/strong><br data-start=\"2166\" data-end=\"2169\" \/><strong data-start=\"2169\" data-end=\"2175\">A:<\/strong> S\u00ed. Nuestros modelos de calidad industrial est\u00e1n dise\u00f1ados para entornos de alta atenuaci\u00f3n, como instalaciones de acero y hormig\u00f3n.<\/p><p data-start=\"2293\" data-end=\"2427\"><strong data-start=\"2293\" data-end=\"2325\">P: \u00bfSe puede ampliar la cobertura?<\/strong><br data-start=\"2325\" data-end=\"2328\" \/><strong data-start=\"2328\" data-end=\"2334\">A:<\/strong> Por supuesto. Puedes a\u00f1adir varias antenas interiores o utilizar divisores de se\u00f1al para ampliar la cobertura.<\/p><p data-start=\"2429\" data-end=\"2574\"><strong data-start=\"2429\" data-end=\"2487\">P: \u00bfY si necesito cobertura en varias zonas distintas?<\/strong><br data-start=\"2487\" data-end=\"2490\" \/><strong data-start=\"2490\" data-end=\"2496\">A:<\/strong> Ofrecemos personalizaci\u00f3n de sistemas. P\u00f3ngase en contacto con nosotros para obtener una soluci\u00f3n multizona a medida.<\/p><p data-start=\"2576\" data-end=\"2748\"><strong data-start=\"2576\" data-end=\"2631\">P: \u00bfEs legal utilizar estos potenciadores en mi pa\u00eds?<\/strong><br data-start=\"2631\" data-end=\"2634\" \/><strong data-start=\"2634\" data-end=\"2640\">A:<\/strong> S\u00ed, nuestros amplificadores tienen certificaci\u00f3n CE, ROHS y FCC. Consulte la normativa local de telecomunicaciones si es necesario.<\/p><p data-start=\"2036\" data-end=\"2066\">\u00a0<\/p><p data-start=\"1775\" data-end=\"1852\">\u00a0<\/p><p data-start=\"1775\" data-end=\"1852\">\u00a0<\/p><\/div>\t\t\t\t\t\t\t\t<\/div>\n\t\t\t\t<\/div>\n\t\t\t\t\t<\/div>\n\t\t\t\t<\/div>\n\t\t\t\t<\/div>","protected":false},"excerpt":{"rendered":"<p>Mobile Signal Booster for Industrial &amp; Warehouse Use Home \/ Page Mobile Signal Booster for Industrial &amp; Warehouse Use Reliable Connectivity in Large Industrial Areas Factories, warehouses, and industrial buildings often suffer from poor signal due to vast open spaces, metal structures, and remote locations. Our industrial-grade mobile signal boosters are engineered for large-scale coverage [&hellip;]<\/p>","protected":false},"author":1,"featured_media":0,"parent":29749,"menu_order":0,"comment_status":"closed","ping_status":"closed","template":"","meta":{"_acf_changed":false,"_eb_attr":"","_monsterinsights_skip_tracking":false,"_monsterinsights_sitenote_active":false,"_monsterinsights_sitenote_note":"","_monsterinsights_sitenote_category":0,"jetpack_post_was_ever_published":false,"footnotes":""},"class_list":["post-29781","page","type-page","status-publish","hentry"],"acf":[],"jetpack_sharing_enabled":true,"_links":{"self":[{"href":"https:\/\/www.wanscom.com\/es\/wp-json\/wp\/v2\/pages\/29781","targetHints":{"allow":["GET"]}}],"collection":[{"href":"https:\/\/www.wanscom.com\/es\/wp-json\/wp\/v2\/pages"}],"about":[{"href":"https:\/\/www.wanscom.com\/es\/wp-json\/wp\/v2\/types\/page"}],"author":[{"embeddable":true,"href":"https:\/\/www.wanscom.com\/es\/wp-json\/wp\/v2\/users\/1"}],"replies":[{"embeddable":true,"href":"https:\/\/www.wanscom.com\/es\/wp-json\/wp\/v2\/comments?post=29781"}],"version-history":[{"count":4,"href":"https:\/\/www.wanscom.com\/es\/wp-json\/wp\/v2\/pages\/29781\/revisions"}],"predecessor-version":[{"id":29786,"href":"https:\/\/www.wanscom.com\/es\/wp-json\/wp\/v2\/pages\/29781\/revisions\/29786"}],"up":[{"embeddable":true,"href":"https:\/\/www.wanscom.com\/es\/wp-json\/wp\/v2\/pages\/29749"}],"wp:attachment":[{"href":"https:\/\/www.wanscom.com\/es\/wp-json\/wp\/v2\/media?parent=29781"}],"curies":[{"name":"wp","href":"https:\/\/api.w.org\/{rel}","templated":true}]}}