{"id":577,"date":"2024-03-14T08:16:13","date_gmt":"2024-03-14T08:16:13","guid":{"rendered":"https:\/\/www.wanscom.com\/?page_id=577"},"modified":"2024-03-20T02:25:00","modified_gmt":"2024-03-20T02:25:00","slug":"noticias","status":"publish","type":"page","link":"https:\/\/www.wanscom.com\/es\/noticias\/","title":{"rendered":"Blog y noticias recientes"},"content":{"rendered":"<div class=\"wp-block-essential-blocks-wrapper alignfull\"><div class=\"eb-parent-wrapper eb-parent-eb-wrapper-rvgcoh5\"><div class=\"eb-wrapper-outer eb-wrapper-rvgcoh5\"><div class=\"eb-wrapper-inner\"><div class=\"eb-wrapper-inner-blocks eb-wrapper-align-center\">\n<div class=\"wp-block-essential-blocks-wrapper alignfull\"><div class=\"eb-parent-wrapper eb-parent-eb-wrapper-xr1j88j\"><div class=\"eb-wrapper-outer eb-wrapper-xr1j88j\"><div class=\"eb-wrapper-inner\"><div class=\"eb-wrapper-inner-blocks eb-wrapper-align-center\">\n<div class=\"wp-block-essential-blocks-wrapper\"><div class=\"eb-parent-wrapper eb-parent-eb-wrapper-ay5ut8w\"><div class=\"eb-wrapper-outer eb-wrapper-ay5ut8w\"><div class=\"eb-wrapper-inner\"><div class=\"eb-wrapper-inner-blocks eb-wrapper-align-center\">\n<div class=\"wp-block-essential-blocks-advanced-heading\"><div class=\"eb-parent-wrapper eb-parent-eb-advance-heading-c3th19v eb_animation eb___animated eb___fadeInUp\"><div class=\"eb-advance-heading-wrapper eb-advance-heading-c3th19v button-1\" data-id=\"eb-advance-heading-c3th19v\"><h2 class=\"eb-ah-title\">Noticias recientes&amp;Blog<\/h2><p class=\"eb-ah-subtitle\">M\u00e1s informaci\u00f3n sobre nuestra empresa y productos en nuestro blog y noticias<\/p><\/div><\/div><\/div>\n<\/div><\/div><\/div><\/div><\/div>\n\n\n<form role=\"search\" method=\"get\" action=\"https:\/\/www.wanscom.com\/es\/\" class=\"wp-block-search__button-outside wp-block-search__text-button wp-block-search\" data-trp-original-action=\"https:\/\/www.wanscom.com\/es\/\"    ><label class=\"wp-block-search__label\" for=\"wp-block-search__input-1\" >Buscar en<\/label><div class=\"wp-block-search__inside-wrapper\" ><input class=\"wp-block-search__input\" id=\"wp-block-search__input-1\" placeholder=\"\" value=\"\" type=\"search\" name=\"s\" required \/><button aria-label=\"Buscar en\" class=\"wp-block-search__button wp-element-button\" type=\"submit\" >Buscar en<\/button><\/div><input type=\"hidden\" name=\"trp-form-language\" value=\"es\"\/><\/form>\n\n<div class=\"root-eb-post-carousel-z8yraz9 alignfull wp-block-essential-blocks-post-carousel\">\n    <div class=\"eb-parent-wrapper eb-parent-eb-post-carousel-z8yraz9 eb_animation eb___animated eb___fadeInUp\">\n        <div class=\"eb-post-carousel-z8yraz9 style-4 slick-arrows equal-height dot-style-4 eb-post-carousel-wrapper\"\n            data-id=\"eb-post-carousel-z8yraz9\"\n            data-querydata=\"a:13:{s:6:&quot;source&quot;;s:4:&quot;post&quot;;s:11:&quot;sourceIndex&quot;;i:0;s:9:&quot;rest_base&quot;;s:5:&quot;posts&quot;;s:14:&quot;rest_namespace&quot;;s:5:&quot;wp\/v2&quot;;s:6:&quot;author&quot;;s:35:&quot;[{&quot;label&quot;:&quot;wanscom.com&quot;,&quot;value&quot;:1}]&quot;;s:10:&quot;taxonomies&quot;;a:1:{s:8:&quot;category&quot;;a:5:{s:4:&quot;name&quot;;s:10:&quot;Categories&quot;;s:9:&quot;rest_base&quot;;s:10:&quot;categories&quot;;s:14:&quot;rest_namespace&quot;;s:5:&quot;wp\/v2&quot;;s:4:&quot;slug&quot;;s:8:&quot;category&quot;;s:5:&quot;value&quot;;s:2:&quot;[]&quot;;}}s:8:&quot;per_page&quot;;s:1:&quot;6&quot;;s:6:&quot;offset&quot;;s:1:&quot;0&quot;;s:7:&quot;orderby&quot;;s:4:&quot;date&quot;;s:5:&quot;order&quot;;s:4:&quot;desc&quot;;s:7:&quot;include&quot;;s:0:&quot;&quot;;s:7:&quot;exclude&quot;;s:0:&quot;&quot;;s:15:&quot;exclude_current&quot;;b:0;}\"\n            data-slidersettings=\"{&quot;arrows&quot;:true,&quot;dots&quot;:false,&quot;autoplaySpeed&quot;:2000,&quot;speed&quot;:500,&quot;adaptiveHeight&quot;:true,&quot;autoplay&quot;:true,&quot;infinite&quot;:true,&quot;pauseOnHover&quot;:true,&quot;slideToShowRange&quot;:3,&quot;leftArrowIcon&quot;:&quot;fas fa-chevron-left&quot;,&quot;rightArrowIcon&quot;:&quot;fas fa-chevron-right&quot;,&quot;addIcon&quot;:false,&quot;showFallbackImg&quot;:false,&quot;fallbackImgUrl&quot;:&quot;&quot;,&quot;isRTLEnable&quot;:false,&quot;TABslideToShowRange&quot;:2,&quot;MOBslideToShowRange&quot;:1}\"\n            data-attributes=\"{&quot;preset&quot;:&quot;style-4&quot;,&quot;showThumbnail&quot;:true,&quot;showTitle&quot;:true,&quot;titleLength&quot;:&quot;10&quot;,&quot;titleTag&quot;:&quot;h2&quot;,&quot;showContent&quot;:true,&quot;contentLength&quot;:20,&quot;expansionIndicator&quot;:&quot;&quot;,&quot;showReadMore&quot;:false,&quot;readmoreText&quot;:&quot;Read More&quot;,&quot;showMeta&quot;:true,&quot;headerMeta&quot;:&quot;[{\\&quot;value\\&quot;:\\&quot;avatar\\&quot;,\\&quot;label\\&quot;:\\&quot;Author Avatar\\&quot;},{\\&quot;value\\&quot;:\\&quot;author\\&quot;,\\&quot;label\\&quot;:\\&quot;Author Name\\&quot;}]&quot;,&quot;footerMeta&quot;:&quot;[{\\&quot;value\\&quot;:\\&quot;date\\&quot;,\\&quot;label\\&quot;:\\&quot;Published Date\\&quot;}]&quot;,&quot;authorPrefix&quot;:&quot;By&quot;,&quot;datePrefix&quot;:&quot;on&quot;,&quot;showBlockContent&quot;:true,&quot;leftArrowIcon&quot;:&quot;fas fa-chevron-left&quot;,&quot;rightArrowIcon&quot;:&quot;fas fa-chevron-right&quot;,&quot;showFallbackImg&quot;:false,&quot;isRTLEnable&quot;:false}\">\n\n            <div class=\"eb-post-carousel init-eb-post-carousel-z8yraz9\"\n                data-id=\"eb-post-carousel-z8yraz9\">\n                <article class=\"ebpg-carousel-post ebpg-post-carousel-column\" data-id=\"30161\"><div class=\"ebpg-carousel-post-holder\"><a class=\"ebpg-post-link-wrapper eb-sr-only\" href=\"https:\/\/www.wanscom.com\/es\/tendencias-de-los-amplificadores-de-senal-movil-compatibles-con-5g-retos-y-crecimiento-del-mercado-en-2025\/\">Amplificadores de se\u00f1al m\u00f3vil compatibles con 5G: tendencias, retos y crecimiento del mercado en 2025<\/a><div class=\"ebpg-entry-media\">\n                <div class=\"ebpg-entry-thumbnail\">\n                    \n                    <img fetchpriority=\"high\" decoding=\"async\" width=\"1080\" height=\"1080\" src=\"https:\/\/i0.wp.com\/www.wanscom.com\/wp-content\/uploads\/2025\/09\/%E5%BE%AE%E4%BF%A1%E5%9B%BE%E7%89%87_20250923165043_259_67.jpg?fit=1080%2C1080&amp;ssl=1\" class=\"attachment-full size-full\" alt=\"amplificador de se\u00f1al 5g\" title=\"\">\n                <\/div>\n            <\/div><div class=\"ebpg-entry-wrapper\"><div class=\"ebpg-entry-meta ebpg-header-meta\"><div class=\"ebpg-author-avatar\">\n            <a href=\"https:\/\/www.wanscom.com\/es\/author\/wanscom-com\/\">\n                <img decoding=\"async\" alt=\"wanscom.com\" src=\"https:\/\/secure.gravatar.com\/avatar\/ff6e2f87c4166ca2356e7810de53169997f83c48943e83db9916aa3f7e4ff0bf?s=96&amp;d=mm&amp;r=g\" title=\"\">\n            <\/a>\n        <\/div><div class=\"ebpg-entry-meta-items\"><span class=\"ebpg-posted-by\">\n            Por <a href=\"https:\/\/www.wanscom.com\/es\/author\/wanscom-com\/\" title=\"wanscom.com\" rel=\"author\">wanscom.com<\/a>\n        <\/span><\/div><\/div><header class=\"ebpg-entry-header\">\n            <h2 class=\"ebpg-entry-title\">\n                <a class=\"ebpg-carousel-post-link\" href=\"https:\/\/www.wanscom.com\/es\/tendencias-de-los-amplificadores-de-senal-movil-compatibles-con-5g-retos-y-crecimiento-del-mercado-en-2025\/\" title=\"amplificadores de se\u00f1al para m\u00f3viles compatibles con 5g: las tendencias desaf\u00edan el crecimiento del mercado en\">Amplificadores de se\u00f1al m\u00f3vil compatibles con 5G: tendencias, retos y crecimiento del mercado en<\/a>\n            <\/h2>\n        <\/header><div class=\"ebpg-entry-content\"><div class=\"ebpg-carousel-post-excerpt\">\n            <p>Amplificadores de se\u00f1al m\u00f3vil compatibles con 5G: tendencias, retos y crecimiento del mercado en 2025\n\t\t\t\t\t\t\t\n\t\t\tInicio \/\nIntroducci\u00f3n\nEn 2025, a medida que se aceleran los despliegues de 5G en todo el<\/p>\n        <\/div><\/div><div class=\"ebpg-entry-meta ebpg-footer-meta\"><div class=\"ebpg-entry-meta-items\"><span class=\"ebpg-posted-on\">\n            sobre <time datetime=\"2025-09-24T09:36:27+01:00\">24 de septiembre de 2025<\/time>\n        <\/span><\/div><\/div><\/div><\/div><\/article><article class=\"ebpg-carousel-post ebpg-post-carousel-column\" data-id=\"30121\"><div class=\"ebpg-carousel-post-holder\"><a class=\"ebpg-post-link-wrapper eb-sr-only\" href=\"https:\/\/www.wanscom.com\/es\/descubra-como-nuestros-nuevos-amplificadores-multibanda-agc\/\">\u00bfCansado de se\u00f1ales 5G d\u00e9biles? Descubra c\u00f3mo nuestros nuevos amplificadores multibanda AGC garantizan una cobertura perfecta<\/a><div class=\"ebpg-entry-media\">\n            <div class=\"ebpg-entry-thumbnail\">\n                <img data-recalc-dims=\"1\" decoding=\"async\" src=\"https:\/\/i0.wp.com\/www.wanscom.com\/wp-content\/plugins\/essential-blocks\/assets\/images\/placeholder.png?w=800&#038;ssl=1\" alt=\"No se han encontrado miniaturas\" title=\"\">\n            <\/div>\n        <\/div><div class=\"ebpg-entry-wrapper\"><div class=\"ebpg-entry-meta ebpg-header-meta\"><div class=\"ebpg-author-avatar\">\n            <a href=\"https:\/\/www.wanscom.com\/es\/author\/wanscom-com\/\">\n                <img decoding=\"async\" alt=\"wanscom.com\" src=\"https:\/\/secure.gravatar.com\/avatar\/ff6e2f87c4166ca2356e7810de53169997f83c48943e83db9916aa3f7e4ff0bf?s=96&amp;d=mm&amp;r=g\" title=\"\">\n            <\/a>\n        <\/div><div class=\"ebpg-entry-meta-items\"><span class=\"ebpg-posted-by\">\n            Por <a href=\"https:\/\/www.wanscom.com\/es\/author\/wanscom-com\/\" title=\"wanscom.com\" rel=\"author\">wanscom.com<\/a>\n        <\/span><\/div><\/div><header class=\"ebpg-entry-header\">\n            <h2 class=\"ebpg-entry-title\">\n                <a class=\"ebpg-carousel-post-link\" href=\"https:\/\/www.wanscom.com\/es\/descubra-como-nuestros-nuevos-amplificadores-multibanda-agc\/\" title=\"cansado de las se\u00f1ales d\u00e9biles5gsdescubra c\u00f3mosonuevasagc\">\u00bfCansado de se\u00f1ales 5G d\u00e9biles? Descubra c\u00f3mo nuestro nuevo AGC<\/a>\n            <\/h2>\n        <\/header><div class=\"ebpg-entry-content\"><div class=\"ebpg-carousel-post-excerpt\">\n            <p>\u00bfCansado de se\u00f1ales 5G d\u00e9biles? Descubra c\u00f3mo nuestros nuevos amplificadores multibanda AGC garantizan una cobertura perfecta\n\t\t\t\t\t\t\t\n\t\t\tInicio \/\nCansado de se\u00f1ales 5G d\u00e9biles<\/p>\n        <\/div><\/div><div class=\"ebpg-entry-meta ebpg-footer-meta\"><div class=\"ebpg-entry-meta-items\"><span class=\"ebpg-posted-on\">\n            sobre <time datetime=\"2025-08-20T08:25:55+01:00\">20 de agosto de 2025<\/time>\n        <\/span><\/div><\/div><\/div><\/div><\/article><article class=\"ebpg-carousel-post ebpg-post-carousel-column\" data-id=\"30018\"><div class=\"ebpg-carousel-post-holder\"><a class=\"ebpg-post-link-wrapper eb-sr-only\" href=\"https:\/\/www.wanscom.com\/es\/aumentar-senal-movil-sotano-garaje-subterraneo\/\">Gu\u00eda completa para aumentar la se\u00f1al m\u00f3vil en s\u00f3tanos y garajes<\/a><div class=\"ebpg-entry-media\">\n                <div class=\"ebpg-entry-thumbnail\">\n                    \n                    <img decoding=\"async\" width=\"1733\" height=\"1300\" src=\"https:\/\/i0.wp.com\/www.wanscom.com\/wp-content\/uploads\/2025\/08\/pexels-photo-8609786.jpeg?fit=1733%2C1300&amp;ssl=1\" class=\"attachment-full size-full\" alt=\"plazas de aparcamiento vac\u00edas\" srcset=\"https:\/\/i0.wp.com\/www.wanscom.com\/wp-content\/uploads\/2025\/08\/pexels-photo-8609786.jpeg?w=1733&amp;ssl=1 1733w, https:\/\/i0.wp.com\/www.wanscom.com\/wp-content\/uploads\/2025\/08\/pexels-photo-8609786.jpeg?resize=400%2C300&amp;ssl=1 400w, https:\/\/i0.wp.com\/www.wanscom.com\/wp-content\/uploads\/2025\/08\/pexels-photo-8609786.jpeg?resize=1066%2C800&amp;ssl=1 1066w, https:\/\/i0.wp.com\/www.wanscom.com\/wp-content\/uploads\/2025\/08\/pexels-photo-8609786.jpeg?resize=768%2C576&amp;ssl=1 768w, https:\/\/i0.wp.com\/www.wanscom.com\/wp-content\/uploads\/2025\/08\/pexels-photo-8609786.jpeg?resize=1536%2C1152&amp;ssl=1 1536w, https:\/\/i0.wp.com\/www.wanscom.com\/wp-content\/uploads\/2025\/08\/pexels-photo-8609786.jpeg?resize=16%2C12&amp;ssl=1 16w, https:\/\/i0.wp.com\/www.wanscom.com\/wp-content\/uploads\/2025\/08\/pexels-photo-8609786.jpeg?resize=1320%2C990&amp;ssl=1 1320w, https:\/\/i0.wp.com\/www.wanscom.com\/wp-content\/uploads\/2025\/08\/pexels-photo-8609786.jpeg?w=1600&amp;ssl=1 1600w\" sizes=\"(max-width: 800px) 100vw, 800px\" title=\"\">\n                <\/div>\n            <\/div><div class=\"ebpg-entry-wrapper\"><div class=\"ebpg-entry-meta ebpg-header-meta\"><div class=\"ebpg-author-avatar\">\n            <a href=\"https:\/\/www.wanscom.com\/es\/author\/wanscom-com\/\">\n                <img decoding=\"async\" alt=\"wanscom.com\" src=\"https:\/\/secure.gravatar.com\/avatar\/ff6e2f87c4166ca2356e7810de53169997f83c48943e83db9916aa3f7e4ff0bf?s=96&amp;d=mm&amp;r=g\" title=\"\">\n            <\/a>\n        <\/div><div class=\"ebpg-entry-meta-items\"><span class=\"ebpg-posted-by\">\n            Por <a href=\"https:\/\/www.wanscom.com\/es\/author\/wanscom-com\/\" title=\"wanscom.com\" rel=\"author\">wanscom.com<\/a>\n        <\/span><\/div><\/div><header class=\"ebpg-entry-header\">\n            <h2 class=\"ebpg-entry-title\">\n                <a class=\"ebpg-carousel-post-link\" href=\"https:\/\/www.wanscom.com\/es\/aumentar-senal-movil-sotano-garaje-subterraneo\/\" title=\"gu\u00edacompletaparapotenciam\u00f3vilesse\u00f1alar s\u00f3tanos s\u00f3tanos garajes\">Gu\u00eda completa para aumentar la se\u00f1al m\u00f3vil en s\u00f3tanos y garajes<\/a>\n            <\/h2>\n        <\/header><div class=\"ebpg-entry-content\"><div class=\"ebpg-carousel-post-excerpt\">\n            <p>Gu\u00eda de amplificadores de se\u00f1al m\u00f3vil para s\u00f3tanos y garajes subterr\u00e1neos - Mejora la cobertura 4G LTE y 5G\n\t\t\t\t\t\t\t\n\t\t\tInicio \/\n\t\t\t\t\tS\u00f3tano y garaje subterr\u00e1neo<\/p>\n        <\/div><\/div><div class=\"ebpg-entry-meta ebpg-footer-meta\"><div class=\"ebpg-entry-meta-items\"><span class=\"ebpg-posted-on\">\n            sobre <time datetime=\"2025-08-08T04:21:34+01:00\">8 agosto 2025<\/time>\n        <\/span><\/div><\/div><\/div><\/div><\/article><article class=\"ebpg-carousel-post ebpg-post-carousel-column\" data-id=\"28551\"><div class=\"ebpg-carousel-post-holder\"><a class=\"ebpg-post-link-wrapper eb-sr-only\" href=\"https:\/\/www.wanscom.com\/es\/damos-la-bienvenida-a-2025-un-ano-de-nuevos-comienzos-e-innovaciones\/\">Bienvenida a 2025: Un a\u00f1o de nuevos comienzos e innovaciones<\/a><div class=\"ebpg-entry-media\">\n                <div class=\"ebpg-entry-thumbnail\">\n                    \n                    <img decoding=\"async\" width=\"1880\" height=\"1253\" src=\"https:\/\/i0.wp.com\/www.wanscom.com\/wp-content\/uploads\/2025\/01\/pexels-photo-6027785.jpeg?fit=1880%2C1253&amp;ssl=1\" class=\"attachment-full size-full\" alt=\"azulejos de letras junto a mandarinas\" srcset=\"https:\/\/i0.wp.com\/www.wanscom.com\/wp-content\/uploads\/2025\/01\/pexels-photo-6027785.jpeg?w=1880&amp;ssl=1 1880w, https:\/\/i0.wp.com\/www.wanscom.com\/wp-content\/uploads\/2025\/01\/pexels-photo-6027785.jpeg?resize=400%2C267&amp;ssl=1 400w, https:\/\/i0.wp.com\/www.wanscom.com\/wp-content\/uploads\/2025\/01\/pexels-photo-6027785.jpeg?resize=1200%2C800&amp;ssl=1 1200w, https:\/\/i0.wp.com\/www.wanscom.com\/wp-content\/uploads\/2025\/01\/pexels-photo-6027785.jpeg?resize=768%2C512&amp;ssl=1 768w, https:\/\/i0.wp.com\/www.wanscom.com\/wp-content\/uploads\/2025\/01\/pexels-photo-6027785.jpeg?resize=1536%2C1024&amp;ssl=1 1536w, https:\/\/i0.wp.com\/www.wanscom.com\/wp-content\/uploads\/2025\/01\/pexels-photo-6027785.jpeg?resize=18%2C12&amp;ssl=1 18w, https:\/\/i0.wp.com\/www.wanscom.com\/wp-content\/uploads\/2025\/01\/pexels-photo-6027785.jpeg?resize=1320%2C880&amp;ssl=1 1320w, https:\/\/i0.wp.com\/www.wanscom.com\/wp-content\/uploads\/2025\/01\/pexels-photo-6027785.jpeg?resize=430%2C287&amp;ssl=1 430w, https:\/\/i0.wp.com\/www.wanscom.com\/wp-content\/uploads\/2025\/01\/pexels-photo-6027785.jpeg?resize=700%2C467&amp;ssl=1 700w, https:\/\/i0.wp.com\/www.wanscom.com\/wp-content\/uploads\/2025\/01\/pexels-photo-6027785.jpeg?w=1600&amp;ssl=1 1600w\" sizes=\"(max-width: 800px) 100vw, 800px\" title=\"\">\n                <\/div>\n            <\/div><div class=\"ebpg-entry-wrapper\"><div class=\"ebpg-entry-meta ebpg-header-meta\"><div class=\"ebpg-author-avatar\">\n            <a href=\"https:\/\/www.wanscom.com\/es\/author\/wanscom-com\/\">\n                <img decoding=\"async\" alt=\"wanscom.com\" src=\"https:\/\/secure.gravatar.com\/avatar\/ff6e2f87c4166ca2356e7810de53169997f83c48943e83db9916aa3f7e4ff0bf?s=96&amp;d=mm&amp;r=g\" title=\"\">\n            <\/a>\n        <\/div><div class=\"ebpg-entry-meta-items\"><span class=\"ebpg-posted-by\">\n            Por <a href=\"https:\/\/www.wanscom.com\/es\/author\/wanscom-com\/\" title=\"wanscom.com\" rel=\"author\">wanscom.com<\/a>\n        <\/span><\/div><\/div><header class=\"ebpg-entry-header\">\n            <h2 class=\"ebpg-entry-title\">\n                <a class=\"ebpg-carousel-post-link\" href=\"https:\/\/www.wanscom.com\/es\/damos-la-bienvenida-a-2025-un-ano-de-nuevos-comienzos-e-innovaciones\/\" title=\"bienvenidos a 2025: un a\u00f1o de nuevos comienzos e innovaciones\">Bienvenida a 2025: Un a\u00f1o de nuevos comienzos e innovaciones<\/a>\n            <\/h2>\n        <\/header><div class=\"ebpg-entry-content\"><div class=\"ebpg-carousel-post-excerpt\">\n            <p>Celebraciones de A\u00f1o Nuevo\n\n\n\nA medida que nos acercamos a los albores de 2025, la emoci\u00f3n en el aire es palpable. Las celebraciones de A\u00f1o Nuevo son<\/p>\n        <\/div><\/div><div class=\"ebpg-entry-meta ebpg-footer-meta\"><div class=\"ebpg-entry-meta-items\"><span class=\"ebpg-posted-on\">\n            sobre <time datetime=\"2025-01-04T02:40:01+00:00\">4 de enero de 2025<\/time>\n        <\/span><\/div><\/div><\/div><\/div><\/article><article class=\"ebpg-carousel-post ebpg-post-carousel-column\" data-id=\"28328\"><div class=\"ebpg-carousel-post-holder\"><a class=\"ebpg-post-link-wrapper eb-sr-only\" href=\"https:\/\/www.wanscom.com\/es\/capture-joy-el-mejor-regalo-de-navidad-para-ninos-en-2024\/\">Capturar la alegr\u00eda: El mejor regalo de Navidad para ni\u00f1os en 2024<\/a><div class=\"ebpg-entry-media\">\n                <div class=\"ebpg-entry-thumbnail\">\n                    \n                    <img loading=\"lazy\" decoding=\"async\" width=\"1880\" height=\"1253\" src=\"https:\/\/i0.wp.com\/www.wanscom.com\/wp-content\/uploads\/2024\/10\/pexels-photo-250177.jpeg?fit=1880%2C1253&amp;ssl=1\" class=\"attachment-full size-full\" alt=\"primer plano de decoracion navide\u00f1a colgada del arbol\" srcset=\"https:\/\/i0.wp.com\/www.wanscom.com\/wp-content\/uploads\/2024\/10\/pexels-photo-250177.jpeg?w=1880&amp;ssl=1 1880w, https:\/\/i0.wp.com\/www.wanscom.com\/wp-content\/uploads\/2024\/10\/pexels-photo-250177.jpeg?resize=400%2C267&amp;ssl=1 400w, https:\/\/i0.wp.com\/www.wanscom.com\/wp-content\/uploads\/2024\/10\/pexels-photo-250177.jpeg?resize=1200%2C800&amp;ssl=1 1200w, https:\/\/i0.wp.com\/www.wanscom.com\/wp-content\/uploads\/2024\/10\/pexels-photo-250177.jpeg?resize=768%2C512&amp;ssl=1 768w, https:\/\/i0.wp.com\/www.wanscom.com\/wp-content\/uploads\/2024\/10\/pexels-photo-250177.jpeg?resize=1536%2C1024&amp;ssl=1 1536w, https:\/\/i0.wp.com\/www.wanscom.com\/wp-content\/uploads\/2024\/10\/pexels-photo-250177.jpeg?resize=18%2C12&amp;ssl=1 18w, https:\/\/i0.wp.com\/www.wanscom.com\/wp-content\/uploads\/2024\/10\/pexels-photo-250177.jpeg?resize=1320%2C880&amp;ssl=1 1320w, https:\/\/i0.wp.com\/www.wanscom.com\/wp-content\/uploads\/2024\/10\/pexels-photo-250177.jpeg?resize=430%2C287&amp;ssl=1 430w, https:\/\/i0.wp.com\/www.wanscom.com\/wp-content\/uploads\/2024\/10\/pexels-photo-250177.jpeg?resize=700%2C467&amp;ssl=1 700w, https:\/\/i0.wp.com\/www.wanscom.com\/wp-content\/uploads\/2024\/10\/pexels-photo-250177.jpeg?w=1600&amp;ssl=1 1600w\" sizes=\"(max-width: 800px) 100vw, 800px\" title=\"\">\n                <\/div>\n            <\/div><div class=\"ebpg-entry-wrapper\"><div class=\"ebpg-entry-meta ebpg-header-meta\"><div class=\"ebpg-author-avatar\">\n            <a href=\"https:\/\/www.wanscom.com\/es\/author\/wanscom-com\/\">\n                <img decoding=\"async\" alt=\"wanscom.com\" src=\"https:\/\/secure.gravatar.com\/avatar\/ff6e2f87c4166ca2356e7810de53169997f83c48943e83db9916aa3f7e4ff0bf?s=96&amp;d=mm&amp;r=g\" title=\"\">\n            <\/a>\n        <\/div><div class=\"ebpg-entry-meta-items\"><span class=\"ebpg-posted-by\">\n            Por <a href=\"https:\/\/www.wanscom.com\/es\/author\/wanscom-com\/\" title=\"wanscom.com\" rel=\"author\">wanscom.com<\/a>\n        <\/span><\/div><\/div><header class=\"ebpg-entry-header\">\n            <h2 class=\"ebpg-entry-title\">\n                <a class=\"ebpg-carousel-post-link\" href=\"https:\/\/www.wanscom.com\/es\/capture-joy-el-mejor-regalo-de-navidad-para-ninos-en-2024\/\" title=\"capturejoy:losmejoresregalosde navidadpara ni\u00f1osen2024\">Capturar la alegr\u00eda: El mejor regalo de Navidad para ni\u00f1os en 2024<\/a>\n            <\/h2>\n        <\/header><div class=\"ebpg-entry-content\"><div class=\"ebpg-carousel-post-excerpt\">\n            <p>\u00bfPor qu\u00e9 elegir una c\u00e1mara digital para ni\u00f1os?\n\n\n\nA medida que se acercan las fiestas, encontrar el regalo perfecto puede ser todo un reto. El mejor regalo de Navidad<\/p>\n        <\/div><\/div><div class=\"ebpg-entry-meta ebpg-footer-meta\"><div class=\"ebpg-entry-meta-items\"><span class=\"ebpg-posted-on\">\n            sobre <time datetime=\"2024-10-10T07:34:31+01:00\">10 de octubre de 2024<\/time>\n        <\/span><\/div><\/div><\/div><\/div><\/article><article class=\"ebpg-carousel-post ebpg-post-carousel-column\" data-id=\"28282\"><div class=\"ebpg-carousel-post-holder\"><a class=\"ebpg-post-link-wrapper eb-sr-only\" href=\"https:\/\/www.wanscom.com\/es\/explorando-las-capacidades-de-largo-alcance-de-los-walkie-talkies-modernos\/\">Exploraci\u00f3n de las capacidades de largo alcance de los walkie talkies modernos<\/a><div class=\"ebpg-entry-media\">\n                <div class=\"ebpg-entry-thumbnail\">\n                    \n                    <img loading=\"lazy\" decoding=\"async\" width=\"1880\" height=\"1253\" src=\"https:\/\/i0.wp.com\/www.wanscom.com\/wp-content\/uploads\/2024\/09\/pexels-photo-8961028.jpeg?fit=1880%2C1253&amp;ssl=1\" class=\"attachment-full size-full\" alt=\"un hombre y una mujer trabajando en una obra\" srcset=\"https:\/\/i0.wp.com\/www.wanscom.com\/wp-content\/uploads\/2024\/09\/pexels-photo-8961028.jpeg?w=1880&amp;ssl=1 1880w, https:\/\/i0.wp.com\/www.wanscom.com\/wp-content\/uploads\/2024\/09\/pexels-photo-8961028.jpeg?resize=400%2C267&amp;ssl=1 400w, https:\/\/i0.wp.com\/www.wanscom.com\/wp-content\/uploads\/2024\/09\/pexels-photo-8961028.jpeg?resize=1200%2C800&amp;ssl=1 1200w, https:\/\/i0.wp.com\/www.wanscom.com\/wp-content\/uploads\/2024\/09\/pexels-photo-8961028.jpeg?resize=768%2C512&amp;ssl=1 768w, https:\/\/i0.wp.com\/www.wanscom.com\/wp-content\/uploads\/2024\/09\/pexels-photo-8961028.jpeg?resize=1536%2C1024&amp;ssl=1 1536w, https:\/\/i0.wp.com\/www.wanscom.com\/wp-content\/uploads\/2024\/09\/pexels-photo-8961028.jpeg?resize=18%2C12&amp;ssl=1 18w, https:\/\/i0.wp.com\/www.wanscom.com\/wp-content\/uploads\/2024\/09\/pexels-photo-8961028.jpeg?resize=1320%2C880&amp;ssl=1 1320w, https:\/\/i0.wp.com\/www.wanscom.com\/wp-content\/uploads\/2024\/09\/pexels-photo-8961028.jpeg?resize=430%2C287&amp;ssl=1 430w, https:\/\/i0.wp.com\/www.wanscom.com\/wp-content\/uploads\/2024\/09\/pexels-photo-8961028.jpeg?resize=700%2C467&amp;ssl=1 700w, https:\/\/i0.wp.com\/www.wanscom.com\/wp-content\/uploads\/2024\/09\/pexels-photo-8961028.jpeg?w=1600&amp;ssl=1 1600w\" sizes=\"(max-width: 800px) 100vw, 800px\" title=\"\">\n                <\/div>\n            <\/div><div class=\"ebpg-entry-wrapper\"><div class=\"ebpg-entry-meta ebpg-header-meta\"><div class=\"ebpg-author-avatar\">\n            <a href=\"https:\/\/www.wanscom.com\/es\/author\/wanscom-com\/\">\n                <img decoding=\"async\" alt=\"wanscom.com\" src=\"https:\/\/secure.gravatar.com\/avatar\/ff6e2f87c4166ca2356e7810de53169997f83c48943e83db9916aa3f7e4ff0bf?s=96&amp;d=mm&amp;r=g\" title=\"\">\n            <\/a>\n        <\/div><div class=\"ebpg-entry-meta-items\"><span class=\"ebpg-posted-by\">\n            Por <a href=\"https:\/\/www.wanscom.com\/es\/author\/wanscom-com\/\" title=\"wanscom.com\" rel=\"author\">wanscom.com<\/a>\n        <\/span><\/div><\/div><header class=\"ebpg-entry-header\">\n            <h2 class=\"ebpg-entry-title\">\n                <a class=\"ebpg-carousel-post-link\" href=\"https:\/\/www.wanscom.com\/es\/explorando-las-capacidades-de-largo-alcance-de-los-walkie-talkies-modernos\/\" title=\"exploraci\u00f3n de las capacidades de largo alcance de los walkie-talkies modernos\">Exploraci\u00f3n de las capacidades de largo alcance de los walkie talkies modernos<\/a>\n            <\/h2>\n        <\/header><div class=\"ebpg-entry-content\"><div class=\"ebpg-carousel-post-excerpt\">\n            <p>Introducci\u00f3n a la gama de walkie-talkie\n\n\n\nLos walkie-talkies existen desde hace d\u00e9cadas como medio fiable de comunicaci\u00f3n a corta distancia. Sin embargo, los avances tecnol\u00f3gicos modernos<\/p>\n        <\/div><\/div><div class=\"ebpg-entry-meta ebpg-footer-meta\"><div class=\"ebpg-entry-meta-items\"><span class=\"ebpg-posted-on\">\n            sobre <time datetime=\"2024-09-09T08:54:45+01:00\">9 de septiembre de 2024<\/time>\n        <\/span><\/div><\/div><\/div><\/div><\/article>            <\/div>\n        <\/div>\n    <\/div>\n<\/div><\/div><\/div><\/div><\/div><\/div>\n<\/div><\/div><\/div><\/div><\/div>","protected":false},"excerpt":{"rendered":"","protected":false},"author":1,"featured_media":0,"parent":0,"menu_order":0,"comment_status":"closed","ping_status":"closed","template":"","meta":{"_acf_changed":false,"_eb_attr":"","_monsterinsights_skip_tracking":false,"_monsterinsights_sitenote_active":false,"_monsterinsights_sitenote_note":"","_monsterinsights_sitenote_category":0,"jetpack_post_was_ever_published":false,"footnotes":""},"class_list":["post-577","page","type-page","status-publish","hentry"],"acf":[],"jetpack_sharing_enabled":true,"_links":{"self":[{"href":"https:\/\/www.wanscom.com\/es\/wp-json\/wp\/v2\/pages\/577","targetHints":{"allow":["GET"]}}],"collection":[{"href":"https:\/\/www.wanscom.com\/es\/wp-json\/wp\/v2\/pages"}],"about":[{"href":"https:\/\/www.wanscom.com\/es\/wp-json\/wp\/v2\/types\/page"}],"author":[{"embeddable":true,"href":"https:\/\/www.wanscom.com\/es\/wp-json\/wp\/v2\/users\/1"}],"replies":[{"embeddable":true,"href":"https:\/\/www.wanscom.com\/es\/wp-json\/wp\/v2\/comments?post=577"}],"version-history":[{"count":4,"href":"https:\/\/www.wanscom.com\/es\/wp-json\/wp\/v2\/pages\/577\/revisions"}],"predecessor-version":[{"id":726,"href":"https:\/\/www.wanscom.com\/es\/wp-json\/wp\/v2\/pages\/577\/revisions\/726"}],"wp:attachment":[{"href":"https:\/\/www.wanscom.com\/es\/wp-json\/wp\/v2\/media?parent=577"}],"curies":[{"name":"wp","href":"https:\/\/api.w.org\/{rel}","templated":true}]}}