{"id":7136,"date":"2024-06-19T03:38:21","date_gmt":"2024-06-19T02:38:21","guid":{"rendered":"https:\/\/www.wanscom.com\/?page_id=7136"},"modified":"2024-06-20T09:59:20","modified_gmt":"2024-06-20T08:59:20","slug":"uso-residencial","status":"publish","type":"page","link":"https:\/\/www.wanscom.com\/es\/uso-residencial\/","title":{"rendered":"Uso residencial"},"content":{"rendered":"<div data-elementor-type=\"wp-page\" data-elementor-id=\"7136\" class=\"elementor elementor-7136\" data-elementor-post-type=\"page\">\n\t\t\t\t\t\t<section class=\"elementor-section elementor-top-section elementor-element elementor-element-4cd6c8f0 elementor-section-boxed elementor-section-height-default elementor-section-height-default\" data-id=\"4cd6c8f0\" data-element_type=\"section\" id=\"xs_faq_5\">\n\t\t\t\t\t\t<div class=\"elementor-container elementor-column-gap-default\">\n\t\t\t\t\t<div class=\"elementor-column elementor-col-100 elementor-top-column elementor-element elementor-element-35636d70\" data-id=\"35636d70\" data-element_type=\"column\">\n\t\t\t<div class=\"elementor-widget-wrap elementor-element-populated\">\n\t\t\t\t\t\t<div class=\"elementor-element elementor-element-4127237d elementor-widget elementor-widget-elementskit-heading\" data-id=\"4127237d\" data-element_type=\"widget\" data-widget_type=\"elementskit-heading.default\">\n\t\t\t\t<div class=\"elementor-widget-container\">\n\t\t\t\t\t<div class=\"ekit-wid-con\" ><div class=\"ekit-heading elementskit-section-title-wraper center   ekit_heading_tablet-   ekit_heading_mobile-\"><h2 class=\"ekit-heading--title elementskit-section-title\">Uso residencial de amplificadores de se\u00f1al m\u00f3vil<\/h2><div class=\"ekit_heading_separetor_wraper ekit_heading_elementskit-border-divider ekit-dotted\"><div class=\"elementskit-border-divider ekit-dotted\"><\/div><\/div>\t\t\t\t<div class='ekit-heading__description'>\n\t\t\t\t\t<p>Los amplificadores de se\u00f1al m\u00f3vil, tambi\u00e9n conocidos como amplificadores de se\u00f1al de telefon\u00eda m\u00f3vil, mejoran la se\u00f1al m\u00f3vil en su casa captando las se\u00f1ales d\u00e9biles, amplific\u00e1ndolas y retransmitiendo la se\u00f1al m\u00e1s fuerte en el interior. Esto es especialmente \u00fatil en zonas residenciales con una recepci\u00f3n d\u00e9bil debido a diversos factores, como la distancia a las torres de telefon\u00eda m\u00f3vil, los materiales de construcci\u00f3n o los obst\u00e1culos geogr\u00e1ficos. Aqu\u00ed tienes una gu\u00eda completa para entender y utilizar los amplificadores de se\u00f1al m\u00f3vil en un entorno residencial:<\/p>\n\t\t\t\t<\/div>\n\t\t\t<\/div><\/div>\t\t\t\t<\/div>\n\t\t\t\t<\/div>\n\t\t\t\t<section class=\"elementor-section elementor-inner-section elementor-element elementor-element-3033cac elementor-section-boxed elementor-section-height-default elementor-section-height-default\" data-id=\"3033cac\" data-element_type=\"section\">\n\t\t\t\t\t\t<div class=\"elementor-container elementor-column-gap-default\">\n\t\t\t\t\t<div class=\"elementor-column elementor-col-50 elementor-inner-column elementor-element elementor-element-3fdb10ce\" data-id=\"3fdb10ce\" data-element_type=\"column\">\n\t\t\t<div class=\"elementor-widget-wrap elementor-element-populated\">\n\t\t\t\t\t\t<div class=\"elementor-element elementor-element-678b041f elementor-widget elementor-widget-elementskit-faq\" data-id=\"678b041f\" data-element_type=\"widget\" data-widget_type=\"elementskit-faq.default\">\n\t\t\t\t<div class=\"elementor-widget-container\">\n\t\t\t\t\t<div class=\"ekit-wid-con\" >\n                <div class=\"elementskit-single-faq elementor-repeater-item-ccb3fc9\">\n            <div class=\"elementskit-faq-header\">\n                <h2 class=\"elementskit-faq-title\">Mejora de la calidad de las llamadas<\/h2>\n            <\/div>\n            <div class=\"elementskit-faq-body\">\n                Mejora la claridad de la voz y reduce las llamadas interrumpidas.            <\/div>\n        <\/div>\n                <div class=\"elementskit-single-faq elementor-repeater-item-1219655\">\n            <div class=\"elementskit-faq-header\">\n                <h2 class=\"elementskit-faq-title\">Mayor velocidad de datos<\/h2>\n            <\/div>\n            <div class=\"elementskit-faq-body\">\n                Aumenta la velocidad de carga y descarga para una mejor navegaci\u00f3n por Internet y un streaming m\u00e1s fluido.            <\/div>\n        <\/div>\n                <div class=\"elementskit-single-faq elementor-repeater-item-31ebcfd\">\n            <div class=\"elementskit-faq-header\">\n                <h2 class=\"elementskit-faq-title\">Cobertura ampliada<\/h2>\n            <\/div>\n            <div class=\"elementskit-faq-body\">\n                Proporciona una se\u00f1al m\u00f3vil potente en toda la casa, incluso en s\u00f3tanos y habitaciones remotas.            <\/div>\n        <\/div>\n                \n    <\/div>\t\t\t\t<\/div>\n\t\t\t\t<\/div>\n\t\t\t\t\t<\/div>\n\t\t<\/div>\n\t\t\t\t<div class=\"elementor-column elementor-col-50 elementor-inner-column elementor-element elementor-element-749e1b94\" data-id=\"749e1b94\" data-element_type=\"column\">\n\t\t\t<div class=\"elementor-widget-wrap elementor-element-populated\">\n\t\t\t\t\t\t<div class=\"elementor-element elementor-element-27a7522e elementor-widget elementor-widget-elementskit-faq\" data-id=\"27a7522e\" data-element_type=\"widget\" data-widget_type=\"elementskit-faq.default\">\n\t\t\t\t<div class=\"elementor-widget-container\">\n\t\t\t\t\t<div class=\"ekit-wid-con\" >\n                <div class=\"elementskit-single-faq elementor-repeater-item-e12c595\">\n            <div class=\"elementskit-faq-header\">\n                <h2 class=\"elementskit-faq-title\">Compatible con varios dispositivos<\/h2>\n            <\/div>\n            <div class=\"elementskit-faq-body\">\n                Puede manejar varios dispositivos simult\u00e1neamente, garantizando que todos los miembros de la familia tengan una se\u00f1al potente.            <\/div>\n        <\/div>\n                <div class=\"elementskit-single-faq elementor-repeater-item-5f94b9e\">\n            <div class=\"elementskit-faq-header\">\n                <h2 class=\"elementskit-faq-title\">Mayor duraci\u00f3n de la bater\u00eda<\/h2>\n            <\/div>\n            <div class=\"elementskit-faq-body\">\n                 Ayuda a ahorrar bater\u00eda del tel\u00e9fono al proporcionar una se\u00f1al potente, reduciendo la necesidad de que el tel\u00e9fono busque constantemente una conexi\u00f3n.            <\/div>\n        <\/div>\n                \n    <\/div>\t\t\t\t<\/div>\n\t\t\t\t<\/div>\n\t\t\t\t\t<\/div>\n\t\t<\/div>\n\t\t\t\t\t<\/div>\n\t\t<\/section>\n\t\t\t\t\t<\/div>\n\t\t<\/div>\n\t\t\t\t\t<\/div>\n\t\t<\/section>\n\t\t\t\t<\/div>","protected":false},"excerpt":{"rendered":"<p>Residential Use of Mobile Signal Boosters Mobile signal boosters, also known as cell phone signal boosters, enhance the cellular signal in your home by capturing weak signals, amplifying them, and rebroadcasting the stronger signal indoors. This is particularly useful in residential areas with weak cellular reception due to various factors such as distance from cell [&hellip;]<\/p>","protected":false},"author":1,"featured_media":0,"parent":0,"menu_order":0,"comment_status":"closed","ping_status":"closed","template":"","meta":{"_acf_changed":false,"_eb_attr":"","_monsterinsights_skip_tracking":false,"_monsterinsights_sitenote_active":false,"_monsterinsights_sitenote_note":"","_monsterinsights_sitenote_category":0,"jetpack_post_was_ever_published":false,"footnotes":""},"class_list":["post-7136","page","type-page","status-publish","hentry"],"acf":[],"jetpack_sharing_enabled":true,"_links":{"self":[{"href":"https:\/\/www.wanscom.com\/es\/wp-json\/wp\/v2\/pages\/7136","targetHints":{"allow":["GET"]}}],"collection":[{"href":"https:\/\/www.wanscom.com\/es\/wp-json\/wp\/v2\/pages"}],"about":[{"href":"https:\/\/www.wanscom.com\/es\/wp-json\/wp\/v2\/types\/page"}],"author":[{"embeddable":true,"href":"https:\/\/www.wanscom.com\/es\/wp-json\/wp\/v2\/users\/1"}],"replies":[{"embeddable":true,"href":"https:\/\/www.wanscom.com\/es\/wp-json\/wp\/v2\/comments?post=7136"}],"version-history":[{"count":10,"href":"https:\/\/www.wanscom.com\/es\/wp-json\/wp\/v2\/pages\/7136\/revisions"}],"predecessor-version":[{"id":7195,"href":"https:\/\/www.wanscom.com\/es\/wp-json\/wp\/v2\/pages\/7136\/revisions\/7195"}],"wp:attachment":[{"href":"https:\/\/www.wanscom.com\/es\/wp-json\/wp\/v2\/media?parent=7136"}],"curies":[{"name":"wp","href":"https:\/\/api.w.org\/{rel}","templated":true}]}}