{"id":7137,"date":"2024-06-19T03:38:22","date_gmt":"2024-06-19T02:38:22","guid":{"rendered":"https:\/\/www.wanscom.com\/?page_id=7137"},"modified":"2024-08-09T08:00:22","modified_gmt":"2024-08-09T07:00:22","slug":"uso-comercial","status":"publish","type":"page","link":"https:\/\/www.wanscom.com\/es\/uso-comercial\/","title":{"rendered":"Uso comercial"},"content":{"rendered":"<div data-elementor-type=\"wp-page\" data-elementor-id=\"7137\" class=\"elementor elementor-7137\" data-elementor-post-type=\"page\">\n\t\t\t\t\t\t<section class=\"elementor-section elementor-top-section elementor-element elementor-element-4ef3658c elementor-section-boxed elementor-section-height-default elementor-section-height-default\" data-id=\"4ef3658c\" data-element_type=\"section\" id=\"xs_faq_5\">\n\t\t\t\t\t\t<div class=\"elementor-container elementor-column-gap-default\">\n\t\t\t\t\t<div class=\"elementor-column elementor-col-100 elementor-top-column elementor-element elementor-element-1cd9a053\" data-id=\"1cd9a053\" data-element_type=\"column\">\n\t\t\t<div class=\"elementor-widget-wrap elementor-element-populated\">\n\t\t\t\t\t\t<div class=\"elementor-element elementor-element-49f5b2d6 elementor-widget elementor-widget-elementskit-heading\" data-id=\"49f5b2d6\" data-element_type=\"widget\" data-widget_type=\"elementskit-heading.default\">\n\t\t\t\t<div class=\"elementor-widget-container\">\n\t\t\t\t\t<div class=\"ekit-wid-con\" ><div class=\"ekit-heading elementskit-section-title-wraper center   ekit_heading_tablet-   ekit_heading_mobile-\"><h2 class=\"ekit-heading--title elementskit-section-title\">Uso comercial del amplificador de se\u00f1al m\u00f3vil<\/h2><div class=\"ekit_heading_separetor_wraper ekit_heading_elementskit-border-divider ekit-dotted\"><div class=\"elementskit-border-divider ekit-dotted\"><\/div><\/div>\t\t\t\t<div class='ekit-heading__description'>\n\t\t\t\t\t<p>El amplificador de se\u00f1al m\u00f3vil comercial est\u00e1 dise\u00f1ado para mejorar la intensidad y fiabilidad de la se\u00f1al m\u00f3vil en entornos comerciales. Esta soluci\u00f3n avanzada garantiza una conectividad consistente y robusta, solucionando los problemas de se\u00f1al d\u00e9bil y mejorando la eficiencia general de las comunicaciones para empresas de todos los tama\u00f1os.<\/p>\n\t\t\t\t<\/div>\n\t\t\t<\/div><\/div>\t\t\t\t<\/div>\n\t\t\t\t<\/div>\n\t\t\t\t<section class=\"elementor-section elementor-inner-section elementor-element elementor-element-3924da7f elementor-section-boxed elementor-section-height-default elementor-section-height-default\" data-id=\"3924da7f\" data-element_type=\"section\">\n\t\t\t\t\t\t<div class=\"elementor-container elementor-column-gap-default\">\n\t\t\t\t\t<div class=\"elementor-column elementor-col-50 elementor-inner-column elementor-element elementor-element-19a1a60e\" data-id=\"19a1a60e\" data-element_type=\"column\">\n\t\t\t<div class=\"elementor-widget-wrap elementor-element-populated\">\n\t\t\t\t\t\t<div class=\"elementor-element elementor-element-637c13e1 elementor-widget elementor-widget-elementskit-faq\" data-id=\"637c13e1\" data-element_type=\"widget\" data-widget_type=\"elementskit-faq.default\">\n\t\t\t\t<div class=\"elementor-widget-container\">\n\t\t\t\t\t<div class=\"ekit-wid-con\" >\n                <div class=\"elementskit-single-faq elementor-repeater-item-ccb3fc9\">\n            <div class=\"elementskit-faq-header\">\n                <h2 class=\"elementskit-faq-title\">Edificios de oficinas<\/h2>\n            <\/div>\n            <div class=\"elementskit-faq-body\">\n                Conectividad mejorada:\nMejore la intensidad de la se\u00f1al en todas las plantas y oficinas, garantizando que los empleados puedan realizar llamadas y acceder a los datos sin interrupciones.\nAumento de la productividad:\nElimine las llamadas ca\u00eddas y las velocidades de datos lentas, lo que aumenta la productividad y la eficacia de las operaciones empresariales.\nSatisfacci\u00f3n de clientes y empleados:\nProporcione una se\u00f1al m\u00f3vil fiable tanto a los empleados como a los clientes que le visitan, mejorando la satisfacci\u00f3n y la imagen profesional.            <\/div>\n        <\/div>\n                <div class=\"elementskit-single-faq elementor-repeater-item-1219655\">\n            <div class=\"elementskit-faq-header\">\n                <h2 class=\"elementskit-faq-title\">Tiendas y centros comerciales<\/h2>\n            <\/div>\n            <div class=\"elementskit-faq-body\">\n                Experiencia del cliente:\nAseg\u00farese de que los clientes disponen de una s\u00f3lida conectividad m\u00f3vil para navegar, realizar pagos en l\u00ednea y compartir en redes sociales, mejorando su experiencia de compra.\nEficiencia operativa:\nRespalde los sistemas de punto de venta, la gesti\u00f3n de inventario y la comunicaci\u00f3n del personal con una cobertura de se\u00f1al m\u00f3vil fiable en todo el local.\nSistemas de seguridad:\nMejore el rendimiento de los sistemas de seguridad que dependen de las redes m\u00f3viles para la supervisi\u00f3n y las alertas en tiempo real.            <\/div>\n        <\/div>\n                <div class=\"elementskit-single-faq elementor-repeater-item-31ebcfd\">\n            <div class=\"elementskit-faq-header\">\n                <h2 class=\"elementskit-faq-title\">Hospitales y centros sanitarios<\/h2>\n            <\/div>\n            <div class=\"elementskit-faq-body\">\n                Comunicaci\u00f3n cr\u00edtica:\nProporcione comunicaci\u00f3n m\u00f3vil ininterrumpida a los profesionales sanitarios, crucial para la atenci\u00f3n al paciente y las situaciones de emergencia.\nConectividad de pacientes y visitantes:\nGarantice que los pacientes y visitantes puedan permanecer conectados con sus seres queridos, mejorando su experiencia y comodidad.\nSoporte operativo:\nMejore la funcionalidad de las aplicaciones y dispositivos sanitarios dependientes del m\u00f3vil.            <\/div>\n        <\/div>\n                \n    <\/div>\t\t\t\t<\/div>\n\t\t\t\t<\/div>\n\t\t\t\t\t<\/div>\n\t\t<\/div>\n\t\t\t\t<div class=\"elementor-column elementor-col-50 elementor-inner-column elementor-element elementor-element-4561dee4\" data-id=\"4561dee4\" data-element_type=\"column\">\n\t\t\t<div class=\"elementor-widget-wrap elementor-element-populated\">\n\t\t\t\t\t\t<div class=\"elementor-element elementor-element-62f34ec elementor-widget elementor-widget-elementskit-faq\" data-id=\"62f34ec\" data-element_type=\"widget\" data-widget_type=\"elementskit-faq.default\">\n\t\t\t\t<div class=\"elementor-widget-container\">\n\t\t\t\t\t<div class=\"ekit-wid-con\" >\n                <div class=\"elementskit-single-faq elementor-repeater-item-e12c595\">\n            <div class=\"elementskit-faq-header\">\n                <h2 class=\"elementskit-faq-title\">Hoteles y establecimientos de hosteler\u00eda<\/h2>\n            <\/div>\n            <div class=\"elementskit-faq-body\">\n                Satisfacci\u00f3n de los hu\u00e9spedes:\nOfrezca una se\u00f1al m\u00f3vil potente y fiable a los hu\u00e9spedes en toda la propiedad, desde las habitaciones hasta las zonas comunes, mejorando su estancia.\nComunicaci\u00f3n operativa:\nFacilite una comunicaci\u00f3n eficaz entre el personal para mejorar la prestaci\u00f3n de servicios y las operaciones.\nOrganizaci\u00f3n de eventos:\nProporcione una conectividad m\u00f3vil fiable para conferencias, reuniones y eventos celebrados en el establecimiento.            <\/div>\n        <\/div>\n                <div class=\"elementskit-single-faq elementor-repeater-item-5f94b9e\">\n            <div class=\"elementskit-faq-header\">\n                <h2 class=\"elementskit-faq-title\">Plantas industriales y manufactureras<\/h2>\n            <\/div>\n            <div class=\"elementskit-faq-body\">\n                Eficiencia operativa:\nGarantice una comunicaci\u00f3n sin fisuras en grandes centros industriales, mejorando la coordinaci\u00f3n y la eficiencia operativa.\nSeguridad y protecci\u00f3n:\nRespalde los protocolos de seguridad con una conectividad m\u00f3vil fiable para los sistemas de comunicaci\u00f3n y supervisi\u00f3n de emergencias.\nGesti\u00f3n remota:\nPermita la supervisi\u00f3n y gesti\u00f3n remotas de las operaciones mediante una s\u00f3lida conectividad m\u00f3vil.            <\/div>\n        <\/div>\n                <div class=\"elementskit-single-faq elementor-repeater-item-ad5f942\">\n            <div class=\"elementskit-faq-header\">\n                <h2 class=\"elementskit-faq-title\">Almacenes y centros de distribuci\u00f3n<\/h2>\n            <\/div>\n            <div class=\"elementskit-faq-body\">\n                Gesti\u00f3n de inventarios:\nMejore la eficiencia de los sistemas de gesti\u00f3n de inventarios que dependen de redes m\u00f3viles para actualizaciones y seguimiento en tiempo real.\nCoordinaci\u00f3n log\u00edstica:\nMejore la comunicaci\u00f3n entre el personal para coordinar mejor los procesos de env\u00edo y recepci\u00f3n.\nProtocolos de seguridad:\nGarantice una conectividad m\u00f3vil fiable para la supervisi\u00f3n de la seguridad y la respuesta ante emergencias.            <\/div>\n        <\/div>\n                \n    <\/div>\t\t\t\t<\/div>\n\t\t\t\t<\/div>\n\t\t\t\t\t<\/div>\n\t\t<\/div>\n\t\t\t\t\t<\/div>\n\t\t<\/section>\n\t\t\t\t\t<\/div>\n\t\t<\/div>\n\t\t\t\t\t<\/div>\n\t\t<\/section>\n\t\t\t\t<\/div>","protected":false},"excerpt":{"rendered":"<p>Commercial Use of Mobile Signal Booster The Commercial Mobile Signal Booster is designed to enhance mobile signal strength and reliability in commercial environments. This advanced solution ensures consistent and robust connectivity, addressing weak signal issues and improving overall communication efficiency for businesses of all sizes. Office Buildings Enhanced Connectivity: Improve signal strength across all floors [&hellip;]<\/p>","protected":false},"author":1,"featured_media":0,"parent":0,"menu_order":0,"comment_status":"closed","ping_status":"closed","template":"","meta":{"_acf_changed":false,"_eb_attr":"","_monsterinsights_skip_tracking":false,"_monsterinsights_sitenote_active":false,"_monsterinsights_sitenote_note":"","_monsterinsights_sitenote_category":0,"jetpack_post_was_ever_published":false,"footnotes":""},"class_list":["post-7137","page","type-page","status-publish","hentry"],"acf":[],"jetpack_sharing_enabled":true,"_links":{"self":[{"href":"https:\/\/www.wanscom.com\/es\/wp-json\/wp\/v2\/pages\/7137","targetHints":{"allow":["GET"]}}],"collection":[{"href":"https:\/\/www.wanscom.com\/es\/wp-json\/wp\/v2\/pages"}],"about":[{"href":"https:\/\/www.wanscom.com\/es\/wp-json\/wp\/v2\/types\/page"}],"author":[{"embeddable":true,"href":"https:\/\/www.wanscom.com\/es\/wp-json\/wp\/v2\/users\/1"}],"replies":[{"embeddable":true,"href":"https:\/\/www.wanscom.com\/es\/wp-json\/wp\/v2\/comments?post=7137"}],"version-history":[{"count":5,"href":"https:\/\/www.wanscom.com\/es\/wp-json\/wp\/v2\/pages\/7137\/revisions"}],"predecessor-version":[{"id":28164,"href":"https:\/\/www.wanscom.com\/es\/wp-json\/wp\/v2\/pages\/7137\/revisions\/28164"}],"wp:attachment":[{"href":"https:\/\/www.wanscom.com\/es\/wp-json\/wp\/v2\/media?parent=7137"}],"curies":[{"name":"wp","href":"https:\/\/api.w.org\/{rel}","templated":true}]}}