{"id":7138,"date":"2024-06-19T03:38:23","date_gmt":"2024-06-19T02:38:23","guid":{"rendered":"https:\/\/www.wanscom.com\/?page_id=7138"},"modified":"2024-06-26T02:47:47","modified_gmt":"2024-06-26T01:47:47","slug":"vehiculos","status":"publish","type":"page","link":"https:\/\/www.wanscom.com\/es\/vehiculos\/","title":{"rendered":"Veh\u00edculos"},"content":{"rendered":"<div data-elementor-type=\"wp-page\" data-elementor-id=\"7138\" class=\"elementor elementor-7138\" data-elementor-post-type=\"page\">\n\t\t\t\t\t\t<section class=\"elementor-section elementor-top-section elementor-element elementor-element-5117a57 elementor-section-boxed elementor-section-height-default elementor-section-height-default elementor-invisible\" data-id=\"5117a57\" data-element_type=\"section\" id=\"xs_faq_5\" data-settings=\"{&quot;animation&quot;:&quot;fadeInLeft&quot;}\">\n\t\t\t\t\t\t<div class=\"elementor-container elementor-column-gap-default\">\n\t\t\t\t\t<div class=\"elementor-column elementor-col-100 elementor-top-column elementor-element elementor-element-7b452956\" data-id=\"7b452956\" data-element_type=\"column\">\n\t\t\t<div class=\"elementor-widget-wrap elementor-element-populated\">\n\t\t\t\t\t\t<div class=\"elementor-element elementor-element-63d190c0 elementor-widget elementor-widget-elementskit-heading\" data-id=\"63d190c0\" data-element_type=\"widget\" data-widget_type=\"elementskit-heading.default\">\n\t\t\t\t<div class=\"elementor-widget-container\">\n\t\t\t\t\t<div class=\"ekit-wid-con\" ><div class=\"ekit-heading elementskit-section-title-wraper center   ekit_heading_tablet-   ekit_heading_mobile-\"><h2 class=\"ekit-heading--title elementskit-section-title\">Uso del amplificador de se\u00f1al m\u00f3vil en veh\u00edculos<\/h2><div class=\"ekit_heading_separetor_wraper ekit_heading_elementskit-border-divider ekit-dotted\"><div class=\"elementskit-border-divider ekit-dotted\"><\/div><\/div>\t\t\t\t<div class='ekit-heading__description'>\n\t\t\t\t\t<p>El uso de un amplificador de se\u00f1al m\u00f3vil en un veh\u00edculo puede mejorar significativamente el rendimiento de varias aplicaciones del veh\u00edculo que dependen de la conectividad celular. A continuaci\u00f3n se explica c\u00f3mo un amplificador de se\u00f1al mejora distintas aplicaciones del veh\u00edculo:<\/p>\n\t\t\t\t<\/div>\n\t\t\t<\/div><\/div>\t\t\t\t<\/div>\n\t\t\t\t<\/div>\n\t\t\t\t<section class=\"elementor-section elementor-inner-section elementor-element elementor-element-41bdf75e elementor-section-boxed elementor-section-height-default elementor-section-height-default\" data-id=\"41bdf75e\" data-element_type=\"section\">\n\t\t\t\t\t\t<div class=\"elementor-container elementor-column-gap-default\">\n\t\t\t\t\t<div class=\"elementor-column elementor-col-50 elementor-inner-column elementor-element elementor-element-47d3a65e\" data-id=\"47d3a65e\" data-element_type=\"column\">\n\t\t\t<div class=\"elementor-widget-wrap elementor-element-populated\">\n\t\t\t\t\t\t<div class=\"elementor-element elementor-element-11947c9e elementor-widget elementor-widget-elementskit-faq\" data-id=\"11947c9e\" data-element_type=\"widget\" data-widget_type=\"elementskit-faq.default\">\n\t\t\t\t<div class=\"elementor-widget-container\">\n\t\t\t\t\t<div class=\"ekit-wid-con\" >\n                <div class=\"elementskit-single-faq elementor-repeater-item-ccb3fc9\">\n            <div class=\"elementskit-faq-header\">\n                <h2 class=\"elementskit-faq-title\">Sistemas de navegaci\u00f3n GPS<\/h2>\n            <\/div>\n            <div class=\"elementskit-faq-body\">\n                Mayor precisi\u00f3n y fiabilidad: Los sistemas GPS de los veh\u00edculos dependen de las se\u00f1ales celulares para las actualizaciones de tr\u00e1fico en tiempo real, la optimizaci\u00f3n de la ruta y el seguimiento de la ubicaci\u00f3n. Un amplificador de se\u00f1al garantiza una conexi\u00f3n fuerte y estable, proporcionando una navegaci\u00f3n m\u00e1s precisa y fiable.            <\/div>\n        <\/div>\n                <div class=\"elementskit-single-faq elementor-repeater-item-1219655\">\n            <div class=\"elementskit-faq-header\">\n                <h2 class=\"elementskit-faq-title\">Servicios de streaming<\/h2>\n            <\/div>\n            <div class=\"elementskit-faq-body\">\n                Entretenimiento sobre la marcha: los pasajeros suelen utilizar servicios de streaming de m\u00fasica, v\u00eddeos y otros contenidos multimedia durante el viaje. Un amplificador de se\u00f1al mejora la calidad del streaming al proporcionar una se\u00f1al celular m\u00e1s fuerte y consistente, reduciendo el buffering y las interrupciones.            <\/div>\n        <\/div>\n                <div class=\"elementskit-single-faq elementor-repeater-item-31ebcfd\">\n            <div class=\"elementskit-faq-header\">\n                <h2 class=\"elementskit-faq-title\">Aplicaciones de comunicaci\u00f3n<\/h2>\n            <\/div>\n            <div class=\"elementskit-faq-body\">\n                Mejor conectividad para llamadas y mensajer\u00eda: Aplicaciones como WhatsApp, Skype y otros servicios VoIP requieren una conexi\u00f3n a Internet estable. Un amplificador de se\u00f1al mejora la calidad de las llamadas, reduce las ca\u00eddas y garantiza que los mensajes se env\u00eden y reciban con rapidez.            <\/div>\n        <\/div>\n                <div class=\"elementskit-single-faq elementor-repeater-item-a6e8d81\">\n            <div class=\"elementskit-faq-header\">\n                <h2 class=\"elementskit-faq-title\">Sistemas de gesti\u00f3n de flotas<\/h2>\n            <\/div>\n            <div class=\"elementskit-faq-body\">\n                Seguimiento e informes en tiempo real: En el caso de los veh\u00edculos comerciales, los sistemas de gesti\u00f3n de flotas utilizan se\u00f1ales celulares para rastrear la ubicaci\u00f3n de los veh\u00edculos, controlar el comportamiento de los conductores y gestionar la log\u00edstica. Un amplificador de se\u00f1al garantiza que estos sistemas funcionen con eficacia, proporcionando datos en tiempo real y mejorando la eficiencia operativa.            <\/div>\n        <\/div>\n                \n    <\/div>\t\t\t\t<\/div>\n\t\t\t\t<\/div>\n\t\t\t\t\t<\/div>\n\t\t<\/div>\n\t\t\t\t<div class=\"elementor-column elementor-col-50 elementor-inner-column elementor-element elementor-element-30e7e74f\" data-id=\"30e7e74f\" data-element_type=\"column\">\n\t\t\t<div class=\"elementor-widget-wrap elementor-element-populated\">\n\t\t\t\t\t\t<div class=\"elementor-element elementor-element-4bd5668e elementor-widget elementor-widget-elementskit-faq\" data-id=\"4bd5668e\" data-element_type=\"widget\" data-widget_type=\"elementskit-faq.default\">\n\t\t\t\t<div class=\"elementor-widget-container\">\n\t\t\t\t\t<div class=\"ekit-wid-con\" >\n                <div class=\"elementskit-single-faq elementor-repeater-item-e12c595\">\n            <div class=\"elementskit-faq-header\">\n                <h2 class=\"elementskit-faq-title\">Dispositivos de Internet de las Cosas (IoT)<\/h2>\n            <\/div>\n            <div class=\"elementskit-faq-body\">\n                Conectividad mejorada para IoT: Los veh\u00edculos modernos est\u00e1n equipados con varios dispositivos IoT, como sensores inteligentes, herramientas de diagn\u00f3stico y sistemas telem\u00e1ticos. Un amplificador de se\u00f1al garantiza que estos dispositivos permanezcan conectados, proporcionando una transmisi\u00f3n de datos continua para la supervisi\u00f3n y el mantenimiento.\n\n            <\/div>\n        <\/div>\n                <div class=\"elementskit-single-faq elementor-repeater-item-5f94b9e\">\n            <div class=\"elementskit-faq-header\">\n                <h2 class=\"elementskit-faq-title\">Servicios de emergencia<\/h2>\n            <\/div>\n            <div class=\"elementskit-faq-body\">\n                Acceso fiable a la ayuda: En caso de emergencia, una se\u00f1al m\u00f3vil fiable es crucial para contactar con los servicios de emergencia. Un amplificador de se\u00f1al garantiza que puedas hacer llamadas y enviar mensajes incluso en zonas con poca cobertura, mejorando la seguridad y la protecci\u00f3n.            <\/div>\n        <\/div>\n                <div class=\"elementskit-single-faq elementor-repeater-item-ad5f942\">\n            <div class=\"elementskit-faq-header\">\n                <h2 class=\"elementskit-faq-title\">Oficina m\u00f3vil<\/h2>\n            <\/div>\n            <div class=\"elementskit-faq-body\">\n                Trabajo sobre la marcha: Para los profesionales que necesitan trabajar mientras viajan, un amplificador de se\u00f1al proporciona una conexi\u00f3n a Internet estable para acceder a correos electr\u00f3nicos, videoconferencias y otras tareas relacionadas con el trabajo. Esto garantiza que la productividad se mantenga incluso en movimiento.            <\/div>\n        <\/div>\n                <div class=\"elementskit-single-faq elementor-repeater-item-d3c1c95\">\n            <div class=\"elementskit-faq-header\">\n                <h2 class=\"elementskit-faq-title\">Caracter\u00edsticas del veh\u00edculo inteligente<\/h2>\n            <\/div>\n            <div class=\"elementskit-faq-body\">\n                Conectividad para funciones inteligentes: Los veh\u00edculos modernos incluyen funciones inteligentes como el arranque a distancia, el climatizador y el diagn\u00f3stico del veh\u00edculo accesible a trav\u00e9s de aplicaciones m\u00f3viles. Un amplificador de se\u00f1al garantiza que estas funciones sigan funcionando gracias a una conexi\u00f3n m\u00f3vil potente.            <\/div>\n        <\/div>\n                \n    <\/div>\t\t\t\t<\/div>\n\t\t\t\t<\/div>\n\t\t\t\t\t<\/div>\n\t\t<\/div>\n\t\t\t\t\t<\/div>\n\t\t<\/section>\n\t\t\t\t\t<\/div>\n\t\t<\/div>\n\t\t\t\t\t<\/div>\n\t\t<\/section>\n\t\t\t\t<section class=\"elementor-section elementor-top-section elementor-element elementor-element-561b2d82 elementor-section-boxed elementor-section-height-default elementor-section-height-default elementor-invisible\" data-id=\"561b2d82\" data-element_type=\"section\" data-settings=\"{&quot;animation&quot;:&quot;fadeInDown&quot;}\">\n\t\t\t\t\t\t<div class=\"elementor-container elementor-column-gap-default\">\n\t\t\t\t\t<div class=\"elementor-column elementor-col-100 elementor-top-column elementor-element elementor-element-5df54720\" data-id=\"5df54720\" data-element_type=\"column\">\n\t\t\t<div class=\"elementor-widget-wrap elementor-element-populated\">\n\t\t\t\t\t\t<div class=\"elementor-element elementor-element-95ad044 elementor-widget elementor-widget-elementskit-heading\" data-id=\"95ad044\" data-element_type=\"widget\" data-widget_type=\"elementskit-heading.default\">\n\t\t\t\t<div class=\"elementor-widget-container\">\n\t\t\t\t\t<div class=\"ekit-wid-con\" ><div class=\"ekit-heading elementskit-section-title-wraper text_center   ekit_heading_tablet-   ekit_heading_mobile-\"><h3 class=\"ekit-heading--title elementskit-section-title\">Ventajas de utilizar un amplificador de se\u00f1al m\u00f3vil en veh\u00edculos<\/h3><\/div><\/div>\t\t\t\t<\/div>\n\t\t\t\t<\/div>\n\t\t\t\t<section class=\"elementor-section elementor-inner-section elementor-element elementor-element-59d9c56 elementor-section-full_width elementor-section-height-default elementor-section-height-default\" data-id=\"59d9c56\" data-element_type=\"section\">\n\t\t\t\t\t\t<div class=\"elementor-container elementor-column-gap-default\">\n\t\t\t\t\t<div class=\"elementor-column elementor-col-25 elementor-inner-column elementor-element elementor-element-527634e6\" data-id=\"527634e6\" data-element_type=\"column\">\n\t\t\t<div class=\"elementor-widget-wrap elementor-element-populated\">\n\t\t\t\t\t\t<div class=\"elementor-element elementor-element-fc96370 elementor-widget elementor-widget-text-editor\" data-id=\"fc96370\" data-element_type=\"widget\" data-widget_type=\"text-editor.default\">\n\t\t\t\t<div class=\"elementor-widget-container\">\n\t\t\t\t\t\t\t\t\t<p><strong>Conectividad mejorada<\/strong>: Mejora la intensidad de la se\u00f1al para todas las aplicaciones y dispositivos que dependen de conexiones celulares.<\/p>\t\t\t\t\t\t\t\t<\/div>\n\t\t\t\t<\/div>\n\t\t\t\t\t<\/div>\n\t\t<\/div>\n\t\t\t\t<div class=\"elementor-column elementor-col-25 elementor-inner-column elementor-element elementor-element-301eed96\" data-id=\"301eed96\" data-element_type=\"column\">\n\t\t\t<div class=\"elementor-widget-wrap elementor-element-populated\">\n\t\t\t\t\t\t<div class=\"elementor-element elementor-element-3cf3a50 elementor-widget elementor-widget-text-editor\" data-id=\"3cf3a50\" data-element_type=\"widget\" data-widget_type=\"text-editor.default\">\n\t\t\t\t<div class=\"elementor-widget-container\">\n\t\t\t\t\t\t\t\t\t<p><strong>Aumento de la productividad<\/strong>: Garantiza el acceso continuo a las herramientas de trabajo y comunicaci\u00f3n durante los desplazamientos.<\/p>\t\t\t\t\t\t\t\t<\/div>\n\t\t\t\t<\/div>\n\t\t\t\t\t<\/div>\n\t\t<\/div>\n\t\t\t\t<div class=\"elementor-column elementor-col-25 elementor-inner-column elementor-element elementor-element-5f8b4cd4\" data-id=\"5f8b4cd4\" data-element_type=\"column\">\n\t\t\t<div class=\"elementor-widget-wrap elementor-element-populated\">\n\t\t\t\t\t\t<div class=\"elementor-element elementor-element-99846b1 elementor-widget elementor-widget-text-editor\" data-id=\"99846b1\" data-element_type=\"widget\" data-widget_type=\"text-editor.default\">\n\t\t\t\t<div class=\"elementor-widget-container\">\n\t\t\t\t\t\t\t\t\t<p><strong>Seguridad y protecci\u00f3n<\/strong>: Proporciona un acceso fiable a los servicios de emergencia y seguimiento en tiempo real.<\/p>\t\t\t\t\t\t\t\t<\/div>\n\t\t\t\t<\/div>\n\t\t\t\t\t<\/div>\n\t\t<\/div>\n\t\t\t\t<div class=\"elementor-column elementor-col-25 elementor-inner-column elementor-element elementor-element-304b1397\" data-id=\"304b1397\" data-element_type=\"column\">\n\t\t\t<div class=\"elementor-widget-wrap elementor-element-populated\">\n\t\t\t\t\t\t<div class=\"elementor-element elementor-element-cf7fd09 elementor-widget elementor-widget-text-editor\" data-id=\"cf7fd09\" data-element_type=\"widget\" data-widget_type=\"text-editor.default\">\n\t\t\t\t<div class=\"elementor-widget-container\">\n\t\t\t\t\t\t\t\t\t<p><strong>Experiencia de usuario mejorada<\/strong>: Mejora el rendimiento de los sistemas de entretenimiento y navegaci\u00f3n.<\/p>\t\t\t\t\t\t\t\t<\/div>\n\t\t\t\t<\/div>\n\t\t\t\t\t<\/div>\n\t\t<\/div>\n\t\t\t\t\t<\/div>\n\t\t<\/section>\n\t\t\t\t\t<\/div>\n\t\t<\/div>\n\t\t\t\t\t<\/div>\n\t\t<\/section>\n\t\t\t\t<\/div>","protected":false},"excerpt":{"rendered":"<p>Vehicle Application Use of Mobile Signal Booster Using a mobile signal booster in a vehicle can significantly improve the performance of various vehicle applications that rely on cellular connectivity. Here\u2019s how a signal booster enhances different vehicle applications: GPS Navigation Systems Improved Accuracy and Reliability: GPS systems in vehicles rely on cellular signals for real-time [&hellip;]<\/p>","protected":false},"author":1,"featured_media":0,"parent":0,"menu_order":0,"comment_status":"closed","ping_status":"closed","template":"","meta":{"_acf_changed":false,"_eb_attr":"","_monsterinsights_skip_tracking":false,"_monsterinsights_sitenote_active":false,"_monsterinsights_sitenote_note":"","_monsterinsights_sitenote_category":0,"jetpack_post_was_ever_published":false,"footnotes":""},"class_list":["post-7138","page","type-page","status-publish","hentry"],"acf":[],"jetpack_sharing_enabled":true,"_links":{"self":[{"href":"https:\/\/www.wanscom.com\/es\/wp-json\/wp\/v2\/pages\/7138","targetHints":{"allow":["GET"]}}],"collection":[{"href":"https:\/\/www.wanscom.com\/es\/wp-json\/wp\/v2\/pages"}],"about":[{"href":"https:\/\/www.wanscom.com\/es\/wp-json\/wp\/v2\/types\/page"}],"author":[{"embeddable":true,"href":"https:\/\/www.wanscom.com\/es\/wp-json\/wp\/v2\/users\/1"}],"replies":[{"embeddable":true,"href":"https:\/\/www.wanscom.com\/es\/wp-json\/wp\/v2\/comments?post=7138"}],"version-history":[{"count":10,"href":"https:\/\/www.wanscom.com\/es\/wp-json\/wp\/v2\/pages\/7138\/revisions"}],"predecessor-version":[{"id":7316,"href":"https:\/\/www.wanscom.com\/es\/wp-json\/wp\/v2\/pages\/7138\/revisions\/7316"}],"wp:attachment":[{"href":"https:\/\/www.wanscom.com\/es\/wp-json\/wp\/v2\/media?parent=7138"}],"curies":[{"name":"wp","href":"https:\/\/api.w.org\/{rel}","templated":true}]}}