{"id":7139,"date":"2024-06-19T03:38:24","date_gmt":"2024-06-19T02:38:24","guid":{"rendered":"https:\/\/www.wanscom.com\/?page_id=7139"},"modified":"2024-08-09T08:04:04","modified_gmt":"2024-08-09T07:04:04","slug":"uso-industrial","status":"publish","type":"page","link":"https:\/\/www.wanscom.com\/es\/uso-industrial\/","title":{"rendered":"Uso industrial"},"content":{"rendered":"<div data-elementor-type=\"wp-page\" data-elementor-id=\"7139\" class=\"elementor elementor-7139\" data-elementor-post-type=\"page\">\n\t\t\t\t\t\t<section class=\"elementor-section elementor-top-section elementor-element elementor-element-58325046 elementor-section-boxed elementor-section-height-default elementor-section-height-default\" data-id=\"58325046\" data-element_type=\"section\" id=\"xs_faq_5\">\n\t\t\t\t\t\t<div class=\"elementor-container elementor-column-gap-default\">\n\t\t\t\t\t<div class=\"elementor-column elementor-col-100 elementor-top-column elementor-element elementor-element-4984f41\" data-id=\"4984f41\" data-element_type=\"column\">\n\t\t\t<div class=\"elementor-widget-wrap elementor-element-populated\">\n\t\t\t\t\t\t<div class=\"elementor-element elementor-element-4a32ce57 elementor-widget elementor-widget-elementskit-heading\" data-id=\"4a32ce57\" data-element_type=\"widget\" data-widget_type=\"elementskit-heading.default\">\n\t\t\t\t<div class=\"elementor-widget-container\">\n\t\t\t\t\t<div class=\"ekit-wid-con\" ><div class=\"ekit-heading elementskit-section-title-wraper center   ekit_heading_tablet-   ekit_heading_mobile-\"><h2 class=\"ekit-heading--title elementskit-section-title\">Uso industrial del amplificador de se\u00f1al m\u00f3vil<\/h2><div class=\"ekit_heading_separetor_wraper ekit_heading_elementskit-border-divider ekit-dotted\"><div class=\"elementskit-border-divider ekit-dotted\"><\/div><\/div>\t\t\t\t<div class='ekit-heading__description'>\n\t\t\t\t\t<p>El uso industrial de amplificadores de se\u00f1al m\u00f3vil, tambi\u00e9n conocidos como repetidores o amplificadores celulares, es crucial para garantizar una comunicaci\u00f3n celular robusta y fiable en entornos en los que la intensidad de la se\u00f1al suele verse comprometida. Estos entornos incluyen grandes edificios, instalaciones de fabricaci\u00f3n, almacenes y ubicaciones remotas. He aqu\u00ed un resumen de c\u00f3mo se utilizan los amplificadores de se\u00f1al m\u00f3vil en entornos industriales:<\/p>\n\t\t\t\t<\/div>\n\t\t\t<\/div><\/div>\t\t\t\t<\/div>\n\t\t\t\t<\/div>\n\t\t\t\t<section class=\"elementor-section elementor-inner-section elementor-element elementor-element-609ef8ae elementor-section-boxed elementor-section-height-default elementor-section-height-default\" data-id=\"609ef8ae\" data-element_type=\"section\">\n\t\t\t\t\t\t<div class=\"elementor-container elementor-column-gap-default\">\n\t\t\t\t\t<div class=\"elementor-column elementor-col-50 elementor-inner-column elementor-element elementor-element-636f0625\" data-id=\"636f0625\" data-element_type=\"column\">\n\t\t\t<div class=\"elementor-widget-wrap elementor-element-populated\">\n\t\t\t\t\t\t<div class=\"elementor-element elementor-element-7150b52d elementor-widget elementor-widget-elementskit-faq\" data-id=\"7150b52d\" data-element_type=\"widget\" data-widget_type=\"elementskit-faq.default\">\n\t\t\t\t<div class=\"elementor-widget-container\">\n\t\t\t\t\t<div class=\"ekit-wid-con\" >\n                <div class=\"elementskit-single-faq elementor-repeater-item-ccb3fc9\">\n            <div class=\"elementskit-faq-header\">\n                <h2 class=\"elementskit-faq-title\">Mejorar la comunicaci\u00f3n en los grandes edificios<\/h2>\n            <\/div>\n            <div class=\"elementskit-faq-body\">\n                Los grandes edificios de oficinas con varias plantas pueden tener zonas con se\u00f1al m\u00f3vil d\u00e9bil. Los amplificadores garantizan que los empleados est\u00e9n conectados en todo el edificio.            <\/div>\n        <\/div>\n                <div class=\"elementskit-single-faq elementor-repeater-item-1219655\">\n            <div class=\"elementskit-faq-header\">\n                <h2 class=\"elementskit-faq-title\">Mejorar la conectividad en ubicaciones remotas<\/h2>\n            <\/div>\n            <div class=\"elementskit-faq-body\">\n                Los amplificadores de se\u00f1al, situados a menudo en zonas con mala cobertura de telefon\u00eda m\u00f3vil, ayudan a mantener la comunicaci\u00f3n con los jefes de proyecto, los proveedores y los servicios de emergencia.            <\/div>\n        <\/div>\n                <div class=\"elementskit-single-faq elementor-repeater-item-31ebcfd\">\n            <div class=\"elementskit-faq-header\">\n                <h2 class=\"elementskit-faq-title\">Garantizar la seguridad<\/h2>\n            <\/div>\n            <div class=\"elementskit-faq-body\">\n                En entornos industriales, especialmente en los que intervienen materiales o procesos peligrosos, una comunicaci\u00f3n fiable es fundamental para los protocolos de seguridad y la respuesta a emergencias.            <\/div>\n        <\/div>\n                \n    <\/div>\t\t\t\t<\/div>\n\t\t\t\t<\/div>\n\t\t\t\t\t<\/div>\n\t\t<\/div>\n\t\t\t\t<div class=\"elementor-column elementor-col-50 elementor-inner-column elementor-element elementor-element-3d2d6938\" data-id=\"3d2d6938\" data-element_type=\"column\">\n\t\t\t<div class=\"elementor-widget-wrap elementor-element-populated\">\n\t\t\t\t\t\t<div class=\"elementor-element elementor-element-495899bb elementor-widget elementor-widget-elementskit-faq\" data-id=\"495899bb\" data-element_type=\"widget\" data-widget_type=\"elementskit-faq.default\">\n\t\t\t\t<div class=\"elementor-widget-container\">\n\t\t\t\t\t<div class=\"ekit-wid-con\" >\n                <div class=\"elementskit-single-faq elementor-repeater-item-e12c595\">\n            <div class=\"elementskit-faq-header\">\n                <h2 class=\"elementskit-faq-title\">Mejorar la conectividad de Internet de las Cosas (IoT)<\/h2>\n            <\/div>\n            <div class=\"elementskit-faq-body\">\n                Los dispositivos IoT utilizados para la automatizaci\u00f3n y la supervisi\u00f3n requieren una conectividad fiable. Los amplificadores de se\u00f1al facilitan el funcionamiento fluido de estos dispositivos.            <\/div>\n        <\/div>\n                <div class=\"elementskit-single-faq elementor-repeater-item-5f94b9e\">\n            <div class=\"elementskit-faq-header\">\n                <h2 class=\"elementskit-faq-title\">Mejorar la experiencia de clientes y visitantes<\/h2>\n            <\/div>\n            <div class=\"elementskit-faq-body\">\n                En los grandes comercios, la potencia de la se\u00f1al m\u00f3vil mejora la experiencia del cliente al permitir los pagos m\u00f3viles y el acceso a la informaci\u00f3n en l\u00ednea.            <\/div>\n        <\/div>\n                <div class=\"elementskit-single-faq elementor-repeater-item-ad5f942\">\n            <div class=\"elementskit-faq-header\">\n                <h2 class=\"elementskit-faq-title\">Beneficios<\/h2>\n            <\/div>\n            <div class=\"elementskit-faq-body\">\n                Aumento de la productividad, ahorro de costes, mejora de la seguridad            <\/div>\n        <\/div>\n                \n    <\/div>\t\t\t\t<\/div>\n\t\t\t\t<\/div>\n\t\t\t\t\t<\/div>\n\t\t<\/div>\n\t\t\t\t\t<\/div>\n\t\t<\/section>\n\t\t\t\t\t<\/div>\n\t\t<\/div>\n\t\t\t\t\t<\/div>\n\t\t<\/section>\n\t\t\t\t<\/div>","protected":false},"excerpt":{"rendered":"<p>Industrial Use of mobile signal booster The industrial use of mobile signal boosters, also known as cellular repeaters or amplifiers, is crucial for ensuring robust and reliable cellular communication in environments where signal strength is often compromised. These environments include large buildings, manufacturing facilities, warehouses, and remote locations. Here&#8217;s an overview of how mobile signal [&hellip;]<\/p>","protected":false},"author":1,"featured_media":0,"parent":0,"menu_order":0,"comment_status":"closed","ping_status":"closed","template":"","meta":{"_acf_changed":false,"_eb_attr":"","_monsterinsights_skip_tracking":false,"_monsterinsights_sitenote_active":false,"_monsterinsights_sitenote_note":"","_monsterinsights_sitenote_category":0,"jetpack_post_was_ever_published":false,"footnotes":""},"class_list":["post-7139","page","type-page","status-publish","hentry"],"acf":[],"jetpack_sharing_enabled":true,"_links":{"self":[{"href":"https:\/\/www.wanscom.com\/es\/wp-json\/wp\/v2\/pages\/7139","targetHints":{"allow":["GET"]}}],"collection":[{"href":"https:\/\/www.wanscom.com\/es\/wp-json\/wp\/v2\/pages"}],"about":[{"href":"https:\/\/www.wanscom.com\/es\/wp-json\/wp\/v2\/types\/page"}],"author":[{"embeddable":true,"href":"https:\/\/www.wanscom.com\/es\/wp-json\/wp\/v2\/users\/1"}],"replies":[{"embeddable":true,"href":"https:\/\/www.wanscom.com\/es\/wp-json\/wp\/v2\/comments?post=7139"}],"version-history":[{"count":17,"href":"https:\/\/www.wanscom.com\/es\/wp-json\/wp\/v2\/pages\/7139\/revisions"}],"predecessor-version":[{"id":28167,"href":"https:\/\/www.wanscom.com\/es\/wp-json\/wp\/v2\/pages\/7139\/revisions\/28167"}],"wp:attachment":[{"href":"https:\/\/www.wanscom.com\/es\/wp-json\/wp\/v2\/media?parent=7139"}],"curies":[{"name":"wp","href":"https:\/\/api.w.org\/{rel}","templated":true}]}}