{"id":1250,"date":"2024-05-26T14:05:02","date_gmt":"2024-05-26T13:05:02","guid":{"rendered":"https:\/\/www.wanscom.com\/?page_id=1250"},"modified":"2024-07-03T02:26:38","modified_gmt":"2024-07-03T01:26:38","slug":"solution","status":"publish","type":"page","link":"https:\/\/www.wanscom.com\/fr\/solution\/","title":{"rendered":"Solution"},"content":{"rendered":"<div data-elementor-type=\"wp-page\" data-elementor-id=\"1250\" class=\"elementor elementor-1250\" data-elementor-post-type=\"page\">\n\t\t\t\t\t\t<section class=\"elementor-section elementor-top-section elementor-element elementor-element-26302397 elementor-section-full_width elementor-section-height-default elementor-section-height-default\" data-id=\"26302397\" data-element_type=\"section\">\n\t\t\t\t\t\t<div class=\"elementor-container elementor-column-gap-no\">\n\t\t\t\t\t<div class=\"elementor-column elementor-col-100 elementor-top-column elementor-element elementor-element-22a6e291\" data-id=\"22a6e291\" data-element_type=\"column\">\n\t\t\t<div class=\"elementor-widget-wrap elementor-element-populated\">\n\t\t\t\t\t\t<div class=\"elementor-element elementor-element-3ca699b5 elementor-widget elementor-widget-elementskit-heading\" data-id=\"3ca699b5\" data-element_type=\"widget\" data-widget_type=\"elementskit-heading.default\">\n\t\t\t\t<div class=\"elementor-widget-container\">\n\t\t\t\t\t<div class=\"ekit-wid-con\" ><div class=\"ekit-heading elementskit-section-title-wraper center   ekit_heading_tablet-   ekit_heading_mobile-\"><h2 class=\"ekit-heading--title elementskit-section-title\">Application de renforcement du signal mobile<\/h2><div class=\"ekit_heading_separetor_wraper ekit_heading_elementskit-border-divider ekit-dotted\"><div class=\"elementskit-border-divider ekit-dotted\"><\/div><\/div>\t\t\t\t<div class='ekit-heading__description'>\n\t\t\t\t\t<p>Les amplificateurs de signaux mobiles sont des appareils essentiels con\u00e7us pour am\u00e9liorer la force et la qualit\u00e9 des signaux mobiles dans les zones o\u00f9 la r\u00e9ception est faible ou peu fiable. Voici un aper\u00e7u des diff\u00e9rentes applications des amplificateurs de signaux mobiles :<\/p>\n\t\t\t\t<\/div>\n\t\t\t<\/div><\/div>\t\t\t\t<\/div>\n\t\t\t\t<\/div>\n\t\t\t\t<section class=\"elementor-section elementor-inner-section elementor-element elementor-element-164d30e8 elementor-section-boxed elementor-section-height-default elementor-section-height-default elementor-invisible\" data-id=\"164d30e8\" data-element_type=\"section\" data-settings=\"{&quot;animation&quot;:&quot;fadeInDown&quot;}\">\n\t\t\t\t\t\t<div class=\"elementor-container elementor-column-gap-default\">\n\t\t\t\t\t<div class=\"elementor-column elementor-col-33 elementor-inner-column elementor-element elementor-element-8d89f2e\" data-id=\"8d89f2e\" data-element_type=\"column\">\n\t\t\t<div class=\"elementor-widget-wrap elementor-element-populated\">\n\t\t\t\t\t\t<div class=\"elementor-element elementor-element-483462e1 ekit-equal-height-disable elementor-invisible elementor-widget elementor-widget-elementskit-image-box\" data-id=\"483462e1\" data-element_type=\"widget\" data-settings=\"{&quot;_animation&quot;:&quot;fadeInLeft&quot;,&quot;motion_fx_motion_fx_mouse&quot;:&quot;yes&quot;}\" data-widget_type=\"elementskit-image-box.default\">\n\t\t\t\t<div class=\"elementor-widget-container\">\n\t\t\t\t\t<div class=\"ekit-wid-con\" >\n            <div class=\"elementskit-info-image-box ekit-image-box text-left style-sideline\" >\n\n                <a href=\"https:\/\/www.wanscom.com\/fr\/usage-residentiel\/\">\n                <div class=\"elementskit-box-header image-box-img-left\">\n\n                    <img fetchpriority=\"high\" decoding=\"async\" width=\"1280\" height=\"873\" src=\"https:\/\/i0.wp.com\/www.wanscom.com\/wp-content\/uploads\/2024\/06\/house-garage-driveway-1867187.jpg?fit=1280%2C873&amp;ssl=1\" class=\"attachment-full size-full wp-image-7113\" alt=\"booster de signal mobile pour la maison\" srcset=\"https:\/\/i0.wp.com\/www.wanscom.com\/wp-content\/uploads\/2024\/06\/house-garage-driveway-1867187.jpg?w=1280&amp;ssl=1 1280w, https:\/\/i0.wp.com\/www.wanscom.com\/wp-content\/uploads\/2024\/06\/house-garage-driveway-1867187.jpg?resize=430%2C293&amp;ssl=1 430w, https:\/\/i0.wp.com\/www.wanscom.com\/wp-content\/uploads\/2024\/06\/house-garage-driveway-1867187.jpg?resize=700%2C477&amp;ssl=1 700w, https:\/\/i0.wp.com\/www.wanscom.com\/wp-content\/uploads\/2024\/06\/house-garage-driveway-1867187.jpg?resize=300%2C205&amp;ssl=1 300w, https:\/\/i0.wp.com\/www.wanscom.com\/wp-content\/uploads\/2024\/06\/house-garage-driveway-1867187.jpg?resize=1024%2C698&amp;ssl=1 1024w\" sizes=\"(max-width: 800px) 100vw, 800px\" title=\"\">\n                <\/div>\n                <\/a>\n                <div class=\"elementskit-box-body ekit-image-box-body\">\n                    <div class=\"elementskit-box-content ekit-image-box-body-inner\">\n                                                <h3 class=\"elementskit-info-box-title\">\n\n                        Usage r\u00e9sidentiel\n                        \n                    <\/h3>\n                                                            <div class=\"elementskit-box-style-content\">\n                         garantit que chaque coin de votre maison b\u00e9n\u00e9ficie d'une connectivit\u00e9 forte et fiable, am\u00e9liorant ainsi la qualit\u00e9 des appels et les vitesses d'Internet.                    <\/div>\n                                    <\/div>\n\n                                <div class=\"elementskit-box-footer\">\n                    <div class=\"box-footer\">\n                        <div class=\"btn-wraper\">\n                                                            <a href=\"https:\/\/www.wanscom.com\/fr\/usage-residentiel\/\" class=\"elementskit-btn whitespace--normal\">\n                                    \n                                    \n                                    Lire la suite                                <\/a>\n                                                        <\/div>\n                    <\/div>\n                <\/div>\n                            <\/div>\n            <\/div>\n    <\/div>\t\t\t\t<\/div>\n\t\t\t\t<\/div>\n\t\t\t\t\t<\/div>\n\t\t<\/div>\n\t\t\t\t<div class=\"elementor-column elementor-col-33 elementor-inner-column elementor-element elementor-element-e952bc1\" data-id=\"e952bc1\" data-element_type=\"column\">\n\t\t\t<div class=\"elementor-widget-wrap elementor-element-populated\">\n\t\t\t\t\t\t<div class=\"elementor-element elementor-element-640ad972 ekit-equal-height-disable elementor-widget elementor-widget-elementskit-image-box\" data-id=\"640ad972\" data-element_type=\"widget\" data-settings=\"{&quot;motion_fx_motion_fx_mouse&quot;:&quot;yes&quot;}\" data-widget_type=\"elementskit-image-box.default\">\n\t\t\t\t<div class=\"elementor-widget-container\">\n\t\t\t\t\t<div class=\"ekit-wid-con\" >\n            <div class=\"elementskit-info-image-box ekit-image-box text-left style-sideline\" >\n\n                <a href=\"https:\/\/www.wanscom.com\/fr\/usage-commercial\/\">\n                <div class=\"elementskit-box-header image-box-img-left\">\n\n                    <img decoding=\"async\" width=\"1280\" height=\"841\" src=\"https:\/\/i0.wp.com\/www.wanscom.com\/wp-content\/uploads\/2024\/06\/house-skyscraper-building-2892798.jpg?fit=1280%2C841&amp;ssl=1\" class=\"attachment-full size-full wp-image-7114\" alt=\"amplificateur de signal pour immeuble de bureaux\" srcset=\"https:\/\/i0.wp.com\/www.wanscom.com\/wp-content\/uploads\/2024\/06\/house-skyscraper-building-2892798.jpg?w=1280&amp;ssl=1 1280w, https:\/\/i0.wp.com\/www.wanscom.com\/wp-content\/uploads\/2024\/06\/house-skyscraper-building-2892798.jpg?resize=430%2C283&amp;ssl=1 430w, https:\/\/i0.wp.com\/www.wanscom.com\/wp-content\/uploads\/2024\/06\/house-skyscraper-building-2892798.jpg?resize=700%2C460&amp;ssl=1 700w, https:\/\/i0.wp.com\/www.wanscom.com\/wp-content\/uploads\/2024\/06\/house-skyscraper-building-2892798.jpg?resize=300%2C197&amp;ssl=1 300w, https:\/\/i0.wp.com\/www.wanscom.com\/wp-content\/uploads\/2024\/06\/house-skyscraper-building-2892798.jpg?resize=1024%2C673&amp;ssl=1 1024w\" sizes=\"(max-width: 800px) 100vw, 800px\" title=\"\">\n                <\/div>\n                <\/a>\n                <div class=\"elementskit-box-body ekit-image-box-body\">\n                    <div class=\"elementskit-box-content ekit-image-box-body-inner\">\n                                                <h3 class=\"elementskit-info-box-title\">\n\n                        Usage commercial\n                        \n                    <\/h3>\n                                                            <div class=\"elementskit-box-style-content\">\n                        Les amplificateurs de signal permettent aux employ\u00e9s de b\u00e9n\u00e9ficier d'une connectivit\u00e9 mobile constante, ce qui am\u00e9liore la productivit\u00e9 et la communication.                    <\/div>\n                                    <\/div>\n\n                                <div class=\"elementskit-box-footer\">\n                    <div class=\"box-footer\">\n                        <div class=\"btn-wraper\">\n                                                            <a href=\"https:\/\/www.wanscom.com\/fr\/usage-commercial\/\" class=\"elementskit-btn whitespace--normal\">\n                                    \n                                    \n                                    Lire la suite                                <\/a>\n                                                        <\/div>\n                    <\/div>\n                <\/div>\n                            <\/div>\n            <\/div>\n    <\/div>\t\t\t\t<\/div>\n\t\t\t\t<\/div>\n\t\t\t\t\t<\/div>\n\t\t<\/div>\n\t\t\t\t<div class=\"elementor-column elementor-col-33 elementor-inner-column elementor-element elementor-element-50a07492\" data-id=\"50a07492\" data-element_type=\"column\">\n\t\t\t<div class=\"elementor-widget-wrap elementor-element-populated\">\n\t\t\t\t\t\t<div class=\"elementor-element elementor-element-37cbe7ed ekit-equal-height-disable elementor-widget elementor-widget-elementskit-image-box\" data-id=\"37cbe7ed\" data-element_type=\"widget\" data-settings=\"{&quot;motion_fx_motion_fx_mouse&quot;:&quot;yes&quot;}\" data-widget_type=\"elementskit-image-box.default\">\n\t\t\t\t<div class=\"elementor-widget-container\">\n\t\t\t\t\t<div class=\"ekit-wid-con\" >\n            <div class=\"elementskit-info-image-box ekit-image-box text-left style-sideline\" >\n\n                <a href=\"https:\/\/www.wanscom.com\/fr\/vehicules\/\">\n                <div class=\"elementskit-box-header image-box-img-left\">\n\n                    <img decoding=\"async\" width=\"1280\" height=\"853\" src=\"https:\/\/i0.wp.com\/www.wanscom.com\/wp-content\/uploads\/2024\/07\/pexels-photo-533562-533562.jpg?fit=1280%2C853&amp;ssl=1\" class=\"attachment-full size-full wp-image-27754\" alt=\"pexels-photo-533562-533562.jpg\" srcset=\"https:\/\/i0.wp.com\/www.wanscom.com\/wp-content\/uploads\/2024\/07\/pexels-photo-533562-533562.jpg?w=1280&amp;ssl=1 1280w, https:\/\/i0.wp.com\/www.wanscom.com\/wp-content\/uploads\/2024\/07\/pexels-photo-533562-533562.jpg?resize=400%2C267&amp;ssl=1 400w, https:\/\/i0.wp.com\/www.wanscom.com\/wp-content\/uploads\/2024\/07\/pexels-photo-533562-533562.jpg?resize=1200%2C800&amp;ssl=1 1200w, https:\/\/i0.wp.com\/www.wanscom.com\/wp-content\/uploads\/2024\/07\/pexels-photo-533562-533562.jpg?resize=768%2C512&amp;ssl=1 768w, https:\/\/i0.wp.com\/www.wanscom.com\/wp-content\/uploads\/2024\/07\/pexels-photo-533562-533562.jpg?resize=18%2C12&amp;ssl=1 18w, https:\/\/i0.wp.com\/www.wanscom.com\/wp-content\/uploads\/2024\/07\/pexels-photo-533562-533562.jpg?resize=430%2C287&amp;ssl=1 430w, https:\/\/i0.wp.com\/www.wanscom.com\/wp-content\/uploads\/2024\/07\/pexels-photo-533562-533562.jpg?resize=700%2C466&amp;ssl=1 700w, https:\/\/i0.wp.com\/www.wanscom.com\/wp-content\/uploads\/2024\/07\/pexels-photo-533562-533562.jpg?resize=600%2C400&amp;ssl=1 600w\" sizes=\"(max-width: 800px) 100vw, 800px\" title=\"\">\n                <\/div>\n                <\/a>\n                <div class=\"elementskit-box-body ekit-image-box-body\">\n                    <div class=\"elementskit-box-content ekit-image-box-body-inner\">\n                                                <h3 class=\"elementskit-info-box-title\">\n\n                        V\u00e9hicules\n                        \n                    <\/h3>\n                                                            <div class=\"elementskit-box-style-content\">\n                        Les amplificateurs de signal mobile con\u00e7us pour les v\u00e9hicules permettent de maintenir une connectivit\u00e9 solide pendant les d\u00e9placements,                    <\/div>\n                                    <\/div>\n\n                                <div class=\"elementskit-box-footer\">\n                    <div class=\"box-footer\">\n                        <div class=\"btn-wraper\">\n                                                            <a href=\"https:\/\/www.wanscom.com\/fr\/vehicules\/\" class=\"elementskit-btn whitespace--normal\">\n                                    \n                                    \n                                    Lire la suite                                <\/a>\n                                                        <\/div>\n                    <\/div>\n                <\/div>\n                            <\/div>\n            <\/div>\n    <\/div>\t\t\t\t<\/div>\n\t\t\t\t<\/div>\n\t\t\t\t\t<\/div>\n\t\t<\/div>\n\t\t\t\t\t<\/div>\n\t\t<\/section>\n\t\t\t\t<section class=\"elementor-section elementor-inner-section elementor-element elementor-element-a75f8f8 elementor-section-boxed elementor-section-height-default elementor-section-height-default\" data-id=\"a75f8f8\" data-element_type=\"section\">\n\t\t\t\t\t\t<div class=\"elementor-container elementor-column-gap-default\">\n\t\t\t\t\t<div class=\"elementor-column elementor-col-33 elementor-inner-column elementor-element elementor-element-35ad584\" data-id=\"35ad584\" data-element_type=\"column\">\n\t\t\t<div class=\"elementor-widget-wrap elementor-element-populated\">\n\t\t\t\t\t\t<div class=\"elementor-element elementor-element-c319caa ekit-equal-height-disable elementor-invisible elementor-widget elementor-widget-elementskit-image-box\" data-id=\"c319caa\" data-element_type=\"widget\" data-settings=\"{&quot;motion_fx_motion_fx_mouse&quot;:&quot;yes&quot;,&quot;_animation&quot;:&quot;fadeInLeft&quot;}\" data-widget_type=\"elementskit-image-box.default\">\n\t\t\t\t<div class=\"elementor-widget-container\">\n\t\t\t\t\t<div class=\"ekit-wid-con\" >\n            <div class=\"elementskit-info-image-box ekit-image-box text-left style-sideline\" >\n\n                <a href=\"https:\/\/www.wanscom.com\/fr\/utilisation-industrielle\/\">\n                <div class=\"elementskit-box-header image-box-img-left\">\n\n                    <img loading=\"lazy\" decoding=\"async\" width=\"1280\" height=\"853\" src=\"https:\/\/i0.wp.com\/www.wanscom.com\/wp-content\/uploads\/2024\/07\/pexels-photo-1145434-1145434.jpg?fit=1280%2C853&amp;ssl=1\" class=\"attachment-full size-full wp-image-27753\" alt=\"pexels-photo-1145434-1145434.jpg\" srcset=\"https:\/\/i0.wp.com\/www.wanscom.com\/wp-content\/uploads\/2024\/07\/pexels-photo-1145434-1145434.jpg?w=1280&amp;ssl=1 1280w, https:\/\/i0.wp.com\/www.wanscom.com\/wp-content\/uploads\/2024\/07\/pexels-photo-1145434-1145434.jpg?resize=400%2C267&amp;ssl=1 400w, https:\/\/i0.wp.com\/www.wanscom.com\/wp-content\/uploads\/2024\/07\/pexels-photo-1145434-1145434.jpg?resize=1200%2C800&amp;ssl=1 1200w, https:\/\/i0.wp.com\/www.wanscom.com\/wp-content\/uploads\/2024\/07\/pexels-photo-1145434-1145434.jpg?resize=768%2C512&amp;ssl=1 768w, https:\/\/i0.wp.com\/www.wanscom.com\/wp-content\/uploads\/2024\/07\/pexels-photo-1145434-1145434.jpg?resize=18%2C12&amp;ssl=1 18w, https:\/\/i0.wp.com\/www.wanscom.com\/wp-content\/uploads\/2024\/07\/pexels-photo-1145434-1145434.jpg?resize=430%2C287&amp;ssl=1 430w, https:\/\/i0.wp.com\/www.wanscom.com\/wp-content\/uploads\/2024\/07\/pexels-photo-1145434-1145434.jpg?resize=700%2C466&amp;ssl=1 700w, https:\/\/i0.wp.com\/www.wanscom.com\/wp-content\/uploads\/2024\/07\/pexels-photo-1145434-1145434.jpg?resize=600%2C400&amp;ssl=1 600w\" sizes=\"(max-width: 800px) 100vw, 800px\" title=\"\">\n                <\/div>\n                <\/a>\n                <div class=\"elementskit-box-body ekit-image-box-body\">\n                    <div class=\"elementskit-box-content ekit-image-box-body-inner\">\n                                                <h3 class=\"elementskit-info-box-title\">\n\n                        Utilisation industrielle\n                        \n                    <\/h3>\n                                                            <div class=\"elementskit-box-style-content\">\n                        Les amplificateurs de signal peuvent am\u00e9liorer consid\u00e9rablement la connectivit\u00e9, qui est cruciale pour les op\u00e9rations, la gestion des stocks et la communication.                    <\/div>\n                                    <\/div>\n\n                                <div class=\"elementskit-box-footer\">\n                    <div class=\"box-footer\">\n                        <div class=\"btn-wraper\">\n                                                            <a href=\"https:\/\/www.wanscom.com\/fr\/utilisation-industrielle\/\" class=\"elementskit-btn whitespace--normal\">\n                                    \n                                    \n                                    Lire la suite                                <\/a>\n                                                        <\/div>\n                    <\/div>\n                <\/div>\n                            <\/div>\n            <\/div>\n    <\/div>\t\t\t\t<\/div>\n\t\t\t\t<\/div>\n\t\t\t\t\t<\/div>\n\t\t<\/div>\n\t\t\t\t<div class=\"elementor-column elementor-col-33 elementor-inner-column elementor-element elementor-element-5df0655\" data-id=\"5df0655\" data-element_type=\"column\">\n\t\t\t<div class=\"elementor-widget-wrap elementor-element-populated\">\n\t\t\t\t\t\t<div class=\"elementor-element elementor-element-399d914 ekit-equal-height-disable elementor-widget elementor-widget-elementskit-image-box\" data-id=\"399d914\" data-element_type=\"widget\" data-settings=\"{&quot;motion_fx_motion_fx_mouse&quot;:&quot;yes&quot;}\" data-widget_type=\"elementskit-image-box.default\">\n\t\t\t\t<div class=\"elementor-widget-container\">\n\t\t\t\t\t<div class=\"ekit-wid-con\" >\n            <div class=\"elementskit-info-image-box ekit-image-box text-left style-sideline\" >\n\n                <a href=\"https:\/\/www.wanscom.com\/fr\/espaces-publics-et-communautaires\/\">\n                <div class=\"elementskit-box-header image-box-img-left\">\n\n                    <img loading=\"lazy\" decoding=\"async\" width=\"1280\" height=\"853\" src=\"https:\/\/i0.wp.com\/www.wanscom.com\/wp-content\/uploads\/2024\/06\/grocery-shopping-supermarket-1232944.jpg?fit=1280%2C853&amp;ssl=1\" class=\"attachment-full size-full wp-image-7124\" alt=\"\u00e9picerie, courses, supermarch\u00e9-1232944.jpg\" srcset=\"https:\/\/i0.wp.com\/www.wanscom.com\/wp-content\/uploads\/2024\/06\/grocery-shopping-supermarket-1232944.jpg?w=1280&amp;ssl=1 1280w, https:\/\/i0.wp.com\/www.wanscom.com\/wp-content\/uploads\/2024\/06\/grocery-shopping-supermarket-1232944.jpg?resize=430%2C287&amp;ssl=1 430w, https:\/\/i0.wp.com\/www.wanscom.com\/wp-content\/uploads\/2024\/06\/grocery-shopping-supermarket-1232944.jpg?resize=700%2C466&amp;ssl=1 700w, https:\/\/i0.wp.com\/www.wanscom.com\/wp-content\/uploads\/2024\/06\/grocery-shopping-supermarket-1232944.jpg?resize=300%2C200&amp;ssl=1 300w, https:\/\/i0.wp.com\/www.wanscom.com\/wp-content\/uploads\/2024\/06\/grocery-shopping-supermarket-1232944.jpg?resize=1024%2C682&amp;ssl=1 1024w, https:\/\/i0.wp.com\/www.wanscom.com\/wp-content\/uploads\/2024\/06\/grocery-shopping-supermarket-1232944.jpg?resize=600%2C400&amp;ssl=1 600w, https:\/\/i0.wp.com\/www.wanscom.com\/wp-content\/uploads\/2024\/06\/grocery-shopping-supermarket-1232944.jpg?resize=1200%2C800&amp;ssl=1 1200w\" sizes=\"(max-width: 800px) 100vw, 800px\" title=\"\">\n                <\/div>\n                <\/a>\n                <div class=\"elementskit-box-body ekit-image-box-body\">\n                    <div class=\"elementskit-box-content ekit-image-box-body-inner\">\n                                                <h3 class=\"elementskit-info-box-title\">\n\n                        Espaces publics et communautaires\n                        \n                    <\/h3>\n                                                            <div class=\"elementskit-box-style-content\">\n                        Une connectivit\u00e9 mobile fiable est essentielle pour la communication dans l'espace public. Les amplificateurs de signal assurent une connectivit\u00e9 sans faille dans ces environnements critiques.                    <\/div>\n                                    <\/div>\n\n                                <div class=\"elementskit-box-footer\">\n                    <div class=\"box-footer\">\n                        <div class=\"btn-wraper\">\n                                                            <a href=\"https:\/\/www.wanscom.com\/fr\/espaces-publics-et-communautaires\/\" class=\"elementskit-btn whitespace--normal\">\n                                    \n                                    \n                                    Lire la suite                                <\/a>\n                                                        <\/div>\n                    <\/div>\n                <\/div>\n                            <\/div>\n            <\/div>\n    <\/div>\t\t\t\t<\/div>\n\t\t\t\t<\/div>\n\t\t\t\t\t<\/div>\n\t\t<\/div>\n\t\t\t\t<div class=\"elementor-column elementor-col-33 elementor-inner-column elementor-element elementor-element-fc8fc13\" data-id=\"fc8fc13\" data-element_type=\"column\">\n\t\t\t<div class=\"elementor-widget-wrap elementor-element-populated\">\n\t\t\t\t\t\t<div class=\"elementor-element elementor-element-f4c70e6 ekit-equal-height-disable elementor-widget elementor-widget-elementskit-image-box\" data-id=\"f4c70e6\" data-element_type=\"widget\" data-settings=\"{&quot;motion_fx_motion_fx_mouse&quot;:&quot;yes&quot;}\" data-widget_type=\"elementskit-image-box.default\">\n\t\t\t\t<div class=\"elementor-widget-container\">\n\t\t\t\t\t<div class=\"ekit-wid-con\" >\n            <div class=\"elementskit-info-image-box ekit-image-box text-left style-sideline\" >\n\n                <a href=\"https:\/\/www.wanscom.com\/fr\/rural-areas\/\">\n                <div class=\"elementskit-box-header image-box-img-left\">\n\n                    <img loading=\"lazy\" decoding=\"async\" width=\"1280\" height=\"853\" src=\"https:\/\/i0.wp.com\/www.wanscom.com\/wp-content\/uploads\/2024\/06\/rice-field-paddy-field-agriculture-7890204.jpg?fit=1280%2C853&amp;ssl=1\" class=\"attachment-full size-full wp-image-7125\" alt=\"r\u00e9p\u00e9teur de signal pour ferme zone rurale\" srcset=\"https:\/\/i0.wp.com\/www.wanscom.com\/wp-content\/uploads\/2024\/06\/rice-field-paddy-field-agriculture-7890204.jpg?w=1280&amp;ssl=1 1280w, https:\/\/i0.wp.com\/www.wanscom.com\/wp-content\/uploads\/2024\/06\/rice-field-paddy-field-agriculture-7890204.jpg?resize=430%2C287&amp;ssl=1 430w, https:\/\/i0.wp.com\/www.wanscom.com\/wp-content\/uploads\/2024\/06\/rice-field-paddy-field-agriculture-7890204.jpg?resize=700%2C466&amp;ssl=1 700w, https:\/\/i0.wp.com\/www.wanscom.com\/wp-content\/uploads\/2024\/06\/rice-field-paddy-field-agriculture-7890204.jpg?resize=300%2C200&amp;ssl=1 300w, https:\/\/i0.wp.com\/www.wanscom.com\/wp-content\/uploads\/2024\/06\/rice-field-paddy-field-agriculture-7890204.jpg?resize=1024%2C682&amp;ssl=1 1024w, https:\/\/i0.wp.com\/www.wanscom.com\/wp-content\/uploads\/2024\/06\/rice-field-paddy-field-agriculture-7890204.jpg?resize=600%2C400&amp;ssl=1 600w, https:\/\/i0.wp.com\/www.wanscom.com\/wp-content\/uploads\/2024\/06\/rice-field-paddy-field-agriculture-7890204.jpg?resize=1200%2C800&amp;ssl=1 1200w\" sizes=\"(max-width: 800px) 100vw, 800px\" title=\"\">\n                <\/div>\n                <\/a>\n                <div class=\"elementskit-box-body ekit-image-box-body\">\n                    <div class=\"elementskit-box-content ekit-image-box-body-inner\">\n                                                <h3 class=\"elementskit-info-box-title\">\n\n                        Zones rurales\n                        \n                    <\/h3>\n                                                            <div class=\"elementskit-box-style-content\">\n                        Dans les zones rurales ou \u00e9loign\u00e9es, l'\u00e9loignement des antennes relais peut se traduire par des signaux faibles. Les amplificateurs de signal permettent de combler cette lacune et d'offrir une connectivit\u00e9 stable et am\u00e9lior\u00e9e.                    <\/div>\n                                    <\/div>\n\n                                <div class=\"elementskit-box-footer\">\n                    <div class=\"box-footer\">\n                        <div class=\"btn-wraper\">\n                                                            <a href=\"https:\/\/www.wanscom.com\/fr\/rural-areas\/\" class=\"elementskit-btn whitespace--normal\">\n                                    \n                                    \n                                    Lire la suite                                <\/a>\n                                                        <\/div>\n                    <\/div>\n                <\/div>\n                            <\/div>\n            <\/div>\n    <\/div>\t\t\t\t<\/div>\n\t\t\t\t<\/div>\n\t\t\t\t\t<\/div>\n\t\t<\/div>\n\t\t\t\t\t<\/div>\n\t\t<\/section>\n\t\t\t\t\t<\/div>\n\t\t<\/div>\n\t\t\t\t\t<\/div>\n\t\t<\/section>\n\t\t\t\t<\/div>","protected":false},"excerpt":{"rendered":"<p>Mobile Signal Booster Application Mobile signal boosters are essential devices designed to improve the strength and quality of mobile signals in areas where reception is weak or unreliable. Here\u2019s an overview of various applications for mobile signal boosters: Residential Use mobile signal booster ensures that every corner of your home has strong, reliable connectivity, improving [&hellip;]<\/p>","protected":false},"author":1,"featured_media":0,"parent":0,"menu_order":0,"comment_status":"closed","ping_status":"closed","template":"","meta":{"_acf_changed":false,"_eb_attr":"","_monsterinsights_skip_tracking":false,"_monsterinsights_sitenote_active":false,"_monsterinsights_sitenote_note":"","_monsterinsights_sitenote_category":0,"jetpack_post_was_ever_published":false,"footnotes":""},"class_list":["post-1250","page","type-page","status-publish","hentry"],"acf":[],"jetpack_sharing_enabled":true,"_links":{"self":[{"href":"https:\/\/www.wanscom.com\/fr\/wp-json\/wp\/v2\/pages\/1250","targetHints":{"allow":["GET"]}}],"collection":[{"href":"https:\/\/www.wanscom.com\/fr\/wp-json\/wp\/v2\/pages"}],"about":[{"href":"https:\/\/www.wanscom.com\/fr\/wp-json\/wp\/v2\/types\/page"}],"author":[{"embeddable":true,"href":"https:\/\/www.wanscom.com\/fr\/wp-json\/wp\/v2\/users\/1"}],"replies":[{"embeddable":true,"href":"https:\/\/www.wanscom.com\/fr\/wp-json\/wp\/v2\/comments?post=1250"}],"version-history":[{"count":35,"href":"https:\/\/www.wanscom.com\/fr\/wp-json\/wp\/v2\/pages\/1250\/revisions"}],"predecessor-version":[{"id":27780,"href":"https:\/\/www.wanscom.com\/fr\/wp-json\/wp\/v2\/pages\/1250\/revisions\/27780"}],"wp:attachment":[{"href":"https:\/\/www.wanscom.com\/fr\/wp-json\/wp\/v2\/media?parent=1250"}],"curies":[{"name":"wp","href":"https:\/\/api.w.org\/{rel}","templated":true}]}}