{"id":1251,"date":"2024-05-26T14:05:03","date_gmt":"2024-05-26T13:05:03","guid":{"rendered":"https:\/\/www.wanscom.com\/?page_id=1251"},"modified":"2024-06-28T02:21:51","modified_gmt":"2024-06-28T01:21:51","slug":"soutien","status":"publish","type":"page","link":"https:\/\/www.wanscom.com\/fr\/soutien\/","title":{"rendered":"Soutien"},"content":{"rendered":"<div data-elementor-type=\"wp-page\" data-elementor-id=\"1251\" class=\"elementor elementor-1251\" data-elementor-post-type=\"page\">\n\t\t\t\t<div class=\"elementor-element elementor-element-to05hej e-flex e-con-boxed e-con e-parent\" data-id=\"to05hej\" data-element_type=\"container\" data-settings=\"{&quot;background_background&quot;:&quot;classic&quot;}\">\n\t\t\t\t\t<div class=\"e-con-inner\">\n\t\t<div class=\"elementor-element elementor-element-7514d15 e-con-full e-flex e-con e-child\" data-id=\"7514d15\" data-element_type=\"container\">\n\t\t\t\t<div class=\"elementor-element elementor-element-4b7dcab elementor-widget elementor-widget-heading\" data-id=\"4b7dcab\" data-element_type=\"widget\" data-widget_type=\"heading.default\">\n\t\t\t\t<div class=\"elementor-widget-container\">\n\t\t\t\t\t<h1 class=\"elementor-heading-title elementor-size-default\">FAQ<\/h1>\t\t\t\t<\/div>\n\t\t\t\t<\/div>\n\t\t\t\t<\/div>\n\t\t\t\t\t<\/div>\n\t\t\t\t<\/div>\n\t\t<div class=\"elementor-element elementor-element-9sc3uho e-flex e-con-boxed e-con e-parent\" data-id=\"9sc3uho\" data-element_type=\"container\">\n\t\t\t\t\t<div class=\"e-con-inner\">\n\t\t<div class=\"elementor-element elementor-element-dbd5893 e-con-full e-flex e-con e-child\" data-id=\"dbd5893\" data-element_type=\"container\">\n\t\t\t\t<div class=\"elementor-element elementor-element-bc24660 elementor-widget elementor-widget-heading\" data-id=\"bc24660\" data-element_type=\"widget\" data-widget_type=\"heading.default\">\n\t\t\t\t<div class=\"elementor-widget-container\">\n\t\t\t\t\t<h3 class=\"elementor-heading-title elementor-size-default\">Vous avez des questions ?<\/h3>\t\t\t\t<\/div>\n\t\t\t\t<\/div>\n\t\t\t\t<div class=\"elementor-element elementor-element-66ee600 elementor-widget elementor-widget-text-editor\" data-id=\"66ee600\" data-element_type=\"widget\" data-widget_type=\"text-editor.default\">\n\t\t\t\t<div class=\"elementor-widget-container\">\n\t\t\t\t\t\t\t\t\t<p>Dans le monde d'aujourd'hui, o\u00f9 tout va tr\u00e8s vite, une connectivit\u00e9 mobile fiable et robuste n'est pas seulement une commodit\u00e9, c'est une n\u00e9cessit\u00e9. Que vous soyez \u00e0 la t\u00eate d'une entreprise, que vous g\u00e9riez une installation ou que vous assuriez simplement une communication sans faille \u00e0 la maison, il est crucial de disposer d'un signal mobile fort et constant. Chez Wanscom, nous sommes sp\u00e9cialis\u00e9s dans la fourniture de solutions de signal mobile de premier ordre adapt\u00e9es \u00e0 vos besoins sp\u00e9cifiques.<\/p>\t\t\t\t\t\t\t\t<\/div>\n\t\t\t\t<\/div>\n\t\t<div class=\"elementor-element elementor-element-65231f7 e-con-full e-flex e-con e-child\" data-id=\"65231f7\" data-element_type=\"container\">\n\t\t<div class=\"elementor-element elementor-element-d9942b8 e-con-full e-flex e-con e-child\" data-id=\"d9942b8\" data-element_type=\"container\">\n\t\t\t\t<\/div>\n\t\t<div class=\"elementor-element elementor-element-290646b e-con-full e-flex e-con e-child\" data-id=\"290646b\" data-element_type=\"container\">\n\t\t\t\t<div class=\"elementor-element elementor-element-ccfa8d7 elementor-widget elementor-widget-image\" data-id=\"ccfa8d7\" data-element_type=\"widget\" data-widget_type=\"image.default\">\n\t\t\t\t<div class=\"elementor-widget-container\">\n\t\t\t\t\t\t\t\t\t\t\t\t\t\t\t<img fetchpriority=\"high\" decoding=\"async\" width=\"1280\" height=\"853\" src=\"https:\/\/i0.wp.com\/www.wanscom.com\/wp-content\/uploads\/2024\/06\/miniature-skateboarding-skateboarder-3365503.jpg?fit=1280%2C853&amp;ssl=1\" class=\"attachment-full size-full wp-image-7040\" alt=\"miniature, planche \u00e0 roulettes, skateur-3365503.jpg\" srcset=\"https:\/\/i0.wp.com\/www.wanscom.com\/wp-content\/uploads\/2024\/06\/miniature-skateboarding-skateboarder-3365503.jpg?w=1280&amp;ssl=1 1280w, https:\/\/i0.wp.com\/www.wanscom.com\/wp-content\/uploads\/2024\/06\/miniature-skateboarding-skateboarder-3365503.jpg?resize=430%2C287&amp;ssl=1 430w, https:\/\/i0.wp.com\/www.wanscom.com\/wp-content\/uploads\/2024\/06\/miniature-skateboarding-skateboarder-3365503.jpg?resize=700%2C466&amp;ssl=1 700w, https:\/\/i0.wp.com\/www.wanscom.com\/wp-content\/uploads\/2024\/06\/miniature-skateboarding-skateboarder-3365503.jpg?resize=300%2C200&amp;ssl=1 300w, https:\/\/i0.wp.com\/www.wanscom.com\/wp-content\/uploads\/2024\/06\/miniature-skateboarding-skateboarder-3365503.jpg?resize=1024%2C682&amp;ssl=1 1024w, https:\/\/i0.wp.com\/www.wanscom.com\/wp-content\/uploads\/2024\/06\/miniature-skateboarding-skateboarder-3365503.jpg?resize=600%2C400&amp;ssl=1 600w, https:\/\/i0.wp.com\/www.wanscom.com\/wp-content\/uploads\/2024\/06\/miniature-skateboarding-skateboarder-3365503.jpg?resize=1200%2C800&amp;ssl=1 1200w\" sizes=\"(max-width: 800px) 100vw, 800px\" title=\"\">\t\t\t\t\t\t\t\t\t\t\t\t\t\t\t<\/div>\n\t\t\t\t<\/div>\n\t\t\t\t<\/div>\n\t\t\t\t<\/div>\n\t\t\t\t<\/div>\n\t\t\t\t\t<\/div>\n\t\t\t\t<\/div>\n\t\t<div class=\"elementor-element elementor-element-5sdwybb e-flex e-con-boxed e-con e-parent\" data-id=\"5sdwybb\" data-element_type=\"container\" data-settings=\"{&quot;background_background&quot;:&quot;classic&quot;}\">\n\t\t\t\t\t<div class=\"e-con-inner\">\n\t\t<div class=\"elementor-element elementor-element-5a64e54 e-con-full e-flex e-con e-child\" data-id=\"5a64e54\" data-element_type=\"container\" data-settings=\"{&quot;background_background&quot;:&quot;classic&quot;}\">\n\t\t\t\t<div class=\"elementor-element elementor-element-3125667 elementor-widget elementor-widget-heading\" data-id=\"3125667\" data-element_type=\"widget\" data-widget_type=\"heading.default\">\n\t\t\t\t<div class=\"elementor-widget-container\">\n\t\t\t\t\t<h3 class=\"elementor-heading-title elementor-size-default\">Demander un devis aujourd'hui<\/h3>\t\t\t\t<\/div>\n\t\t\t\t<\/div>\n\t\t<div class=\"elementor-element elementor-element-e15d031 e-con-full e-flex e-con e-child\" data-id=\"e15d031\" data-element_type=\"container\">\n\t\t<div class=\"elementor-element elementor-element-300fefc e-con-full e-flex e-con e-child\" data-id=\"300fefc\" data-element_type=\"container\">\n\t\t\t\t<div class=\"elementor-element elementor-element-b0d432c elementor-widget elementor-widget-heading\" data-id=\"b0d432c\" data-element_type=\"widget\" data-widget_type=\"heading.default\">\n\t\t\t\t<div class=\"elementor-widget-container\">\n\t\t\t\t\t<h4 class=\"elementor-heading-title elementor-size-default\">Nous joindre<\/h4>\t\t\t\t<\/div>\n\t\t\t\t<\/div>\n\t\t\t\t<div class=\"elementor-element elementor-element-42e91f8 elementor-widget elementor-widget-heading\" data-id=\"42e91f8\" data-element_type=\"widget\" data-widget_type=\"heading.default\">\n\t\t\t\t<div class=\"elementor-widget-container\">\n\t\t\t\t\t<h6 class=\"elementor-heading-title elementor-size-default\">Lieu :<\/h6>\t\t\t\t<\/div>\n\t\t\t\t<\/div>\n\t\t\t\t<div class=\"elementor-element elementor-element-3bb5519 elementor-widget elementor-widget-text-editor\" data-id=\"3bb5519\" data-element_type=\"widget\" data-widget_type=\"text-editor.default\">\n\t\t\t\t<div class=\"elementor-widget-container\">\n\t\t\t\t\t\t\t\t\t<div class=\"jetpack-address__address jetpack-address__address1\">ChendDong ST<\/div><div class=\"jetpack-address__address jetpack-address__address2\">Fengze Distitct<\/div><div class=\"jetpack-address__address jetpack-address__address3\">QZ,FJ,CN<\/div>\t\t\t\t\t\t\t\t<\/div>\n\t\t\t\t<\/div>\n\t\t\t\t<div class=\"elementor-element elementor-element-4197f27 elementor-widget elementor-widget-heading\" data-id=\"4197f27\" data-element_type=\"widget\" data-widget_type=\"heading.default\">\n\t\t\t\t<div class=\"elementor-widget-container\">\n\t\t\t\t\t<h6 class=\"elementor-heading-title elementor-size-default\">Courriel :<\/h6>\t\t\t\t<\/div>\n\t\t\t\t<\/div>\n\t\t\t\t<div class=\"elementor-element elementor-element-eb33ecf elementor-widget elementor-widget-text-editor\" data-id=\"eb33ecf\" data-element_type=\"widget\" data-widget_type=\"text-editor.default\">\n\t\t\t\t<div class=\"elementor-widget-container\">\n\t\t\t\t\t\t\t\t\t<p>tammy@wanscom.com<\/p>\t\t\t\t\t\t\t\t<\/div>\n\t\t\t\t<\/div>\n\t\t\t\t<div class=\"elementor-element elementor-element-318c364 elementor-widget elementor-widget-heading\" data-id=\"318c364\" data-element_type=\"widget\" data-widget_type=\"heading.default\">\n\t\t\t\t<div class=\"elementor-widget-container\">\n\t\t\t\t\t<h6 class=\"elementor-heading-title elementor-size-default\">T\u00e9l\u00e9phone :<\/h6>\t\t\t\t<\/div>\n\t\t\t\t<\/div>\n\t\t\t\t<div class=\"elementor-element elementor-element-b01208d elementor-widget elementor-widget-text-editor\" data-id=\"b01208d\" data-element_type=\"widget\" data-widget_type=\"text-editor.default\">\n\t\t\t\t<div class=\"elementor-widget-container\">\n\t\t\t\t\t\t\t\t\t<p>+8615059817279<br \/><br \/><\/p>\t\t\t\t\t\t\t\t<\/div>\n\t\t\t\t<\/div>\n\t\t\t\t<\/div>\n\t\t<div class=\"elementor-element elementor-element-c24bb28 e-con-full e-flex e-con e-child\" data-id=\"c24bb28\" data-element_type=\"container\">\n\t\t\t\t<div class=\"elementor-element elementor-element-c876157 elementor-widget elementor-widget-shortcode\" data-id=\"c876157\" data-element_type=\"widget\" data-widget_type=\"shortcode.default\">\n\t\t\t\t<div class=\"elementor-widget-container\">\n\t\t\t\t\t\t\t<div class=\"elementor-shortcode\"><\/div>\n\t\t\t\t\t\t<\/div>\n\t\t\t\t<\/div>\n\t\t\t\t<\/div>\n\t\t\t\t<\/div>\n\t\t\t\t<\/div>\n\t\t\t\t\t<\/div>\n\t\t\t\t<\/div>\n\t\t\t\t<\/div>","protected":false},"excerpt":{"rendered":"<p>FAQ Vous avez des questions ? Dans le monde rapide d'aujourd'hui, une connectivit\u00e9 de signal mobile fiable et robuste n'est pas seulement une commodit\u00e9, c'est une n\u00e9cessit\u00e9. Que vous soyez \u00e0 la t\u00eate d'une entreprise, que vous g\u00e9riez un \u00e9tablissement ou que vous assuriez simplement une communication sans faille \u00e0 la maison, il est crucial de disposer d'un signal mobile fort et constant. Chez Wanscom, nous sommes sp\u00e9cialis\u00e9s dans la fourniture de solutions de signal mobile de premier ordre adapt\u00e9es [...]<\/p>","protected":false},"author":1,"featured_media":0,"parent":0,"menu_order":0,"comment_status":"closed","ping_status":"closed","template":"","meta":{"_acf_changed":false,"_eb_attr":"","_monsterinsights_skip_tracking":false,"_monsterinsights_sitenote_active":false,"_monsterinsights_sitenote_note":"","_monsterinsights_sitenote_category":0,"jetpack_post_was_ever_published":false,"footnotes":""},"class_list":["post-1251","page","type-page","status-publish","hentry"],"acf":[],"jetpack_sharing_enabled":true,"_links":{"self":[{"href":"https:\/\/www.wanscom.com\/fr\/wp-json\/wp\/v2\/pages\/1251","targetHints":{"allow":["GET"]}}],"collection":[{"href":"https:\/\/www.wanscom.com\/fr\/wp-json\/wp\/v2\/pages"}],"about":[{"href":"https:\/\/www.wanscom.com\/fr\/wp-json\/wp\/v2\/types\/page"}],"author":[{"embeddable":true,"href":"https:\/\/www.wanscom.com\/fr\/wp-json\/wp\/v2\/users\/1"}],"replies":[{"embeddable":true,"href":"https:\/\/www.wanscom.com\/fr\/wp-json\/wp\/v2\/comments?post=1251"}],"version-history":[{"count":19,"href":"https:\/\/www.wanscom.com\/fr\/wp-json\/wp\/v2\/pages\/1251\/revisions"}],"predecessor-version":[{"id":27607,"href":"https:\/\/www.wanscom.com\/fr\/wp-json\/wp\/v2\/pages\/1251\/revisions\/27607"}],"wp:attachment":[{"href":"https:\/\/www.wanscom.com\/fr\/wp-json\/wp\/v2\/media?parent=1251"}],"curies":[{"name":"wp","href":"https:\/\/api.w.org\/{rel}","templated":true}]}}