{"id":27714,"date":"2024-07-01T09:01:47","date_gmt":"2024-07-01T08:01:47","guid":{"rendered":"https:\/\/www.wanscom.com\/?page_id=27714"},"modified":"2024-07-03T02:20:38","modified_gmt":"2024-07-03T01:20:38","slug":"espaces-publics-et-communautaires","status":"publish","type":"page","link":"https:\/\/www.wanscom.com\/fr\/espaces-publics-et-communautaires\/","title":{"rendered":"Espaces publics et communautaires"},"content":{"rendered":"<div data-elementor-type=\"wp-page\" data-elementor-id=\"27714\" class=\"elementor elementor-27714\" data-elementor-post-type=\"page\">\n\t\t\t\t\t\t<section class=\"elementor-section elementor-top-section elementor-element elementor-element-11ccaa4f elementor-section-boxed elementor-section-height-default elementor-section-height-default\" data-id=\"11ccaa4f\" data-element_type=\"section\" id=\"xs_faq_5\">\n\t\t\t\t\t\t<div class=\"elementor-container elementor-column-gap-default\">\n\t\t\t\t\t<div class=\"elementor-column elementor-col-100 elementor-top-column elementor-element elementor-element-101cabcd\" data-id=\"101cabcd\" data-element_type=\"column\">\n\t\t\t<div class=\"elementor-widget-wrap elementor-element-populated\">\n\t\t\t\t\t\t<div class=\"elementor-element elementor-element-12bd92b3 elementor-widget elementor-widget-elementskit-heading\" data-id=\"12bd92b3\" data-element_type=\"widget\" data-widget_type=\"elementskit-heading.default\">\n\t\t\t\t<div class=\"elementor-widget-container\">\n\t\t\t\t\t<div class=\"ekit-wid-con\" ><div class=\"ekit-heading elementskit-section-title-wraper center   ekit_heading_tablet-   ekit_heading_mobile-\"><h2 class=\"ekit-heading--title elementskit-section-title\">Espaces publics et communautaires Application de l'amplificateur de signal mobile<\/h2><div class=\"ekit_heading_separetor_wraper ekit_heading_elementskit-border-divider ekit-dotted\"><div class=\"elementskit-border-divider ekit-dotted\"><\/div><\/div>\t\t\t\t<div class='ekit-heading__description'>\n\t\t\t\t\t<p>Les amplificateurs de signal mobile peuvent \u00eatre utilis\u00e9s efficacement dans divers espaces publics et communautaires afin d'am\u00e9liorer la connectivit\u00e9 et l'exp\u00e9rience des utilisateurs. Voici quelques applications courantes :<\/p>\n\t\t\t\t<\/div>\n\t\t\t<\/div><\/div>\t\t\t\t<\/div>\n\t\t\t\t<\/div>\n\t\t\t\t<section class=\"elementor-section elementor-inner-section elementor-element elementor-element-20596f03 elementor-section-boxed elementor-section-height-default elementor-section-height-default\" data-id=\"20596f03\" data-element_type=\"section\">\n\t\t\t\t\t\t<div class=\"elementor-container elementor-column-gap-default\">\n\t\t\t\t\t<div class=\"elementor-column elementor-col-50 elementor-inner-column elementor-element elementor-element-33f1a992\" data-id=\"33f1a992\" data-element_type=\"column\">\n\t\t\t<div class=\"elementor-widget-wrap elementor-element-populated\">\n\t\t\t\t\t\t<div class=\"elementor-element elementor-element-6442d8ee elementor-widget elementor-widget-elementskit-faq\" data-id=\"6442d8ee\" data-element_type=\"widget\" data-widget_type=\"elementskit-faq.default\">\n\t\t\t\t<div class=\"elementor-widget-container\">\n\t\t\t\t\t<div class=\"ekit-wid-con\" >\n                <div class=\"elementskit-single-faq elementor-repeater-item-ccb3fc9\">\n            <div class=\"elementskit-faq-header\">\n                <h2 class=\"elementskit-faq-title\">Parcs et aires de loisirs :<\/h2>\n            <\/div>\n            <div class=\"elementskit-faq-body\">\n                Utilisation : Les amplificateurs permettent aux visiteurs de rester en communication, d'acc\u00e9der aux services en ligne et d'utiliser le GPS pour la navigation.\nAvantage : renforcer la s\u00e9curit\u00e9 en permettant une communication fiable en cas d'urgence.            <\/div>\n        <\/div>\n                <div class=\"elementskit-single-faq elementor-repeater-item-1219655\">\n            <div class=\"elementskit-faq-header\">\n                <h2 class=\"elementskit-faq-title\">Centres commerciaux :<\/h2>\n            <\/div>\n            <div class=\"elementskit-faq-body\">\n                Utilisation : Les amplificateurs am\u00e9liorent la puissance du signal dans l'ensemble du centre commercial, garantissant aux clients une exp\u00e9rience d'achat et de paiement en ligne transparente.\nAvantage : les clients sont plus satisfaits et les d\u00e9taillants peuvent augmenter leurs ventes.            <\/div>\n        <\/div>\n                <div class=\"elementskit-single-faq elementor-repeater-item-4306a6b\">\n            <div class=\"elementskit-faq-header\">\n                <h2 class=\"elementskit-faq-title\">Centres communautaires :<\/h2>\n            <\/div>\n            <div class=\"elementskit-faq-body\">\n                Utilisation : Les amplificateurs permettent d'am\u00e9liorer la puissance du signal pour les programmes, les r\u00e9unions et les \u00e9v\u00e9nements communautaires, afin que les participants puissent rester connect\u00e9s.\nAvantage : Augmentation de l'efficacit\u00e9 des activit\u00e9s et de la communication au sein de la communaut\u00e9.            <\/div>\n        <\/div>\n                \n    <\/div>\t\t\t\t<\/div>\n\t\t\t\t<\/div>\n\t\t\t\t\t<\/div>\n\t\t<\/div>\n\t\t\t\t<div class=\"elementor-column elementor-col-50 elementor-inner-column elementor-element elementor-element-44920b0b\" data-id=\"44920b0b\" data-element_type=\"column\">\n\t\t\t<div class=\"elementor-widget-wrap elementor-element-populated\">\n\t\t\t\t\t\t<div class=\"elementor-element elementor-element-36c4358f elementor-widget elementor-widget-elementskit-faq\" data-id=\"36c4358f\" data-element_type=\"widget\" data-widget_type=\"elementskit-faq.default\">\n\t\t\t\t<div class=\"elementor-widget-container\">\n\t\t\t\t\t<div class=\"ekit-wid-con\" >\n                <div class=\"elementskit-single-faq elementor-repeater-item-e12c595\">\n            <div class=\"elementskit-faq-header\">\n                <h2 class=\"elementskit-faq-title\">Les n\u0153uds de transport :<\/h2>\n            <\/div>\n            <div class=\"elementskit-faq-body\">\n                A\u00e9roports et gares :\n\nUtilisation : Les boosters fournissent une connectivit\u00e9 fiable aux passagers qui ont besoin d'acc\u00e9der \u00e0 des informations sur leur voyage, de passer des appels ou d'utiliser l'internet.\nAvantage : am\u00e9lioration de l'exp\u00e9rience globale du voyage et de l'efficacit\u00e9 op\u00e9rationnelle.\nTerminaux d'autobus :\n\nUtilisation : Permet aux passagers de rester connect\u00e9s pendant qu'ils attendent les bus, qu'ils consultent les horaires et qu'ils organisent leur voyage.\nAvantage : am\u00e9liore le confort des passagers et la communication.            <\/div>\n        <\/div>\n                <div class=\"elementskit-single-faq elementor-repeater-item-5f94b9e\">\n            <div class=\"elementskit-faq-header\">\n                <h2 class=\"elementskit-faq-title\">Lieux de l'\u00e9v\u00e9nement :<\/h2>\n            <\/div>\n            <div class=\"elementskit-faq-body\">\n                Stades et ar\u00e8nes :\n\nUtilisation : Prise en charge des grandes foules en fournissant des signaux forts et stables permettant aux participants de partager leurs exp\u00e9riences, d'utiliser les applications de l'\u00e9v\u00e9nement et de passer des appels.\nAvantage : am\u00e9liore l'exp\u00e9rience et l'engagement des participants.\nCentres de congr\u00e8s :\n\nUtilisation : Assure une connectivit\u00e9 fiable pour les exposants et les participants, facilitant les transactions commerciales et la mise en r\u00e9seau.\nAvantage : am\u00e9liore l'efficacit\u00e9 des \u00e9v\u00e9nements et des conf\u00e9rences.            <\/div>\n        <\/div>\n                <div class=\"elementskit-single-faq elementor-repeater-item-ad5f942\">\n            <div class=\"elementskit-faq-header\">\n                <h2 class=\"elementskit-faq-title\">Centres de sant\u00e9 et de bien-\u00eatre :<\/h2>\n            <\/div>\n            <div class=\"elementskit-faq-body\">\n                H\u00f4pitaux et cliniques :\n\nUtilisation : Les amplificateurs garantissent aux patients, au personnel et aux visiteurs une communication fiable pour les appels, la t\u00e9l\u00e9m\u00e9decine et l'acc\u00e8s aux informations m\u00e9dicales.\nAvantage : am\u00e9lioration des soins aux patients et de l'efficacit\u00e9 op\u00e9rationnelle.\nGymnases et centres sportifs :\n\nUtilisation : Fournit une connectivit\u00e9 fiable aux membres qui utilisent des applications de fitness, \u00e9coutent de la musique en continu ou passent des appels.\nAvantage : am\u00e9lioration de l'exp\u00e9rience et de l'engagement des membres.            <\/div>\n        <\/div>\n                \n    <\/div>\t\t\t\t<\/div>\n\t\t\t\t<\/div>\n\t\t\t\t\t<\/div>\n\t\t<\/div>\n\t\t\t\t\t<\/div>\n\t\t<\/section>\n\t\t\t\t\t<\/div>\n\t\t<\/div>\n\t\t\t\t\t<\/div>\n\t\t<\/section>\n\t\t\t\t<\/div>","protected":false},"excerpt":{"rendered":"<p>Public and Community Spaces Application of Mobile Signal Booster Mobile signal boosters can be effectively applied in various public and community spaces to improve connectivity and enhance user experience. Here are some common applications: Parks and Recreational Areas: Usage: Boosters ensure that visitors can maintain communication, access online services, and use GPS for navigation. Benefit: [&hellip;]<\/p>","protected":false},"author":1,"featured_media":0,"parent":0,"menu_order":0,"comment_status":"closed","ping_status":"closed","template":"","meta":{"_acf_changed":false,"_eb_attr":"","_monsterinsights_skip_tracking":false,"_monsterinsights_sitenote_active":false,"_monsterinsights_sitenote_note":"","_monsterinsights_sitenote_category":0,"jetpack_post_was_ever_published":false,"footnotes":""},"class_list":["post-27714","page","type-page","status-publish","hentry"],"acf":[],"jetpack_sharing_enabled":true,"_links":{"self":[{"href":"https:\/\/www.wanscom.com\/fr\/wp-json\/wp\/v2\/pages\/27714","targetHints":{"allow":["GET"]}}],"collection":[{"href":"https:\/\/www.wanscom.com\/fr\/wp-json\/wp\/v2\/pages"}],"about":[{"href":"https:\/\/www.wanscom.com\/fr\/wp-json\/wp\/v2\/types\/page"}],"author":[{"embeddable":true,"href":"https:\/\/www.wanscom.com\/fr\/wp-json\/wp\/v2\/users\/1"}],"replies":[{"embeddable":true,"href":"https:\/\/www.wanscom.com\/fr\/wp-json\/wp\/v2\/comments?post=27714"}],"version-history":[{"count":4,"href":"https:\/\/www.wanscom.com\/fr\/wp-json\/wp\/v2\/pages\/27714\/revisions"}],"predecessor-version":[{"id":27722,"href":"https:\/\/www.wanscom.com\/fr\/wp-json\/wp\/v2\/pages\/27714\/revisions\/27722"}],"wp:attachment":[{"href":"https:\/\/www.wanscom.com\/fr\/wp-json\/wp\/v2\/media?parent=27714"}],"curies":[{"name":"wp","href":"https:\/\/api.w.org\/{rel}","templated":true}]}}