{"id":27732,"date":"2024-07-02T03:09:11","date_gmt":"2024-07-02T02:09:11","guid":{"rendered":"https:\/\/www.wanscom.com\/?page_id=27732"},"modified":"2024-07-02T03:45:44","modified_gmt":"2024-07-02T02:45:44","slug":"service","status":"publish","type":"page","link":"https:\/\/www.wanscom.com\/fr\/service\/","title":{"rendered":"Service"},"content":{"rendered":"<div data-elementor-type=\"wp-page\" data-elementor-id=\"27732\" class=\"elementor elementor-27732\" data-elementor-post-type=\"page\">\n\t\t\t\t\t\t<section class=\"elementor-section elementor-top-section elementor-element elementor-element-4b17a1d1 elementor-section-boxed elementor-section-height-default elementor-section-height-default\" data-id=\"4b17a1d1\" data-element_type=\"section\" data-settings=\"{&quot;background_background&quot;:&quot;classic&quot;}\">\n\t\t\t\t\t\t<div class=\"elementor-container elementor-column-gap-no\">\n\t\t\t\t\t<div class=\"elementor-column elementor-col-100 elementor-top-column elementor-element elementor-element-4ad06530\" data-id=\"4ad06530\" data-element_type=\"column\">\n\t\t\t<div class=\"elementor-widget-wrap elementor-element-populated\">\n\t\t\t\t\t\t<section class=\"elementor-section elementor-inner-section elementor-element elementor-element-6133e837 elementor-section-full_width elementor-section-height-default elementor-section-height-default\" data-id=\"6133e837\" data-element_type=\"section\">\n\t\t\t\t\t\t<div class=\"elementor-container elementor-column-gap-no\">\n\t\t\t\t\t<div class=\"elementor-column elementor-col-50 elementor-inner-column elementor-element elementor-element-75ef6f52\" data-id=\"75ef6f52\" data-element_type=\"column\">\n\t\t\t<div class=\"elementor-widget-wrap elementor-element-populated\">\n\t\t\t\t\t\t<div class=\"elementor-element elementor-element-5fc3f002 eael-infobox-content-align--left eael-infobox-icon-bg-shape-none eael-infobox-icon-hover-bg-shape-none elementor-invisible elementor-widget elementor-widget-eael-info-box\" data-id=\"5fc3f002\" data-element_type=\"widget\" data-settings=\"{&quot;_animation&quot;:&quot;fadeInLeft&quot;}\" data-widget_type=\"eael-info-box.default\">\n\t\t\t\t<div class=\"elementor-widget-container\">\n\t\t\t\t\t        <div class=\"eael-infobox icon-on-top\">\n\t            <div class=\"infobox-icon eael-icon-only\">\n\n            \n                            <div class=\"infobox-icon-wrap\">\n                                    <\/div>\n            \n            \n        <\/div>\n            <div class=\"infobox-content eael-icon-only\">\n                    <div class=\"infobox-title-section\">\n                <h2 class=\"title\">Solutions de renforcement du signal mobile<\/h2>            <\/div>\n            <div><ul><li><strong>Boosters de signal :<\/strong><ul><li>Fournir des amplificateurs de signal haute performance pour am\u00e9liorer la puissance du signal mobile dans les maisons, les bureaux et les espaces publics.<\/li><li>Installer et configurer les amplificateurs pour garantir une performance et une couverture optimales.<\/li><\/ul><\/li><li><strong>Solutions personnalis\u00e9es :<\/strong><ul><li>Concevoir des solutions d'amplification du signal sur mesure pour des environnements uniques et des exigences sp\u00e9cifiques du client.<\/li><li>R\u00e9aliser des \u00e9tudes de site pour d\u00e9terminer le meilleur emplacement et la meilleure configuration des amplificateurs de signal.<\/li><\/ul><\/li><\/ul><\/div>        <\/div>\n            <\/div>\n\n\t\t\t\t\t\t<\/div>\n\t\t\t\t<\/div>\n\t\t\t\t\t<\/div>\n\t\t<\/div>\n\t\t\t\t<div class=\"elementor-column elementor-col-50 elementor-inner-column elementor-element elementor-element-24c44801\" data-id=\"24c44801\" data-element_type=\"column\">\n\t\t\t<div class=\"elementor-widget-wrap elementor-element-populated\">\n\t\t\t\t\t\t<div class=\"elementor-element elementor-element-6fc4428b eael-infobox-content-align--left eael-infobox-icon-bg-shape-none eael-infobox-icon-hover-bg-shape-none elementor-invisible elementor-widget elementor-widget-eael-info-box\" data-id=\"6fc4428b\" data-element_type=\"widget\" data-settings=\"{&quot;_animation&quot;:&quot;fadeInRight&quot;}\" data-widget_type=\"eael-info-box.default\">\n\t\t\t\t<div class=\"elementor-widget-container\">\n\t\t\t\t\t        <div class=\"eael-infobox icon-on-top\">\n\t            <div class=\"infobox-icon eael-icon-only\">\n\n            \n                            <div class=\"infobox-icon-wrap\">\n                                    <\/div>\n            \n            \n        <\/div>\n            <div class=\"infobox-content eael-icon-only\">\n                    <div class=\"infobox-title-section\">\n                <h2 class=\"title\">Conception et mise en \u0153uvre du r\u00e9seau<\/h2>            <\/div>\n            <div><ul><li><strong>Syst\u00e8mes d'antennes distribu\u00e9es (DAS) dans les b\u00e2timents :<\/strong><ul><li>Concevoir et mettre en \u0153uvre des DAS \u00e0 l'int\u00e9rieur des b\u00e2timents pour assurer une couverture mobile compl\u00e8te dans les grands immeubles et les complexes.<\/li><li>Utiliser une technologie avanc\u00e9e pour distribuer des signaux mobiles puissants dans l'ensemble des locaux.<\/li><\/ul><\/li><li><strong>D\u00e9ploiement de petites cellules :<\/strong><ul><li>D\u00e9ployer la technologie des petites cellules pour am\u00e9liorer la capacit\u00e9 et la couverture du r\u00e9seau dans les zones \u00e0 forte densit\u00e9.<\/li><li>Assurer une int\u00e9gration transparente avec l'infrastructure de r\u00e9seau existante.<\/li><\/ul><\/li><\/ul><\/div>        <\/div>\n            <\/div>\n\n\t\t\t\t\t\t<\/div>\n\t\t\t\t<\/div>\n\t\t\t\t\t<\/div>\n\t\t<\/div>\n\t\t\t\t\t<\/div>\n\t\t<\/section>\n\t\t\t\t<section class=\"elementor-section elementor-inner-section elementor-element elementor-element-5b669294 elementor-section-full_width elementor-section-height-default elementor-section-height-default\" data-id=\"5b669294\" data-element_type=\"section\">\n\t\t\t\t\t\t<div class=\"elementor-container elementor-column-gap-no\">\n\t\t\t\t\t<div class=\"elementor-column elementor-col-50 elementor-inner-column elementor-element elementor-element-3581127a\" data-id=\"3581127a\" data-element_type=\"column\">\n\t\t\t<div class=\"elementor-widget-wrap elementor-element-populated\">\n\t\t\t\t\t\t<div class=\"elementor-element elementor-element-603d0bfb eael-infobox-content-align--left eael-infobox-icon-bg-shape-none eael-infobox-icon-hover-bg-shape-none elementor-invisible elementor-widget elementor-widget-eael-info-box\" data-id=\"603d0bfb\" data-element_type=\"widget\" data-settings=\"{&quot;_animation&quot;:&quot;fadeInLeft&quot;}\" data-widget_type=\"eael-info-box.default\">\n\t\t\t\t<div class=\"elementor-widget-container\">\n\t\t\t\t\t        <div class=\"eael-infobox icon-on-top\">\n\t            <div class=\"infobox-icon eael-icon-only\">\n\n            \n                            <div class=\"infobox-icon-wrap\">\n                                    <\/div>\n            \n            \n        <\/div>\n            <div class=\"infobox-content eael-icon-only\">\n                    <div class=\"infobox-title-section\">\n                <h2 class=\"title\">Solutions de couverture ext\u00e9rieure<\/h2>            <\/div>\n            <div><ul><li><strong>Sites macrocellulaires :<\/strong><ul><li>Fournir et installer des sites de macrocellules pour am\u00e9liorer la couverture mobile ext\u00e9rieure sur de vastes zones.<\/li><li>Utiliser des syst\u00e8mes d'antennes et des technologies de pointe pour assurer une couverture robuste et fiable.<\/li><\/ul><\/li><li><strong>R\u00e9p\u00e9teurs et prolongateurs :<\/strong><ul><li>Installer des r\u00e9p\u00e9teurs et des prolongateurs pour amplifier et \u00e9tendre les signaux mobiles dans les zones rurales et \u00e9loign\u00e9es.<\/li><li>Assurer une connectivit\u00e9 mobile coh\u00e9rente et solide dans des environnements difficiles.<\/li><\/ul><\/li><\/ul><\/div>        <\/div>\n            <\/div>\n\n\t\t\t\t\t\t<\/div>\n\t\t\t\t<\/div>\n\t\t\t\t\t<\/div>\n\t\t<\/div>\n\t\t\t\t<div class=\"elementor-column elementor-col-50 elementor-inner-column elementor-element elementor-element-9fae584\" data-id=\"9fae584\" data-element_type=\"column\">\n\t\t\t<div class=\"elementor-widget-wrap elementor-element-populated\">\n\t\t\t\t\t\t<div class=\"elementor-element elementor-element-4c4a83e9 eael-infobox-content-align--left eael-infobox-icon-bg-shape-none eael-infobox-icon-hover-bg-shape-none elementor-invisible elementor-widget elementor-widget-eael-info-box\" data-id=\"4c4a83e9\" data-element_type=\"widget\" data-settings=\"{&quot;_animation&quot;:&quot;fadeInRight&quot;}\" data-widget_type=\"eael-info-box.default\">\n\t\t\t\t<div class=\"elementor-widget-container\">\n\t\t\t\t\t        <div class=\"eael-infobox icon-on-top\">\n\t            <div class=\"infobox-icon eael-icon-only\">\n\n            \n                            <div class=\"infobox-icon-wrap\">\n                                    <\/div>\n            \n            \n        <\/div>\n            <div class=\"infobox-content eael-icon-only\">\n                    <div class=\"infobox-title-section\">\n                <h2 class=\"title\">Conseil et \u00e9tudes de site<\/h2>            <\/div>\n            <div><ul><li><strong>Consultation d'experts :<\/strong><ul><li>Offrir des services de consultation d'experts pour identifier les probl\u00e8mes de signaux mobiles et recommander des solutions efficaces.<\/li><li>Fournir des rapports d\u00e9taill\u00e9s et des recommandations sur la base d'\u00e9tudes approfondies du site.<\/li><\/ul><\/li><li><strong>Test et analyse des signaux :<\/strong><ul><li>Effectuer des tests et des analyses approfondies des signaux afin d'identifier les points faibles et les domaines \u00e0 am\u00e9liorer.<\/li><li>Utiliser un \u00e9quipement de pointe pour mesurer et analyser la force et la qualit\u00e9 du signal.<\/li><\/ul><\/li><\/ul><\/div>        <\/div>\n            <\/div>\n\n\t\t\t\t\t\t<\/div>\n\t\t\t\t<\/div>\n\t\t\t\t\t<\/div>\n\t\t<\/div>\n\t\t\t\t\t<\/div>\n\t\t<\/section>\n\t\t\t\t<section class=\"elementor-section elementor-inner-section elementor-element elementor-element-282bcbd7 elementor-section-full_width elementor-section-height-default elementor-section-height-default\" data-id=\"282bcbd7\" data-element_type=\"section\">\n\t\t\t\t\t\t<div class=\"elementor-container elementor-column-gap-no\">\n\t\t\t\t\t<div class=\"elementor-column elementor-col-50 elementor-inner-column elementor-element elementor-element-a21deb6\" data-id=\"a21deb6\" data-element_type=\"column\">\n\t\t\t<div class=\"elementor-widget-wrap elementor-element-populated\">\n\t\t\t\t\t\t<div class=\"elementor-element elementor-element-1f6baf98 eael-infobox-content-align--left eael-infobox-icon-bg-shape-none eael-infobox-icon-hover-bg-shape-none elementor-invisible elementor-widget elementor-widget-eael-info-box\" data-id=\"1f6baf98\" data-element_type=\"widget\" data-settings=\"{&quot;_animation&quot;:&quot;fadeInLeft&quot;}\" data-widget_type=\"eael-info-box.default\">\n\t\t\t\t<div class=\"elementor-widget-container\">\n\t\t\t\t\t        <div class=\"eael-infobox icon-on-top\">\n\t            <div class=\"infobox-icon eael-icon-only\">\n\n            \n                            <div class=\"infobox-icon-wrap\">\n                                    <\/div>\n            \n            \n        <\/div>\n            <div class=\"infobox-content eael-icon-only\">\n                    <div class=\"infobox-title-section\">\n                <h2 class=\"title\">Maintenance et soutien<\/h2>            <\/div>\n            <div><ul><li><strong>Entretien r\u00e9gulier :<\/strong><ul><li>Fournir des services de maintenance r\u00e9guliers pour s'assurer que les amplificateurs de signaux et les \u00e9quipements de r\u00e9seau fonctionnent de mani\u00e8re optimale.<\/li><li>Proposer des plans de maintenance pr\u00e9ventive pour minimiser les temps d'arr\u00eat et les probl\u00e8mes de connectivit\u00e9.<\/li><\/ul><\/li><li><strong>Assistance technique 24\/7 :<\/strong><ul><li>Offrir une assistance technique 24 heures sur 24 pour r\u00e9pondre \u00e0 toutes les questions ou pr\u00e9occupations.<\/li><li>Fournir une assistance \u00e0 distance et sur place pour r\u00e9soudre rapidement les probl\u00e8mes de connectivit\u00e9.<\/li><\/ul><\/li><\/ul><\/div>        <\/div>\n            <\/div>\n\n\t\t\t\t\t\t<\/div>\n\t\t\t\t<\/div>\n\t\t\t\t\t<\/div>\n\t\t<\/div>\n\t\t\t\t<div class=\"elementor-column elementor-col-50 elementor-inner-column elementor-element elementor-element-51ed8179\" data-id=\"51ed8179\" data-element_type=\"column\">\n\t\t\t<div class=\"elementor-widget-wrap\">\n\t\t\t\t\t\t\t<\/div>\n\t\t<\/div>\n\t\t\t\t\t<\/div>\n\t\t<\/section>\n\t\t\t\t\t<\/div>\n\t\t<\/div>\n\t\t\t\t\t<\/div>\n\t\t<\/section>\n\t\t\t\t<\/div>","protected":false},"excerpt":{"rendered":"<p>Mobile Signal Boosting Solutions Signal Boosters: Provide high-performance signal boosters to enhance mobile signal strength in homes, offices, and public spaces. Install and configure boosters to ensure optimal performance and coverage. Custom Solutions: Design tailored signal boosting solutions for unique environments and specific client requirements. Conduct site surveys to determine the best placement and configuration [&hellip;]<\/p>","protected":false},"author":1,"featured_media":0,"parent":0,"menu_order":0,"comment_status":"closed","ping_status":"closed","template":"","meta":{"_acf_changed":false,"_eb_attr":"","_monsterinsights_skip_tracking":false,"_monsterinsights_sitenote_active":false,"_monsterinsights_sitenote_note":"","_monsterinsights_sitenote_category":0,"jetpack_post_was_ever_published":false,"footnotes":""},"class_list":["post-27732","page","type-page","status-publish","hentry"],"acf":[],"jetpack_sharing_enabled":true,"_links":{"self":[{"href":"https:\/\/www.wanscom.com\/fr\/wp-json\/wp\/v2\/pages\/27732","targetHints":{"allow":["GET"]}}],"collection":[{"href":"https:\/\/www.wanscom.com\/fr\/wp-json\/wp\/v2\/pages"}],"about":[{"href":"https:\/\/www.wanscom.com\/fr\/wp-json\/wp\/v2\/types\/page"}],"author":[{"embeddable":true,"href":"https:\/\/www.wanscom.com\/fr\/wp-json\/wp\/v2\/users\/1"}],"replies":[{"embeddable":true,"href":"https:\/\/www.wanscom.com\/fr\/wp-json\/wp\/v2\/comments?post=27732"}],"version-history":[{"count":4,"href":"https:\/\/www.wanscom.com\/fr\/wp-json\/wp\/v2\/pages\/27732\/revisions"}],"predecessor-version":[{"id":27743,"href":"https:\/\/www.wanscom.com\/fr\/wp-json\/wp\/v2\/pages\/27732\/revisions\/27743"}],"wp:attachment":[{"href":"https:\/\/www.wanscom.com\/fr\/wp-json\/wp\/v2\/media?parent=27732"}],"curies":[{"name":"wp","href":"https:\/\/api.w.org\/{rel}","templated":true}]}}