{"id":29470,"date":"2025-07-22T09:12:07","date_gmt":"2025-07-22T08:12:07","guid":{"rendered":"https:\/\/www.wanscom.com\/?page_id=29470"},"modified":"2025-07-22T10:51:21","modified_gmt":"2025-07-22T09:51:21","slug":"comment-installer-un-amplificateur-de-signal-mobile-guide-complet-etape-par-etape","status":"publish","type":"page","link":"https:\/\/www.wanscom.com\/fr\/soutien\/comment-installer-un-amplificateur-de-signal-mobile-guide-complet-etape-par-etape\/","title":{"rendered":"Comment installer un amplificateur de signal mobile - Guide complet \u00e9tape par \u00e9tape"},"content":{"rendered":"<div data-elementor-type=\"wp-page\" data-elementor-id=\"29470\" class=\"elementor elementor-29470\" data-elementor-post-type=\"page\">\n\t\t\t\t<div class=\"elementor-element elementor-element-3b26cc75 e-con-full e-flex e-con e-parent\" data-id=\"3b26cc75\" data-element_type=\"container\" data-settings=\"{&quot;background_background&quot;:&quot;classic&quot;}\">\n\t\t\t\t<div class=\"elementor-element elementor-element-2974d8ed elementor-widget elementor-widget-heading\" data-id=\"2974d8ed\" data-element_type=\"widget\" data-widget_type=\"heading.default\">\n\t\t\t\t<div class=\"elementor-widget-container\">\n\t\t\t\t\t<h1 class=\"elementor-heading-title elementor-size-default\">Comment installer un amplificateur de signal mobile <\/h1>\t\t\t\t<\/div>\n\t\t\t\t<\/div>\n\t\t\t\t<div class=\"elementor-element elementor-element-673f88ed elementor-widget elementor-widget-eael-breadcrumbs\" data-id=\"673f88ed\" data-element_type=\"widget\" data-widget_type=\"eael-breadcrumbs.default\">\n\t\t\t\t<div class=\"elementor-widget-container\">\n\t\t\t\t\t\t\t<div class=\"eael-breadcrumbs\">\n\t\t\t\t\t\t<div class=\"eael-breadcrumbs__prefix\">\n\t\t\t\t<a href=\"https:\/\/www.wanscom.com\/fr\" class=\"eael-breadcrumbs__prefix-link\"><svg aria-hidden=\"true\" class=\"e-font-icon-svg e-fas-home\" viewbox=\"0 0 576 512\" xmlns=\"http:\/\/www.w3.org\/2000\/svg\"><path d=\"M280.37 148.26L96 300.11V464a16 16 0 0 0 16 16l112.06-.29a16 16 0 0 0 15.92-16V368a16 16 0 0 1 16-16h64a16 16 0 0 1 16 16v95.64a16 16 0 0 0 16 16.05L464 480a16 16 0 0 0 16-16V300L295.67 148.26a12.19 12.19 0 0 0-15.3 0zM571.6 251.47L488 182.56V44.05a12 12 0 0 0-12-12h-56a12 12 0 0 0-12 12v72.61L318.47 43a48 48 0 0 0-61 0L4.34 251.47a12 12 0 0 0-1.6 16.9l25.5 31A12 12 0 0 0 45.15 301l235.22-193.74a12.19 12.19 0 0 1 15.3 0L530.9 301a12 12 0 0 0 16.9-1.6l25.5-31a12 12 0 0 0-1.7-16.93z\"><\/path><\/svg><\/a>\t\t\t<\/a>\n\t\t\t<\/div>\n\t\t\t<div class=\"eael-breadcrumbs__content\"><a href=\"https:\/\/www.wanscom.com\/fr\">Accueil<\/a> <span class=\"eael-breadcrumb-separator\">\/<\/span> <span class = \"eael-current\">Page<\/span><\/div>\t\t<\/div>\n\t\t\t\t\t\t<\/div>\n\t\t\t\t<\/div>\n\t\t\t\t<\/div>\n\t\t<div class=\"elementor-element elementor-element-bb70e26 e-flex e-con-boxed e-con e-parent\" data-id=\"bb70e26\" data-element_type=\"container\">\n\t\t\t\t\t<div class=\"e-con-inner\">\n\t\t<div class=\"elementor-element elementor-element-bed5bd1 e-con-full e-flex e-con e-child\" data-id=\"bed5bd1\" data-element_type=\"container\">\n\t\t\t\t<div class=\"elementor-element elementor-element-0760a50 elementor-widget elementor-widget-heading\" data-id=\"0760a50\" data-element_type=\"widget\" data-widget_type=\"heading.default\">\n\t\t\t\t<div class=\"elementor-widget-container\">\n\t\t\t\t\t<h1 class=\"elementor-heading-title elementor-size-default\">Comment installer un amplificateur de signal mobile - Guide complet \u00e9tape par \u00e9tape<\/h1>\t\t\t\t<\/div>\n\t\t\t\t<\/div>\n\t\t\t\t<div class=\"elementor-element elementor-element-cf6e110 elementor-widget elementor-widget-text-editor\" data-id=\"cf6e110\" data-element_type=\"widget\" data-widget_type=\"text-editor.default\">\n\t\t\t\t<div class=\"elementor-widget-container\">\n\t\t\t\t\t\t\t\t\t<p>Apprenez \u00e0 installer un amplificateur de signal mobile pour une meilleure couverture int\u00e9rieure. Guide d'installation \u00e9tape par \u00e9tape pour les r\u00e9p\u00e9teurs de signaux 4G LTE, 5G et GSM. Compatible avec les principaux op\u00e9rateurs.<\/p>\t\t\t\t\t\t\t\t<\/div>\n\t\t\t\t<\/div>\n\t\t\t\t<\/div>\n\t\t\t\t\t<\/div>\n\t\t\t\t<\/div>\n\t\t<div class=\"elementor-element elementor-element-5b7ff72 e-flex e-con-boxed e-con e-parent\" data-id=\"5b7ff72\" data-element_type=\"container\">\n\t\t\t\t\t<div class=\"e-con-inner\">\n\t\t<div class=\"elementor-element elementor-element-0ececcd e-con-full e-flex e-con e-child\" data-id=\"0ececcd\" data-element_type=\"container\">\n\t\t<div class=\"elementor-element elementor-element-cc7182d e-con-full e-flex e-con e-child\" data-id=\"cc7182d\" data-element_type=\"container\">\n\t\t\t\t<div class=\"elementor-element elementor-element-f9a8b25 elementor-widget elementor-widget-heading\" data-id=\"f9a8b25\" data-element_type=\"widget\" data-widget_type=\"heading.default\">\n\t\t\t\t<div class=\"elementor-widget-container\">\n\t\t\t\t\t<h2 class=\"elementor-heading-title elementor-size-default\">\ud83d\udce6 Ce qu'il y a dans la bo\u00eete<\/h2>\t\t\t\t<\/div>\n\t\t\t\t<\/div>\n\t\t\t\t<div class=\"elementor-element elementor-element-a9d7437 elementor-widget elementor-widget-text-editor\" data-id=\"a9d7437\" data-element_type=\"widget\" data-widget_type=\"text-editor.default\">\n\t\t\t\t<div class=\"elementor-widget-container\">\n\t\t\t\t\t\t\t\t\t<p data-start=\"708\" data-end=\"769\">Avant l'installation, assurez-vous que votre kit de rehaussement de signal comprend :<\/p><ul data-start=\"771\" data-end=\"1028\"><li data-start=\"771\" data-end=\"822\"><p data-start=\"773\" data-end=\"822\">\ud83d\udce1 <strong data-start=\"776\" data-end=\"795\">Antenne ext\u00e9rieure<\/strong> (Yagi directionnel ou LPDA)<\/p><\/li><li data-start=\"823\" data-end=\"867\"><p data-start=\"825\" data-end=\"867\">\ud83d\udcf6 <strong data-start=\"828\" data-end=\"846\">Antenne int\u00e9rieure<\/strong> (type panneau ou d\u00f4me)<\/p><\/li><li data-start=\"868\" data-end=\"908\"><p data-start=\"870\" data-end=\"908\">\ud83d\udd0c <strong data-start=\"873\" data-end=\"896\">Unit\u00e9 d'amplification du signal<\/strong> (Amplificateur)<\/p><\/li><li data-start=\"909\" data-end=\"950\"><p data-start=\"911\" data-end=\"950\">\ud83d\udccf <strong data-start=\"914\" data-end=\"932\">C\u00e2bles coaxiaux<\/strong> (Habituellement 10m-20m)<\/p><\/li><li data-start=\"951\" data-end=\"999\"><p data-start=\"953\" data-end=\"999\">\ud83d\udd29 <strong data-start=\"956\" data-end=\"980\">Accessoires de montage<\/strong> (supports, vis)<\/p><\/li><li data-start=\"1000\" data-end=\"1028\"><p data-start=\"1002\" data-end=\"1028\">\u26a1 <strong data-start=\"1004\" data-end=\"1028\">Adaptateur d'alimentation<\/strong><\/p><\/li><\/ul>\t\t\t\t\t\t\t\t<\/div>\n\t\t\t\t<\/div>\n\t\t\t\t<div class=\"elementor-element elementor-element-96de42d elementor-widget elementor-widget-text-editor\" data-id=\"96de42d\" data-element_type=\"widget\" data-widget_type=\"text-editor.default\">\n\t\t\t\t<div class=\"elementor-widget-container\">\n\t\t\t\t\t\t\t\t\t<h3 data-start=\"1035\" data-end=\"1091\">\ud83d\udccd <strong data-start=\"1042\" data-end=\"1091\">\u00c9tape 1 : Identifier le signal ext\u00e9rieur le plus fort<\/strong><\/h3><p data-start=\"1093\" data-end=\"1162\">Utilisez votre t\u00e9l\u00e9phone portable pour v\u00e9rifier l'intensit\u00e9 du signal \u00e0 l'ext\u00e9rieur de votre b\u00e2timent.<\/p><p data-start=\"1164\" data-end=\"1176\"><strong data-start=\"1164\" data-end=\"1176\">M\u00e9thodes :<\/strong><\/p><ul data-start=\"1177\" data-end=\"1297\"><li data-start=\"1177\" data-end=\"1209\"><p data-start=\"1179\" data-end=\"1209\">Utiliser les barres de signalisation int\u00e9gr\u00e9es<\/p><\/li><li data-start=\"1210\" data-end=\"1297\"><p data-start=\"1212\" data-end=\"1297\">Ou utiliser des outils tels que <code data-start=\"1230\" data-end=\"1249\">R\u00e9seau Informations sur les cellules<\/code>, <code data-start=\"1251\" data-end=\"1266\">D\u00e9couverte du LTE<\/code>ou de l'iPhone <em data-start=\"1280\" data-end=\"1297\">Mode d'essai sur le terrain<\/em><\/p><\/li><\/ul><p data-start=\"1299\" data-end=\"1335\">\ud83d\udccc Signal id\u00e9al : \u2265 -70dBm (3-4 barres)<\/p><hr data-start=\"1337\" data-end=\"1340\" \/><h3 data-start=\"1342\" data-end=\"1387\">\ud83c\udfd7\ufe0f <strong data-start=\"1350\" data-end=\"1387\">\u00c9tape 2 : Montage de l'antenne ext\u00e9rieure<\/strong><\/h3><ul data-start=\"1389\" data-end=\"1623\"><li data-start=\"1389\" data-end=\"1461\"><p data-start=\"1391\" data-end=\"1461\">Installer l'antenne ext\u00e9rieure au point le plus \u00e9lev\u00e9 (par exemple, sur le toit ou sur un mur).<\/p><\/li><li data-start=\"1462\" data-end=\"1499\"><p data-start=\"1464\" data-end=\"1499\">Viser la tour de t\u00e9l\u00e9phonie mobile la plus proche<\/p><\/li><li data-start=\"1500\" data-end=\"1563\"><p data-start=\"1502\" data-end=\"1563\">Utilisez une antenne directionnelle (comme une antenne Yagi) pour les zones rurales ou faibles.<\/p><\/li><li data-start=\"1564\" data-end=\"1623\"><p data-start=\"1566\" data-end=\"1623\"><strong data-start=\"1566\" data-end=\"1623\">Gardez une distance d'au moins 10m (30ft) de l'antenne int\u00e9rieure.<\/strong><\/p><\/li><\/ul><p data-start=\"1625\" data-end=\"1691\">\u2705 Installez l'antenne fermement, loin des surfaces m\u00e9talliques et des obstacles.<\/p><hr data-start=\"1693\" data-end=\"1696\" \/><h3 data-start=\"1698\" data-end=\"1751\">\ud83d\udd17 <strong data-start=\"1705\" data-end=\"1751\">Etape 3 : Connecter l'antenne ext\u00e9rieure au Booster<\/strong><\/h3><ul data-start=\"1753\" data-end=\"1923\"><li data-start=\"1753\" data-end=\"1857\"><p data-start=\"1755\" data-end=\"1857\">Utilisez le c\u00e2ble coaxial fourni pour raccorder l'antenne ext\u00e9rieure \u00e0 l'appareil. <strong data-start=\"1824\" data-end=\"1837\">\"Ext\u00e9rieur\"<\/strong> sur le booster<\/p><\/li><li data-start=\"1858\" data-end=\"1923\"><p data-start=\"1860\" data-end=\"1923\">Assurer une connexion s\u00fbre et droite (\u00e9viter les coudes ou les courbures prononc\u00e9es)<\/p><\/li><\/ul><hr data-start=\"1925\" data-end=\"1928\" \/><h3 data-start=\"1930\" data-end=\"1975\">\ud83c\udfe0 <strong data-start=\"1937\" data-end=\"1975\">\u00c9tape 4 : Installation de l'antenne int\u00e9rieure<\/strong><\/h3><ul data-start=\"1977\" data-end=\"2181\"><li data-start=\"1977\" data-end=\"2061\"><p data-start=\"1979\" data-end=\"2061\">Placez l'antenne int\u00e9rieure \u00e0 l'endroit o\u00f9 la couverture est la plus n\u00e9cessaire (un emplacement central est id\u00e9al).<\/p><\/li><li data-start=\"2062\" data-end=\"2119\"><p data-start=\"2064\" data-end=\"2119\">\u00c9vitez de le placer \u00e0 proximit\u00e9 de gros objets m\u00e9talliques ou de routeurs Wi-Fi.<\/p><\/li><li data-start=\"2120\" data-end=\"2181\"><p data-start=\"2122\" data-end=\"2181\">Connecter l'antenne au <strong data-start=\"2149\" data-end=\"2161\">\"Int\u00e9rieur<\/strong> port du booster<\/p><\/li><\/ul><p data-start=\"2183\" data-end=\"2282\">\ud83d\udccc Les antennes panneaux sont meilleures pour une couverture directionnelle ; les antennes d\u00f4mes sont bonnes pour une distribution sur 360\u00b0.<\/p><hr data-start=\"2284\" data-end=\"2287\" \/><h3 data-start=\"2289\" data-end=\"2324\">\u26a1 <strong data-start=\"2295\" data-end=\"2324\">\u00c9tape 5 : Mise sous tension et test<\/strong><\/h3><ul data-start=\"2326\" data-end=\"2510\"><li data-start=\"2326\" data-end=\"2364\"><p data-start=\"2328\" data-end=\"2364\">Branchez le booster sur une prise de courant<\/p><\/li><li data-start=\"2365\" data-end=\"2431\"><p data-start=\"2367\" data-end=\"2431\">Attendez que les indicateurs LED se stabilisent (g\u00e9n\u00e9ralement verts ou bleus).<\/p><\/li><li data-start=\"2432\" data-end=\"2510\"><p data-start=\"2434\" data-end=\"2510\">Faites le tour de la zone avec votre t\u00e9l\u00e9phone et testez l'intensit\u00e9 du signal et la vitesse des donn\u00e9es.<\/p><\/li><\/ul><p data-start=\"2512\" data-end=\"2581\">\ud83d\udcca Ajustez l'orientation de l'antenne ext\u00e9rieure si n\u00e9cessaire pour une meilleure performance<\/p>\t\t\t\t\t\t\t\t<\/div>\n\t\t\t\t<\/div>\n\t\t\t\t<\/div>\n\t\t\t\t<\/div>\n\t\t<div class=\"elementor-element elementor-element-4a7a9e3 e-con-full e-flex e-con e-child\" data-id=\"4a7a9e3\" data-element_type=\"container\">\n\t\t<div class=\"elementor-element elementor-element-ed85a95 e-con-full e-flex e-con e-child\" data-id=\"ed85a95\" data-element_type=\"container\">\n\t\t<div class=\"elementor-element elementor-element-b70e9a1 e-con-full e-flex e-con e-child\" data-id=\"b70e9a1\" data-element_type=\"container\">\n\t\t\t\t<div class=\"elementor-element elementor-element-cdd5f3e elementor-widget elementor-widget-html\" data-id=\"cdd5f3e\" data-element_type=\"widget\" data-widget_type=\"html.default\">\n\t\t\t\t<div class=\"elementor-widget-container\">\n\t\t\t\t\t<section class=\"installation-tips\">\r\n  <h2>Conseils d'installation<\/h2>\r\n  <table style=\"width:100%; border-collapse: collapse;\">\r\n    <thead>\r\n      <tr>\r\n        <th style=\"text-align:left; border-bottom: 2px solid #ddd; padding: 10px;\">Conseil<\/th>\r\n        <th style=\"text-align:left; border-bottom: 2px solid #ddd; padding: 10px;\">D\u00e9tails<\/th>\r\n      <\/tr>\r\n    <\/thead>\r\n    <tbody>\r\n      <tr>\r\n        <td style=\"padding: 10px; border-bottom: 1px solid #eee;\">\ud83d\udce1 S\u00e9paration des antennes<\/td>\r\n        <td style=\"padding: 10px; border-bottom: 1px solid #eee;\">Maintenez une distance d'au moins 10 \u00e0 15 m\u00e8tres entre les antennes ext\u00e9rieures et int\u00e9rieures afin d'\u00e9viter l'auto-oscillation.<\/td>\r\n      <\/tr>\r\n      <tr>\r\n        <td style=\"padding: 10px; border-bottom: 1px solid #eee;\">\ud83d\udd04 \u00c9viter les boucles de c\u00e2bles<\/td>\r\n        <td style=\"padding: 10px; border-bottom: 1px solid #eee;\">Ne pas enrouler les c\u00e2bles coaxiaux. Cela pourrait entra\u00eener une perte de signal ou des interf\u00e9rences.<\/td>\r\n      <\/tr>\r\n      <tr>\r\n        <td style=\"padding: 10px; border-bottom: 1px solid #eee;\">\ud83d\udcf6 Tester la puissance du signal<\/td>\r\n        <td style=\"padding: 10px; border-bottom: 1px solid #eee;\">Utilisez un t\u00e9l\u00e9phone portable ou un signalm\u00e8tre pour d\u00e9terminer la zone o\u00f9 le signal ext\u00e9rieur est le plus fort avant l'installation.<\/td>\r\n      <\/tr>\r\n      <tr>\r\n        <td style=\"padding: 10px; border-bottom: 1px solid #eee;\">\u26a0\ufe0f \u00c9viter les obstacles<\/td>\r\n        <td style=\"padding: 10px; border-bottom: 1px solid #eee;\">Ne placez pas les antennes int\u00e9rieures derri\u00e8re des murs m\u00e9talliques ou \u00e0 proximit\u00e9 de gros appareils \u00e9lectroniques.<\/td>\r\n      <\/tr>\r\n    <\/tbody>\r\n  <\/table>\r\n<\/section>\r\n\t\t\t\t<\/div>\n\t\t\t\t<\/div>\n\t\t\t\t<div class=\"elementor-element elementor-element-f00d86d elementor-widget elementor-widget-html\" data-id=\"f00d86d\" data-element_type=\"widget\" data-widget_type=\"html.default\">\n\t\t\t\t<div class=\"elementor-widget-container\">\n\t\t\t\t\t<section class=\"frequency-compatibility\">\r\n  <h2>Compatibilit\u00e9 avec les r\u00e9seaux mondiaux<\/h2>\r\n  <table style=\"width:100%; border-collapse: collapse;\">\r\n    <thead>\r\n      <tr>\r\n        <th style=\"text-align:left; border-bottom: 2px solid #ddd; padding: 10px;\">R\u00e9gion<\/th>\r\n        <th style=\"text-align:left; border-bottom: 2px solid #ddd; padding: 10px;\">Bandes de fr\u00e9quences prises en charge<\/th>\r\n      <\/tr>\r\n    <\/thead>\r\n    <tbody>\r\n      <tr>\r\n        <td style=\"padding: 10px; border-bottom: 1px solid #eee;\">Royaume-Uni<\/td>\r\n        <td style=\"padding: 10px; border-bottom: 1px solid #eee;\">700 MHz, 800 MHz, 1800 MHz, 2100 MHz, 2600 MHz<\/td>\r\n      <\/tr>\r\n      <tr>\r\n        <td style=\"padding: 10px; border-bottom: 1px solid #eee;\">\u00c9tats-Unis<\/td>\r\n        <td style=\"padding: 10px; border-bottom: 1px solid #eee;\">700 MHz, 850 MHz, 1700\/2100 MHz, 1900 MHz<\/td>\r\n      <\/tr>\r\n      <tr>\r\n        <td style=\"padding: 10px; border-bottom: 1px solid #eee;\">Australie<\/td>\r\n        <td style=\"padding: 10px; border-bottom: 1px solid #eee;\">700 MHz, 850 MHz, 1800 MHz, 2100 MHz, 2600 MHz<\/td>\r\n      <\/tr>\r\n      <tr>\r\n        <td style=\"padding: 10px; border-bottom: 1px solid #eee;\">Europe (France, Espagne, Allemagne)<\/td>\r\n        <td style=\"padding: 10px; border-bottom: 1px solid #eee;\">800 MHz, 1800 MHz, 2100 MHz, 2600 MHz<\/td>\r\n      <\/tr>\r\n      <tr>\r\n        <td style=\"padding: 10px; border-bottom: 1px solid #eee;\">Moyen-Orient<\/td>\r\n        <td style=\"padding: 10px; border-bottom: 1px solid #eee;\">800 MHz, 1800 MHz, 2100 MHz, 2600 MHz<\/td>\r\n      <\/tr>\r\n    <\/tbody>\r\n  <\/table>\r\n<\/section>\r\n\t\t\t\t<\/div>\n\t\t\t\t<\/div>\n\t\t\t\t<\/div>\n\t\t\t\t<\/div>\n\t\t<div class=\"elementor-element elementor-element-37812d2 e-con-full e-flex e-con e-child\" data-id=\"37812d2\" data-element_type=\"container\">\n\t\t<div class=\"elementor-element elementor-element-9b92f38 e-con-full e-flex e-con e-child\" data-id=\"9b92f38\" data-element_type=\"container\">\n\t\t\t\t<div class=\"elementor-element elementor-element-ff5fa1c elementor-widget elementor-widget-heading\" data-id=\"ff5fa1c\" data-element_type=\"widget\" data-widget_type=\"heading.default\">\n\t\t\t\t<div class=\"elementor-widget-container\">\n\t\t\t\t\t<h2 class=\"elementor-heading-title elementor-size-default\">\ud83c\udfaf Applications compatibles<\/h2>\t\t\t\t<\/div>\n\t\t\t\t<\/div>\n\t\t\t\t<div class=\"elementor-element elementor-element-980363d elementor-widget elementor-widget-image\" data-id=\"980363d\" data-element_type=\"widget\" data-widget_type=\"image.default\">\n\t\t\t\t<div class=\"elementor-widget-container\">\n\t\t\t\t\t\t\t\t\t\t\t\t\t\t\t<img fetchpriority=\"high\" decoding=\"async\" width=\"488\" height=\"300\" src=\"https:\/\/i0.wp.com\/www.wanscom.com\/wp-content\/uploads\/2024\/01\/application1-1.jpg?fit=488%2C300&amp;ssl=1\" class=\"attachment-large size-large wp-image-67\" alt=\"\" title=\"\">\t\t\t\t\t\t\t\t\t\t\t\t\t\t\t<\/div>\n\t\t\t\t<\/div>\n\t\t\t\t<div class=\"elementor-element elementor-element-f8aeb61 elementor-widget elementor-widget-heading\" data-id=\"f8aeb61\" data-element_type=\"widget\" data-widget_type=\"heading.default\">\n\t\t\t\t<div class=\"elementor-widget-container\">\n\t\t\t\t\t<h2 class=\"elementor-heading-title elementor-size-default\">\ud83d\udce5 T\u00e9l\u00e9chargements et ressources<\/h2>\t\t\t\t<\/div>\n\t\t\t\t<\/div>\n\t\t\t\t<div class=\"elementor-element elementor-element-3d08c6b elementor-widget elementor-widget-text-editor\" data-id=\"3d08c6b\" data-element_type=\"widget\" data-widget_type=\"text-editor.default\">\n\t\t\t\t<div class=\"elementor-widget-container\">\n\t\t\t\t\t\t\t\t\t<ul><li data-start=\"3975\" data-end=\"4012\"><h4 data-start=\"3977\" data-end=\"4012\"><a class=\"\" href=\"#\" rel=\"noopener\" data-start=\"3977\" data-end=\"4012\">\ud83c\udfa5 Tutoriel vid\u00e9o d'installation<\/a><\/h4><\/li><li data-start=\"4013\" data-end=\"4045\"><h4 data-start=\"4015\" data-end=\"4045\"><a class=\"\" href=\"#\" rel=\"noopener\" data-start=\"4015\" data-end=\"4045\">\ud83d\udcca Outil de v\u00e9rification de la fr\u00e9quence<\/a><\/h4><\/li><\/ul>\t\t\t\t\t\t\t\t<\/div>\n\t\t\t\t<\/div>\n\t\t\t\t<\/div>\n\t\t\t\t<\/div>\n\t\t\t\t<\/div>\n\t\t\t\t\t<\/div>\n\t\t\t\t<\/div>\n\t\t<div class=\"elementor-element elementor-element-824b099 e-con-full e-flex e-con e-parent\" data-id=\"824b099\" data-element_type=\"container\">\n\t\t\t\t<div class=\"elementor-element elementor-element-61f28bd elementor-widget elementor-widget-html\" data-id=\"61f28bd\" data-element_type=\"widget\" data-widget_type=\"html.default\">\n\t\t\t\t<div class=\"elementor-widget-container\">\n\t\t\t\t\t<div style=\"background: linear-gradient(90deg, #0073e6, #005bb3); color: white; padding: 40px 30px; text-align: center; border-radius: 12px; margin-top: 60px;\">\r\n  <h2 style=\"font-size: 28px; margin-bottom: 15px;\">Besoin d'un amplificateur de signal mobile ?<\/h2>\r\n  <p style=\"font-size: 16px; margin-bottom: 25px; max-width: 600px; margin-left: auto; margin-right: auto;\">\r\n    D\u00e9couvrez notre gamme compl\u00e8te de boosters de signal mobile haute performance con\u00e7us pour les maisons, les bureaux, les entrep\u00f4ts et bien plus encore.\r\n  <\/p>\r\n  <a href=\"https:\/\/www.wanscom.com\/fr\/produits\/\" \r\n     style=\"background: #fff; color: #0056b3; font-weight: bold; padding: 12px 28px; border-radius: 6px; text-decoration: none; font-size: 16px;\">\r\n    Tous les produits\r\n  <\/a>\r\n<\/div>\r\n\t\t\t\t<\/div>\n\t\t\t\t<\/div>\n\t\t\t\t<\/div>\n\t\t\t\t<\/div>","protected":false},"excerpt":{"rendered":"<p>How to Install a Mobile Signal Booster Home \/ Page How to Install a Mobile Signal Booster \u2013 Complete Step-by-Step Guide Learn how to install a mobile signal booster for better indoor coverage. Step-by-step installation guide for 4G LTE, 5G, and GSM signal repeaters. Compatible with all major carriers. \ud83d\udce6 What\u2019s in the Box Before [&hellip;]<\/p>","protected":false},"author":1,"featured_media":0,"parent":1251,"menu_order":0,"comment_status":"closed","ping_status":"closed","template":"","meta":{"_acf_changed":false,"_eb_attr":"","_monsterinsights_skip_tracking":false,"_monsterinsights_sitenote_active":false,"_monsterinsights_sitenote_note":"","_monsterinsights_sitenote_category":0,"jetpack_post_was_ever_published":false,"footnotes":""},"class_list":["post-29470","page","type-page","status-publish","hentry"],"acf":[],"jetpack_sharing_enabled":true,"_links":{"self":[{"href":"https:\/\/www.wanscom.com\/fr\/wp-json\/wp\/v2\/pages\/29470","targetHints":{"allow":["GET"]}}],"collection":[{"href":"https:\/\/www.wanscom.com\/fr\/wp-json\/wp\/v2\/pages"}],"about":[{"href":"https:\/\/www.wanscom.com\/fr\/wp-json\/wp\/v2\/types\/page"}],"author":[{"embeddable":true,"href":"https:\/\/www.wanscom.com\/fr\/wp-json\/wp\/v2\/users\/1"}],"replies":[{"embeddable":true,"href":"https:\/\/www.wanscom.com\/fr\/wp-json\/wp\/v2\/comments?post=29470"}],"version-history":[{"count":12,"href":"https:\/\/www.wanscom.com\/fr\/wp-json\/wp\/v2\/pages\/29470\/revisions"}],"predecessor-version":[{"id":29538,"href":"https:\/\/www.wanscom.com\/fr\/wp-json\/wp\/v2\/pages\/29470\/revisions\/29538"}],"up":[{"embeddable":true,"href":"https:\/\/www.wanscom.com\/fr\/wp-json\/wp\/v2\/pages\/1251"}],"wp:attachment":[{"href":"https:\/\/www.wanscom.com\/fr\/wp-json\/wp\/v2\/media?parent=29470"}],"curies":[{"name":"wp","href":"https:\/\/api.w.org\/{rel}","templated":true}]}}