{"id":29492,"date":"2025-07-22T10:05:06","date_gmt":"2025-07-22T09:05:06","guid":{"rendered":"https:\/\/www.wanscom.com\/?page_id=29492"},"modified":"2025-07-22T10:50:39","modified_gmt":"2025-07-22T09:50:39","slug":"verifiez-votre-frequence-mobile-locale-guide-des-bandes-des-operateurs-mondiaux","status":"publish","type":"page","link":"https:\/\/www.wanscom.com\/fr\/soutien\/verifiez-votre-frequence-mobile-locale-guide-des-bandes-des-operateurs-mondiaux\/","title":{"rendered":"V\u00e9rifier votre fr\u00e9quence mobile locale - Guide mondial des bandes de fr\u00e9quences des op\u00e9rateurs"},"content":{"rendered":"<div data-elementor-type=\"wp-page\" data-elementor-id=\"29492\" class=\"elementor elementor-29492\" data-elementor-post-type=\"page\">\n\t\t\t\t<div class=\"elementor-element elementor-element-e28207b e-con-full e-flex e-con e-parent\" data-id=\"e28207b\" data-element_type=\"container\" data-settings=\"{&quot;background_background&quot;:&quot;classic&quot;}\">\n\t\t\t\t<div class=\"elementor-element elementor-element-5a9cfd7d elementor-widget elementor-widget-heading\" data-id=\"5a9cfd7d\" data-element_type=\"widget\" data-widget_type=\"heading.default\">\n\t\t\t\t<div class=\"elementor-widget-container\">\n\t\t\t\t\t<h1 class=\"elementor-heading-title elementor-size-default\">V\u00e9rifiez votre fr\u00e9quence mobile locale<\/h1>\t\t\t\t<\/div>\n\t\t\t\t<\/div>\n\t\t\t\t<div class=\"elementor-element elementor-element-36d7aa8c elementor-widget elementor-widget-eael-breadcrumbs\" data-id=\"36d7aa8c\" data-element_type=\"widget\" data-widget_type=\"eael-breadcrumbs.default\">\n\t\t\t\t<div class=\"elementor-widget-container\">\n\t\t\t\t\t\t\t<div class=\"eael-breadcrumbs\">\n\t\t\t\t\t\t<div class=\"eael-breadcrumbs__prefix\">\n\t\t\t\t<a href=\"https:\/\/www.wanscom.com\/fr\" class=\"eael-breadcrumbs__prefix-link\"><svg aria-hidden=\"true\" class=\"e-font-icon-svg e-fas-home\" viewbox=\"0 0 576 512\" xmlns=\"http:\/\/www.w3.org\/2000\/svg\"><path d=\"M280.37 148.26L96 300.11V464a16 16 0 0 0 16 16l112.06-.29a16 16 0 0 0 15.92-16V368a16 16 0 0 1 16-16h64a16 16 0 0 1 16 16v95.64a16 16 0 0 0 16 16.05L464 480a16 16 0 0 0 16-16V300L295.67 148.26a12.19 12.19 0 0 0-15.3 0zM571.6 251.47L488 182.56V44.05a12 12 0 0 0-12-12h-56a12 12 0 0 0-12 12v72.61L318.47 43a48 48 0 0 0-61 0L4.34 251.47a12 12 0 0 0-1.6 16.9l25.5 31A12 12 0 0 0 45.15 301l235.22-193.74a12.19 12.19 0 0 1 15.3 0L530.9 301a12 12 0 0 0 16.9-1.6l25.5-31a12 12 0 0 0-1.7-16.93z\"><\/path><\/svg><\/a>\t\t\t<\/a>\n\t\t\t<\/div>\n\t\t\t<div class=\"eael-breadcrumbs__content\"><a href=\"https:\/\/www.wanscom.com\/fr\">Accueil<\/a> <span class=\"eael-breadcrumb-separator\">\/<\/span> <span class = \"eael-current\">Page<\/span><\/div>\t\t<\/div>\n\t\t\t\t\t\t<\/div>\n\t\t\t\t<\/div>\n\t\t\t\t<\/div>\n\t\t<div class=\"elementor-element elementor-element-79f067c e-flex e-con-boxed e-con e-parent\" data-id=\"79f067c\" data-element_type=\"container\">\n\t\t\t\t\t<div class=\"e-con-inner\">\n\t\t\t\t<div class=\"elementor-element elementor-element-7ffe0b7 elementor-widget elementor-widget-heading\" data-id=\"7ffe0b7\" data-element_type=\"widget\" data-widget_type=\"heading.default\">\n\t\t\t\t<div class=\"elementor-widget-container\">\n\t\t\t\t\t<h1 class=\"elementor-heading-title elementor-size-default\">V\u00e9rifiez votre fr\u00e9quence mobile locale<\/h1>\t\t\t\t<\/div>\n\t\t\t\t<\/div>\n\t\t\t\t<div class=\"elementor-element elementor-element-aa28316 elementor-widget elementor-widget-text-editor\" data-id=\"aa28316\" data-element_type=\"widget\" data-widget_type=\"text-editor.default\">\n\t\t\t\t<div class=\"elementor-widget-container\">\n\t\t\t\t\t\t\t\t\t<h4 data-start=\"149\" data-end=\"207\"><strong data-start=\"149\" data-end=\"207\">Trouvez les bandes de fr\u00e9quences adapt\u00e9es \u00e0 votre r\u00e9seau mobile<\/strong><\/h4><p data-start=\"209\" data-end=\"409\">Avant d'acheter un amplificateur de signal mobile, il est essentiel de conna\u00eetre les bandes de fr\u00e9quences utilis\u00e9es par votre op\u00e9rateur de t\u00e9l\u00e9phonie mobile dans votre r\u00e9gion. L'utilisation d'un amplificateur de fr\u00e9quence inadapt\u00e9 n'entra\u00eenera aucune am\u00e9lioration du signal.<\/p>\t\t\t\t\t\t\t\t<\/div>\n\t\t\t\t<\/div>\n\t\t\t\t\t<\/div>\n\t\t\t\t<\/div>\n\t\t<div class=\"elementor-element elementor-element-2c0a5f8 e-flex e-con-boxed e-con e-parent\" data-id=\"2c0a5f8\" data-element_type=\"container\">\n\t\t\t\t\t<div class=\"e-con-inner\">\n\t\t\t\t<div class=\"elementor-element elementor-element-b26c027 elementor-widget elementor-widget-heading\" data-id=\"b26c027\" data-element_type=\"widget\" data-widget_type=\"heading.default\">\n\t\t\t\t<div class=\"elementor-widget-container\">\n\t\t\t\t\t<h2 class=\"elementor-heading-title elementor-size-default\">\ud83d\udd0d Comment v\u00e9rifier la fr\u00e9quence mobile de votre t\u00e9l\u00e9phone<\/h2>\t\t\t\t<\/div>\n\t\t\t\t<\/div>\n\t\t\t\t<div class=\"elementor-element elementor-element-54032f9 elementor-widget elementor-widget-image\" data-id=\"54032f9\" data-element_type=\"widget\" data-widget_type=\"image.default\">\n\t\t\t\t<div class=\"elementor-widget-container\">\n\t\t\t\t\t\t\t\t\t\t\t\t\t\t\t<img fetchpriority=\"high\" decoding=\"async\" width=\"800\" height=\"492\" src=\"https:\/\/i0.wp.com\/www.wanscom.com\/wp-content\/uploads\/2024\/04\/Haa633c67f85146929df0fdba48ecbe417.jpg?fit=800%2C492&amp;ssl=1\" class=\"attachment-large size-large wp-image-859\" alt=\"\" title=\"\">\t\t\t\t\t\t\t\t\t\t\t\t\t\t\t<\/div>\n\t\t\t\t<\/div>\n\t\t\t\t<div class=\"elementor-element elementor-element-1fd609c elementor-widget elementor-widget-text-editor\" data-id=\"1fd609c\" data-element_type=\"widget\" data-widget_type=\"text-editor.default\">\n\t\t\t\t<div class=\"elementor-widget-container\">\n\t\t\t\t\t\t\t\t\t<h4 data-start=\"467\" data-end=\"510\"><strong data-start=\"467\" data-end=\"510\">M\u00e9thode 1 : Utiliser le mode service de votre t\u00e9l\u00e9phone<\/strong><\/h4><ul data-start=\"511\" data-end=\"730\"><li data-start=\"511\" data-end=\"622\"><p data-start=\"513\" data-end=\"622\"><strong data-start=\"513\" data-end=\"525\">Android :<\/strong><br data-start=\"525\" data-end=\"528\" \/>Cadran <code data-start=\"535\" data-end=\"544\">*#0011#<\/code> ou <code data-start=\"548\" data-end=\"562\">*#*#4636#*#*<\/code> pour passer en mode Service\/Test. Recherchez \"Band\" ou \"Frequency\".<\/p><\/li><li data-start=\"623\" data-end=\"730\"><p data-start=\"625\" data-end=\"730\"><strong data-start=\"625\" data-end=\"636\">iPhone :<\/strong><br data-start=\"636\" data-end=\"639\" \/>Cadran <code data-start=\"646\" data-end=\"661\">*3001#12345#*<\/code> \u2192 Appuyez sur appel \u2192 Appuyez sur \"Serving Cell Info\" \u2192 Trouvez \"Freq Band Indicator\".<\/p><\/li><\/ul><h4 data-start=\"732\" data-end=\"761\"><strong data-start=\"732\" data-end=\"761\">M\u00e9thode 2 : Utiliser des applications mobiles<\/strong><\/h4><ul data-start=\"762\" data-end=\"1049\"><li data-start=\"762\" data-end=\"872\"><p data-start=\"764\" data-end=\"872\"><a class=\"cursor-pointer\" target=\"_new\" rel=\"noopener\" data-start=\"764\" data-end=\"870\">Network Cell Info Lite (Android)<\/a><\/p><\/li><li data-start=\"873\" data-end=\"902\"><p data-start=\"875\" data-end=\"902\">[LTE Discovery (Android)]<\/p><\/li><li data-start=\"903\" data-end=\"935\"><p data-start=\"905\" data-end=\"935\">[OpenSignal (iOS &amp; Android)]<\/p><\/li><li data-start=\"936\" data-end=\"1049\"><p data-start=\"938\" data-end=\"1049\"><a class=\"cursor-pointer\" target=\"_new\" rel=\"noopener\" data-start=\"938\" data-end=\"1049\">Mode test sur le terrain pour iPhone<\/a><\/p><\/li><\/ul>\t\t\t\t\t\t\t\t<\/div>\n\t\t\t\t<\/div>\n\t\t\t\t\t<\/div>\n\t\t\t\t<\/div>\n\t\t<div class=\"elementor-element elementor-element-56ab3a7 e-flex e-con-boxed e-con e-parent\" data-id=\"56ab3a7\" data-element_type=\"container\">\n\t\t\t\t\t<div class=\"e-con-inner\">\n\t\t\t\t<div class=\"elementor-element elementor-element-114394c elementor-widget elementor-widget-html\" data-id=\"114394c\" data-element_type=\"widget\" data-widget_type=\"html.default\">\n\t\t\t\t<div class=\"elementor-widget-container\">\n\t\t\t\t\t<h2>\ud83c\udf0d Bandes de fr\u00e9quences mobiles mondiales par r\u00e9gion et par op\u00e9rateur<\/h2>\r\n<p>Ce tableau vous aide \u00e0 identifier les bandes de fr\u00e9quences utilis\u00e9es par les principaux op\u00e9rateurs de t\u00e9l\u00e9phonie mobile dans le monde. Utilisez-le pour choisir un amplificateur de signal compatible avec votre r\u00e9gion.<\/p>\r\n\r\n<div style=\"overflow-x:auto;\">\r\n  <table style=\"width:100%; border-collapse:collapse; font-size:14px;\">\r\n    <thead style=\"background-color:#0056B3; color:#fff;\">\r\n      <tr>\r\n        <th style=\"padding:10px; border:1px solid #ccc;\">R\u00e9gion<\/th>\r\n        <th style=\"padding:10px; border:1px solid #ccc;\">Op\u00e9rateur<\/th>\r\n        <th style=\"padding:10px; border:1px solid #ccc;\">2G (GSM)<\/th>\r\n        <th style=\"padding:10px; border:1px solid #ccc;\">3G (UMTS)<\/th>\r\n        <th style=\"padding:10px; border:1px solid #ccc;\">Bandes 4G LTE<\/th>\r\n        <th style=\"padding:10px; border:1px solid #ccc;\">Bandes 5G NR<\/th>\r\n      <\/tr>\r\n    <\/thead>\r\n    <tbody>\r\n      <!-- Europe -->\r\n      <tr><td>L'Europe<\/td><td>Vodafone<\/td><td>900, 1800<\/td><td>2100<\/td><td>3, 7, 20<\/td><td>n78, n1<\/td><\/tr>\r\n      <tr><td><\/td><td>Orange<\/td><td>900, 1800<\/td><td>2100<\/td><td>3, 7, 20<\/td><td>n78, n3<\/td><\/tr>\r\n      <tr><td><\/td><td>O2<\/td><td>900, 1800<\/td><td>2100<\/td><td>1, 3, 7, 8, 20<\/td><td>n1, n28, n78<\/td><\/tr>\r\n      <tr><td><\/td><td>Trois<\/td><td>-<\/td><td>2100<\/td><td>3, 20<\/td><td>n78<\/td><\/tr>\r\n      <tr><td><\/td><td>Bouygues<\/td><td>900, 1800<\/td><td>2100<\/td><td>3, 7, 20<\/td><td>n78<\/td><\/tr>\r\n      <tr><td><\/td><td>Telekom.de<\/td><td>900, 1800<\/td><td>2100<\/td><td>3, 7, 20<\/td><td>n78, n1<\/td><\/tr>\r\n\r\n      <!-- North America -->\r\n      <tr><td>Am\u00e9rique du Nord<\/td><td>AT&amp;T<\/td><td>850, 1900<\/td><td>850, 1900<\/td><td>2, 4, 5, 12, 17<\/td><td>n5, n77<\/td><\/tr>\r\n      <tr><td><\/td><td>Verizon<\/td><td>850<\/td><td>850<\/td><td>2, 4, 13<\/td><td>n260, n261, n77<\/td><\/tr>\r\n      <tr><td><\/td><td>T-Mobile US<\/td><td>1900<\/td><td>1700\/2100<\/td><td>2, 4, 12, 66, 71<\/td><td>n41, n71<\/td><\/tr>\r\n      <tr><td><\/td><td>Rogers (CA)<\/td><td>850, 1900<\/td><td>850, 1900<\/td><td>4, 7, 12<\/td><td>n66, n78<\/td><\/tr>\r\n      <tr><td><\/td><td>Bell (CA)<\/td><td>850, 1900<\/td><td>850, 1900<\/td><td>2, 4, 7<\/td><td>n66, n78<\/td><\/tr>\r\n      <tr><td><\/td><td>Telus (CA)<\/td><td>850, 1900<\/td><td>850, 1900<\/td><td>2, 4, 7<\/td><td>n66, n78<\/td><\/tr>\r\n\r\n      <!-- Asia-Pacific -->\r\n      <tr><td>Asie-Pacifique<\/td><td>Jio (Inde)<\/td><td>1800<\/td><td>-<\/td><td>3, 5, 40<\/td><td>n78<\/td><\/tr>\r\n      <tr><td><\/td><td>China Mobile<\/td><td>900, 1800<\/td><td>2100<\/td><td>1, 3, 41<\/td><td>n41, n78<\/td><\/tr>\r\n      <tr><td><\/td><td>NTT Docomo<\/td><td>800, 1800<\/td><td>2100<\/td><td>1, 3, 19<\/td><td>n78, n79<\/td><\/tr>\r\n      <tr><td><\/td><td>SK Telecom<\/td><td>1800<\/td><td>2100<\/td><td>3, 8<\/td><td>n78<\/td><\/tr>\r\n      <tr><td><\/td><td>Optus (AU)<\/td><td>900, 1800<\/td><td>2100<\/td><td>3, 7, 28<\/td><td>n78<\/td><\/tr>\r\n      <tr><td><\/td><td>Telstra (AU)<\/td><td>850, 1800<\/td><td>2100<\/td><td>3, 7, 28<\/td><td>n78<\/td><\/tr>\r\n\r\n      <!-- Middle East -->\r\n      <tr><td>Moyen-Orient<\/td><td>Etisalat (EAU)<\/td><td>900, 1800<\/td><td>2100<\/td><td>3, 7, 20<\/td><td>n78<\/td><\/tr>\r\n      <tr><td><\/td><td>STC (KSA)<\/td><td>900, 1800<\/td><td>2100<\/td><td>3, 8<\/td><td>n78<\/td><\/tr>\r\n      <tr><td><\/td><td>du (EAU)<\/td><td>900, 1800<\/td><td>2100<\/td><td>3, 7<\/td><td>n78<\/td><\/tr>\r\n      <tr><td><\/td><td>Mobily (KSA)<\/td><td>900, 1800<\/td><td>2100<\/td><td>3, 7<\/td><td>n78<\/td><\/tr>\r\n      <tr><td><\/td><td>Zain (KSA)<\/td><td>900, 1800<\/td><td>2100<\/td><td>3, 7, 8<\/td><td>n78<\/td><\/tr>\r\n      <tr><td><\/td><td>Ooredoo (QA)<\/td><td>900, 1800<\/td><td>2100<\/td><td>3, 8<\/td><td>n78<\/td><\/tr>\r\n\r\n      <!-- South America -->\r\n      <tr><td>Am\u00e9rique du Sud<\/td><td>Claro<\/td><td>850, 1900<\/td><td>850, 1900<\/td><td>2, 4, 7, 28<\/td><td>n78<\/td><\/tr>\r\n      <tr><td><\/td><td>Movistar<\/td><td>850, 1900<\/td><td>850, 1900<\/td><td>2, 4, 7, 28<\/td><td>n28, n78<\/td><\/tr>\r\n      <tr><td><\/td><td>Vivo<\/td><td>850, 1800<\/td><td>2100<\/td><td>1, 3, 7, 28<\/td><td>n78<\/td><\/tr>\r\n      <tr><td><\/td><td>Oi<\/td><td>900, 1800<\/td><td>2100<\/td><td>3, 7, 28<\/td><td>n78<\/td><\/tr>\r\n      <tr><td><\/td><td>Entel (Chili)<\/td><td>850, 1900<\/td><td>2100<\/td><td>4, 7, 28<\/td><td>n78<\/td><\/tr>\r\n      <tr><td><\/td><td>Particuliers (AR)<\/td><td>850, 1900<\/td><td>2100<\/td><td>4, 7<\/td><td>n78<\/td><\/tr>\r\n\r\n      <!-- Africa -->\r\n      <tr><td>Afrique<\/td><td>MTN<\/td><td>900, 1800<\/td><td>2100<\/td><td>3, 7, 20<\/td><td>n78<\/td><\/tr>\r\n      <tr><td><\/td><td>Vodacom<\/td><td>900, 1800<\/td><td>2100<\/td><td>3, 8, 20<\/td><td>n78<\/td><\/tr>\r\n      <tr><td><\/td><td>Airtel Afrique<\/td><td>900, 1800<\/td><td>2100<\/td><td>1, 3, 8<\/td><td>n78<\/td><\/tr>\r\n      <tr><td><\/td><td>Safaricom<\/td><td>900, 1800<\/td><td>2100<\/td><td>3, 7<\/td><td>n78<\/td><\/tr>\r\n      <tr><td><\/td><td>Orange \u00c9gypte<\/td><td>900, 1800<\/td><td>2100<\/td><td>3, 8<\/td><td>n78<\/td><\/tr>\r\n      <tr><td><\/td><td>Telkom Kenya<\/td><td>900, 1800<\/td><td>2100<\/td><td>3, 7<\/td><td>n78<\/td><\/tr>\r\n    <\/tbody>\r\n  <\/table>\r\n<\/div>\r\n\t\t\t\t<\/div>\n\t\t\t\t<\/div>\n\t\t\t\t\t<\/div>\n\t\t\t\t<\/div>\n\t\t<div class=\"elementor-element elementor-element-5e1608b e-flex e-con-boxed e-con e-parent\" data-id=\"5e1608b\" data-element_type=\"container\">\n\t\t\t\t\t<div class=\"e-con-inner\">\n\t\t\t\t<div class=\"elementor-element elementor-element-9fe728f elementor-widget elementor-widget-heading\" data-id=\"9fe728f\" data-element_type=\"widget\" data-widget_type=\"heading.default\">\n\t\t\t\t<div class=\"elementor-widget-container\">\n\t\t\t\t\t<h2 class=\"elementor-heading-title elementor-size-default\">\ud83d\udca1 Conseil : Faire correspondre les fr\u00e9quences lors de l'achat d'un amplificateur de signal<\/h2>\t\t\t\t<\/div>\n\t\t\t\t<\/div>\n\t\t\t\t<div class=\"elementor-element elementor-element-c62bc7f elementor-widget elementor-widget-text-editor\" data-id=\"c62bc7f\" data-element_type=\"widget\" data-widget_type=\"text-editor.default\">\n\t\t\t\t<div class=\"elementor-widget-container\">\n\t\t\t\t\t\t\t\t\t<p data-start=\"5223\" data-end=\"5312\">Veillez \u00e0 ce que votre amplificateur corresponde \u00e0 la <strong data-start=\"5255\" data-end=\"5280\">bandes de fr\u00e9quences exactes<\/strong> que votre op\u00e9rateur utilise. Par exemple :<\/p><ul data-start=\"5313\" data-end=\"5485\"><li data-start=\"5313\" data-end=\"5425\"><p data-start=\"5315\" data-end=\"5425\">Si votre t\u00e9l\u00e9phone utilise <strong data-start=\"5334\" data-end=\"5355\">Bande 20 (800 MHz)<\/strong> et <strong data-start=\"5360\" data-end=\"5381\">Bande 3 (1800 MHz)<\/strong>votre booster <strong data-start=\"5396\" data-end=\"5424\">doit soutenir ces groupes<\/strong>.<\/p><\/li><li data-start=\"5426\" data-end=\"5485\"><p data-start=\"5428\" data-end=\"5485\">Pour <strong data-start=\"5432\" data-end=\"5438\">5G<\/strong>Les groupes les plus courants sont <strong data-start=\"5462\" data-end=\"5484\">n78, n77, n41, n28<\/strong>.<\/p><\/li><\/ul>\t\t\t\t\t\t\t\t<\/div>\n\t\t\t\t<\/div>\n\t\t\t\t\t<\/div>\n\t\t\t\t<\/div>\n\t\t<div class=\"elementor-element elementor-element-1318247 e-con-full e-flex e-con e-parent\" data-id=\"1318247\" data-element_type=\"container\">\n\t\t\t\t<div class=\"elementor-element elementor-element-d17f90e elementor-widget elementor-widget-html\" data-id=\"d17f90e\" data-element_type=\"widget\" data-widget_type=\"html.default\">\n\t\t\t\t<div class=\"elementor-widget-container\">\n\t\t\t\t\t<div style=\"background: linear-gradient(90deg, #0056B3 0%, #007BFF 100%); color: white; text-align: center; padding: 40px 20px; border-radius: 16px; margin-top: 40px;\">\r\n  <h2 style=\"font-size: 28px; margin-bottom: 10px; color: #fff;\">Besoin d'aide pour choisir le bon amplificateur ?<\/h2>\r\n  <p style=\"font-size: 16px; margin-bottom: 25px;\">D\u00e9couvrez notre gamme compl\u00e8te de boosters de signal mobile pour les maisons, les bureaux, les fermes et les grands b\u00e2timents.<\/p>\r\n  <a href=\"\/fr\/product-category\/signal-boosters\/\" style=\"background-color: white; color: #0056B3; padding: 12px 28px; font-weight: bold; border-radius: 8px; text-decoration: none; display: inline-block; font-size: 16px;\">Tous les produits<\/a>\r\n<\/div>\r\n\t\t\t\t<\/div>\n\t\t\t\t<\/div>\n\t\t\t\t<\/div>\n\t\t\t\t<\/div>","protected":false},"excerpt":{"rendered":"<p>Check Your Local Mobile Frequency Home \/ Page Check Your Local Mobile Frequency Find the right frequency bands for your mobile network Before purchasing a mobile signal booster, it\u2019s essential to know which frequency bands your mobile carrier uses in your region. Using the wrong frequency booster will result in no signal improvement. \ud83d\udd0d How [&hellip;]<\/p>","protected":false},"author":1,"featured_media":27847,"parent":1251,"menu_order":0,"comment_status":"closed","ping_status":"closed","template":"","meta":{"_acf_changed":false,"_eb_attr":"","_monsterinsights_skip_tracking":false,"_monsterinsights_sitenote_active":false,"_monsterinsights_sitenote_note":"","_monsterinsights_sitenote_category":0,"jetpack_post_was_ever_published":false,"footnotes":""},"class_list":["post-29492","page","type-page","status-publish","has-post-thumbnail","hentry"],"acf":[],"jetpack_sharing_enabled":true,"_links":{"self":[{"href":"https:\/\/www.wanscom.com\/fr\/wp-json\/wp\/v2\/pages\/29492","targetHints":{"allow":["GET"]}}],"collection":[{"href":"https:\/\/www.wanscom.com\/fr\/wp-json\/wp\/v2\/pages"}],"about":[{"href":"https:\/\/www.wanscom.com\/fr\/wp-json\/wp\/v2\/types\/page"}],"author":[{"embeddable":true,"href":"https:\/\/www.wanscom.com\/fr\/wp-json\/wp\/v2\/users\/1"}],"replies":[{"embeddable":true,"href":"https:\/\/www.wanscom.com\/fr\/wp-json\/wp\/v2\/comments?post=29492"}],"version-history":[{"count":14,"href":"https:\/\/www.wanscom.com\/fr\/wp-json\/wp\/v2\/pages\/29492\/revisions"}],"predecessor-version":[{"id":29546,"href":"https:\/\/www.wanscom.com\/fr\/wp-json\/wp\/v2\/pages\/29492\/revisions\/29546"}],"up":[{"embeddable":true,"href":"https:\/\/www.wanscom.com\/fr\/wp-json\/wp\/v2\/pages\/1251"}],"wp:featuredmedia":[{"embeddable":true,"href":"https:\/\/www.wanscom.com\/fr\/wp-json\/wp\/v2\/media\/27847"}],"wp:attachment":[{"href":"https:\/\/www.wanscom.com\/fr\/wp-json\/wp\/v2\/media?parent=29492"}],"curies":[{"name":"wp","href":"https:\/\/api.w.org\/{rel}","templated":true}]}}