{"id":29709,"date":"2025-07-24T09:57:55","date_gmt":"2025-07-24T08:57:55","guid":{"rendered":"https:\/\/www.wanscom.com\/?page_id=29709"},"modified":"2025-07-25T09:39:06","modified_gmt":"2025-07-25T08:39:06","slug":"b","status":"publish","type":"page","link":"https:\/\/www.wanscom.com\/fr\/b\/","title":{"rendered":"Par zone de couverture"},"content":{"rendered":"<div data-elementor-type=\"wp-page\" data-elementor-id=\"29709\" class=\"elementor elementor-29709\" data-elementor-post-type=\"page\">\n\t\t\t\t<div class=\"elementor-element elementor-element-ec4dfe1 e-con-full e-flex e-con e-parent\" data-id=\"ec4dfe1\" data-element_type=\"container\" data-settings=\"{&quot;background_background&quot;:&quot;classic&quot;}\">\n\t\t\t\t<div class=\"elementor-element elementor-element-3e3f98f0 elementor-widget elementor-widget-heading\" data-id=\"3e3f98f0\" data-element_type=\"widget\" data-widget_type=\"heading.default\">\n\t\t\t\t<div class=\"elementor-widget-container\">\n\t\t\t\t\t<h1 class=\"elementor-heading-title elementor-size-default\">Par zone de couverture<\/h1>\t\t\t\t<\/div>\n\t\t\t\t<\/div>\n\t\t\t\t<div class=\"elementor-element elementor-element-d0bfd63 elementor-widget elementor-widget-eael-breadcrumbs\" data-id=\"d0bfd63\" data-element_type=\"widget\" data-widget_type=\"eael-breadcrumbs.default\">\n\t\t\t\t<div class=\"elementor-widget-container\">\n\t\t\t\t\t\t\t<div class=\"eael-breadcrumbs\">\n\t\t\t\t\t\t<div class=\"eael-breadcrumbs__prefix\">\n\t\t\t\t<a href=\"https:\/\/www.wanscom.com\/fr\" class=\"eael-breadcrumbs__prefix-link\"><svg aria-hidden=\"true\" class=\"e-font-icon-svg e-fas-home\" viewbox=\"0 0 576 512\" xmlns=\"http:\/\/www.w3.org\/2000\/svg\"><path d=\"M280.37 148.26L96 300.11V464a16 16 0 0 0 16 16l112.06-.29a16 16 0 0 0 15.92-16V368a16 16 0 0 1 16-16h64a16 16 0 0 1 16 16v95.64a16 16 0 0 0 16 16.05L464 480a16 16 0 0 0 16-16V300L295.67 148.26a12.19 12.19 0 0 0-15.3 0zM571.6 251.47L488 182.56V44.05a12 12 0 0 0-12-12h-56a12 12 0 0 0-12 12v72.61L318.47 43a48 48 0 0 0-61 0L4.34 251.47a12 12 0 0 0-1.6 16.9l25.5 31A12 12 0 0 0 45.15 301l235.22-193.74a12.19 12.19 0 0 1 15.3 0L530.9 301a12 12 0 0 0 16.9-1.6l25.5-31a12 12 0 0 0-1.7-16.93z\"><\/path><\/svg><\/a>\t\t\t<\/a>\n\t\t\t<\/div>\n\t\t\t<div class=\"eael-breadcrumbs__content\"><a href=\"https:\/\/www.wanscom.com\/fr\">Accueil<\/a> <span class=\"eael-breadcrumb-separator\">\/<\/span> <span class = \"eael-current\">Page<\/span><\/div>\t\t<\/div>\n\t\t\t\t\t\t<\/div>\n\t\t\t\t<\/div>\n\t\t\t\t<\/div>\n\t\t<div class=\"elementor-element elementor-element-9239640 e-flex e-con-boxed e-con e-parent\" data-id=\"9239640\" data-element_type=\"container\">\n\t\t\t\t\t<div class=\"e-con-inner\">\n\t\t\t\t<div class=\"elementor-element elementor-element-e939772 elementor-widget elementor-widget-elementskit-heading\" data-id=\"e939772\" data-element_type=\"widget\" data-widget_type=\"elementskit-heading.default\">\n\t\t\t\t<div class=\"elementor-widget-container\">\n\t\t\t\t\t<div class=\"ekit-wid-con\" ><div class=\"ekit-heading elementskit-section-title-wraper text_center   ekit_heading_tablet-   ekit_heading_mobile-\"><h2 class=\"ekit-heading--title elementskit-section-title\">Choisissez votre amplificateur en fonction de la zone de couverture<\/h2><div class=\"ekit_heading_separetor_wraper ekit_heading_elementskit-border-divider ekit-dotted\"><div class=\"elementskit-border-divider ekit-dotted\"><\/div><\/div>\t\t\t\t<div class='ekit-heading__description'>\n\t\t\t\t\t<p>Choisissez le bon amplificateur de signal en fonction de la taille de votre espace, qu'il s'agisse d'un petit appartement ou d'une grande zone industrielle.<\/p>\n\t\t\t\t<\/div>\n\t\t\t<\/div><\/div>\t\t\t\t<\/div>\n\t\t\t\t<\/div>\n\t\t\t\t\t<\/div>\n\t\t\t\t<\/div>\n\t\t<div class=\"elementor-element elementor-element-e7f8715 e-flex e-con-boxed e-con e-parent\" data-id=\"e7f8715\" data-element_type=\"container\">\n\t\t\t\t\t<div class=\"e-con-inner\">\n\t\t<div class=\"elementor-element elementor-element-1f13fd5 e-con-full e-flex e-con e-child\" data-id=\"1f13fd5\" data-element_type=\"container\">\n\t\t\t\t<div class=\"elementor-element elementor-element-10caefe elementor-widget elementor-widget-heading\" data-id=\"10caefe\" data-element_type=\"widget\" data-widget_type=\"heading.default\">\n\t\t\t\t<div class=\"elementor-widget-container\">\n\t\t\t\t\t<h2 class=\"elementor-heading-title elementor-size-default\">Petite gamme<\/h2>\t\t\t\t<\/div>\n\t\t\t\t<\/div>\n\t\t\t\t<div class=\"elementor-element elementor-element-f14e769 elementor-widget elementor-widget-text-editor\" data-id=\"f14e769\" data-element_type=\"widget\" data-widget_type=\"text-editor.default\">\n\t\t\t\t<div class=\"elementor-widget-container\">\n\t\t\t\t\t\t\t\t\t<p data-start=\"77\" data-end=\"281\"><strong data-start=\"77\" data-end=\"94\">Zone de couverture<\/strong>: <em data-start=\"96\" data-end=\"111\">Jusqu'\u00e0 300 m2<\/em><br data-start=\"111\" data-end=\"114\" \/><strong data-start=\"114\" data-end=\"129\">Description<\/strong>:<br data-start=\"130\" data-end=\"133\" \/>Con\u00e7u pour les petites maisons, les appartements, les chambres individuelles ou les bureaux \u00e0 domicile. Id\u00e9al pour am\u00e9liorer le signal mobile dans les espaces compacts avec des besoins mod\u00e9r\u00e9s en mati\u00e8re de signal.<\/p><p data-start=\"283\" data-end=\"305\"><strong data-start=\"283\" data-end=\"302\">Recommand\u00e9 pour<\/strong>:<\/p><ul data-start=\"306\" data-end=\"395\"><li data-start=\"306\" data-end=\"320\"><p data-start=\"308\" data-end=\"320\">Appartements<\/p><\/li><li data-start=\"321\" data-end=\"348\"><p data-start=\"323\" data-end=\"348\">Chambres \u00e0 coucher ou salles d'\u00e9tude<\/p><\/li><li data-start=\"349\" data-end=\"371\"><p data-start=\"351\" data-end=\"371\">Petits commerces de d\u00e9tail<\/p><\/li><li data-start=\"372\" data-end=\"395\"><p data-start=\"374\" data-end=\"395\">Postes de travail \u00e0 distance<\/p><\/li><\/ul>\t\t\t\t\t\t\t\t<\/div>\n\t\t\t\t<\/div>\n\t\t\t\t<div class=\"elementor-element elementor-element-df71d06 elementor-align-center elementor-widget elementor-widget-button\" data-id=\"df71d06\" data-element_type=\"widget\" data-widget_type=\"button.default\">\n\t\t\t\t<div class=\"elementor-widget-container\">\n\t\t\t\t\t\t\t\t\t<div class=\"elementor-button-wrapper\">\n\t\t\t\t\t<a class=\"elementor-button elementor-button-link elementor-size-sm\" href=\"#\">\n\t\t\t\t\t\t<span class=\"elementor-button-content-wrapper\">\n\t\t\t\t\t\t\t\t\t<span class=\"elementor-button-text\">Voir les produits<\/span>\n\t\t\t\t\t<\/span>\n\t\t\t\t\t<\/a>\n\t\t\t\t<\/div>\n\t\t\t\t\t\t\t\t<\/div>\n\t\t\t\t<\/div>\n\t\t\t\t<\/div>\n\t\t<div class=\"elementor-element elementor-element-58e4891 e-con-full e-flex e-con e-child\" data-id=\"58e4891\" data-element_type=\"container\">\n\t\t\t\t<div class=\"elementor-element elementor-element-eba52f5 elementor-widget elementor-widget-heading\" data-id=\"eba52f5\" data-element_type=\"widget\" data-widget_type=\"heading.default\">\n\t\t\t\t<div class=\"elementor-widget-container\">\n\t\t\t\t\t<h2 class=\"elementor-heading-title elementor-size-default\">Moyenne port\u00e9e<\/h2>\t\t\t\t<\/div>\n\t\t\t\t<\/div>\n\t\t\t\t<div class=\"elementor-element elementor-element-6b0c6b3 elementor-widget elementor-widget-text-editor\" data-id=\"6b0c6b3\" data-element_type=\"widget\" data-widget_type=\"text-editor.default\">\n\t\t\t\t<div class=\"elementor-widget-container\">\n\t\t\t\t\t\t\t\t\t<p data-start=\"443\" data-end=\"633\"><strong data-start=\"443\" data-end=\"460\">Zone de couverture<\/strong>: <em data-start=\"462\" data-end=\"478\">Jusqu'\u00e0 500 m2<\/em><br data-start=\"478\" data-end=\"481\"><strong data-start=\"481\" data-end=\"496\">Description<\/strong>:<br data-start=\"497\" data-end=\"500\">Convient parfaitement aux maisons, villas ou bureaux de taille moyenne. Ces amplificateurs offrent une couverture plus large pour les pi\u00e8ces multiples ou les petits immeubles.<\/p>\n<p data-start=\"635\" data-end=\"657\"><strong data-start=\"635\" data-end=\"654\">Recommand\u00e9 pour<\/strong>:<\/p>\n<ul data-start=\"658\" data-end=\"751\">\n<li data-start=\"658\" data-end=\"685\">\n<p data-start=\"660\" data-end=\"685\">Villas ou maisons duplex<\/p>\n<\/li>\n<li data-start=\"686\" data-end=\"705\">\n<p data-start=\"688\" data-end=\"705\">Boutiques et caf\u00e9s<\/p>\n<\/li>\n<li data-start=\"706\" data-end=\"730\">\n<p data-start=\"708\" data-end=\"730\">Bureaux de taille moyenne<\/p>\n<\/li>\n<li data-start=\"731\" data-end=\"751\">\n<p data-start=\"733\" data-end=\"751\">Petits entrep\u00f4ts<\/p>\n<\/li>\n<\/ul>\t\t\t\t\t\t\t\t<\/div>\n\t\t\t\t<\/div>\n\t\t\t\t<div class=\"elementor-element elementor-element-36e7bd9 elementor-align-center elementor-widget elementor-widget-button\" data-id=\"36e7bd9\" data-element_type=\"widget\" data-widget_type=\"button.default\">\n\t\t\t\t<div class=\"elementor-widget-container\">\n\t\t\t\t\t\t\t\t\t<div class=\"elementor-button-wrapper\">\n\t\t\t\t\t<a class=\"elementor-button elementor-button-link elementor-size-sm\" href=\"#\">\n\t\t\t\t\t\t<span class=\"elementor-button-content-wrapper\">\n\t\t\t\t\t\t\t\t\t<span class=\"elementor-button-text\">Voir les produits<\/span>\n\t\t\t\t\t<\/span>\n\t\t\t\t\t<\/a>\n\t\t\t\t<\/div>\n\t\t\t\t\t\t\t\t<\/div>\n\t\t\t\t<\/div>\n\t\t\t\t<\/div>\n\t\t<div class=\"elementor-element elementor-element-c8e148b e-con-full e-flex e-con e-child\" data-id=\"c8e148b\" data-element_type=\"container\">\n\t\t\t\t<div class=\"elementor-element elementor-element-33344cf elementor-widget elementor-widget-heading\" data-id=\"33344cf\" data-element_type=\"widget\" data-widget_type=\"heading.default\">\n\t\t\t\t<div class=\"elementor-widget-container\">\n\t\t\t\t\t<h2 class=\"elementor-heading-title elementor-size-default\">Large gamme<\/h2>\t\t\t\t<\/div>\n\t\t\t\t<\/div>\n\t\t\t\t<div class=\"elementor-element elementor-element-63e3ab3 elementor-widget elementor-widget-text-editor\" data-id=\"63e3ab3\" data-element_type=\"widget\" data-widget_type=\"text-editor.default\">\n\t\t\t\t<div class=\"elementor-widget-container\">\n\t\t\t\t\t\t\t\t\t<p data-start=\"798\" data-end=\"988\"><strong data-start=\"798\" data-end=\"815\">Zone de couverture<\/strong>: <em data-start=\"817\" data-end=\"833\">Jusqu'\u00e0 2000 m2<\/em><br data-start=\"833\" data-end=\"836\" \/><strong data-start=\"836\" data-end=\"851\">Description<\/strong>:<br data-start=\"852\" data-end=\"855\" \/>Parfait pour les grands immeubles r\u00e9sidentiels, les garages ou les unit\u00e9s commerciales. Cette cat\u00e9gorie permet de g\u00e9rer plusieurs pi\u00e8ces et une plus grande capacit\u00e9 d'utilisation.<\/p><p data-start=\"990\" data-end=\"1012\"><strong data-start=\"990\" data-end=\"1009\">Recommand\u00e9 pour<\/strong>:<\/p><ul data-start=\"1013\" data-end=\"1124\"><li data-start=\"1013\" data-end=\"1044\"><p data-start=\"1015\" data-end=\"1044\">Grandes maisons de 2 \u00e0 3 \u00e9tages<\/p><\/li><li data-start=\"1045\" data-end=\"1069\"><p data-start=\"1047\" data-end=\"1069\">Garages ou ateliers<\/p><\/li><li data-start=\"1070\" data-end=\"1101\"><p data-start=\"1072\" data-end=\"1101\">Cliniques ou centres d'apprentissage<\/p><\/li><li data-start=\"1102\" data-end=\"1124\"><p data-start=\"1104\" data-end=\"1124\">Bureaux multi-pi\u00e8ces<\/p><\/li><\/ul>\t\t\t\t\t\t\t\t<\/div>\n\t\t\t\t<\/div>\n\t\t\t\t<div class=\"elementor-element elementor-element-248418e elementor-align-center elementor-widget elementor-widget-button\" data-id=\"248418e\" data-element_type=\"widget\" data-widget_type=\"button.default\">\n\t\t\t\t<div class=\"elementor-widget-container\">\n\t\t\t\t\t\t\t\t\t<div class=\"elementor-button-wrapper\">\n\t\t\t\t\t<a class=\"elementor-button elementor-button-link elementor-size-sm\" href=\"#\">\n\t\t\t\t\t\t<span class=\"elementor-button-content-wrapper\">\n\t\t\t\t\t\t\t\t\t<span class=\"elementor-button-text\">Voir les produits<\/span>\n\t\t\t\t\t<\/span>\n\t\t\t\t\t<\/a>\n\t\t\t\t<\/div>\n\t\t\t\t\t\t\t\t<\/div>\n\t\t\t\t<\/div>\n\t\t\t\t<\/div>\n\t\t<div class=\"elementor-element elementor-element-9725689 e-con-full e-flex e-con e-child\" data-id=\"9725689\" data-element_type=\"container\">\n\t\t\t\t<div class=\"elementor-element elementor-element-0d9f506 elementor-widget elementor-widget-heading\" data-id=\"0d9f506\" data-element_type=\"widget\" data-widget_type=\"heading.default\">\n\t\t\t\t<div class=\"elementor-widget-container\">\n\t\t\t\t\t<h2 class=\"elementor-heading-title elementor-size-default\">Une gamme \u00e9tendue<\/h2>\t\t\t\t<\/div>\n\t\t\t\t<\/div>\n\t\t\t\t<div class=\"elementor-element elementor-element-607617f elementor-widget elementor-widget-text-editor\" data-id=\"607617f\" data-element_type=\"widget\" data-widget_type=\"text-editor.default\">\n\t\t\t\t<div class=\"elementor-widget-container\">\n\t\t\t\t\t\t\t\t\t<p data-start=\"1170\" data-end=\"1367\"><strong data-start=\"1170\" data-end=\"1187\">Zone de couverture<\/strong>: <em data-start=\"1189\" data-end=\"1213\">Jusqu'\u00e0 5000 m\u00b2 ou plus<\/em><br data-start=\"1213\" data-end=\"1216\" \/><strong data-start=\"1216\" data-end=\"1231\">Description<\/strong>:<br data-start=\"1232\" data-end=\"1235\" \/>Con\u00e7us pour les entrep\u00f4ts, les fermes, les h\u00f4tels et les complexes industriels. Ces amplificateurs fournissent un signal puissant pour les environnements \u00e0 grande \u00e9chelle.<\/p><p data-start=\"1369\" data-end=\"1391\"><strong data-start=\"1369\" data-end=\"1388\">Recommand\u00e9 pour<\/strong>:<\/p><ul data-start=\"1392\" data-end=\"1502\"><li data-start=\"1392\" data-end=\"1415\"><p data-start=\"1394\" data-end=\"1415\">Usines et fermes<\/p><\/li><li data-start=\"1416\" data-end=\"1436\"><p data-start=\"1418\" data-end=\"1436\">Centres commerciaux<\/p><\/li><li data-start=\"1437\" data-end=\"1465\"><p data-start=\"1439\" data-end=\"1465\">H\u00f4tels et grands bureaux<\/p><\/li><li data-start=\"1466\" data-end=\"1502\"><p data-start=\"1468\" data-end=\"1502\">B\u00e2timents commerciaux \u00e0 plusieurs \u00e9tages<\/p><\/li><\/ul>\t\t\t\t\t\t\t\t<\/div>\n\t\t\t\t<\/div>\n\t\t\t\t<div class=\"elementor-element elementor-element-621de01 elementor-align-center elementor-widget elementor-widget-button\" data-id=\"621de01\" data-element_type=\"widget\" data-widget_type=\"button.default\">\n\t\t\t\t<div class=\"elementor-widget-container\">\n\t\t\t\t\t\t\t\t\t<div class=\"elementor-button-wrapper\">\n\t\t\t\t\t<a class=\"elementor-button elementor-button-link elementor-size-sm\" href=\"#\">\n\t\t\t\t\t\t<span class=\"elementor-button-content-wrapper\">\n\t\t\t\t\t\t\t\t\t<span class=\"elementor-button-text\">Voir les produits<\/span>\n\t\t\t\t\t<\/span>\n\t\t\t\t\t<\/a>\n\t\t\t\t<\/div>\n\t\t\t\t\t\t\t\t<\/div>\n\t\t\t\t<\/div>\n\t\t\t\t<\/div>\n\t\t\t\t\t<\/div>\n\t\t\t\t<\/div>\n\t\t\t\t<\/div>","protected":false},"excerpt":{"rendered":"<p>By Coverage Area Home \/ Page Choose Your Booster by Coverage Area Select the right signal booster based on the size of your space \u2014 from small apartments to large industrial areas. Small Range Coverage Area: Up to 300 sqmDescription:Designed for small homes, apartments, single rooms, or home offices. Ideal for improving mobile signal in [&hellip;]<\/p>","protected":false},"author":1,"featured_media":0,"parent":0,"menu_order":0,"comment_status":"closed","ping_status":"closed","template":"","meta":{"_acf_changed":false,"_eb_attr":"","_monsterinsights_skip_tracking":false,"_monsterinsights_sitenote_active":false,"_monsterinsights_sitenote_note":"","_monsterinsights_sitenote_category":0,"jetpack_post_was_ever_published":false,"footnotes":""},"class_list":["post-29709","page","type-page","status-publish","hentry"],"acf":[],"jetpack_sharing_enabled":true,"_links":{"self":[{"href":"https:\/\/www.wanscom.com\/fr\/wp-json\/wp\/v2\/pages\/29709","targetHints":{"allow":["GET"]}}],"collection":[{"href":"https:\/\/www.wanscom.com\/fr\/wp-json\/wp\/v2\/pages"}],"about":[{"href":"https:\/\/www.wanscom.com\/fr\/wp-json\/wp\/v2\/types\/page"}],"author":[{"embeddable":true,"href":"https:\/\/www.wanscom.com\/fr\/wp-json\/wp\/v2\/users\/1"}],"replies":[{"embeddable":true,"href":"https:\/\/www.wanscom.com\/fr\/wp-json\/wp\/v2\/comments?post=29709"}],"version-history":[{"count":21,"href":"https:\/\/www.wanscom.com\/fr\/wp-json\/wp\/v2\/pages\/29709\/revisions"}],"predecessor-version":[{"id":29744,"href":"https:\/\/www.wanscom.com\/fr\/wp-json\/wp\/v2\/pages\/29709\/revisions\/29744"}],"wp:attachment":[{"href":"https:\/\/www.wanscom.com\/fr\/wp-json\/wp\/v2\/media?parent=29709"}],"curies":[{"name":"wp","href":"https:\/\/api.w.org\/{rel}","templated":true}]}}