{"id":29749,"date":"2025-07-28T03:45:53","date_gmt":"2025-07-28T02:45:53","guid":{"rendered":"https:\/\/www.wanscom.com\/?page_id=29749"},"modified":"2025-07-28T09:40:00","modified_gmt":"2025-07-28T08:40:00","slug":"par-application","status":"publish","type":"page","link":"https:\/\/www.wanscom.com\/fr\/par-application\/","title":{"rendered":"Par application"},"content":{"rendered":"<div data-elementor-type=\"wp-page\" data-elementor-id=\"29749\" class=\"elementor elementor-29749\" data-elementor-post-type=\"page\">\n\t\t\t\t<div class=\"elementor-element elementor-element-1c1101d0 e-con-full e-flex e-con e-parent\" data-id=\"1c1101d0\" data-element_type=\"container\" data-settings=\"{&quot;background_background&quot;:&quot;classic&quot;}\">\n\t\t\t\t<div class=\"elementor-element elementor-element-2a4e86cc elementor-widget elementor-widget-heading\" data-id=\"2a4e86cc\" data-element_type=\"widget\" data-widget_type=\"heading.default\">\n\t\t\t\t<div class=\"elementor-widget-container\">\n\t\t\t\t\t<h1 class=\"elementor-heading-title elementor-size-default\">Par application<\/h1>\t\t\t\t<\/div>\n\t\t\t\t<\/div>\n\t\t\t\t<div class=\"elementor-element elementor-element-7cfdb322 elementor-widget elementor-widget-eael-breadcrumbs\" data-id=\"7cfdb322\" data-element_type=\"widget\" data-widget_type=\"eael-breadcrumbs.default\">\n\t\t\t\t<div class=\"elementor-widget-container\">\n\t\t\t\t\t\t\t<div class=\"eael-breadcrumbs\">\n\t\t\t\t\t\t<div class=\"eael-breadcrumbs__prefix\">\n\t\t\t\t<a href=\"https:\/\/www.wanscom.com\/fr\" class=\"eael-breadcrumbs__prefix-link\"><svg aria-hidden=\"true\" class=\"e-font-icon-svg e-fas-home\" viewbox=\"0 0 576 512\" xmlns=\"http:\/\/www.w3.org\/2000\/svg\"><path d=\"M280.37 148.26L96 300.11V464a16 16 0 0 0 16 16l112.06-.29a16 16 0 0 0 15.92-16V368a16 16 0 0 1 16-16h64a16 16 0 0 1 16 16v95.64a16 16 0 0 0 16 16.05L464 480a16 16 0 0 0 16-16V300L295.67 148.26a12.19 12.19 0 0 0-15.3 0zM571.6 251.47L488 182.56V44.05a12 12 0 0 0-12-12h-56a12 12 0 0 0-12 12v72.61L318.47 43a48 48 0 0 0-61 0L4.34 251.47a12 12 0 0 0-1.6 16.9l25.5 31A12 12 0 0 0 45.15 301l235.22-193.74a12.19 12.19 0 0 1 15.3 0L530.9 301a12 12 0 0 0 16.9-1.6l25.5-31a12 12 0 0 0-1.7-16.93z\"><\/path><\/svg><\/a>\t\t\t<\/a>\n\t\t\t<\/div>\n\t\t\t<div class=\"eael-breadcrumbs__content\"><a href=\"https:\/\/www.wanscom.com\/fr\">Accueil<\/a> <span class=\"eael-breadcrumb-separator\">\/<\/span> <span class = \"eael-current\">Page<\/span><\/div>\t\t<\/div>\n\t\t\t\t\t\t<\/div>\n\t\t\t\t<\/div>\n\t\t\t\t<\/div>\n\t\t<div class=\"elementor-element elementor-element-2f2806e e-flex e-con-boxed e-con e-parent\" data-id=\"2f2806e\" data-element_type=\"container\">\n\t\t\t\t\t<div class=\"e-con-inner\">\n\t\t\t\t<div class=\"elementor-element elementor-element-bf2652e elementor-widget elementor-widget-elementskit-heading\" data-id=\"bf2652e\" data-element_type=\"widget\" data-widget_type=\"elementskit-heading.default\">\n\t\t\t\t<div class=\"elementor-widget-container\">\n\t\t\t\t\t<div class=\"ekit-wid-con\" ><div class=\"ekit-heading elementskit-section-title-wraper text_center   ekit_heading_tablet-   ekit_heading_mobile-\"><h2 class=\"ekit-heading--title elementskit-section-title\">Boosters de signal mobile par application<\/h2><div class=\"ekit_heading_separetor_wraper ekit_heading_elementskit-border-divider ekit-dotted\"><div class=\"elementskit-border-divider ekit-dotted\"><\/div><\/div>\t\t\t\t<div class='ekit-heading__description'>\n\t\t\t\t\t<p>Optimisez la connectivit\u00e9 dans tous les environnementsQue vous soyez dans une villa spacieuse, dans un bureau anim\u00e9 ou en d\u00e9placement dans un v\u00e9hicule, la puissance du signal mobile peut varier consid\u00e9rablement. Nos solutions sur mesure garantissent une couverture cellulaire solide et fiable, o\u00f9 que vous soyez.<\/p>\n\t\t\t\t<\/div>\n\t\t\t<\/div><\/div>\t\t\t\t<\/div>\n\t\t\t\t<\/div>\n\t\t\t\t\t<\/div>\n\t\t\t\t<\/div>\n\t\t<div class=\"elementor-element elementor-element-e64daa2 e-grid e-con-boxed e-con e-parent\" data-id=\"e64daa2\" data-element_type=\"container\">\n\t\t\t\t\t<div class=\"e-con-inner\">\n\t\t<div class=\"elementor-element elementor-element-ef236ff e-con-full e-flex e-con e-child\" data-id=\"ef236ff\" data-element_type=\"container\">\n\t\t\t\t<div class=\"elementor-element elementor-element-39e982a elementor-position-left elementor-vertical-align-middle elementor-widget elementor-widget-image-box\" data-id=\"39e982a\" data-element_type=\"widget\" data-widget_type=\"image-box.default\">\n\t\t\t\t<div class=\"elementor-widget-container\">\n\t\t\t\t\t<div class=\"elementor-image-box-wrapper\"><figure class=\"elementor-image-box-img\"><img fetchpriority=\"high\" decoding=\"async\" width=\"1280\" height=\"873\" src=\"https:\/\/i0.wp.com\/www.wanscom.com\/wp-content\/uploads\/2024\/06\/house-garage-driveway-1867187.jpg?fit=1280%2C873&amp;ssl=1\" class=\"elementor-animation-shrink attachment-full size-full wp-image-7113\" alt=\"booster de signal mobile pour la maison\" srcset=\"https:\/\/i0.wp.com\/www.wanscom.com\/wp-content\/uploads\/2024\/06\/house-garage-driveway-1867187.jpg?w=1280&amp;ssl=1 1280w, https:\/\/i0.wp.com\/www.wanscom.com\/wp-content\/uploads\/2024\/06\/house-garage-driveway-1867187.jpg?resize=430%2C293&amp;ssl=1 430w, https:\/\/i0.wp.com\/www.wanscom.com\/wp-content\/uploads\/2024\/06\/house-garage-driveway-1867187.jpg?resize=700%2C477&amp;ssl=1 700w, https:\/\/i0.wp.com\/www.wanscom.com\/wp-content\/uploads\/2024\/06\/house-garage-driveway-1867187.jpg?resize=300%2C205&amp;ssl=1 300w, https:\/\/i0.wp.com\/www.wanscom.com\/wp-content\/uploads\/2024\/06\/house-garage-driveway-1867187.jpg?resize=1024%2C698&amp;ssl=1 1024w\" sizes=\"(max-width: 800px) 100vw, 800px\" title=\"\"><\/figure><div class=\"elementor-image-box-content\"><h3 class=\"elementor-image-box-title\">Utilisation \u00e0 domicile et en villa<\/h3><p class=\"elementor-image-box-description\">Garantissez des appels ininterrompus et des donn\u00e9es fluides dans votre espace de vie - id\u00e9al pour les maisons de banlieue, les villas et les appartements.<\/p><\/div><\/div>\t\t\t\t<\/div>\n\t\t\t\t<\/div>\n\t\t\t\t<div class=\"elementor-element elementor-element-dd9b4d5 elementor-align-left elementor-widget elementor-widget-button\" data-id=\"dd9b4d5\" data-element_type=\"widget\" data-widget_type=\"button.default\">\n\t\t\t\t<div class=\"elementor-widget-container\">\n\t\t\t\t\t\t\t\t\t<div class=\"elementor-button-wrapper\">\n\t\t\t\t\t<a class=\"elementor-button elementor-button-link elementor-size-sm\" href=\"#\">\n\t\t\t\t\t\t<span class=\"elementor-button-content-wrapper\">\n\t\t\t\t\t\t\t\t\t<span class=\"elementor-button-text\">En savoir plus<\/span>\n\t\t\t\t\t<\/span>\n\t\t\t\t\t<\/a>\n\t\t\t\t<\/div>\n\t\t\t\t\t\t\t\t<\/div>\n\t\t\t\t<\/div>\n\t\t\t\t<\/div>\n\t\t<div class=\"elementor-element elementor-element-25816cc e-con-full e-flex e-con e-child\" data-id=\"25816cc\" data-element_type=\"container\">\n\t\t\t\t<div class=\"elementor-element elementor-element-d9a1893 elementor-position-left elementor-vertical-align-middle elementor-widget elementor-widget-image-box\" data-id=\"d9a1893\" data-element_type=\"widget\" data-widget_type=\"image-box.default\">\n\t\t\t\t<div class=\"elementor-widget-container\">\n\t\t\t\t\t<div class=\"elementor-image-box-wrapper\"><figure class=\"elementor-image-box-img\"><img decoding=\"async\" width=\"1280\" height=\"841\" src=\"https:\/\/i0.wp.com\/www.wanscom.com\/wp-content\/uploads\/2024\/06\/house-skyscraper-building-2892798.jpg?fit=1280%2C841&amp;ssl=1\" class=\"elementor-animation-shrink attachment-full size-full wp-image-7114\" alt=\"amplificateur de signal pour immeuble de bureaux\" srcset=\"https:\/\/i0.wp.com\/www.wanscom.com\/wp-content\/uploads\/2024\/06\/house-skyscraper-building-2892798.jpg?w=1280&amp;ssl=1 1280w, https:\/\/i0.wp.com\/www.wanscom.com\/wp-content\/uploads\/2024\/06\/house-skyscraper-building-2892798.jpg?resize=430%2C283&amp;ssl=1 430w, https:\/\/i0.wp.com\/www.wanscom.com\/wp-content\/uploads\/2024\/06\/house-skyscraper-building-2892798.jpg?resize=700%2C460&amp;ssl=1 700w, https:\/\/i0.wp.com\/www.wanscom.com\/wp-content\/uploads\/2024\/06\/house-skyscraper-building-2892798.jpg?resize=300%2C197&amp;ssl=1 300w, https:\/\/i0.wp.com\/www.wanscom.com\/wp-content\/uploads\/2024\/06\/house-skyscraper-building-2892798.jpg?resize=1024%2C673&amp;ssl=1 1024w\" sizes=\"(max-width: 800px) 100vw, 800px\" title=\"\"><\/figure><div class=\"elementor-image-box-content\"><h3 class=\"elementor-image-box-title\">Utilisation des bureaux et des b\u00e2timents<\/h3><p class=\"elementor-image-box-description\">Am\u00e9liorez la productivit\u00e9 gr\u00e2ce \u00e0 des signaux puissants dans les bureaux, les espaces de travail et les immeubles de grande hauteur.<\/p><\/div><\/div>\t\t\t\t<\/div>\n\t\t\t\t<\/div>\n\t\t\t\t<div class=\"elementor-element elementor-element-f7fa6a1 elementor-align-left elementor-widget elementor-widget-button\" data-id=\"f7fa6a1\" data-element_type=\"widget\" data-widget_type=\"button.default\">\n\t\t\t\t<div class=\"elementor-widget-container\">\n\t\t\t\t\t\t\t\t\t<div class=\"elementor-button-wrapper\">\n\t\t\t\t\t<a class=\"elementor-button elementor-button-link elementor-size-sm\" href=\"#\">\n\t\t\t\t\t\t<span class=\"elementor-button-content-wrapper\">\n\t\t\t\t\t\t\t\t\t<span class=\"elementor-button-text\">En savoir plus<\/span>\n\t\t\t\t\t<\/span>\n\t\t\t\t\t<\/a>\n\t\t\t\t<\/div>\n\t\t\t\t\t\t\t\t<\/div>\n\t\t\t\t<\/div>\n\t\t\t\t<\/div>\n\t\t<div class=\"elementor-element elementor-element-81ee976 e-con-full e-flex e-con e-child\" data-id=\"81ee976\" data-element_type=\"container\">\n\t\t\t\t<div class=\"elementor-element elementor-element-9eb3aaf elementor-position-left elementor-vertical-align-middle elementor-widget elementor-widget-image-box\" data-id=\"9eb3aaf\" data-element_type=\"widget\" data-widget_type=\"image-box.default\">\n\t\t\t\t<div class=\"elementor-widget-container\">\n\t\t\t\t\t<div class=\"elementor-image-box-wrapper\"><figure class=\"elementor-image-box-img\"><img decoding=\"async\" width=\"2000\" height=\"1005\" src=\"https:\/\/i0.wp.com\/www.wanscom.com\/wp-content\/uploads\/2009\/09\/christian-joudrey-65080-e1506603415622.jpg?fit=2000%2C1005&amp;ssl=1\" class=\"elementor-animation-shrink attachment-full size-full wp-image-5715\" alt=\"booster mobile pour usage industriel\" srcset=\"https:\/\/i0.wp.com\/www.wanscom.com\/wp-content\/uploads\/2009\/09\/christian-joudrey-65080-e1506603415622.jpg?w=2000&amp;ssl=1 2000w, https:\/\/i0.wp.com\/www.wanscom.com\/wp-content\/uploads\/2009\/09\/christian-joudrey-65080-e1506603415622.jpg?resize=430%2C216&amp;ssl=1 430w, https:\/\/i0.wp.com\/www.wanscom.com\/wp-content\/uploads\/2009\/09\/christian-joudrey-65080-e1506603415622.jpg?resize=700%2C352&amp;ssl=1 700w, https:\/\/i0.wp.com\/www.wanscom.com\/wp-content\/uploads\/2009\/09\/christian-joudrey-65080-e1506603415622.jpg?resize=300%2C151&amp;ssl=1 300w, https:\/\/i0.wp.com\/www.wanscom.com\/wp-content\/uploads\/2009\/09\/christian-joudrey-65080-e1506603415622.jpg?resize=1024%2C515&amp;ssl=1 1024w, https:\/\/i0.wp.com\/www.wanscom.com\/wp-content\/uploads\/2009\/09\/christian-joudrey-65080-e1506603415622.jpg?resize=1320%2C663&amp;ssl=1 1320w, https:\/\/i0.wp.com\/www.wanscom.com\/wp-content\/uploads\/2009\/09\/christian-joudrey-65080-e1506603415622.jpg?w=1600&amp;ssl=1 1600w\" sizes=\"(max-width: 800px) 100vw, 800px\" title=\"\"><\/figure><div class=\"elementor-image-box-content\"><h3 class=\"elementor-image-box-title\">Usage industriel et entrep\u00f4t<\/h3><p class=\"elementor-image-box-description\">Surmontez les signaux faibles dans les grands sites industriels \u00e0 ossature m\u00e9tallique ou \u00e9loign\u00e9s gr\u00e2ce \u00e0 des amplificateurs de forte puissance.<\/p><\/div><\/div>\t\t\t\t<\/div>\n\t\t\t\t<\/div>\n\t\t\t\t<div class=\"elementor-element elementor-element-e50cc3f elementor-align-left elementor-widget elementor-widget-button\" data-id=\"e50cc3f\" data-element_type=\"widget\" data-widget_type=\"button.default\">\n\t\t\t\t<div class=\"elementor-widget-container\">\n\t\t\t\t\t\t\t\t\t<div class=\"elementor-button-wrapper\">\n\t\t\t\t\t<a class=\"elementor-button elementor-button-link elementor-size-sm\" href=\"#\">\n\t\t\t\t\t\t<span class=\"elementor-button-content-wrapper\">\n\t\t\t\t\t\t\t\t\t<span class=\"elementor-button-text\">En savoir plus<\/span>\n\t\t\t\t\t<\/span>\n\t\t\t\t\t<\/a>\n\t\t\t\t<\/div>\n\t\t\t\t\t\t\t\t<\/div>\n\t\t\t\t<\/div>\n\t\t\t\t<\/div>\n\t\t<div class=\"elementor-element elementor-element-22611ec e-con-full e-flex e-con e-child\" data-id=\"22611ec\" data-element_type=\"container\">\n\t\t\t\t<div class=\"elementor-element elementor-element-a817c21 elementor-position-left elementor-vertical-align-middle elementor-widget elementor-widget-image-box\" data-id=\"a817c21\" data-element_type=\"widget\" data-widget_type=\"image-box.default\">\n\t\t\t\t<div class=\"elementor-widget-container\">\n\t\t\t\t\t<div class=\"elementor-image-box-wrapper\"><figure class=\"elementor-image-box-img\"><img loading=\"lazy\" decoding=\"async\" width=\"900\" height=\"1200\" src=\"https:\/\/i0.wp.com\/www.wanscom.com\/wp-content\/uploads\/2025\/07\/%E5%BE%AE%E4%BF%A1%E5%9B%BE%E7%89%87_20250719111650.jpg?fit=900%2C1200&amp;ssl=1\" class=\"elementor-animation-shrink attachment-full size-full wp-image-29348\" alt=\"R\u00e9chauffeur de signaux pour utilisation en sous-sol\" title=\"\"><\/figure><div class=\"elementor-image-box-content\"><h3 class=\"elementor-image-box-title\">Utilisation du sous-sol et du garage<\/h3><p class=\"elementor-image-box-description\">Zones mortes sous terre ? Pas de probl\u00e8me. Am\u00e9liorez les signaux dans les sous-sols, les garages souterrains et les locaux techniques.<\/p><\/div><\/div>\t\t\t\t<\/div>\n\t\t\t\t<\/div>\n\t\t\t\t<div class=\"elementor-element elementor-element-615d77d elementor-align-left elementor-widget elementor-widget-button\" data-id=\"615d77d\" data-element_type=\"widget\" data-widget_type=\"button.default\">\n\t\t\t\t<div class=\"elementor-widget-container\">\n\t\t\t\t\t\t\t\t\t<div class=\"elementor-button-wrapper\">\n\t\t\t\t\t<a class=\"elementor-button elementor-button-link elementor-size-sm\" href=\"#\">\n\t\t\t\t\t\t<span class=\"elementor-button-content-wrapper\">\n\t\t\t\t\t\t\t\t\t<span class=\"elementor-button-text\">En savoir plus<\/span>\n\t\t\t\t\t<\/span>\n\t\t\t\t\t<\/a>\n\t\t\t\t<\/div>\n\t\t\t\t\t\t\t\t<\/div>\n\t\t\t\t<\/div>\n\t\t\t\t<\/div>\n\t\t<div class=\"elementor-element elementor-element-c497c95 e-con-full e-flex e-con e-child\" data-id=\"c497c95\" data-element_type=\"container\">\n\t\t\t\t<div class=\"elementor-element elementor-element-56da7e7 elementor-position-left elementor-vertical-align-middle elementor-widget elementor-widget-image-box\" data-id=\"56da7e7\" data-element_type=\"widget\" data-widget_type=\"image-box.default\">\n\t\t\t\t<div class=\"elementor-widget-container\">\n\t\t\t\t\t<div class=\"elementor-image-box-wrapper\"><figure class=\"elementor-image-box-img\"><img loading=\"lazy\" decoding=\"async\" width=\"1280\" height=\"853\" src=\"https:\/\/i0.wp.com\/www.wanscom.com\/wp-content\/uploads\/2024\/06\/rice-field-paddy-field-agriculture-7890204.jpg?fit=1280%2C853&amp;ssl=1\" class=\"elementor-animation-shrink attachment-full size-full wp-image-7125\" alt=\"r\u00e9p\u00e9teur de signal pour ferme zone rurale\" srcset=\"https:\/\/i0.wp.com\/www.wanscom.com\/wp-content\/uploads\/2024\/06\/rice-field-paddy-field-agriculture-7890204.jpg?w=1280&amp;ssl=1 1280w, https:\/\/i0.wp.com\/www.wanscom.com\/wp-content\/uploads\/2024\/06\/rice-field-paddy-field-agriculture-7890204.jpg?resize=430%2C287&amp;ssl=1 430w, https:\/\/i0.wp.com\/www.wanscom.com\/wp-content\/uploads\/2024\/06\/rice-field-paddy-field-agriculture-7890204.jpg?resize=700%2C466&amp;ssl=1 700w, https:\/\/i0.wp.com\/www.wanscom.com\/wp-content\/uploads\/2024\/06\/rice-field-paddy-field-agriculture-7890204.jpg?resize=300%2C200&amp;ssl=1 300w, https:\/\/i0.wp.com\/www.wanscom.com\/wp-content\/uploads\/2024\/06\/rice-field-paddy-field-agriculture-7890204.jpg?resize=1024%2C682&amp;ssl=1 1024w, https:\/\/i0.wp.com\/www.wanscom.com\/wp-content\/uploads\/2024\/06\/rice-field-paddy-field-agriculture-7890204.jpg?resize=600%2C400&amp;ssl=1 600w, https:\/\/i0.wp.com\/www.wanscom.com\/wp-content\/uploads\/2024\/06\/rice-field-paddy-field-agriculture-7890204.jpg?resize=1200%2C800&amp;ssl=1 1200w\" sizes=\"(max-width: 800px) 100vw, 800px\" title=\"\"><\/figure><div class=\"elementor-image-box-content\"><h3 class=\"elementor-image-box-title\">Ferme et zone rurale<\/h3><p class=\"elementor-image-box-description\">Connectez-vous dans les zones recul\u00e9es gr\u00e2ce \u00e0 des amplificateurs longue port\u00e9e con\u00e7us pour les grandes exploitations agricoles et les zones rurales.<\/p><\/div><\/div>\t\t\t\t<\/div>\n\t\t\t\t<\/div>\n\t\t\t\t<div class=\"elementor-element elementor-element-d4da468 elementor-align-left elementor-widget elementor-widget-button\" data-id=\"d4da468\" data-element_type=\"widget\" data-widget_type=\"button.default\">\n\t\t\t\t<div class=\"elementor-widget-container\">\n\t\t\t\t\t\t\t\t\t<div class=\"elementor-button-wrapper\">\n\t\t\t\t\t<a class=\"elementor-button elementor-button-link elementor-size-sm\" href=\"#\">\n\t\t\t\t\t\t<span class=\"elementor-button-content-wrapper\">\n\t\t\t\t\t\t\t\t\t<span class=\"elementor-button-text\">En savoir plus<\/span>\n\t\t\t\t\t<\/span>\n\t\t\t\t\t<\/a>\n\t\t\t\t<\/div>\n\t\t\t\t\t\t\t\t<\/div>\n\t\t\t\t<\/div>\n\t\t\t\t<\/div>\n\t\t<div class=\"elementor-element elementor-element-add6a78 e-con-full e-flex e-con e-child\" data-id=\"add6a78\" data-element_type=\"container\">\n\t\t\t\t<div class=\"elementor-element elementor-element-5311f61 elementor-position-left elementor-vertical-align-middle elementor-widget elementor-widget-image-box\" data-id=\"5311f61\" data-element_type=\"widget\" data-widget_type=\"image-box.default\">\n\t\t\t\t<div class=\"elementor-widget-container\">\n\t\t\t\t\t<div class=\"elementor-image-box-wrapper\"><figure class=\"elementor-image-box-img\"><img loading=\"lazy\" decoding=\"async\" width=\"1280\" height=\"853\" src=\"https:\/\/i0.wp.com\/www.wanscom.com\/wp-content\/uploads\/2024\/07\/pexels-photo-533562-533562.jpg?fit=1280%2C853&amp;ssl=1\" class=\"elementor-animation-shrink attachment-full size-full wp-image-27754\" alt=\"pexels-photo-533562-533562.jpg\" srcset=\"https:\/\/i0.wp.com\/www.wanscom.com\/wp-content\/uploads\/2024\/07\/pexels-photo-533562-533562.jpg?w=1280&amp;ssl=1 1280w, https:\/\/i0.wp.com\/www.wanscom.com\/wp-content\/uploads\/2024\/07\/pexels-photo-533562-533562.jpg?resize=400%2C267&amp;ssl=1 400w, https:\/\/i0.wp.com\/www.wanscom.com\/wp-content\/uploads\/2024\/07\/pexels-photo-533562-533562.jpg?resize=1200%2C800&amp;ssl=1 1200w, https:\/\/i0.wp.com\/www.wanscom.com\/wp-content\/uploads\/2024\/07\/pexels-photo-533562-533562.jpg?resize=768%2C512&amp;ssl=1 768w, https:\/\/i0.wp.com\/www.wanscom.com\/wp-content\/uploads\/2024\/07\/pexels-photo-533562-533562.jpg?resize=18%2C12&amp;ssl=1 18w, https:\/\/i0.wp.com\/www.wanscom.com\/wp-content\/uploads\/2024\/07\/pexels-photo-533562-533562.jpg?resize=430%2C287&amp;ssl=1 430w, https:\/\/i0.wp.com\/www.wanscom.com\/wp-content\/uploads\/2024\/07\/pexels-photo-533562-533562.jpg?resize=700%2C466&amp;ssl=1 700w, https:\/\/i0.wp.com\/www.wanscom.com\/wp-content\/uploads\/2024\/07\/pexels-photo-533562-533562.jpg?resize=600%2C400&amp;ssl=1 600w\" sizes=\"(max-width: 800px) 100vw, 800px\" title=\"\"><\/figure><div class=\"elementor-image-box-content\"><h3 class=\"elementor-image-box-title\">V\u00e9hicule \/ Utilisation mobile<\/h3><p class=\"elementor-image-box-description\">Restez connect\u00e9 lorsque vous \u00eates sur la route - des camionnettes de livraison aux v\u00e9hicules de loisirs et aux v\u00e9hicules d'urgence.<\/p><\/div><\/div>\t\t\t\t<\/div>\n\t\t\t\t<\/div>\n\t\t\t\t<div class=\"elementor-element elementor-element-9c202ac elementor-align-left elementor-widget elementor-widget-button\" data-id=\"9c202ac\" data-element_type=\"widget\" data-widget_type=\"button.default\">\n\t\t\t\t<div class=\"elementor-widget-container\">\n\t\t\t\t\t\t\t\t\t<div class=\"elementor-button-wrapper\">\n\t\t\t\t\t<a class=\"elementor-button elementor-button-link elementor-size-sm\" href=\"#\">\n\t\t\t\t\t\t<span class=\"elementor-button-content-wrapper\">\n\t\t\t\t\t\t\t\t\t<span class=\"elementor-button-text\">En savoir plus<\/span>\n\t\t\t\t\t<\/span>\n\t\t\t\t\t<\/a>\n\t\t\t\t<\/div>\n\t\t\t\t\t\t\t\t<\/div>\n\t\t\t\t<\/div>\n\t\t\t\t<\/div>\n\t\t\t\t\t<\/div>\n\t\t\t\t<\/div>\n\t\t\t\t<\/div>","protected":false},"excerpt":{"rendered":"<p>By Application Home \/ Page Mobile Signal Boosters by Application Optimize Connectivity in Every EnvironmentWhether you&#8217;re in a spacious villa, a bustling office, or on the move in a vehicle, mobile signal strength can vary drastically. Our tailored solutions ensure strong, reliable cellular coverage wherever you are. Home &#038; Villa Use Ensure uninterrupted calls and [&hellip;]<\/p>","protected":false},"author":1,"featured_media":28033,"parent":0,"menu_order":0,"comment_status":"closed","ping_status":"closed","template":"","meta":{"_acf_changed":false,"_eb_attr":"","_monsterinsights_skip_tracking":false,"_monsterinsights_sitenote_active":false,"_monsterinsights_sitenote_note":"","_monsterinsights_sitenote_category":0,"jetpack_post_was_ever_published":false,"footnotes":""},"class_list":["post-29749","page","type-page","status-publish","has-post-thumbnail","hentry"],"acf":[],"jetpack_sharing_enabled":true,"_links":{"self":[{"href":"https:\/\/www.wanscom.com\/fr\/wp-json\/wp\/v2\/pages\/29749","targetHints":{"allow":["GET"]}}],"collection":[{"href":"https:\/\/www.wanscom.com\/fr\/wp-json\/wp\/v2\/pages"}],"about":[{"href":"https:\/\/www.wanscom.com\/fr\/wp-json\/wp\/v2\/types\/page"}],"author":[{"embeddable":true,"href":"https:\/\/www.wanscom.com\/fr\/wp-json\/wp\/v2\/users\/1"}],"replies":[{"embeddable":true,"href":"https:\/\/www.wanscom.com\/fr\/wp-json\/wp\/v2\/comments?post=29749"}],"version-history":[{"count":8,"href":"https:\/\/www.wanscom.com\/fr\/wp-json\/wp\/v2\/pages\/29749\/revisions"}],"predecessor-version":[{"id":29760,"href":"https:\/\/www.wanscom.com\/fr\/wp-json\/wp\/v2\/pages\/29749\/revisions\/29760"}],"wp:featuredmedia":[{"embeddable":true,"href":"https:\/\/www.wanscom.com\/fr\/wp-json\/wp\/v2\/media\/28033"}],"wp:attachment":[{"href":"https:\/\/www.wanscom.com\/fr\/wp-json\/wp\/v2\/media?parent=29749"}],"curies":[{"name":"wp","href":"https:\/\/api.w.org\/{rel}","templated":true}]}}