{"id":29761,"date":"2025-07-28T10:06:20","date_gmt":"2025-07-28T09:06:20","guid":{"rendered":"https:\/\/www.wanscom.com\/?page_id=29761"},"modified":"2025-07-29T07:52:05","modified_gmt":"2025-07-29T06:52:05","slug":"booster-de-signal-mobile-pour-la-maison-et-la-villa","status":"publish","type":"page","link":"https:\/\/www.wanscom.com\/fr\/par-application\/booster-de-signal-mobile-pour-la-maison-et-la-villa\/","title":{"rendered":"Booster de signal mobile pour la maison et la villa"},"content":{"rendered":"<div data-elementor-type=\"wp-page\" data-elementor-id=\"29761\" class=\"elementor elementor-29761\" data-elementor-post-type=\"page\">\n\t\t\t\t<div class=\"elementor-element elementor-element-626890b0 e-con-full e-flex e-con e-parent\" data-id=\"626890b0\" data-element_type=\"container\" data-settings=\"{&quot;background_background&quot;:&quot;classic&quot;}\">\n\t\t\t\t<div class=\"elementor-element elementor-element-58ddf642 elementor-widget elementor-widget-heading\" data-id=\"58ddf642\" data-element_type=\"widget\" data-widget_type=\"heading.default\">\n\t\t\t\t<div class=\"elementor-widget-container\">\n\t\t\t\t\t<h1 class=\"elementor-heading-title elementor-size-default\">Booster de signal mobile pour la maison et la villa<\/h1>\t\t\t\t<\/div>\n\t\t\t\t<\/div>\n\t\t\t\t<div class=\"elementor-element elementor-element-183203d1 elementor-widget elementor-widget-eael-breadcrumbs\" data-id=\"183203d1\" data-element_type=\"widget\" data-widget_type=\"eael-breadcrumbs.default\">\n\t\t\t\t<div class=\"elementor-widget-container\">\n\t\t\t\t\t\t\t<div class=\"eael-breadcrumbs\">\n\t\t\t\t\t\t<div class=\"eael-breadcrumbs__prefix\">\n\t\t\t\t<a href=\"https:\/\/www.wanscom.com\/fr\" class=\"eael-breadcrumbs__prefix-link\"><svg aria-hidden=\"true\" class=\"e-font-icon-svg e-fas-home\" viewbox=\"0 0 576 512\" xmlns=\"http:\/\/www.w3.org\/2000\/svg\"><path d=\"M280.37 148.26L96 300.11V464a16 16 0 0 0 16 16l112.06-.29a16 16 0 0 0 15.92-16V368a16 16 0 0 1 16-16h64a16 16 0 0 1 16 16v95.64a16 16 0 0 0 16 16.05L464 480a16 16 0 0 0 16-16V300L295.67 148.26a12.19 12.19 0 0 0-15.3 0zM571.6 251.47L488 182.56V44.05a12 12 0 0 0-12-12h-56a12 12 0 0 0-12 12v72.61L318.47 43a48 48 0 0 0-61 0L4.34 251.47a12 12 0 0 0-1.6 16.9l25.5 31A12 12 0 0 0 45.15 301l235.22-193.74a12.19 12.19 0 0 1 15.3 0L530.9 301a12 12 0 0 0 16.9-1.6l25.5-31a12 12 0 0 0-1.7-16.93z\"><\/path><\/svg><\/a>\t\t\t<\/a>\n\t\t\t<\/div>\n\t\t\t<div class=\"eael-breadcrumbs__content\"><a href=\"https:\/\/www.wanscom.com\/fr\">Accueil<\/a> <span class=\"eael-breadcrumb-separator\">\/<\/span> <span class = \"eael-current\">Page<\/span><\/div>\t\t<\/div>\n\t\t\t\t\t\t<\/div>\n\t\t\t\t<\/div>\n\t\t\t\t<\/div>\n\t\t<div class=\"elementor-element elementor-element-2ab4360 e-flex e-con-boxed e-con e-parent\" data-id=\"2ab4360\" data-element_type=\"container\">\n\t\t\t\t\t<div class=\"e-con-inner\">\n\t\t\t\t<div class=\"elementor-element elementor-element-4417444 elementor-widget elementor-widget-elementskit-heading\" data-id=\"4417444\" data-element_type=\"widget\" data-widget_type=\"elementskit-heading.default\">\n\t\t\t\t<div class=\"elementor-widget-container\">\n\t\t\t\t\t<div class=\"ekit-wid-con\" ><div class=\"ekit-heading elementskit-section-title-wraper text_center   ekit_heading_tablet-   ekit_heading_mobile-\"><h2 class=\"ekit-heading--title elementskit-section-title\">Booster de signal mobile pour la maison et la villa<\/h2><div class=\"ekit_heading_separetor_wraper ekit_heading_elementskit-border-divider ekit-dotted\"><div class=\"elementskit-border-divider ekit-dotted\"><\/div><\/div><h3 class=\"ekit-heading--subtitle elementskit-section-subtitle\">\n\t\t\t\t\t\tDites adieu aux signaux faibles \u00e0 la maison\n\t\t\t\t\t<\/h3>\t\t\t\t<div class='ekit-heading__description'>\n\t\t\t\t\t<p>La faiblesse des signaux cellulaires \u00e0 l'int\u00e9rieur des maisons, villas et appartements peut \u00eatre due \u00e0 des murs \u00e9pais, \u00e0 des fen\u00eatres \u00e0 double vitrage ou \u00e0 l'\u00e9loignement de l'antenne relais la plus proche. Nos amplificateurs de signaux mobiles multibandes sont con\u00e7us pour offrir une r\u00e9ception forte et stable dans l'ensemble de votre espace de vie.<\/p>\n\t\t\t\t<\/div>\n\t\t\t<\/div><\/div>\t\t\t\t<\/div>\n\t\t\t\t<\/div>\n\t\t\t\t\t<\/div>\n\t\t\t\t<\/div>\n\t\t<div class=\"elementor-element elementor-element-6834662 e-flex e-con-boxed e-con e-parent\" data-id=\"6834662\" data-element_type=\"container\">\n\t\t\t\t\t<div class=\"e-con-inner\">\n\t\t\t\t<div class=\"elementor-element elementor-element-d4dad69 elementor-widget elementor-widget-text-editor\" data-id=\"d4dad69\" data-element_type=\"widget\" data-widget_type=\"text-editor.default\">\n\t\t\t\t<div class=\"elementor-widget-container\">\n\t\t\t\t\t\t\t\t\t<h3 data-start=\"458\" data-end=\"505\"><img decoding=\"async\" class=\"emoji\" role=\"img\" draggable=\"false\" src=\"https:\/\/s.w.org\/images\/core\/emoji\/16.0.1\/svg\/2705.svg\" alt=\"\u2705\" title=\"\"> <strong data-start=\"464\" data-end=\"505\">Pourquoi avez-vous besoin d'un amplificateur de signal \u00e0 la maison ?<\/strong><\/h3><ul data-start=\"506\" data-end=\"719\"><li data-start=\"506\" data-end=\"562\"><p data-start=\"508\" data-end=\"562\">Zones mortes dans les chambres \u00e0 coucher, les sous-sols ou les pi\u00e8ces \u00e0 l'\u00e9tage<\/p><\/li><li data-start=\"563\" data-end=\"599\"><p data-start=\"565\" data-end=\"599\">Donn\u00e9es 4G\/5G lentes ou appels interrompus<\/p><\/li><li data-start=\"600\" data-end=\"640\"><p data-start=\"602\" data-end=\"640\">Puissance insuffisante du signal ext\u00e9rieur<\/p><\/li><li data-start=\"641\" data-end=\"719\"><p data-start=\"643\" data-end=\"719\">Des mat\u00e9riaux \u00e9pais comme le b\u00e9ton, la brique ou le verre teint\u00e9 bloquent le signal mobile.<\/p><\/li><\/ul><h3><strong data-start=\"732\" data-end=\"776\">Boosters de signal recommand\u00e9s pour une utilisation domestique<\/strong><\/h3><table><thead><tr><th>Mod\u00e8le<\/th><th>Bandes de fr\u00e9quences<\/th><th>Puissance de sortie<\/th><th>Couverture<\/th><th>Caract\u00e9ristiques<\/th><\/tr><\/thead><tbody><tr><td><strong>WS-5B23<\/strong><\/td><td>700\/850\/1800\/2100\/2600 MHz<\/td><td>23 dBm<\/td><td>Jusqu'\u00e0 500\u33a1<\/td><td>5 bandes, \u00e9cran LCD, Smart AGC<\/td><\/tr><tr><td><strong>WS-3B25<\/strong><\/td><td>700\/1800\/2600 MHz<\/td><td>25 dBm<\/td><td>Jusqu'\u00e0 1000\u33a1<\/td><td>Haut rendement, AGC, large compatibilit\u00e9<\/td><\/tr><tr><td><strong>WS-2B20<\/strong><\/td><td>850\/2100 MHz<\/td><td>20 dBm<\/td><td>Jusqu'\u00e0 300\u33a1<\/td><td>Compact, facile \u00e0 installer, rentable<\/td><\/tr><\/tbody><\/table><h3 data-start=\"1240\" data-end=\"1269\"><strong data-start=\"1248\" data-end=\"1269\">Conseils d'installation<\/strong><\/h3><ul><li data-start=\"1270\" data-end=\"1352\"><p data-start=\"1272\" data-end=\"1352\">Installer l'antenne ext\u00e9rieure sur le toit ou le balcon, face \u00e0 la tour la plus proche.<\/p><\/li><li data-start=\"1353\" data-end=\"1425\"><p data-start=\"1355\" data-end=\"1425\">Utilisez 10 \u00e0 15 m\u00e8tres de c\u00e2ble coaxial pour vous connecter \u00e0 l'amplificateur int\u00e9rieur.<\/p><\/li><li data-start=\"1426\" data-end=\"1497\"><p data-start=\"1428\" data-end=\"1497\">Placez l'antenne int\u00e9rieure au centre de votre maison ou de votre espace de vie principal.<\/p><\/li><li data-start=\"1500\" data-end=\"1566\">\u00c9vitez de placer l'amplificateur \u00e0 proximit\u00e9 de routeurs ou de gros appareils m\u00e9talliques.<\/li><\/ul><p data-start=\"1500\" data-end=\"1566\">\u00a0<\/p><p data-start=\"1500\" data-end=\"1566\"><strong>Plus de d\u00e9tails ici<\/strong><\/p><h2 data-start=\"1607\" data-end=\"1629\"><strong data-start=\"1613\" data-end=\"1629\">Parfait pour :<\/strong><\/h2><ul data-start=\"1630\" data-end=\"1785\"><li data-start=\"1630\" data-end=\"1664\"><p data-start=\"1632\" data-end=\"1664\">Maisons individuelles et villas<\/p><\/li><li data-start=\"1665\" data-end=\"1701\"><p data-start=\"1667\" data-end=\"1701\">Grands appartements ou duplex<\/p><\/li><li data-start=\"1702\" data-end=\"1739\"><p data-start=\"1704\" data-end=\"1739\">Chambres en sous-sol et patios sur les toits<\/p><\/li><li data-start=\"1740\" data-end=\"1785\"><p data-start=\"1742\" data-end=\"1785\">Maisons isol\u00e9es \u00e0 la campagne avec une mauvaise couverture<\/p><\/li><\/ul>\t\t\t\t\t\t\t\t<\/div>\n\t\t\t\t<\/div>\n\t\t\t\t\t<\/div>\n\t\t\t\t<\/div>\n\t\t<div class=\"elementor-element elementor-element-bcaffbe e-flex e-con-boxed e-con e-parent\" data-id=\"bcaffbe\" data-element_type=\"container\">\n\t\t\t\t\t<div class=\"e-con-inner\">\n\t\t\t\t<div class=\"elementor-element elementor-element-9338569 elementor-widget elementor-widget-text-editor\" data-id=\"9338569\" data-element_type=\"widget\" data-widget_type=\"text-editor.default\">\n\t\t\t\t<div class=\"elementor-widget-container\">\n\t\t\t\t\t\t\t\t\t<h3 data-start=\"1792\" data-end=\"1829\"><strong data-start=\"1799\" data-end=\"1829\">Questions fr\u00e9quemment pos\u00e9es<\/strong><\/h3><p data-start=\"1831\" data-end=\"1984\"><strong data-start=\"1831\" data-end=\"1878\">Q : Ce syst\u00e8me fonctionnera-t-il avec tous les op\u00e9rateurs de t\u00e9l\u00e9phonie mobile ?<\/strong><br data-start=\"1878\" data-end=\"1881\" \/><strong data-start=\"1881\" data-end=\"1887\">A :<\/strong> Oui. Nos boosters prennent en charge toutes les principales bandes LTE 4G et 5G utilis\u00e9es dans le monde. V\u00e9rifiez votre bande [ici \u2192].<\/p><p data-start=\"1986\" data-end=\"2199\"><strong data-start=\"1986\" data-end=\"2031\">Q : Un booster peut-il couvrir plusieurs \u00e9tages ?<\/strong><br data-start=\"2031\" data-end=\"2034\" \/><strong data-start=\"2034\" data-end=\"2040\">A :<\/strong> Oui. Si la force du signal est suffisante et que l'antenne int\u00e9rieure est bien plac\u00e9e, elle peut couvrir 2 \u00e0 3 \u00e9tages. Pour les zones plus \u00e9tendues, nous recommandons l'utilisation d'une antenne int\u00e9rieure suppl\u00e9mentaire.<\/p><p data-start=\"2201\" data-end=\"2340\"><strong data-start=\"2201\" data-end=\"2245\">Q : Ai-je besoin d'un technicien pour l'installer ?<\/strong><br data-start=\"2245\" data-end=\"2248\" \/><strong data-start=\"2248\" data-end=\"2254\">A :<\/strong> Non. Nos kits sont pr\u00eats \u00e0 l'emploi. Vous pouvez facilement l'installer gr\u00e2ce \u00e0 notre guide \u00e9tape par \u00e9tape.<\/p><p data-start=\"2342\" data-end=\"2443\"><strong data-start=\"2342\" data-end=\"2375\">Q : Ce produit est-il certifi\u00e9 ?<\/strong><br data-start=\"2375\" data-end=\"2378\" \/><strong data-start=\"2378\" data-end=\"2384\">A :<\/strong> Oui. Tous les boosters Wanscom sont certifi\u00e9s CE, ROHS et FCC.<\/p>\t\t\t\t\t\t\t\t<\/div>\n\t\t\t\t<\/div>\n\t\t\t\t\t<\/div>\n\t\t\t\t<\/div>\n\t\t<div class=\"elementor-element elementor-element-38864df e-flex e-con-boxed e-con e-parent\" data-id=\"38864df\" data-element_type=\"container\">\n\t\t\t\t\t<div class=\"e-con-inner\">\n\t\t\t\t<div class=\"elementor-element elementor-element-58a6ea6 elementor-widget elementor-widget-heading\" data-id=\"58a6ea6\" data-element_type=\"widget\" data-widget_type=\"heading.default\">\n\t\t\t\t<div class=\"elementor-widget-container\">\n\t\t\t\t\t<h2 class=\"elementor-heading-title elementor-size-default\">Recommander le produit<\/h2>\t\t\t\t<\/div>\n\t\t\t\t<\/div>\n\t\t\t\t\t<\/div>\n\t\t\t\t<\/div>\n\t\t\t\t<\/div>","protected":false},"excerpt":{"rendered":"<p>Mobile Signal Booster for Home &amp; Villa Use Home \/ Page Mobile Signal Booster for Home &amp; Villa Use Say Goodbye to Weak Signal at Home Weak cellular signals inside homes, villas, and apartments can be caused by thick walls, double-glazed windows, or distance from the nearest cell tower. Our multi-band mobile signal boosters are [&hellip;]<\/p>","protected":false},"author":1,"featured_media":0,"parent":29749,"menu_order":0,"comment_status":"closed","ping_status":"closed","template":"","meta":{"_acf_changed":false,"_eb_attr":"","_monsterinsights_skip_tracking":false,"_monsterinsights_sitenote_active":false,"_monsterinsights_sitenote_note":"","_monsterinsights_sitenote_category":0,"jetpack_post_was_ever_published":false,"footnotes":""},"class_list":["post-29761","page","type-page","status-publish","hentry"],"acf":[],"jetpack_sharing_enabled":true,"_links":{"self":[{"href":"https:\/\/www.wanscom.com\/fr\/wp-json\/wp\/v2\/pages\/29761","targetHints":{"allow":["GET"]}}],"collection":[{"href":"https:\/\/www.wanscom.com\/fr\/wp-json\/wp\/v2\/pages"}],"about":[{"href":"https:\/\/www.wanscom.com\/fr\/wp-json\/wp\/v2\/types\/page"}],"author":[{"embeddable":true,"href":"https:\/\/www.wanscom.com\/fr\/wp-json\/wp\/v2\/users\/1"}],"replies":[{"embeddable":true,"href":"https:\/\/www.wanscom.com\/fr\/wp-json\/wp\/v2\/comments?post=29761"}],"version-history":[{"count":4,"href":"https:\/\/www.wanscom.com\/fr\/wp-json\/wp\/v2\/pages\/29761\/revisions"}],"predecessor-version":[{"id":29766,"href":"https:\/\/www.wanscom.com\/fr\/wp-json\/wp\/v2\/pages\/29761\/revisions\/29766"}],"up":[{"embeddable":true,"href":"https:\/\/www.wanscom.com\/fr\/wp-json\/wp\/v2\/pages\/29749"}],"wp:attachment":[{"href":"https:\/\/www.wanscom.com\/fr\/wp-json\/wp\/v2\/media?parent=29761"}],"curies":[{"name":"wp","href":"https:\/\/api.w.org\/{rel}","templated":true}]}}