{"id":29781,"date":"2025-07-30T08:57:40","date_gmt":"2025-07-30T07:57:40","guid":{"rendered":"https:\/\/www.wanscom.com\/?page_id=29781"},"modified":"2025-07-30T09:57:56","modified_gmt":"2025-07-30T08:57:56","slug":"booster-de-signal-mobile-pour-entrepot-industriel","status":"publish","type":"page","link":"https:\/\/www.wanscom.com\/fr\/par-application\/booster-de-signal-mobile-pour-entrepot-industriel\/","title":{"rendered":"Booster de signal mobile pour l'industrie et les entrep\u00f4ts"},"content":{"rendered":"<div data-elementor-type=\"wp-page\" data-elementor-id=\"29781\" class=\"elementor elementor-29781\" data-elementor-post-type=\"page\">\n\t\t\t\t<div class=\"elementor-element elementor-element-22b8c8be e-con-full e-flex e-con e-parent\" data-id=\"22b8c8be\" data-element_type=\"container\" data-settings=\"{&quot;background_background&quot;:&quot;classic&quot;}\">\n\t\t\t\t<div class=\"elementor-element elementor-element-356eae5f elementor-widget elementor-widget-heading\" data-id=\"356eae5f\" data-element_type=\"widget\" data-widget_type=\"heading.default\">\n\t\t\t\t<div class=\"elementor-widget-container\">\n\t\t\t\t\t<h1 class=\"elementor-heading-title elementor-size-default\">Booster de signal mobile pour l'industrie et les entrep\u00f4ts<\/h1>\t\t\t\t<\/div>\n\t\t\t\t<\/div>\n\t\t\t\t<div class=\"elementor-element elementor-element-39d9b6e7 elementor-widget elementor-widget-eael-breadcrumbs\" data-id=\"39d9b6e7\" data-element_type=\"widget\" data-widget_type=\"eael-breadcrumbs.default\">\n\t\t\t\t<div class=\"elementor-widget-container\">\n\t\t\t\t\t\t\t<div class=\"eael-breadcrumbs\">\n\t\t\t\t\t\t<div class=\"eael-breadcrumbs__prefix\">\n\t\t\t\t<a href=\"https:\/\/www.wanscom.com\/fr\" class=\"eael-breadcrumbs__prefix-link\"><svg aria-hidden=\"true\" class=\"e-font-icon-svg e-fas-home\" viewbox=\"0 0 576 512\" xmlns=\"http:\/\/www.w3.org\/2000\/svg\"><path d=\"M280.37 148.26L96 300.11V464a16 16 0 0 0 16 16l112.06-.29a16 16 0 0 0 15.92-16V368a16 16 0 0 1 16-16h64a16 16 0 0 1 16 16v95.64a16 16 0 0 0 16 16.05L464 480a16 16 0 0 0 16-16V300L295.67 148.26a12.19 12.19 0 0 0-15.3 0zM571.6 251.47L488 182.56V44.05a12 12 0 0 0-12-12h-56a12 12 0 0 0-12 12v72.61L318.47 43a48 48 0 0 0-61 0L4.34 251.47a12 12 0 0 0-1.6 16.9l25.5 31A12 12 0 0 0 45.15 301l235.22-193.74a12.19 12.19 0 0 1 15.3 0L530.9 301a12 12 0 0 0 16.9-1.6l25.5-31a12 12 0 0 0-1.7-16.93z\"><\/path><\/svg><\/a>\t\t\t<\/a>\n\t\t\t<\/div>\n\t\t\t<div class=\"eael-breadcrumbs__content\"><a href=\"https:\/\/www.wanscom.com\/fr\">Accueil<\/a> <span class=\"eael-breadcrumb-separator\">\/<\/span> <span class = \"eael-current\">Page<\/span><\/div>\t\t<\/div>\n\t\t\t\t\t\t<\/div>\n\t\t\t\t<\/div>\n\t\t\t\t<\/div>\n\t\t<div class=\"elementor-element elementor-element-e1970d2 e-flex e-con-boxed e-con e-parent\" data-id=\"e1970d2\" data-element_type=\"container\">\n\t\t\t\t\t<div class=\"e-con-inner\">\n\t\t\t\t<div class=\"elementor-element elementor-element-98f3568 elementor-widget elementor-widget-elementskit-heading\" data-id=\"98f3568\" data-element_type=\"widget\" data-widget_type=\"elementskit-heading.default\">\n\t\t\t\t<div class=\"elementor-widget-container\">\n\t\t\t\t\t<div class=\"ekit-wid-con\" ><div class=\"ekit-heading elementskit-section-title-wraper text_center   ekit_heading_tablet-   ekit_heading_mobile-\"><h2 class=\"ekit-heading--title elementskit-section-title\">Booster de signal mobile pour l'industrie et les entrep\u00f4ts<\/h2><div class=\"ekit_heading_separetor_wraper ekit_heading_elementskit-border-divider ekit-dotted\"><div class=\"elementskit-border-divider ekit-dotted\"><\/div><\/div><h3 class=\"ekit-heading--subtitle elementskit-section-subtitle\">\n\t\t\t\t\t\tConnectivit\u00e9 fiable dans les grandes zones industrielles\n\t\t\t\t\t<\/h3>\t\t\t\t<div class='ekit-heading__description'>\n\t\t\t\t\t<p>Les usines, les entrep\u00f4ts et les b\u00e2timents industriels souffrent souvent d'un signal m\u00e9diocre en raison des vastes espaces ouverts, des structures m\u00e9talliques et des emplacements \u00e9loign\u00e9s. Nos amplificateurs de signal mobile de qualit\u00e9 industrielle sont con\u00e7us pour une couverture \u00e0 grande \u00e9chelle et des performances fiables dans des environnements difficiles.<\/p>\n\t\t\t\t<\/div>\n\t\t\t<\/div><\/div>\t\t\t\t<\/div>\n\t\t\t\t<\/div>\n\t\t\t\t\t<\/div>\n\t\t\t\t<\/div>\n\t\t<div class=\"elementor-element elementor-element-bb98f83 e-flex e-con-boxed e-con e-parent\" data-id=\"bb98f83\" data-element_type=\"container\">\n\t\t\t\t\t<div class=\"e-con-inner\">\n\t\t\t\t<div class=\"elementor-element elementor-element-11fa044 elementor-widget elementor-widget-text-editor\" data-id=\"11fa044\" data-element_type=\"widget\" data-widget_type=\"text-editor.default\">\n\t\t\t\t<div class=\"elementor-widget-container\">\n\t\t\t\t\t\t\t\t\t<h3 data-start=\"492\" data-end=\"550\"><strong data-start=\"498\" data-end=\"550\">Pourquoi avez-vous besoin d'un amplificateur de signal pour une utilisation industrielle ?<\/strong><\/h3><ul data-start=\"551\" data-end=\"782\"><li data-start=\"551\" data-end=\"620\"><p data-start=\"553\" data-end=\"620\">Zones mortes dans les ateliers de production, les zones de stockage ou les quais d'exp\u00e9dition<\/p><\/li><li data-start=\"621\" data-end=\"678\"><p data-start=\"623\" data-end=\"678\">Appels interrompus ou absence de service dans les b\u00e2timents \u00e0 ossature m\u00e9tallique<\/p><\/li><li data-start=\"679\" data-end=\"734\"><p data-start=\"681\" data-end=\"734\">L'irr\u00e9gularit\u00e9 des d\u00e9bits de donn\u00e9es 4G\/5G a un impact sur les op\u00e9rations<\/p><\/li><li data-start=\"735\" data-end=\"782\"><p data-start=\"737\" data-end=\"782\">Murs \u00e9pais en b\u00e9ton ou en m\u00e9tal bloquant le signal<\/p><\/li><\/ul><h3>Boosters de signal recommand\u00e9s pour une utilisation industrielle<\/h3><div><table><thead><tr><th>Mod\u00e8le<\/th><th>Bandes de fr\u00e9quences<\/th><th>Puissance de sortie<\/th><th>Couverture<\/th><th>Caract\u00e9ristiques<\/th><\/tr><\/thead><tbody><tr><td><strong>WSC-5B30<\/strong><\/td><td>700\/850\/1800\/2100\/2600 MHz<\/td><td>30 dBm<\/td><td>Jusqu'\u00e0 2000\u33a1<\/td><td>5 bandes, \u00e9cran LCD, AGC industriel, alarme<\/td><\/tr><tr><td><strong>WSC-3B27<\/strong><\/td><td>700\/1800\/2600 MHz<\/td><td>27 dBm<\/td><td>Jusqu'\u00e0 1500\u33a1<\/td><td>Gain \u00e9lev\u00e9, AGC intelligent, construction durable<\/td><\/tr><tr><td><strong>WSC-4B25<\/strong><\/td><td>850\/1800\/2100\/2600 MHz<\/td><td>25 dBm<\/td><td>Jusqu'\u00e0 1000\u33a1<\/td><td>Multibande, mode \u00e9conomie d'\u00e9nergie, configuration facile<\/td><\/tr><\/tbody><\/table><h3 data-start=\"1511\" data-end=\"1536\"><strong data-start=\"1515\" data-end=\"1536\">Conseils d'installation<\/strong><\/h3><p>\u00a0<\/p><ul data-start=\"1537\" data-end=\"1852\"><li data-start=\"1537\" data-end=\"1636\"><p data-start=\"1539\" data-end=\"1636\">Monter l'antenne ext\u00e9rieure sur le toit du b\u00e2timent ou sur un mur lat\u00e9ral, en faisant face \u00e0 l'antenne cellulaire la plus proche.<\/p><\/li><li data-start=\"1637\" data-end=\"1695\"><p data-start=\"1639\" data-end=\"1695\">Utiliser des c\u00e2bles coaxiaux de haute qualit\u00e9 pour les longues distances<\/p><\/li><li data-start=\"1696\" data-end=\"1772\"><p data-start=\"1698\" data-end=\"1772\">Placez les antennes d'int\u00e9rieur de fa\u00e7on homog\u00e8ne dans les espaces de travail pour une diffusion maximale du signal.<\/p><\/li><li data-start=\"1773\" data-end=\"1852\"><p data-start=\"1775\" data-end=\"1852\">\u00c9vitez les interf\u00e9rences caus\u00e9es par de grosses machines, des panneaux \u00e9lectriques ou des routeurs Wi-Fi.<\/p><\/li><\/ul><p data-start=\"1775\" data-end=\"1852\"><a href=\"https:\/\/www.wanscom.com\/fr\/soutien\/comment-installer-un-amplificateur-de-signal-mobile-guide-complet-etape-par-etape\/\">Plus de d\u00e9tails ici<\/a><\/p><h3 data-start=\"1895\" data-end=\"1915\"><strong data-start=\"1899\" data-end=\"1915\">Parfait pour :<\/strong><\/h3><p data-start=\"1775\" data-end=\"1852\">\u00a0<\/p><ul data-start=\"1916\" data-end=\"2066\"><li data-start=\"1916\" data-end=\"1940\"><p data-start=\"1918\" data-end=\"1940\">Usines de fabrication<\/p><\/li><li data-start=\"1941\" data-end=\"1965\"><p data-start=\"1943\" data-end=\"1965\">Entrep\u00f4ts logistiques<\/p><\/li><li data-start=\"1966\" data-end=\"1990\"><p data-start=\"1968\" data-end=\"1990\">Centres de distribution<\/p><\/li><li data-start=\"1991\" data-end=\"2033\"><p data-start=\"1993\" data-end=\"2033\">Structures souterraines ou \u00e0 haut plafond<\/p><\/li><li data-start=\"2034\" data-end=\"2066\"><p data-start=\"2036\" data-end=\"2066\">Installations industrielles \u00e9loign\u00e9es<\/p><\/li><\/ul><h3 data-start=\"2073\" data-end=\"2107\"><strong data-start=\"2077\" data-end=\"2107\">Questions fr\u00e9quemment pos\u00e9es<\/strong><\/h3><p data-start=\"2109\" data-end=\"2291\"><strong data-start=\"2109\" data-end=\"2166\">Q : Le booster peut-il prendre en charge de grands b\u00e2timents \u00e0 bardage m\u00e9tallique ?<\/strong><br data-start=\"2166\" data-end=\"2169\" \/><strong data-start=\"2169\" data-end=\"2175\">A :<\/strong> Oui. Nos mod\u00e8les de qualit\u00e9 industrielle sont con\u00e7us pour les environnements \u00e0 forte att\u00e9nuation tels que les installations en acier et en b\u00e9ton.<\/p><p data-start=\"2293\" data-end=\"2427\"><strong data-start=\"2293\" data-end=\"2325\">Q : La couverture est-elle \u00e9volutive ?<\/strong><br data-start=\"2325\" data-end=\"2328\" \/><strong data-start=\"2328\" data-end=\"2334\">A :<\/strong> Absolument. Vous pouvez ajouter plusieurs antennes int\u00e9rieures ou utiliser des s\u00e9parateurs de signaux pour \u00e9tendre la couverture.<\/p><p data-start=\"2429\" data-end=\"2574\"><strong data-start=\"2429\" data-end=\"2487\">Q : Que se passe-t-il si j'ai besoin d'une couverture dans plusieurs zones distinctes ?<\/strong><br data-start=\"2487\" data-end=\"2490\" \/><strong data-start=\"2490\" data-end=\"2496\">A :<\/strong> Nous offrons la possibilit\u00e9 de personnaliser le syst\u00e8me. Contactez-nous pour une solution multizone sur mesure.<\/p><p data-start=\"2576\" data-end=\"2748\"><strong data-start=\"2576\" data-end=\"2631\">Q : Est-il l\u00e9gal d'utiliser ces boosters dans mon pays ?<\/strong><br data-start=\"2631\" data-end=\"2634\" \/><strong data-start=\"2634\" data-end=\"2640\">A :<\/strong> Oui, nos boosters sont certifi\u00e9s CE, ROHS et FCC. Veuillez consulter les r\u00e9glementations locales en mati\u00e8re de t\u00e9l\u00e9communications si n\u00e9cessaire.<\/p><p data-start=\"2036\" data-end=\"2066\">\u00a0<\/p><p data-start=\"1775\" data-end=\"1852\">\u00a0<\/p><p data-start=\"1775\" data-end=\"1852\">\u00a0<\/p><\/div>\t\t\t\t\t\t\t\t<\/div>\n\t\t\t\t<\/div>\n\t\t\t\t\t<\/div>\n\t\t\t\t<\/div>\n\t\t\t\t<\/div>","protected":false},"excerpt":{"rendered":"<p>Mobile Signal Booster for Industrial &amp; Warehouse Use Home \/ Page Mobile Signal Booster for Industrial &amp; Warehouse Use Reliable Connectivity in Large Industrial Areas Factories, warehouses, and industrial buildings often suffer from poor signal due to vast open spaces, metal structures, and remote locations. Our industrial-grade mobile signal boosters are engineered for large-scale coverage [&hellip;]<\/p>","protected":false},"author":1,"featured_media":0,"parent":29749,"menu_order":0,"comment_status":"closed","ping_status":"closed","template":"","meta":{"_acf_changed":false,"_eb_attr":"","_monsterinsights_skip_tracking":false,"_monsterinsights_sitenote_active":false,"_monsterinsights_sitenote_note":"","_monsterinsights_sitenote_category":0,"jetpack_post_was_ever_published":false,"footnotes":""},"class_list":["post-29781","page","type-page","status-publish","hentry"],"acf":[],"jetpack_sharing_enabled":true,"_links":{"self":[{"href":"https:\/\/www.wanscom.com\/fr\/wp-json\/wp\/v2\/pages\/29781","targetHints":{"allow":["GET"]}}],"collection":[{"href":"https:\/\/www.wanscom.com\/fr\/wp-json\/wp\/v2\/pages"}],"about":[{"href":"https:\/\/www.wanscom.com\/fr\/wp-json\/wp\/v2\/types\/page"}],"author":[{"embeddable":true,"href":"https:\/\/www.wanscom.com\/fr\/wp-json\/wp\/v2\/users\/1"}],"replies":[{"embeddable":true,"href":"https:\/\/www.wanscom.com\/fr\/wp-json\/wp\/v2\/comments?post=29781"}],"version-history":[{"count":4,"href":"https:\/\/www.wanscom.com\/fr\/wp-json\/wp\/v2\/pages\/29781\/revisions"}],"predecessor-version":[{"id":29786,"href":"https:\/\/www.wanscom.com\/fr\/wp-json\/wp\/v2\/pages\/29781\/revisions\/29786"}],"up":[{"embeddable":true,"href":"https:\/\/www.wanscom.com\/fr\/wp-json\/wp\/v2\/pages\/29749"}],"wp:attachment":[{"href":"https:\/\/www.wanscom.com\/fr\/wp-json\/wp\/v2\/media?parent=29781"}],"curies":[{"name":"wp","href":"https:\/\/api.w.org\/{rel}","templated":true}]}}