{"id":577,"date":"2024-03-14T08:16:13","date_gmt":"2024-03-14T08:16:13","guid":{"rendered":"https:\/\/www.wanscom.com\/?page_id=577"},"modified":"2024-03-20T02:25:00","modified_gmt":"2024-03-20T02:25:00","slug":"nouvelles","status":"publish","type":"page","link":"https:\/\/www.wanscom.com\/fr\/nouvelles\/","title":{"rendered":"Blogs et actualit\u00e9s r\u00e9cents"},"content":{"rendered":"<div class=\"wp-block-essential-blocks-wrapper alignfull\"><div class=\"eb-parent-wrapper eb-parent-eb-wrapper-rvgcoh5\"><div class=\"eb-wrapper-outer eb-wrapper-rvgcoh5\"><div class=\"eb-wrapper-inner\"><div class=\"eb-wrapper-inner-blocks eb-wrapper-align-center\">\n<div class=\"wp-block-essential-blocks-wrapper alignfull\"><div class=\"eb-parent-wrapper eb-parent-eb-wrapper-xr1j88j\"><div class=\"eb-wrapper-outer eb-wrapper-xr1j88j\"><div class=\"eb-wrapper-inner\"><div class=\"eb-wrapper-inner-blocks eb-wrapper-align-center\">\n<div class=\"wp-block-essential-blocks-wrapper\"><div class=\"eb-parent-wrapper eb-parent-eb-wrapper-ay5ut8w\"><div class=\"eb-wrapper-outer eb-wrapper-ay5ut8w\"><div class=\"eb-wrapper-inner\"><div class=\"eb-wrapper-inner-blocks eb-wrapper-align-center\">\n<div class=\"wp-block-essential-blocks-advanced-heading\"><div class=\"eb-parent-wrapper eb-parent-eb-advance-heading-c3th19v eb_animation eb___animated eb___fadeInUp\"><div class=\"eb-advance-heading-wrapper eb-advance-heading-c3th19v button-1\" data-id=\"eb-advance-heading-c3th19v\"><h2 class=\"eb-ah-title\">Nouvelles r\u00e9centes&amp;Blog<\/h2><p class=\"eb-ah-subtitle\">Pour en savoir plus sur notre entreprise et nos produits, consultez notre blog et nos actualit\u00e9s.<\/p><\/div><\/div><\/div>\n<\/div><\/div><\/div><\/div><\/div>\n\n\n<form role=\"search\" method=\"get\" action=\"https:\/\/www.wanscom.com\/fr\/\" class=\"wp-block-search__button-outside wp-block-search__text-button wp-block-search\" data-trp-original-action=\"https:\/\/www.wanscom.com\/fr\/\"    ><label class=\"wp-block-search__label\" for=\"wp-block-search__input-1\" >Recherche<\/label><div class=\"wp-block-search__inside-wrapper\" ><input class=\"wp-block-search__input\" id=\"wp-block-search__input-1\" placeholder=\"\" value=\"\" type=\"search\" name=\"s\" required \/><button aria-label=\"Recherche\" class=\"wp-block-search__button wp-element-button\" type=\"submit\" >Recherche<\/button><\/div><input type=\"hidden\" name=\"trp-form-language\" value=\"fr\"\/><\/form>\n\n<div class=\"root-eb-post-carousel-z8yraz9 alignfull wp-block-essential-blocks-post-carousel\">\n    <div class=\"eb-parent-wrapper eb-parent-eb-post-carousel-z8yraz9 eb_animation eb___animated eb___fadeInUp\">\n        <div class=\"eb-post-carousel-z8yraz9 style-4 slick-arrows equal-height dot-style-4 eb-post-carousel-wrapper\"\n            data-id=\"eb-post-carousel-z8yraz9\"\n            data-querydata=\"a:13:{s:6:&quot;source&quot;;s:4:&quot;post&quot;;s:11:&quot;sourceIndex&quot;;i:0;s:9:&quot;rest_base&quot;;s:5:&quot;posts&quot;;s:14:&quot;rest_namespace&quot;;s:5:&quot;wp\/v2&quot;;s:6:&quot;author&quot;;s:35:&quot;[{&quot;label&quot;:&quot;wanscom.com&quot;,&quot;value&quot;:1}]&quot;;s:10:&quot;taxonomies&quot;;a:1:{s:8:&quot;category&quot;;a:5:{s:4:&quot;name&quot;;s:10:&quot;Categories&quot;;s:9:&quot;rest_base&quot;;s:10:&quot;categories&quot;;s:14:&quot;rest_namespace&quot;;s:5:&quot;wp\/v2&quot;;s:4:&quot;slug&quot;;s:8:&quot;category&quot;;s:5:&quot;value&quot;;s:2:&quot;[]&quot;;}}s:8:&quot;per_page&quot;;s:1:&quot;6&quot;;s:6:&quot;offset&quot;;s:1:&quot;0&quot;;s:7:&quot;orderby&quot;;s:4:&quot;date&quot;;s:5:&quot;order&quot;;s:4:&quot;desc&quot;;s:7:&quot;include&quot;;s:0:&quot;&quot;;s:7:&quot;exclude&quot;;s:0:&quot;&quot;;s:15:&quot;exclude_current&quot;;b:0;}\"\n            data-slidersettings=\"{&quot;arrows&quot;:true,&quot;dots&quot;:false,&quot;autoplaySpeed&quot;:2000,&quot;speed&quot;:500,&quot;adaptiveHeight&quot;:true,&quot;autoplay&quot;:true,&quot;infinite&quot;:true,&quot;pauseOnHover&quot;:true,&quot;slideToShowRange&quot;:3,&quot;leftArrowIcon&quot;:&quot;fas fa-chevron-left&quot;,&quot;rightArrowIcon&quot;:&quot;fas fa-chevron-right&quot;,&quot;addIcon&quot;:false,&quot;showFallbackImg&quot;:false,&quot;fallbackImgUrl&quot;:&quot;&quot;,&quot;isRTLEnable&quot;:false,&quot;TABslideToShowRange&quot;:2,&quot;MOBslideToShowRange&quot;:1}\"\n            data-attributes=\"{&quot;preset&quot;:&quot;style-4&quot;,&quot;showThumbnail&quot;:true,&quot;showTitle&quot;:true,&quot;titleLength&quot;:&quot;10&quot;,&quot;titleTag&quot;:&quot;h2&quot;,&quot;showContent&quot;:true,&quot;contentLength&quot;:20,&quot;expansionIndicator&quot;:&quot;&quot;,&quot;showReadMore&quot;:false,&quot;readmoreText&quot;:&quot;Read More&quot;,&quot;showMeta&quot;:true,&quot;headerMeta&quot;:&quot;[{\\&quot;value\\&quot;:\\&quot;avatar\\&quot;,\\&quot;label\\&quot;:\\&quot;Author Avatar\\&quot;},{\\&quot;value\\&quot;:\\&quot;author\\&quot;,\\&quot;label\\&quot;:\\&quot;Author Name\\&quot;}]&quot;,&quot;footerMeta&quot;:&quot;[{\\&quot;value\\&quot;:\\&quot;date\\&quot;,\\&quot;label\\&quot;:\\&quot;Published Date\\&quot;}]&quot;,&quot;authorPrefix&quot;:&quot;By&quot;,&quot;datePrefix&quot;:&quot;on&quot;,&quot;showBlockContent&quot;:true,&quot;leftArrowIcon&quot;:&quot;fas fa-chevron-left&quot;,&quot;rightArrowIcon&quot;:&quot;fas fa-chevron-right&quot;,&quot;showFallbackImg&quot;:false,&quot;isRTLEnable&quot;:false}\">\n\n            <div class=\"eb-post-carousel init-eb-post-carousel-z8yraz9\"\n                data-id=\"eb-post-carousel-z8yraz9\">\n                <article class=\"ebpg-carousel-post ebpg-post-carousel-column\" data-id=\"30161\"><div class=\"ebpg-carousel-post-holder\"><a class=\"ebpg-post-link-wrapper eb-sr-only\" href=\"https:\/\/www.wanscom.com\/fr\/les-tendances-des-amplificateurs-de-signaux-mobiles-compatibles-5g-les-defis-et-la-croissance-du-marche-en-2025\/\">Les amplificateurs de signaux mobiles compatibles 5G : tendances, d\u00e9fis et croissance du march\u00e9 en 2025<\/a><div class=\"ebpg-entry-media\">\n                <div class=\"ebpg-entry-thumbnail\">\n                    \n                    <img fetchpriority=\"high\" decoding=\"async\" width=\"1080\" height=\"1080\" src=\"https:\/\/i0.wp.com\/www.wanscom.com\/wp-content\/uploads\/2025\/09\/%E5%BE%AE%E4%BF%A1%E5%9B%BE%E7%89%87_20250923165043_259_67.jpg?fit=1080%2C1080&amp;ssl=1\" class=\"attachment-full size-full\" alt=\"amplificateur de signal 5g\" title=\"\">\n                <\/div>\n            <\/div><div class=\"ebpg-entry-wrapper\"><div class=\"ebpg-entry-meta ebpg-header-meta\"><div class=\"ebpg-author-avatar\">\n            <a href=\"https:\/\/www.wanscom.com\/fr\/author\/wanscom-com\/\">\n                <img decoding=\"async\" alt=\"wanscom.com\" src=\"https:\/\/secure.gravatar.com\/avatar\/ff6e2f87c4166ca2356e7810de53169997f83c48943e83db9916aa3f7e4ff0bf?s=96&amp;d=mm&amp;r=g\" title=\"\">\n            <\/a>\n        <\/div><div class=\"ebpg-entry-meta-items\"><span class=\"ebpg-posted-by\">\n            Par <a href=\"https:\/\/www.wanscom.com\/fr\/author\/wanscom-com\/\" title=\"wanscom.com\" rel=\"author\">wanscom.com<\/a>\n        <\/span><\/div><\/div><header class=\"ebpg-entry-header\">\n            <h2 class=\"ebpg-entry-title\">\n                <a class=\"ebpg-carousel-post-link\" href=\"https:\/\/www.wanscom.com\/fr\/les-tendances-des-amplificateurs-de-signaux-mobiles-compatibles-5g-les-defis-et-la-croissance-du-marche-en-2025\/\" title=\"Les amplificateurs de signaux mobiles compatibles 5g : les tendances remettent en cause la croissance du march\u00e9 dans les pays de l&#039;Union europ\u00e9enne.\">Les amplificateurs de signaux mobiles compatibles avec la 5G : tendances, d\u00e9fis et croissance du march\u00e9 en<\/a>\n            <\/h2>\n        <\/header><div class=\"ebpg-entry-content\"><div class=\"ebpg-carousel-post-excerpt\">\n            <p>Les amplificateurs de signaux mobiles compatibles 5G : tendances, d\u00e9fis et croissance du march\u00e9 en 2025\n\t\t\t\t\t\t\t\n\t\t\tAccueil \/\nIntroduction\nEn 2025, alors que les d\u00e9ploiements de la 5G s'acc\u00e9l\u00e8rent dans l'ensemble des<\/p>\n        <\/div><\/div><div class=\"ebpg-entry-meta ebpg-footer-meta\"><div class=\"ebpg-entry-meta-items\"><span class=\"ebpg-posted-on\">\n            sur <time datetime=\"2025-09-24T09:36:27+01:00\">24 septembre 2025<\/time>\n        <\/span><\/div><\/div><\/div><\/div><\/article><article class=\"ebpg-carousel-post ebpg-post-carousel-column\" data-id=\"30121\"><div class=\"ebpg-carousel-post-holder\"><a class=\"ebpg-post-link-wrapper eb-sr-only\" href=\"https:\/\/www.wanscom.com\/fr\/decouvrez-comment-nos-nouveaux-amplificateurs-multibandes-agc\/\">Fatigu\u00e9 des signaux 5G faibles ? D\u00e9couvrez comment nos nouveaux boosters multibandes AGC garantissent une couverture sans faille.<\/a><div class=\"ebpg-entry-media\">\n            <div class=\"ebpg-entry-thumbnail\">\n                <img data-recalc-dims=\"1\" decoding=\"async\" src=\"https:\/\/i0.wp.com\/www.wanscom.com\/wp-content\/plugins\/essential-blocks\/assets\/images\/placeholder.png?w=800&#038;ssl=1\" alt=\"Aucune vignette trouv\u00e9e\" title=\"\">\n            <\/div>\n        <\/div><div class=\"ebpg-entry-wrapper\"><div class=\"ebpg-entry-meta ebpg-header-meta\"><div class=\"ebpg-author-avatar\">\n            <a href=\"https:\/\/www.wanscom.com\/fr\/author\/wanscom-com\/\">\n                <img decoding=\"async\" alt=\"wanscom.com\" src=\"https:\/\/secure.gravatar.com\/avatar\/ff6e2f87c4166ca2356e7810de53169997f83c48943e83db9916aa3f7e4ff0bf?s=96&amp;d=mm&amp;r=g\" title=\"\">\n            <\/a>\n        <\/div><div class=\"ebpg-entry-meta-items\"><span class=\"ebpg-posted-by\">\n            Par <a href=\"https:\/\/www.wanscom.com\/fr\/author\/wanscom-com\/\" title=\"wanscom.com\" rel=\"author\">wanscom.com<\/a>\n        <\/span><\/div><\/div><header class=\"ebpg-entry-header\">\n            <h2 class=\"ebpg-entry-title\">\n                <a class=\"ebpg-carousel-post-link\" href=\"https:\/\/www.wanscom.com\/fr\/decouvrez-comment-nos-nouveaux-amplificateurs-multibandes-agc\/\" title=\"fatigue des signaux faibles de 5gsd\u00e9couvrez commentnewagc\">Fatigu\u00e9 des signaux 5G faibles ? D\u00e9couvrez comment notre nouvelle AGC<\/a>\n            <\/h2>\n        <\/header><div class=\"ebpg-entry-content\"><div class=\"ebpg-carousel-post-excerpt\">\n            <p>Fatigu\u00e9 des signaux 5G faibles ? D\u00e9couvrez comment nos nouveaux boosters multibandes AGC garantissent une couverture sans faille.\n\t\t\t\t\t\t\t\n\t\t\tAccueil \/\nFatigu\u00e9 des signaux faibles de la 5G<\/p>\n        <\/div><\/div><div class=\"ebpg-entry-meta ebpg-footer-meta\"><div class=\"ebpg-entry-meta-items\"><span class=\"ebpg-posted-on\">\n            sur <time datetime=\"2025-08-20T08:25:55+01:00\">20 ao\u00fbt 2025<\/time>\n        <\/span><\/div><\/div><\/div><\/div><\/article><article class=\"ebpg-carousel-post ebpg-post-carousel-column\" data-id=\"30018\"><div class=\"ebpg-carousel-post-holder\"><a class=\"ebpg-post-link-wrapper eb-sr-only\" href=\"https:\/\/www.wanscom.com\/fr\/boost-mobile-signal-sous-sol-garage-souterrain\/\">Guide complet pour booster le signal mobile dans les sous-sols et les garages<\/a><div class=\"ebpg-entry-media\">\n                <div class=\"ebpg-entry-thumbnail\">\n                    \n                    <img decoding=\"async\" width=\"1733\" height=\"1300\" src=\"https:\/\/i0.wp.com\/www.wanscom.com\/wp-content\/uploads\/2025\/08\/pexels-photo-8609786.jpeg?fit=1733%2C1300&amp;ssl=1\" class=\"attachment-full size-full\" alt=\"baies de stationnement vides\" srcset=\"https:\/\/i0.wp.com\/www.wanscom.com\/wp-content\/uploads\/2025\/08\/pexels-photo-8609786.jpeg?w=1733&amp;ssl=1 1733w, https:\/\/i0.wp.com\/www.wanscom.com\/wp-content\/uploads\/2025\/08\/pexels-photo-8609786.jpeg?resize=400%2C300&amp;ssl=1 400w, https:\/\/i0.wp.com\/www.wanscom.com\/wp-content\/uploads\/2025\/08\/pexels-photo-8609786.jpeg?resize=1066%2C800&amp;ssl=1 1066w, https:\/\/i0.wp.com\/www.wanscom.com\/wp-content\/uploads\/2025\/08\/pexels-photo-8609786.jpeg?resize=768%2C576&amp;ssl=1 768w, https:\/\/i0.wp.com\/www.wanscom.com\/wp-content\/uploads\/2025\/08\/pexels-photo-8609786.jpeg?resize=1536%2C1152&amp;ssl=1 1536w, https:\/\/i0.wp.com\/www.wanscom.com\/wp-content\/uploads\/2025\/08\/pexels-photo-8609786.jpeg?resize=16%2C12&amp;ssl=1 16w, https:\/\/i0.wp.com\/www.wanscom.com\/wp-content\/uploads\/2025\/08\/pexels-photo-8609786.jpeg?resize=1320%2C990&amp;ssl=1 1320w, https:\/\/i0.wp.com\/www.wanscom.com\/wp-content\/uploads\/2025\/08\/pexels-photo-8609786.jpeg?w=1600&amp;ssl=1 1600w\" sizes=\"(max-width: 800px) 100vw, 800px\" title=\"\">\n                <\/div>\n            <\/div><div class=\"ebpg-entry-wrapper\"><div class=\"ebpg-entry-meta ebpg-header-meta\"><div class=\"ebpg-author-avatar\">\n            <a href=\"https:\/\/www.wanscom.com\/fr\/author\/wanscom-com\/\">\n                <img decoding=\"async\" alt=\"wanscom.com\" src=\"https:\/\/secure.gravatar.com\/avatar\/ff6e2f87c4166ca2356e7810de53169997f83c48943e83db9916aa3f7e4ff0bf?s=96&amp;d=mm&amp;r=g\" title=\"\">\n            <\/a>\n        <\/div><div class=\"ebpg-entry-meta-items\"><span class=\"ebpg-posted-by\">\n            Par <a href=\"https:\/\/www.wanscom.com\/fr\/author\/wanscom-com\/\" title=\"wanscom.com\" rel=\"author\">wanscom.com<\/a>\n        <\/span><\/div><\/div><header class=\"ebpg-entry-header\">\n            <h2 class=\"ebpg-entry-title\">\n                <a class=\"ebpg-carousel-post-link\" href=\"https:\/\/www.wanscom.com\/fr\/boost-mobile-signal-sous-sol-garage-souterrain\/\" title=\"guide complet pour booster les voitures, les sous-sols, les ateliers et les garages\">Guide complet pour booster le signal mobile dans les sous-sols et les garages<\/a>\n            <\/h2>\n        <\/header><div class=\"ebpg-entry-content\"><div class=\"ebpg-carousel-post-excerpt\">\n            <p>Guide de l'amplificateur de signal mobile pour sous-sol et garage souterrain - Am\u00e9liorer la couverture 4G LTE et 5G\n\t\t\t\t\t\t\t\n\t\t\tAccueil \/\n\t\t\t\t\tSous-sol et garage souterrain<\/p>\n        <\/div><\/div><div class=\"ebpg-entry-meta ebpg-footer-meta\"><div class=\"ebpg-entry-meta-items\"><span class=\"ebpg-posted-on\">\n            sur <time datetime=\"2025-08-08T04:21:34+01:00\">8 ao\u00fbt 2025<\/time>\n        <\/span><\/div><\/div><\/div><\/div><\/article><article class=\"ebpg-carousel-post ebpg-post-carousel-column\" data-id=\"28551\"><div class=\"ebpg-carousel-post-holder\"><a class=\"ebpg-post-link-wrapper eb-sr-only\" href=\"https:\/\/www.wanscom.com\/fr\/accueillir-2025-une-annee-de-nouveaux-departs-et-dinnovations\/\">Accueillir 2025 : Une ann\u00e9e de nouveaux d\u00e9parts et d'innovations<\/a><div class=\"ebpg-entry-media\">\n                <div class=\"ebpg-entry-thumbnail\">\n                    \n                    <img decoding=\"async\" width=\"1880\" height=\"1253\" src=\"https:\/\/i0.wp.com\/www.wanscom.com\/wp-content\/uploads\/2025\/01\/pexels-photo-6027785.jpeg?fit=1880%2C1253&amp;ssl=1\" class=\"attachment-full size-full\" alt=\"carreaux de lettres \u00e0 c\u00f4t\u00e9 des mandarines\" srcset=\"https:\/\/i0.wp.com\/www.wanscom.com\/wp-content\/uploads\/2025\/01\/pexels-photo-6027785.jpeg?w=1880&amp;ssl=1 1880w, https:\/\/i0.wp.com\/www.wanscom.com\/wp-content\/uploads\/2025\/01\/pexels-photo-6027785.jpeg?resize=400%2C267&amp;ssl=1 400w, https:\/\/i0.wp.com\/www.wanscom.com\/wp-content\/uploads\/2025\/01\/pexels-photo-6027785.jpeg?resize=1200%2C800&amp;ssl=1 1200w, https:\/\/i0.wp.com\/www.wanscom.com\/wp-content\/uploads\/2025\/01\/pexels-photo-6027785.jpeg?resize=768%2C512&amp;ssl=1 768w, https:\/\/i0.wp.com\/www.wanscom.com\/wp-content\/uploads\/2025\/01\/pexels-photo-6027785.jpeg?resize=1536%2C1024&amp;ssl=1 1536w, https:\/\/i0.wp.com\/www.wanscom.com\/wp-content\/uploads\/2025\/01\/pexels-photo-6027785.jpeg?resize=18%2C12&amp;ssl=1 18w, https:\/\/i0.wp.com\/www.wanscom.com\/wp-content\/uploads\/2025\/01\/pexels-photo-6027785.jpeg?resize=1320%2C880&amp;ssl=1 1320w, https:\/\/i0.wp.com\/www.wanscom.com\/wp-content\/uploads\/2025\/01\/pexels-photo-6027785.jpeg?resize=430%2C287&amp;ssl=1 430w, https:\/\/i0.wp.com\/www.wanscom.com\/wp-content\/uploads\/2025\/01\/pexels-photo-6027785.jpeg?resize=700%2C467&amp;ssl=1 700w, https:\/\/i0.wp.com\/www.wanscom.com\/wp-content\/uploads\/2025\/01\/pexels-photo-6027785.jpeg?w=1600&amp;ssl=1 1600w\" sizes=\"(max-width: 800px) 100vw, 800px\" title=\"\">\n                <\/div>\n            <\/div><div class=\"ebpg-entry-wrapper\"><div class=\"ebpg-entry-meta ebpg-header-meta\"><div class=\"ebpg-author-avatar\">\n            <a href=\"https:\/\/www.wanscom.com\/fr\/author\/wanscom-com\/\">\n                <img decoding=\"async\" alt=\"wanscom.com\" src=\"https:\/\/secure.gravatar.com\/avatar\/ff6e2f87c4166ca2356e7810de53169997f83c48943e83db9916aa3f7e4ff0bf?s=96&amp;d=mm&amp;r=g\" title=\"\">\n            <\/a>\n        <\/div><div class=\"ebpg-entry-meta-items\"><span class=\"ebpg-posted-by\">\n            Par <a href=\"https:\/\/www.wanscom.com\/fr\/author\/wanscom-com\/\" title=\"wanscom.com\" rel=\"author\">wanscom.com<\/a>\n        <\/span><\/div><\/div><header class=\"ebpg-entry-header\">\n            <h2 class=\"ebpg-entry-title\">\n                <a class=\"ebpg-carousel-post-link\" href=\"https:\/\/www.wanscom.com\/fr\/accueillir-2025-une-annee-de-nouveaux-departs-et-dinnovations\/\" title=\"accueillir2025:uneann\u00e9edenouveauxd\u00e9butsetd&#039;innovations\">Accueillir 2025 : Une ann\u00e9e de nouveaux d\u00e9parts et d'innovations<\/a>\n            <\/h2>\n        <\/header><div class=\"ebpg-entry-content\"><div class=\"ebpg-carousel-post-excerpt\">\n            <p>C\u00e9l\u00e9brations du Nouvel An\n\n\n\n\u00c0 l'aube de 2025, l'excitation est palpable dans l'air. Les c\u00e9l\u00e9brations du Nouvel An sont<\/p>\n        <\/div><\/div><div class=\"ebpg-entry-meta ebpg-footer-meta\"><div class=\"ebpg-entry-meta-items\"><span class=\"ebpg-posted-on\">\n            sur <time datetime=\"2025-01-04T02:40:01+00:00\">4 janvier 2025<\/time>\n        <\/span><\/div><\/div><\/div><\/div><\/article><article class=\"ebpg-carousel-post ebpg-post-carousel-column\" data-id=\"28328\"><div class=\"ebpg-carousel-post-holder\"><a class=\"ebpg-post-link-wrapper eb-sr-only\" href=\"https:\/\/www.wanscom.com\/fr\/capture-joy-le-meilleur-cadeau-de-noel-pour-les-enfants-en-2024\/\">Capturer la joie : Le meilleur cadeau de No\u00ebl pour les enfants en 2024<\/a><div class=\"ebpg-entry-media\">\n                <div class=\"ebpg-entry-thumbnail\">\n                    \n                    <img loading=\"lazy\" decoding=\"async\" width=\"1880\" height=\"1253\" src=\"https:\/\/i0.wp.com\/www.wanscom.com\/wp-content\/uploads\/2024\/10\/pexels-photo-250177.jpeg?fit=1880%2C1253&amp;ssl=1\" class=\"attachment-full size-full\" alt=\"gros plan d&#039;une d\u00e9coration de No\u00ebl accroch\u00e9e \u00e0 l&#039;arbre\" srcset=\"https:\/\/i0.wp.com\/www.wanscom.com\/wp-content\/uploads\/2024\/10\/pexels-photo-250177.jpeg?w=1880&amp;ssl=1 1880w, https:\/\/i0.wp.com\/www.wanscom.com\/wp-content\/uploads\/2024\/10\/pexels-photo-250177.jpeg?resize=400%2C267&amp;ssl=1 400w, https:\/\/i0.wp.com\/www.wanscom.com\/wp-content\/uploads\/2024\/10\/pexels-photo-250177.jpeg?resize=1200%2C800&amp;ssl=1 1200w, https:\/\/i0.wp.com\/www.wanscom.com\/wp-content\/uploads\/2024\/10\/pexels-photo-250177.jpeg?resize=768%2C512&amp;ssl=1 768w, https:\/\/i0.wp.com\/www.wanscom.com\/wp-content\/uploads\/2024\/10\/pexels-photo-250177.jpeg?resize=1536%2C1024&amp;ssl=1 1536w, https:\/\/i0.wp.com\/www.wanscom.com\/wp-content\/uploads\/2024\/10\/pexels-photo-250177.jpeg?resize=18%2C12&amp;ssl=1 18w, https:\/\/i0.wp.com\/www.wanscom.com\/wp-content\/uploads\/2024\/10\/pexels-photo-250177.jpeg?resize=1320%2C880&amp;ssl=1 1320w, https:\/\/i0.wp.com\/www.wanscom.com\/wp-content\/uploads\/2024\/10\/pexels-photo-250177.jpeg?resize=430%2C287&amp;ssl=1 430w, https:\/\/i0.wp.com\/www.wanscom.com\/wp-content\/uploads\/2024\/10\/pexels-photo-250177.jpeg?resize=700%2C467&amp;ssl=1 700w, https:\/\/i0.wp.com\/www.wanscom.com\/wp-content\/uploads\/2024\/10\/pexels-photo-250177.jpeg?w=1600&amp;ssl=1 1600w\" sizes=\"(max-width: 800px) 100vw, 800px\" title=\"\">\n                <\/div>\n            <\/div><div class=\"ebpg-entry-wrapper\"><div class=\"ebpg-entry-meta ebpg-header-meta\"><div class=\"ebpg-author-avatar\">\n            <a href=\"https:\/\/www.wanscom.com\/fr\/author\/wanscom-com\/\">\n                <img decoding=\"async\" alt=\"wanscom.com\" src=\"https:\/\/secure.gravatar.com\/avatar\/ff6e2f87c4166ca2356e7810de53169997f83c48943e83db9916aa3f7e4ff0bf?s=96&amp;d=mm&amp;r=g\" title=\"\">\n            <\/a>\n        <\/div><div class=\"ebpg-entry-meta-items\"><span class=\"ebpg-posted-by\">\n            Par <a href=\"https:\/\/www.wanscom.com\/fr\/author\/wanscom-com\/\" title=\"wanscom.com\" rel=\"author\">wanscom.com<\/a>\n        <\/span><\/div><\/div><header class=\"ebpg-entry-header\">\n            <h2 class=\"ebpg-entry-title\">\n                <a class=\"ebpg-carousel-post-link\" href=\"https:\/\/www.wanscom.com\/fr\/capture-joy-le-meilleur-cadeau-de-noel-pour-les-enfants-en-2024\/\" title=\"capturejoy:lemeilleurcadeaudeNo\u00eblpourlesenfantsen2024\">Capturer la joie : Le meilleur cadeau de No\u00ebl pour les enfants en 2024<\/a>\n            <\/h2>\n        <\/header><div class=\"ebpg-entry-content\"><div class=\"ebpg-carousel-post-excerpt\">\n            <p>Pourquoi choisir un appareil photo num\u00e9rique pour enfants ?\n\n\n\n\u00c0 l'approche des f\u00eates de fin d'ann\u00e9e, il peut \u00eatre difficile de trouver le cadeau id\u00e9al. Le meilleur cadeau de No\u00ebl<\/p>\n        <\/div><\/div><div class=\"ebpg-entry-meta ebpg-footer-meta\"><div class=\"ebpg-entry-meta-items\"><span class=\"ebpg-posted-on\">\n            sur <time datetime=\"2024-10-10T07:34:31+01:00\">10 octobre 2024<\/time>\n        <\/span><\/div><\/div><\/div><\/div><\/article><article class=\"ebpg-carousel-post ebpg-post-carousel-column\" data-id=\"28282\"><div class=\"ebpg-carousel-post-holder\"><a class=\"ebpg-post-link-wrapper eb-sr-only\" href=\"https:\/\/www.wanscom.com\/fr\/explorer-les-capacites-de-longue-portee-des-talkies-walkies-modernes\/\">Explorer les capacit\u00e9s de longue port\u00e9e des talkies-walkies modernes<\/a><div class=\"ebpg-entry-media\">\n                <div class=\"ebpg-entry-thumbnail\">\n                    \n                    <img loading=\"lazy\" decoding=\"async\" width=\"1880\" height=\"1253\" src=\"https:\/\/i0.wp.com\/www.wanscom.com\/wp-content\/uploads\/2024\/09\/pexels-photo-8961028.jpeg?fit=1880%2C1253&amp;ssl=1\" class=\"attachment-full size-full\" alt=\"un homme et une femme travaillant sur un chantier de construction\" srcset=\"https:\/\/i0.wp.com\/www.wanscom.com\/wp-content\/uploads\/2024\/09\/pexels-photo-8961028.jpeg?w=1880&amp;ssl=1 1880w, https:\/\/i0.wp.com\/www.wanscom.com\/wp-content\/uploads\/2024\/09\/pexels-photo-8961028.jpeg?resize=400%2C267&amp;ssl=1 400w, https:\/\/i0.wp.com\/www.wanscom.com\/wp-content\/uploads\/2024\/09\/pexels-photo-8961028.jpeg?resize=1200%2C800&amp;ssl=1 1200w, https:\/\/i0.wp.com\/www.wanscom.com\/wp-content\/uploads\/2024\/09\/pexels-photo-8961028.jpeg?resize=768%2C512&amp;ssl=1 768w, https:\/\/i0.wp.com\/www.wanscom.com\/wp-content\/uploads\/2024\/09\/pexels-photo-8961028.jpeg?resize=1536%2C1024&amp;ssl=1 1536w, https:\/\/i0.wp.com\/www.wanscom.com\/wp-content\/uploads\/2024\/09\/pexels-photo-8961028.jpeg?resize=18%2C12&amp;ssl=1 18w, https:\/\/i0.wp.com\/www.wanscom.com\/wp-content\/uploads\/2024\/09\/pexels-photo-8961028.jpeg?resize=1320%2C880&amp;ssl=1 1320w, https:\/\/i0.wp.com\/www.wanscom.com\/wp-content\/uploads\/2024\/09\/pexels-photo-8961028.jpeg?resize=430%2C287&amp;ssl=1 430w, https:\/\/i0.wp.com\/www.wanscom.com\/wp-content\/uploads\/2024\/09\/pexels-photo-8961028.jpeg?resize=700%2C467&amp;ssl=1 700w, https:\/\/i0.wp.com\/www.wanscom.com\/wp-content\/uploads\/2024\/09\/pexels-photo-8961028.jpeg?w=1600&amp;ssl=1 1600w\" sizes=\"(max-width: 800px) 100vw, 800px\" title=\"\">\n                <\/div>\n            <\/div><div class=\"ebpg-entry-wrapper\"><div class=\"ebpg-entry-meta ebpg-header-meta\"><div class=\"ebpg-author-avatar\">\n            <a href=\"https:\/\/www.wanscom.com\/fr\/author\/wanscom-com\/\">\n                <img decoding=\"async\" alt=\"wanscom.com\" src=\"https:\/\/secure.gravatar.com\/avatar\/ff6e2f87c4166ca2356e7810de53169997f83c48943e83db9916aa3f7e4ff0bf?s=96&amp;d=mm&amp;r=g\" title=\"\">\n            <\/a>\n        <\/div><div class=\"ebpg-entry-meta-items\"><span class=\"ebpg-posted-by\">\n            Par <a href=\"https:\/\/www.wanscom.com\/fr\/author\/wanscom-com\/\" title=\"wanscom.com\" rel=\"author\">wanscom.com<\/a>\n        <\/span><\/div><\/div><header class=\"ebpg-entry-header\">\n            <h2 class=\"ebpg-entry-title\">\n                <a class=\"ebpg-carousel-post-link\" href=\"https:\/\/www.wanscom.com\/fr\/explorer-les-capacites-de-longue-portee-des-talkies-walkies-modernes\/\" title=\"explorer les capacit\u00e9s \u00e0 long terme des talkies-walkies modernes\">Explorer les capacit\u00e9s de longue port\u00e9e des talkies-walkies modernes<\/a>\n            <\/h2>\n        <\/header><div class=\"ebpg-entry-content\"><div class=\"ebpg-carousel-post-excerpt\">\n            <p>Introduction \u00e0 la gamme des talkies-walkies\n\n\n\nLes talkies-walkies existent depuis des d\u00e9cennies et constituent un moyen fiable de communication \u00e0 courte distance. Cependant, les avanc\u00e9es technologiques modernes<\/p>\n        <\/div><\/div><div class=\"ebpg-entry-meta ebpg-footer-meta\"><div class=\"ebpg-entry-meta-items\"><span class=\"ebpg-posted-on\">\n            sur <time datetime=\"2024-09-09T08:54:45+01:00\">9 septembre 2024<\/time>\n        <\/span><\/div><\/div><\/div><\/div><\/article>            <\/div>\n        <\/div>\n    <\/div>\n<\/div><\/div><\/div><\/div><\/div><\/div>\n<\/div><\/div><\/div><\/div><\/div>","protected":false},"excerpt":{"rendered":"","protected":false},"author":1,"featured_media":0,"parent":0,"menu_order":0,"comment_status":"closed","ping_status":"closed","template":"","meta":{"_acf_changed":false,"_eb_attr":"","_monsterinsights_skip_tracking":false,"_monsterinsights_sitenote_active":false,"_monsterinsights_sitenote_note":"","_monsterinsights_sitenote_category":0,"jetpack_post_was_ever_published":false,"footnotes":""},"class_list":["post-577","page","type-page","status-publish","hentry"],"acf":[],"jetpack_sharing_enabled":true,"_links":{"self":[{"href":"https:\/\/www.wanscom.com\/fr\/wp-json\/wp\/v2\/pages\/577","targetHints":{"allow":["GET"]}}],"collection":[{"href":"https:\/\/www.wanscom.com\/fr\/wp-json\/wp\/v2\/pages"}],"about":[{"href":"https:\/\/www.wanscom.com\/fr\/wp-json\/wp\/v2\/types\/page"}],"author":[{"embeddable":true,"href":"https:\/\/www.wanscom.com\/fr\/wp-json\/wp\/v2\/users\/1"}],"replies":[{"embeddable":true,"href":"https:\/\/www.wanscom.com\/fr\/wp-json\/wp\/v2\/comments?post=577"}],"version-history":[{"count":4,"href":"https:\/\/www.wanscom.com\/fr\/wp-json\/wp\/v2\/pages\/577\/revisions"}],"predecessor-version":[{"id":726,"href":"https:\/\/www.wanscom.com\/fr\/wp-json\/wp\/v2\/pages\/577\/revisions\/726"}],"wp:attachment":[{"href":"https:\/\/www.wanscom.com\/fr\/wp-json\/wp\/v2\/media?parent=577"}],"curies":[{"name":"wp","href":"https:\/\/api.w.org\/{rel}","templated":true}]}}