{"id":7136,"date":"2024-06-19T03:38:21","date_gmt":"2024-06-19T02:38:21","guid":{"rendered":"https:\/\/www.wanscom.com\/?page_id=7136"},"modified":"2024-06-20T09:59:20","modified_gmt":"2024-06-20T08:59:20","slug":"usage-residentiel","status":"publish","type":"page","link":"https:\/\/www.wanscom.com\/fr\/usage-residentiel\/","title":{"rendered":"Usage r\u00e9sidentiel"},"content":{"rendered":"<div data-elementor-type=\"wp-page\" data-elementor-id=\"7136\" class=\"elementor elementor-7136\" data-elementor-post-type=\"page\">\n\t\t\t\t\t\t<section class=\"elementor-section elementor-top-section elementor-element elementor-element-4cd6c8f0 elementor-section-boxed elementor-section-height-default elementor-section-height-default\" data-id=\"4cd6c8f0\" data-element_type=\"section\" id=\"xs_faq_5\">\n\t\t\t\t\t\t<div class=\"elementor-container elementor-column-gap-default\">\n\t\t\t\t\t<div class=\"elementor-column elementor-col-100 elementor-top-column elementor-element elementor-element-35636d70\" data-id=\"35636d70\" data-element_type=\"column\">\n\t\t\t<div class=\"elementor-widget-wrap elementor-element-populated\">\n\t\t\t\t\t\t<div class=\"elementor-element elementor-element-4127237d elementor-widget elementor-widget-elementskit-heading\" data-id=\"4127237d\" data-element_type=\"widget\" data-widget_type=\"elementskit-heading.default\">\n\t\t\t\t<div class=\"elementor-widget-container\">\n\t\t\t\t\t<div class=\"ekit-wid-con\" ><div class=\"ekit-heading elementskit-section-title-wraper center   ekit_heading_tablet-   ekit_heading_mobile-\"><h2 class=\"ekit-heading--title elementskit-section-title\">Utilisation r\u00e9sidentielle des amplificateurs de signaux mobiles<\/h2><div class=\"ekit_heading_separetor_wraper ekit_heading_elementskit-border-divider ekit-dotted\"><div class=\"elementskit-border-divider ekit-dotted\"><\/div><\/div>\t\t\t\t<div class='ekit-heading__description'>\n\t\t\t\t\t<p>Les amplificateurs de signal mobile, \u00e9galement connus sous le nom d'amplificateurs de signal de t\u00e9l\u00e9phone portable, am\u00e9liorent le signal cellulaire \u00e0 votre domicile en captant les signaux faibles, en les amplifiant et en rediffusant le signal plus fort \u00e0 l'int\u00e9rieur. Cette technique est particuli\u00e8rement utile dans les zones r\u00e9sidentielles o\u00f9 la r\u00e9ception cellulaire est faible en raison de divers facteurs tels que la distance par rapport aux tours de t\u00e9l\u00e9phonie cellulaire, les mat\u00e9riaux de construction ou les obstacles g\u00e9ographiques. Voici un guide complet pour comprendre et utiliser les amplificateurs de signaux mobiles dans un environnement r\u00e9sidentiel :<\/p>\n\t\t\t\t<\/div>\n\t\t\t<\/div><\/div>\t\t\t\t<\/div>\n\t\t\t\t<\/div>\n\t\t\t\t<section class=\"elementor-section elementor-inner-section elementor-element elementor-element-3033cac elementor-section-boxed elementor-section-height-default elementor-section-height-default\" data-id=\"3033cac\" data-element_type=\"section\">\n\t\t\t\t\t\t<div class=\"elementor-container elementor-column-gap-default\">\n\t\t\t\t\t<div class=\"elementor-column elementor-col-50 elementor-inner-column elementor-element elementor-element-3fdb10ce\" data-id=\"3fdb10ce\" data-element_type=\"column\">\n\t\t\t<div class=\"elementor-widget-wrap elementor-element-populated\">\n\t\t\t\t\t\t<div class=\"elementor-element elementor-element-678b041f elementor-widget elementor-widget-elementskit-faq\" data-id=\"678b041f\" data-element_type=\"widget\" data-widget_type=\"elementskit-faq.default\">\n\t\t\t\t<div class=\"elementor-widget-container\">\n\t\t\t\t\t<div class=\"ekit-wid-con\" >\n                <div class=\"elementskit-single-faq elementor-repeater-item-ccb3fc9\">\n            <div class=\"elementskit-faq-header\">\n                <h2 class=\"elementskit-faq-title\">Am\u00e9lioration de la qualit\u00e9 des appels<\/h2>\n            <\/div>\n            <div class=\"elementskit-faq-body\">\n                Am\u00e9liore la clart\u00e9 de la voix et r\u00e9duit les appels perdus.            <\/div>\n        <\/div>\n                <div class=\"elementskit-single-faq elementor-repeater-item-1219655\">\n            <div class=\"elementskit-faq-header\">\n                <h2 class=\"elementskit-faq-title\">Des d\u00e9bits de donn\u00e9es plus rapides<\/h2>\n            <\/div>\n            <div class=\"elementskit-faq-body\">\n                Augmente les vitesses de chargement et de t\u00e9l\u00e9chargement pour une meilleure navigation sur Internet et une diffusion en continu plus fluide.            <\/div>\n        <\/div>\n                <div class=\"elementskit-single-faq elementor-repeater-item-31ebcfd\">\n            <div class=\"elementskit-faq-header\">\n                <h2 class=\"elementskit-faq-title\">Couverture \u00e9tendue<\/h2>\n            <\/div>\n            <div class=\"elementskit-faq-body\">\n                Fournit un signal cellulaire puissant dans toute la maison, m\u00eame dans les sous-sols et les pi\u00e8ces \u00e9loign\u00e9es.            <\/div>\n        <\/div>\n                \n    <\/div>\t\t\t\t<\/div>\n\t\t\t\t<\/div>\n\t\t\t\t\t<\/div>\n\t\t<\/div>\n\t\t\t\t<div class=\"elementor-column elementor-col-50 elementor-inner-column elementor-element elementor-element-749e1b94\" data-id=\"749e1b94\" data-element_type=\"column\">\n\t\t\t<div class=\"elementor-widget-wrap elementor-element-populated\">\n\t\t\t\t\t\t<div class=\"elementor-element elementor-element-27a7522e elementor-widget elementor-widget-elementskit-faq\" data-id=\"27a7522e\" data-element_type=\"widget\" data-widget_type=\"elementskit-faq.default\">\n\t\t\t\t<div class=\"elementor-widget-container\">\n\t\t\t\t\t<div class=\"ekit-wid-con\" >\n                <div class=\"elementskit-single-faq elementor-repeater-item-e12c595\">\n            <div class=\"elementskit-faq-header\">\n                <h2 class=\"elementskit-faq-title\">Prise en charge de plusieurs appareils<\/h2>\n            <\/div>\n            <div class=\"elementskit-faq-body\">\n                Peut g\u00e9rer plusieurs appareils simultan\u00e9ment, garantissant ainsi un signal fort \u00e0 tous les membres de la famille.            <\/div>\n        <\/div>\n                <div class=\"elementskit-single-faq elementor-repeater-item-5f94b9e\">\n            <div class=\"elementskit-faq-header\">\n                <h2 class=\"elementskit-faq-title\">Am\u00e9lioration de l'autonomie de la batterie<\/h2>\n            <\/div>\n            <div class=\"elementskit-faq-body\">\n                 Aide \u00e0 \u00e9conomiser la batterie de votre t\u00e9l\u00e9phone en fournissant un signal fort, r\u00e9duisant ainsi la n\u00e9cessit\u00e9 pour votre t\u00e9l\u00e9phone de rechercher constamment une connexion.            <\/div>\n        <\/div>\n                \n    <\/div>\t\t\t\t<\/div>\n\t\t\t\t<\/div>\n\t\t\t\t\t<\/div>\n\t\t<\/div>\n\t\t\t\t\t<\/div>\n\t\t<\/section>\n\t\t\t\t\t<\/div>\n\t\t<\/div>\n\t\t\t\t\t<\/div>\n\t\t<\/section>\n\t\t\t\t<\/div>","protected":false},"excerpt":{"rendered":"<p>Utilisation r\u00e9sidentielle des amplificateurs de signal mobile Les amplificateurs de signal mobile, \u00e9galement connus sous le nom d'amplificateurs de signal de t\u00e9l\u00e9phone portable, am\u00e9liorent le signal cellulaire \u00e0 votre domicile en captant les signaux faibles, en les amplifiant et en rediffusant le signal plus fort \u00e0 l'int\u00e9rieur. Cela est particuli\u00e8rement utile dans les zones r\u00e9sidentielles o\u00f9 la r\u00e9ception cellulaire est faible en raison de divers facteurs tels que la distance [...]<\/p>","protected":false},"author":1,"featured_media":0,"parent":0,"menu_order":0,"comment_status":"closed","ping_status":"closed","template":"","meta":{"_acf_changed":false,"_eb_attr":"","_monsterinsights_skip_tracking":false,"_monsterinsights_sitenote_active":false,"_monsterinsights_sitenote_note":"","_monsterinsights_sitenote_category":0,"jetpack_post_was_ever_published":false,"footnotes":""},"class_list":["post-7136","page","type-page","status-publish","hentry"],"acf":[],"jetpack_sharing_enabled":true,"_links":{"self":[{"href":"https:\/\/www.wanscom.com\/fr\/wp-json\/wp\/v2\/pages\/7136","targetHints":{"allow":["GET"]}}],"collection":[{"href":"https:\/\/www.wanscom.com\/fr\/wp-json\/wp\/v2\/pages"}],"about":[{"href":"https:\/\/www.wanscom.com\/fr\/wp-json\/wp\/v2\/types\/page"}],"author":[{"embeddable":true,"href":"https:\/\/www.wanscom.com\/fr\/wp-json\/wp\/v2\/users\/1"}],"replies":[{"embeddable":true,"href":"https:\/\/www.wanscom.com\/fr\/wp-json\/wp\/v2\/comments?post=7136"}],"version-history":[{"count":10,"href":"https:\/\/www.wanscom.com\/fr\/wp-json\/wp\/v2\/pages\/7136\/revisions"}],"predecessor-version":[{"id":7195,"href":"https:\/\/www.wanscom.com\/fr\/wp-json\/wp\/v2\/pages\/7136\/revisions\/7195"}],"wp:attachment":[{"href":"https:\/\/www.wanscom.com\/fr\/wp-json\/wp\/v2\/media?parent=7136"}],"curies":[{"name":"wp","href":"https:\/\/api.w.org\/{rel}","templated":true}]}}