{"id":7137,"date":"2024-06-19T03:38:22","date_gmt":"2024-06-19T02:38:22","guid":{"rendered":"https:\/\/www.wanscom.com\/?page_id=7137"},"modified":"2024-08-09T08:00:22","modified_gmt":"2024-08-09T07:00:22","slug":"usage-commercial","status":"publish","type":"page","link":"https:\/\/www.wanscom.com\/fr\/usage-commercial\/","title":{"rendered":"Usage commercial"},"content":{"rendered":"<div data-elementor-type=\"wp-page\" data-elementor-id=\"7137\" class=\"elementor elementor-7137\" data-elementor-post-type=\"page\">\n\t\t\t\t\t\t<section class=\"elementor-section elementor-top-section elementor-element elementor-element-4ef3658c elementor-section-boxed elementor-section-height-default elementor-section-height-default\" data-id=\"4ef3658c\" data-element_type=\"section\" id=\"xs_faq_5\">\n\t\t\t\t\t\t<div class=\"elementor-container elementor-column-gap-default\">\n\t\t\t\t\t<div class=\"elementor-column elementor-col-100 elementor-top-column elementor-element elementor-element-1cd9a053\" data-id=\"1cd9a053\" data-element_type=\"column\">\n\t\t\t<div class=\"elementor-widget-wrap elementor-element-populated\">\n\t\t\t\t\t\t<div class=\"elementor-element elementor-element-49f5b2d6 elementor-widget elementor-widget-elementskit-heading\" data-id=\"49f5b2d6\" data-element_type=\"widget\" data-widget_type=\"elementskit-heading.default\">\n\t\t\t\t<div class=\"elementor-widget-container\">\n\t\t\t\t\t<div class=\"ekit-wid-con\" ><div class=\"ekit-heading elementskit-section-title-wraper center   ekit_heading_tablet-   ekit_heading_mobile-\"><h2 class=\"ekit-heading--title elementskit-section-title\">Utilisation commerciale d'un amplificateur de signal mobile<\/h2><div class=\"ekit_heading_separetor_wraper ekit_heading_elementskit-border-divider ekit-dotted\"><div class=\"elementskit-border-divider ekit-dotted\"><\/div><\/div>\t\t\t\t<div class='ekit-heading__description'>\n\t\t\t\t\t<p>Le booster de signal mobile commercial est con\u00e7u pour am\u00e9liorer la puissance et la fiabilit\u00e9 du signal mobile dans les environnements commerciaux. Cette solution avanc\u00e9e garantit une connectivit\u00e9 coh\u00e9rente et robuste, en r\u00e9solvant les probl\u00e8mes de signaux faibles et en am\u00e9liorant l'efficacit\u00e9 globale des communications pour les entreprises de toutes tailles.<\/p>\n\t\t\t\t<\/div>\n\t\t\t<\/div><\/div>\t\t\t\t<\/div>\n\t\t\t\t<\/div>\n\t\t\t\t<section class=\"elementor-section elementor-inner-section elementor-element elementor-element-3924da7f elementor-section-boxed elementor-section-height-default elementor-section-height-default\" data-id=\"3924da7f\" data-element_type=\"section\">\n\t\t\t\t\t\t<div class=\"elementor-container elementor-column-gap-default\">\n\t\t\t\t\t<div class=\"elementor-column elementor-col-50 elementor-inner-column elementor-element elementor-element-19a1a60e\" data-id=\"19a1a60e\" data-element_type=\"column\">\n\t\t\t<div class=\"elementor-widget-wrap elementor-element-populated\">\n\t\t\t\t\t\t<div class=\"elementor-element elementor-element-637c13e1 elementor-widget elementor-widget-elementskit-faq\" data-id=\"637c13e1\" data-element_type=\"widget\" data-widget_type=\"elementskit-faq.default\">\n\t\t\t\t<div class=\"elementor-widget-container\">\n\t\t\t\t\t<div class=\"ekit-wid-con\" >\n                <div class=\"elementskit-single-faq elementor-repeater-item-ccb3fc9\">\n            <div class=\"elementskit-faq-header\">\n                <h2 class=\"elementskit-faq-title\">Immeubles de bureaux<\/h2>\n            <\/div>\n            <div class=\"elementskit-faq-body\">\n                Connectivit\u00e9 am\u00e9lior\u00e9e :\nAm\u00e9liorez la puissance du signal \u00e0 tous les \u00e9tages et dans tous les bureaux, pour que les employ\u00e9s puissent passer des appels et acc\u00e9der aux donn\u00e9es sans interruption.\nAugmentation de la productivit\u00e9 :\n\u00c9liminez les appels interrompus et la lenteur des d\u00e9bits de donn\u00e9es, ce qui se traduit par une productivit\u00e9 accrue et des op\u00e9rations commerciales efficaces.\nSatisfaction des clients et des employ\u00e9s :\nFournissez un signal mobile fiable aux employ\u00e9s et aux clients en visite, am\u00e9liorant ainsi leur satisfaction et leur image professionnelle.            <\/div>\n        <\/div>\n                <div class=\"elementskit-single-faq elementor-repeater-item-1219655\">\n            <div class=\"elementskit-faq-header\">\n                <h2 class=\"elementskit-faq-title\">Magasins de d\u00e9tail et centres commerciaux<\/h2>\n            <\/div>\n            <div class=\"elementskit-faq-body\">\n                Exp\u00e9rience client :\nS'assurer que les clients disposent d'une connectivit\u00e9 mobile solide pour la navigation, les paiements en ligne et le partage sur les m\u00e9dias sociaux, afin d'am\u00e9liorer leur exp\u00e9rience d'achat.\nEfficacit\u00e9 op\u00e9rationnelle :\nSoutenez les syst\u00e8mes de point de vente, la gestion des stocks et la communication du personnel gr\u00e2ce \u00e0 une couverture fiable des signaux mobiles dans l'ensemble des locaux.\nSyst\u00e8mes de s\u00e9curit\u00e9 :\nAm\u00e9liorez les performances des syst\u00e8mes de s\u00e9curit\u00e9 qui s'appuient sur les r\u00e9seaux mobiles pour la surveillance et les alertes en temps r\u00e9el.            <\/div>\n        <\/div>\n                <div class=\"elementskit-single-faq elementor-repeater-item-31ebcfd\">\n            <div class=\"elementskit-faq-header\">\n                <h2 class=\"elementskit-faq-title\">H\u00f4pitaux et \u00e9tablissements de sant\u00e9<\/h2>\n            <\/div>\n            <div class=\"elementskit-faq-body\">\n                Communication critique :\nFournir une communication mobile ininterrompue aux professionnels de la sant\u00e9, cruciale pour les soins aux patients et les situations d'urgence.\nConnectivit\u00e9 des patients et des visiteurs :\nVeillez \u00e0 ce que les patients et les visiteurs puissent rester en contact avec leurs proches, afin d'am\u00e9liorer leur exp\u00e9rience et leur confort.\nSoutien op\u00e9rationnel :\nAm\u00e9liorez la fonctionnalit\u00e9 des applications et des appareils de soins de sant\u00e9 qui d\u00e9pendent de la mobilit\u00e9.            <\/div>\n        <\/div>\n                \n    <\/div>\t\t\t\t<\/div>\n\t\t\t\t<\/div>\n\t\t\t\t\t<\/div>\n\t\t<\/div>\n\t\t\t\t<div class=\"elementor-column elementor-col-50 elementor-inner-column elementor-element elementor-element-4561dee4\" data-id=\"4561dee4\" data-element_type=\"column\">\n\t\t\t<div class=\"elementor-widget-wrap elementor-element-populated\">\n\t\t\t\t\t\t<div class=\"elementor-element elementor-element-62f34ec elementor-widget elementor-widget-elementskit-faq\" data-id=\"62f34ec\" data-element_type=\"widget\" data-widget_type=\"elementskit-faq.default\">\n\t\t\t\t<div class=\"elementor-widget-container\">\n\t\t\t\t\t<div class=\"ekit-wid-con\" >\n                <div class=\"elementskit-single-faq elementor-repeater-item-e12c595\">\n            <div class=\"elementskit-faq-header\">\n                <h2 class=\"elementskit-faq-title\">H\u00f4tels et lieux d'accueil<\/h2>\n            <\/div>\n            <div class=\"elementskit-faq-body\">\n                Satisfaction des clients :\nOffrir un signal mobile fort et fiable aux clients dans l'ensemble de l'\u00e9tablissement, des chambres aux espaces communs, afin d'am\u00e9liorer leur s\u00e9jour.\nCommunication op\u00e9rationnelle :\nFavoriser une communication efficace entre les membres du personnel afin d'am\u00e9liorer la prestation de services et les op\u00e9rations.\nAccueil d'\u00e9v\u00e9nements :\nFournir une connectivit\u00e9 mobile fiable pour les conf\u00e9rences, les r\u00e9unions et les \u00e9v\u00e9nements organis\u00e9s sur le site.            <\/div>\n        <\/div>\n                <div class=\"elementskit-single-faq elementor-repeater-item-5f94b9e\">\n            <div class=\"elementskit-faq-header\">\n                <h2 class=\"elementskit-faq-title\">Usines industrielles et de fabrication<\/h2>\n            <\/div>\n            <div class=\"elementskit-faq-body\">\n                Efficacit\u00e9 op\u00e9rationnelle :\nAssurer une communication transparente entre les grands sites industriels, en am\u00e9liorant la coordination et l'efficacit\u00e9 op\u00e9rationnelle.\nS\u00fbret\u00e9 et s\u00e9curit\u00e9 :\nSoutenez les protocoles de s\u00e9curit\u00e9 gr\u00e2ce \u00e0 une connectivit\u00e9 mobile fiable pour les syst\u00e8mes de communication et de surveillance d'urgence.\nGestion \u00e0 distance :\nPermettre la surveillance et la gestion \u00e0 distance des op\u00e9rations gr\u00e2ce \u00e0 une connectivit\u00e9 mobile robuste.            <\/div>\n        <\/div>\n                <div class=\"elementskit-single-faq elementor-repeater-item-ad5f942\">\n            <div class=\"elementskit-faq-header\">\n                <h2 class=\"elementskit-faq-title\">Entrep\u00f4ts et centres de distribution<\/h2>\n            <\/div>\n            <div class=\"elementskit-faq-body\">\n                Gestion des stocks :\nAm\u00e9liorer l'efficacit\u00e9 des syst\u00e8mes de gestion des stocks qui s'appuient sur les r\u00e9seaux mobiles pour les mises \u00e0 jour et le suivi en temps r\u00e9el.\nCoordination logistique :\nAm\u00e9liorer la communication entre les membres du personnel pour une meilleure coordination des processus d'exp\u00e9dition et de r\u00e9ception.\nProtocoles de s\u00e9curit\u00e9 :\nGarantir une connectivit\u00e9 mobile fiable pour la surveillance de la s\u00e9curit\u00e9 et les interventions d'urgence.            <\/div>\n        <\/div>\n                \n    <\/div>\t\t\t\t<\/div>\n\t\t\t\t<\/div>\n\t\t\t\t\t<\/div>\n\t\t<\/div>\n\t\t\t\t\t<\/div>\n\t\t<\/section>\n\t\t\t\t\t<\/div>\n\t\t<\/div>\n\t\t\t\t\t<\/div>\n\t\t<\/section>\n\t\t\t\t<\/div>","protected":false},"excerpt":{"rendered":"<p>Commercial Use of Mobile Signal Booster The Commercial Mobile Signal Booster is designed to enhance mobile signal strength and reliability in commercial environments. This advanced solution ensures consistent and robust connectivity, addressing weak signal issues and improving overall communication efficiency for businesses of all sizes. Office Buildings Enhanced Connectivity: Improve signal strength across all floors [&hellip;]<\/p>","protected":false},"author":1,"featured_media":0,"parent":0,"menu_order":0,"comment_status":"closed","ping_status":"closed","template":"","meta":{"_acf_changed":false,"_eb_attr":"","_monsterinsights_skip_tracking":false,"_monsterinsights_sitenote_active":false,"_monsterinsights_sitenote_note":"","_monsterinsights_sitenote_category":0,"jetpack_post_was_ever_published":false,"footnotes":""},"class_list":["post-7137","page","type-page","status-publish","hentry"],"acf":[],"jetpack_sharing_enabled":true,"_links":{"self":[{"href":"https:\/\/www.wanscom.com\/fr\/wp-json\/wp\/v2\/pages\/7137","targetHints":{"allow":["GET"]}}],"collection":[{"href":"https:\/\/www.wanscom.com\/fr\/wp-json\/wp\/v2\/pages"}],"about":[{"href":"https:\/\/www.wanscom.com\/fr\/wp-json\/wp\/v2\/types\/page"}],"author":[{"embeddable":true,"href":"https:\/\/www.wanscom.com\/fr\/wp-json\/wp\/v2\/users\/1"}],"replies":[{"embeddable":true,"href":"https:\/\/www.wanscom.com\/fr\/wp-json\/wp\/v2\/comments?post=7137"}],"version-history":[{"count":5,"href":"https:\/\/www.wanscom.com\/fr\/wp-json\/wp\/v2\/pages\/7137\/revisions"}],"predecessor-version":[{"id":28164,"href":"https:\/\/www.wanscom.com\/fr\/wp-json\/wp\/v2\/pages\/7137\/revisions\/28164"}],"wp:attachment":[{"href":"https:\/\/www.wanscom.com\/fr\/wp-json\/wp\/v2\/media?parent=7137"}],"curies":[{"name":"wp","href":"https:\/\/api.w.org\/{rel}","templated":true}]}}