{"id":7138,"date":"2024-06-19T03:38:23","date_gmt":"2024-06-19T02:38:23","guid":{"rendered":"https:\/\/www.wanscom.com\/?page_id=7138"},"modified":"2024-06-26T02:47:47","modified_gmt":"2024-06-26T01:47:47","slug":"vehicules","status":"publish","type":"page","link":"https:\/\/www.wanscom.com\/fr\/vehicules\/","title":{"rendered":"V\u00e9hicules"},"content":{"rendered":"<div data-elementor-type=\"wp-page\" data-elementor-id=\"7138\" class=\"elementor elementor-7138\" data-elementor-post-type=\"page\">\n\t\t\t\t\t\t<section class=\"elementor-section elementor-top-section elementor-element elementor-element-5117a57 elementor-section-boxed elementor-section-height-default elementor-section-height-default elementor-invisible\" data-id=\"5117a57\" data-element_type=\"section\" id=\"xs_faq_5\" data-settings=\"{&quot;animation&quot;:&quot;fadeInLeft&quot;}\">\n\t\t\t\t\t\t<div class=\"elementor-container elementor-column-gap-default\">\n\t\t\t\t\t<div class=\"elementor-column elementor-col-100 elementor-top-column elementor-element elementor-element-7b452956\" data-id=\"7b452956\" data-element_type=\"column\">\n\t\t\t<div class=\"elementor-widget-wrap elementor-element-populated\">\n\t\t\t\t\t\t<div class=\"elementor-element elementor-element-63d190c0 elementor-widget elementor-widget-elementskit-heading\" data-id=\"63d190c0\" data-element_type=\"widget\" data-widget_type=\"elementskit-heading.default\">\n\t\t\t\t<div class=\"elementor-widget-container\">\n\t\t\t\t\t<div class=\"ekit-wid-con\" ><div class=\"ekit-heading elementskit-section-title-wraper center   ekit_heading_tablet-   ekit_heading_mobile-\"><h2 class=\"ekit-heading--title elementskit-section-title\">Utilisation de l'amplificateur de signal mobile dans les v\u00e9hicules<\/h2><div class=\"ekit_heading_separetor_wraper ekit_heading_elementskit-border-divider ekit-dotted\"><div class=\"elementskit-border-divider ekit-dotted\"><\/div><\/div>\t\t\t\t<div class='ekit-heading__description'>\n\t\t\t\t\t<p>L'utilisation d'un amplificateur de signal mobile dans un v\u00e9hicule peut am\u00e9liorer de mani\u00e8re significative les performances de diverses applications du v\u00e9hicule qui d\u00e9pendent de la connectivit\u00e9 cellulaire. Voici comment un amplificateur de signal am\u00e9liore les diff\u00e9rentes applications du v\u00e9hicule :<\/p>\n\t\t\t\t<\/div>\n\t\t\t<\/div><\/div>\t\t\t\t<\/div>\n\t\t\t\t<\/div>\n\t\t\t\t<section class=\"elementor-section elementor-inner-section elementor-element elementor-element-41bdf75e elementor-section-boxed elementor-section-height-default elementor-section-height-default\" data-id=\"41bdf75e\" data-element_type=\"section\">\n\t\t\t\t\t\t<div class=\"elementor-container elementor-column-gap-default\">\n\t\t\t\t\t<div class=\"elementor-column elementor-col-50 elementor-inner-column elementor-element elementor-element-47d3a65e\" data-id=\"47d3a65e\" data-element_type=\"column\">\n\t\t\t<div class=\"elementor-widget-wrap elementor-element-populated\">\n\t\t\t\t\t\t<div class=\"elementor-element elementor-element-11947c9e elementor-widget elementor-widget-elementskit-faq\" data-id=\"11947c9e\" data-element_type=\"widget\" data-widget_type=\"elementskit-faq.default\">\n\t\t\t\t<div class=\"elementor-widget-container\">\n\t\t\t\t\t<div class=\"ekit-wid-con\" >\n                <div class=\"elementskit-single-faq elementor-repeater-item-ccb3fc9\">\n            <div class=\"elementskit-faq-header\">\n                <h2 class=\"elementskit-faq-title\">Syst\u00e8mes de navigation GPS<\/h2>\n            <\/div>\n            <div class=\"elementskit-faq-body\">\n                Pr\u00e9cision et fiabilit\u00e9 accrues : Les syst\u00e8mes GPS des v\u00e9hicules d\u00e9pendent des signaux cellulaires pour les mises \u00e0 jour du trafic en temps r\u00e9el, l'optimisation des itin\u00e9raires et le suivi de la localisation. Un amplificateur de signal garantit une connexion forte et stable, ce qui permet une navigation plus pr\u00e9cise et plus fiable.            <\/div>\n        <\/div>\n                <div class=\"elementskit-single-faq elementor-repeater-item-1219655\">\n            <div class=\"elementskit-faq-header\">\n                <h2 class=\"elementskit-faq-title\">Services de diffusion en continu<\/h2>\n            <\/div>\n            <div class=\"elementskit-faq-body\">\n                Divertissement en d\u00e9placement : les passagers utilisent souvent des services de streaming pour la musique, les vid\u00e9os et d'autres m\u00e9dias pendant le voyage. Un amplificateur de signal am\u00e9liore la qualit\u00e9 du streaming en fournissant un signal cellulaire plus fort et plus coh\u00e9rent, r\u00e9duisant ainsi la mise en m\u00e9moire tampon et les interruptions.            <\/div>\n        <\/div>\n                <div class=\"elementskit-single-faq elementor-repeater-item-31ebcfd\">\n            <div class=\"elementskit-faq-header\">\n                <h2 class=\"elementskit-faq-title\">Applications de communication<\/h2>\n            <\/div>\n            <div class=\"elementskit-faq-body\">\n                Une meilleure connectivit\u00e9 pour les appels et la messagerie : Les applications telles que WhatsApp, Skype et d'autres services VoIP n\u00e9cessitent une connexion internet stable. Un amplificateur de signal am\u00e9liore la qualit\u00e9 des appels, r\u00e9duit le nombre d'appels interrompus et garantit l'envoi et la r\u00e9ception rapides des messages.            <\/div>\n        <\/div>\n                <div class=\"elementskit-single-faq elementor-repeater-item-a6e8d81\">\n            <div class=\"elementskit-faq-header\">\n                <h2 class=\"elementskit-faq-title\">Syst\u00e8mes de gestion du parc automobile<\/h2>\n            <\/div>\n            <div class=\"elementskit-faq-body\">\n                Suivi et rapports en temps r\u00e9el : Pour les v\u00e9hicules commerciaux, les syst\u00e8mes de gestion de flotte utilisent des signaux cellulaires pour suivre l'emplacement des v\u00e9hicules, surveiller le comportement des conducteurs et g\u00e9rer la logistique. Un amplificateur de signal permet \u00e0 ces syst\u00e8mes de fonctionner efficacement, en fournissant des donn\u00e9es en temps r\u00e9el et en am\u00e9liorant l'efficacit\u00e9 op\u00e9rationnelle.            <\/div>\n        <\/div>\n                \n    <\/div>\t\t\t\t<\/div>\n\t\t\t\t<\/div>\n\t\t\t\t\t<\/div>\n\t\t<\/div>\n\t\t\t\t<div class=\"elementor-column elementor-col-50 elementor-inner-column elementor-element elementor-element-30e7e74f\" data-id=\"30e7e74f\" data-element_type=\"column\">\n\t\t\t<div class=\"elementor-widget-wrap elementor-element-populated\">\n\t\t\t\t\t\t<div class=\"elementor-element elementor-element-4bd5668e elementor-widget elementor-widget-elementskit-faq\" data-id=\"4bd5668e\" data-element_type=\"widget\" data-widget_type=\"elementskit-faq.default\">\n\t\t\t\t<div class=\"elementor-widget-container\">\n\t\t\t\t\t<div class=\"ekit-wid-con\" >\n                <div class=\"elementskit-single-faq elementor-repeater-item-e12c595\">\n            <div class=\"elementskit-faq-header\">\n                <h2 class=\"elementskit-faq-title\">Dispositifs de l'internet des objets (IdO)<\/h2>\n            <\/div>\n            <div class=\"elementskit-faq-body\">\n                Connectivit\u00e9 am\u00e9lior\u00e9e pour l'IdO : Les v\u00e9hicules modernes sont \u00e9quip\u00e9s de divers dispositifs IoT tels que des capteurs intelligents, des outils de diagnostic et des syst\u00e8mes t\u00e9l\u00e9matiques. Un amplificateur de signal garantit que ces dispositifs restent connect\u00e9s, assurant une transmission continue des donn\u00e9es pour la surveillance et la maintenance.\n\n            <\/div>\n        <\/div>\n                <div class=\"elementskit-single-faq elementor-repeater-item-5f94b9e\">\n            <div class=\"elementskit-faq-header\">\n                <h2 class=\"elementskit-faq-title\">Services d'urgence<\/h2>\n            <\/div>\n            <div class=\"elementskit-faq-body\">\n                Acc\u00e8s fiable \u00e0 l'aide : En cas d'urgence, un signal cellulaire fiable est essentiel pour contacter les services d'urgence. Un amplificateur de signal vous permet de passer des appels et d'envoyer des messages m\u00eame dans les zones mal couvertes, ce qui renforce la s\u00e9curit\u00e9.            <\/div>\n        <\/div>\n                <div class=\"elementskit-single-faq elementor-repeater-item-ad5f942\">\n            <div class=\"elementskit-faq-header\">\n                <h2 class=\"elementskit-faq-title\">Bureau mobile<\/h2>\n            <\/div>\n            <div class=\"elementskit-faq-body\">\n                Travailler en d\u00e9placement : Pour les professionnels qui doivent travailler en d\u00e9placement, un amplificateur de signal fournit une connexion Internet stable pour acc\u00e9der aux courriels, aux vid\u00e9oconf\u00e9rences et \u00e0 d'autres t\u00e2ches li\u00e9es au travail. La productivit\u00e9 est ainsi maintenue m\u00eame en d\u00e9placement.            <\/div>\n        <\/div>\n                <div class=\"elementskit-single-faq elementor-repeater-item-d3c1c95\">\n            <div class=\"elementskit-faq-header\">\n                <h2 class=\"elementskit-faq-title\">Caract\u00e9ristiques du v\u00e9hicule intelligent<\/h2>\n            <\/div>\n            <div class=\"elementskit-faq-body\">\n                Connectivit\u00e9 pour les fonctions intelligentes : Les v\u00e9hicules modernes sont dot\u00e9s de fonctions intelligentes telles que le d\u00e9marrage \u00e0 distance, la climatisation et les diagnostics du v\u00e9hicule accessibles via des applications mobiles. Un amplificateur de signal garantit que ces fonctions restent fonctionnelles en fournissant une connexion cellulaire forte.            <\/div>\n        <\/div>\n                \n    <\/div>\t\t\t\t<\/div>\n\t\t\t\t<\/div>\n\t\t\t\t\t<\/div>\n\t\t<\/div>\n\t\t\t\t\t<\/div>\n\t\t<\/section>\n\t\t\t\t\t<\/div>\n\t\t<\/div>\n\t\t\t\t\t<\/div>\n\t\t<\/section>\n\t\t\t\t<section class=\"elementor-section elementor-top-section elementor-element elementor-element-561b2d82 elementor-section-boxed elementor-section-height-default elementor-section-height-default elementor-invisible\" data-id=\"561b2d82\" data-element_type=\"section\" data-settings=\"{&quot;animation&quot;:&quot;fadeInDown&quot;}\">\n\t\t\t\t\t\t<div class=\"elementor-container elementor-column-gap-default\">\n\t\t\t\t\t<div class=\"elementor-column elementor-col-100 elementor-top-column elementor-element elementor-element-5df54720\" data-id=\"5df54720\" data-element_type=\"column\">\n\t\t\t<div class=\"elementor-widget-wrap elementor-element-populated\">\n\t\t\t\t\t\t<div class=\"elementor-element elementor-element-95ad044 elementor-widget elementor-widget-elementskit-heading\" data-id=\"95ad044\" data-element_type=\"widget\" data-widget_type=\"elementskit-heading.default\">\n\t\t\t\t<div class=\"elementor-widget-container\">\n\t\t\t\t\t<div class=\"ekit-wid-con\" ><div class=\"ekit-heading elementskit-section-title-wraper text_center   ekit_heading_tablet-   ekit_heading_mobile-\"><h3 class=\"ekit-heading--title elementskit-section-title\">Avantages de l'utilisation d'un amplificateur de signal mobile dans les v\u00e9hicules<\/h3><\/div><\/div>\t\t\t\t<\/div>\n\t\t\t\t<\/div>\n\t\t\t\t<section class=\"elementor-section elementor-inner-section elementor-element elementor-element-59d9c56 elementor-section-full_width elementor-section-height-default elementor-section-height-default\" data-id=\"59d9c56\" data-element_type=\"section\">\n\t\t\t\t\t\t<div class=\"elementor-container elementor-column-gap-default\">\n\t\t\t\t\t<div class=\"elementor-column elementor-col-25 elementor-inner-column elementor-element elementor-element-527634e6\" data-id=\"527634e6\" data-element_type=\"column\">\n\t\t\t<div class=\"elementor-widget-wrap elementor-element-populated\">\n\t\t\t\t\t\t<div class=\"elementor-element elementor-element-fc96370 elementor-widget elementor-widget-text-editor\" data-id=\"fc96370\" data-element_type=\"widget\" data-widget_type=\"text-editor.default\">\n\t\t\t\t<div class=\"elementor-widget-container\">\n\t\t\t\t\t\t\t\t\t<p><strong>Connectivit\u00e9 am\u00e9lior\u00e9e<\/strong>: Am\u00e9liore la force du signal pour toutes les applications et tous les appareils qui d\u00e9pendent des connexions cellulaires.<\/p>\t\t\t\t\t\t\t\t<\/div>\n\t\t\t\t<\/div>\n\t\t\t\t\t<\/div>\n\t\t<\/div>\n\t\t\t\t<div class=\"elementor-column elementor-col-25 elementor-inner-column elementor-element elementor-element-301eed96\" data-id=\"301eed96\" data-element_type=\"column\">\n\t\t\t<div class=\"elementor-widget-wrap elementor-element-populated\">\n\t\t\t\t\t\t<div class=\"elementor-element elementor-element-3cf3a50 elementor-widget elementor-widget-text-editor\" data-id=\"3cf3a50\" data-element_type=\"widget\" data-widget_type=\"text-editor.default\">\n\t\t\t\t<div class=\"elementor-widget-container\">\n\t\t\t\t\t\t\t\t\t<p><strong>Productivit\u00e9 accrue<\/strong>: Assurer un acc\u00e8s continu aux outils de travail et de communication lors des d\u00e9placements.<\/p>\t\t\t\t\t\t\t\t<\/div>\n\t\t\t\t<\/div>\n\t\t\t\t\t<\/div>\n\t\t<\/div>\n\t\t\t\t<div class=\"elementor-column elementor-col-25 elementor-inner-column elementor-element elementor-element-5f8b4cd4\" data-id=\"5f8b4cd4\" data-element_type=\"column\">\n\t\t\t<div class=\"elementor-widget-wrap elementor-element-populated\">\n\t\t\t\t\t\t<div class=\"elementor-element elementor-element-99846b1 elementor-widget elementor-widget-text-editor\" data-id=\"99846b1\" data-element_type=\"widget\" data-widget_type=\"text-editor.default\">\n\t\t\t\t<div class=\"elementor-widget-container\">\n\t\t\t\t\t\t\t\t\t<p><strong>S\u00fbret\u00e9 et s\u00e9curit\u00e9<\/strong>: Fournit un acc\u00e8s fiable aux services d'urgence et un suivi en temps r\u00e9el.<\/p>\t\t\t\t\t\t\t\t<\/div>\n\t\t\t\t<\/div>\n\t\t\t\t\t<\/div>\n\t\t<\/div>\n\t\t\t\t<div class=\"elementor-column elementor-col-25 elementor-inner-column elementor-element elementor-element-304b1397\" data-id=\"304b1397\" data-element_type=\"column\">\n\t\t\t<div class=\"elementor-widget-wrap elementor-element-populated\">\n\t\t\t\t\t\t<div class=\"elementor-element elementor-element-cf7fd09 elementor-widget elementor-widget-text-editor\" data-id=\"cf7fd09\" data-element_type=\"widget\" data-widget_type=\"text-editor.default\">\n\t\t\t\t<div class=\"elementor-widget-container\">\n\t\t\t\t\t\t\t\t\t<p><strong>Am\u00e9lioration de l'exp\u00e9rience des utilisateurs<\/strong>: Am\u00e9liore les performances des syst\u00e8mes de divertissement et de navigation.<\/p>\t\t\t\t\t\t\t\t<\/div>\n\t\t\t\t<\/div>\n\t\t\t\t\t<\/div>\n\t\t<\/div>\n\t\t\t\t\t<\/div>\n\t\t<\/section>\n\t\t\t\t\t<\/div>\n\t\t<\/div>\n\t\t\t\t\t<\/div>\n\t\t<\/section>\n\t\t\t\t<\/div>","protected":false},"excerpt":{"rendered":"<p>Vehicle Application Use of Mobile Signal Booster Using a mobile signal booster in a vehicle can significantly improve the performance of various vehicle applications that rely on cellular connectivity. Here\u2019s how a signal booster enhances different vehicle applications: GPS Navigation Systems Improved Accuracy and Reliability: GPS systems in vehicles rely on cellular signals for real-time [&hellip;]<\/p>","protected":false},"author":1,"featured_media":0,"parent":0,"menu_order":0,"comment_status":"closed","ping_status":"closed","template":"","meta":{"_acf_changed":false,"_eb_attr":"","_monsterinsights_skip_tracking":false,"_monsterinsights_sitenote_active":false,"_monsterinsights_sitenote_note":"","_monsterinsights_sitenote_category":0,"jetpack_post_was_ever_published":false,"footnotes":""},"class_list":["post-7138","page","type-page","status-publish","hentry"],"acf":[],"jetpack_sharing_enabled":true,"_links":{"self":[{"href":"https:\/\/www.wanscom.com\/fr\/wp-json\/wp\/v2\/pages\/7138","targetHints":{"allow":["GET"]}}],"collection":[{"href":"https:\/\/www.wanscom.com\/fr\/wp-json\/wp\/v2\/pages"}],"about":[{"href":"https:\/\/www.wanscom.com\/fr\/wp-json\/wp\/v2\/types\/page"}],"author":[{"embeddable":true,"href":"https:\/\/www.wanscom.com\/fr\/wp-json\/wp\/v2\/users\/1"}],"replies":[{"embeddable":true,"href":"https:\/\/www.wanscom.com\/fr\/wp-json\/wp\/v2\/comments?post=7138"}],"version-history":[{"count":10,"href":"https:\/\/www.wanscom.com\/fr\/wp-json\/wp\/v2\/pages\/7138\/revisions"}],"predecessor-version":[{"id":7316,"href":"https:\/\/www.wanscom.com\/fr\/wp-json\/wp\/v2\/pages\/7138\/revisions\/7316"}],"wp:attachment":[{"href":"https:\/\/www.wanscom.com\/fr\/wp-json\/wp\/v2\/media?parent=7138"}],"curies":[{"name":"wp","href":"https:\/\/api.w.org\/{rel}","templated":true}]}}