{"id":7139,"date":"2024-06-19T03:38:24","date_gmt":"2024-06-19T02:38:24","guid":{"rendered":"https:\/\/www.wanscom.com\/?page_id=7139"},"modified":"2024-08-09T08:04:04","modified_gmt":"2024-08-09T07:04:04","slug":"utilisation-industrielle","status":"publish","type":"page","link":"https:\/\/www.wanscom.com\/fr\/utilisation-industrielle\/","title":{"rendered":"Utilisation industrielle"},"content":{"rendered":"<div data-elementor-type=\"wp-page\" data-elementor-id=\"7139\" class=\"elementor elementor-7139\" data-elementor-post-type=\"page\">\n\t\t\t\t\t\t<section class=\"elementor-section elementor-top-section elementor-element elementor-element-58325046 elementor-section-boxed elementor-section-height-default elementor-section-height-default\" data-id=\"58325046\" data-element_type=\"section\" id=\"xs_faq_5\">\n\t\t\t\t\t\t<div class=\"elementor-container elementor-column-gap-default\">\n\t\t\t\t\t<div class=\"elementor-column elementor-col-100 elementor-top-column elementor-element elementor-element-4984f41\" data-id=\"4984f41\" data-element_type=\"column\">\n\t\t\t<div class=\"elementor-widget-wrap elementor-element-populated\">\n\t\t\t\t\t\t<div class=\"elementor-element elementor-element-4a32ce57 elementor-widget elementor-widget-elementskit-heading\" data-id=\"4a32ce57\" data-element_type=\"widget\" data-widget_type=\"elementskit-heading.default\">\n\t\t\t\t<div class=\"elementor-widget-container\">\n\t\t\t\t\t<div class=\"ekit-wid-con\" ><div class=\"ekit-heading elementskit-section-title-wraper center   ekit_heading_tablet-   ekit_heading_mobile-\"><h2 class=\"ekit-heading--title elementskit-section-title\">Utilisation industrielle d'un amplificateur de signal mobile<\/h2><div class=\"ekit_heading_separetor_wraper ekit_heading_elementskit-border-divider ekit-dotted\"><div class=\"elementskit-border-divider ekit-dotted\"><\/div><\/div>\t\t\t\t<div class='ekit-heading__description'>\n\t\t\t\t\t<p>L'utilisation industrielle des amplificateurs de signaux mobiles, \u00e9galement connus sous le nom de r\u00e9p\u00e9teurs ou d'amplificateurs cellulaires, est cruciale pour assurer une communication cellulaire robuste et fiable dans des environnements o\u00f9 la puissance du signal est souvent compromise. Ces environnements comprennent les grands b\u00e2timents, les installations de fabrication, les entrep\u00f4ts et les sites isol\u00e9s. Voici un aper\u00e7u de l'utilisation des amplificateurs de signaux mobiles dans les environnements industriels :<\/p>\n\t\t\t\t<\/div>\n\t\t\t<\/div><\/div>\t\t\t\t<\/div>\n\t\t\t\t<\/div>\n\t\t\t\t<section class=\"elementor-section elementor-inner-section elementor-element elementor-element-609ef8ae elementor-section-boxed elementor-section-height-default elementor-section-height-default\" data-id=\"609ef8ae\" data-element_type=\"section\">\n\t\t\t\t\t\t<div class=\"elementor-container elementor-column-gap-default\">\n\t\t\t\t\t<div class=\"elementor-column elementor-col-50 elementor-inner-column elementor-element elementor-element-636f0625\" data-id=\"636f0625\" data-element_type=\"column\">\n\t\t\t<div class=\"elementor-widget-wrap elementor-element-populated\">\n\t\t\t\t\t\t<div class=\"elementor-element elementor-element-7150b52d elementor-widget elementor-widget-elementskit-faq\" data-id=\"7150b52d\" data-element_type=\"widget\" data-widget_type=\"elementskit-faq.default\">\n\t\t\t\t<div class=\"elementor-widget-container\">\n\t\t\t\t\t<div class=\"ekit-wid-con\" >\n                <div class=\"elementskit-single-faq elementor-repeater-item-ccb3fc9\">\n            <div class=\"elementskit-faq-header\">\n                <h2 class=\"elementskit-faq-title\">Am\u00e9liorer la communication dans les grands b\u00e2timents<\/h2>\n            <\/div>\n            <div class=\"elementskit-faq-body\">\n                Les grands immeubles de bureaux \u00e0 plusieurs \u00e9tages peuvent comporter des zones o\u00f9 les signaux cellulaires sont faibles. Les amplificateurs permettent aux employ\u00e9s de rester connect\u00e9s dans l'ensemble des locaux.            <\/div>\n        <\/div>\n                <div class=\"elementskit-single-faq elementor-repeater-item-1219655\">\n            <div class=\"elementskit-faq-header\">\n                <h2 class=\"elementskit-faq-title\">Am\u00e9liorer la connectivit\u00e9 dans les lieux \u00e9loign\u00e9s<\/h2>\n            <\/div>\n            <div class=\"elementskit-faq-body\">\n                Souvent install\u00e9s dans des zones o\u00f9 la couverture cellulaire est faible, les amplificateurs de signal permettent de maintenir la communication avec les chefs de projet, les fournisseurs et les services d'urgence.            <\/div>\n        <\/div>\n                <div class=\"elementskit-single-faq elementor-repeater-item-31ebcfd\">\n            <div class=\"elementskit-faq-header\">\n                <h2 class=\"elementskit-faq-title\">Assurer la s\u00fbret\u00e9 et la s\u00e9curit\u00e9<\/h2>\n            <\/div>\n            <div class=\"elementskit-faq-body\">\n                Dans les environnements industriels, en particulier ceux qui impliquent des mati\u00e8res ou des processus dangereux, une communication fiable est essentielle pour les protocoles de s\u00e9curit\u00e9 et les interventions d'urgence.            <\/div>\n        <\/div>\n                \n    <\/div>\t\t\t\t<\/div>\n\t\t\t\t<\/div>\n\t\t\t\t\t<\/div>\n\t\t<\/div>\n\t\t\t\t<div class=\"elementor-column elementor-col-50 elementor-inner-column elementor-element elementor-element-3d2d6938\" data-id=\"3d2d6938\" data-element_type=\"column\">\n\t\t\t<div class=\"elementor-widget-wrap elementor-element-populated\">\n\t\t\t\t\t\t<div class=\"elementor-element elementor-element-495899bb elementor-widget elementor-widget-elementskit-faq\" data-id=\"495899bb\" data-element_type=\"widget\" data-widget_type=\"elementskit-faq.default\">\n\t\t\t\t<div class=\"elementor-widget-container\">\n\t\t\t\t\t<div class=\"ekit-wid-con\" >\n                <div class=\"elementskit-single-faq elementor-repeater-item-e12c595\">\n            <div class=\"elementskit-faq-header\">\n                <h2 class=\"elementskit-faq-title\">Am\u00e9liorer la connectivit\u00e9 de l'internet des objets (IoT)<\/h2>\n            <\/div>\n            <div class=\"elementskit-faq-body\">\n                Les appareils IoT utilis\u00e9s pour l'automatisation et la surveillance n\u00e9cessitent une connectivit\u00e9 fiable. Les amplificateurs de signal favorisent le fonctionnement sans faille de ces appareils.            <\/div>\n        <\/div>\n                <div class=\"elementskit-single-faq elementor-repeater-item-5f94b9e\">\n            <div class=\"elementskit-faq-header\">\n                <h2 class=\"elementskit-faq-title\">Am\u00e9liorer l'exp\u00e9rience des clients et des visiteurs<\/h2>\n            <\/div>\n            <div class=\"elementskit-faq-body\">\n                Dans les grandes surfaces, des signaux cellulaires puissants am\u00e9liorent l'exp\u00e9rience des clients en permettant les paiements mobiles et l'acc\u00e8s aux informations en ligne.            <\/div>\n        <\/div>\n                <div class=\"elementskit-single-faq elementor-repeater-item-ad5f942\">\n            <div class=\"elementskit-faq-header\">\n                <h2 class=\"elementskit-faq-title\">Avantages<\/h2>\n            <\/div>\n            <div class=\"elementskit-faq-body\">\n                Augmentation de la productivit\u00e9, r\u00e9duction des co\u00fbts, am\u00e9lioration de la s\u00e9curit\u00e9            <\/div>\n        <\/div>\n                \n    <\/div>\t\t\t\t<\/div>\n\t\t\t\t<\/div>\n\t\t\t\t\t<\/div>\n\t\t<\/div>\n\t\t\t\t\t<\/div>\n\t\t<\/section>\n\t\t\t\t\t<\/div>\n\t\t<\/div>\n\t\t\t\t\t<\/div>\n\t\t<\/section>\n\t\t\t\t<\/div>","protected":false},"excerpt":{"rendered":"<p>Industrial Use of mobile signal booster The industrial use of mobile signal boosters, also known as cellular repeaters or amplifiers, is crucial for ensuring robust and reliable cellular communication in environments where signal strength is often compromised. These environments include large buildings, manufacturing facilities, warehouses, and remote locations. Here&#8217;s an overview of how mobile signal [&hellip;]<\/p>","protected":false},"author":1,"featured_media":0,"parent":0,"menu_order":0,"comment_status":"closed","ping_status":"closed","template":"","meta":{"_acf_changed":false,"_eb_attr":"","_monsterinsights_skip_tracking":false,"_monsterinsights_sitenote_active":false,"_monsterinsights_sitenote_note":"","_monsterinsights_sitenote_category":0,"jetpack_post_was_ever_published":false,"footnotes":""},"class_list":["post-7139","page","type-page","status-publish","hentry"],"acf":[],"jetpack_sharing_enabled":true,"_links":{"self":[{"href":"https:\/\/www.wanscom.com\/fr\/wp-json\/wp\/v2\/pages\/7139","targetHints":{"allow":["GET"]}}],"collection":[{"href":"https:\/\/www.wanscom.com\/fr\/wp-json\/wp\/v2\/pages"}],"about":[{"href":"https:\/\/www.wanscom.com\/fr\/wp-json\/wp\/v2\/types\/page"}],"author":[{"embeddable":true,"href":"https:\/\/www.wanscom.com\/fr\/wp-json\/wp\/v2\/users\/1"}],"replies":[{"embeddable":true,"href":"https:\/\/www.wanscom.com\/fr\/wp-json\/wp\/v2\/comments?post=7139"}],"version-history":[{"count":17,"href":"https:\/\/www.wanscom.com\/fr\/wp-json\/wp\/v2\/pages\/7139\/revisions"}],"predecessor-version":[{"id":28167,"href":"https:\/\/www.wanscom.com\/fr\/wp-json\/wp\/v2\/pages\/7139\/revisions\/28167"}],"wp:attachment":[{"href":"https:\/\/www.wanscom.com\/fr\/wp-json\/wp\/v2\/media?parent=7139"}],"curies":[{"name":"wp","href":"https:\/\/api.w.org\/{rel}","templated":true}]}}